{"id":12683,"date":"2023-01-10T04:41:02","date_gmt":"2023-01-10T07:41:02","guid":{"rendered":"https:\/\/www.cursos.olgavelez.co\/cu\/?post_type=product&#038;p=12683"},"modified":"2023-09-20T16:05:47","modified_gmt":"2023-09-20T19:05:47","slug":"aprende-crea-y-emprende-con-foamy-navideno","status":"publish","type":"product","link":"https:\/\/www.cursos.olgavelez.co\/cu\/producto\/aprende-crea-y-emprende-con-foamy-navideno\/","title":{"rendered":"APRENDE, CREA Y EMPRENDE CON FOAMY NAVIDE\u00d1O"},"content":{"rendered":"<p>\u00bfSab\u00edas que el foamy es un material muy vers\u00e1til, resistente y econ\u00f3mico con el que podr\u00edas realizar las m\u00e1s bellas y exclusivas decoraciones navide\u00f1as?<\/p>\n<p>Con el Programa APRENDE, CREA Y EMPRENDE CON FOAMY NAVIDE\u00d1O podr\u00e1s comenzar desde cero y sin tener experiencia a dise\u00f1ar y decorar tu casa con este magn\u00edfico material as\u00ed como tambi\u00e9n podr\u00e1s generar ingresos.<\/p>\n<p>\u00bfQU\u00c9 VAS A LOGRAR?<\/p>\n<p>Aprender\u00e1s a elaborar 2 dise\u00f1os principales: 1 bota y 6 apliques o diversidad de manualidades o decoraciones, 1 pie de \u00e1rbol en foamy navide\u00f1o decorativo.<\/p>\n<p>Aprender\u00e1s las t\u00e9cnicas de: difuminado, estarcido, imitaci\u00f3n madera, mezclilla, silueta, decoraci\u00f3n.<\/p>\n<p>Aprender\u00e1s sobre retazo y costura con pintura, todo aplicado al foamy. <\/p>\n<p>Aprender\u00e1s a crear tus proyectos. <\/p>\n<p>Aprender\u00e1s a marcar los moldes al foamy. <\/p>\n<p>Aprender\u00e1s a cortar, armar, rellenar y pegar.<\/p>\n<p>Aprender\u00e1s a decorar el foamy. <\/p>\n<p>Aprender\u00e1s a decorar con un estilo country.<\/p>\n<p>Aprender\u00e1s c\u00f3mo crear tus propios dise\u00f1os y a darle un estilo personal y creativo a tus proyectos con mucha originalidad.<\/p>\n<p>Aprender\u00e1s a desarrollar tus habilidades creativas y manuales con el arte foamy. <\/p>\n<p>Estar\u00e1s lista para realizar tus propias creaciones y decoraciones utilizando y combinando las t\u00e9cnicas aprendidas. <\/p>\n<p>Te ayudar\u00e1 a generar ingresos extras.<\/p>\n<p>Acceder\u00e1s al certificado avalado por Hotmart y Seminarios Online.<\/p>\n<p>\u00bfC\u00d3MO LO VAS A LOGRAR?<\/p>\n<p>A trav\u00e9s del siguiente contenido, estructurado paso a paso:<\/p>\n<p>M\u00d3DULO 1 APRENDE, CREA Y EMPRENDE CON FOAMI NAVIDE\u00d1O.<\/p>\n<p>Introducci\u00f3n presentaci\u00f3n curso.<br \/>\nT\u00e9cnica de difuminado.<br \/>\nT\u00e9cnica de retazos.<br \/>\nTecnica Imitaci\u00f3n madera.<br \/>\nT\u00e9cnica jeans.<\/p>\n<p>M\u00d3DULO 2 BOTA NAVIDE\u00d1A.<\/p>\n<p>Introducci\u00f3n bota navide\u00f1a.<br \/>\nLecci\u00f3n 1. Marcado del molde.<br \/>\nLecci\u00f3n 2. Difuminado de la bota.<br \/>\nLecci\u00f3n 3. Marcado partes de la bota.<br \/>\nLecci\u00f3n 4. T\u00e9cnica mezclilla.<br \/>\nLecci\u00f3n 5. Pegado partes de la bota.<br \/>\nLecci\u00f3n 6. T\u00e9cnica silueta.<br \/>\nLecci\u00f3n 7. T\u00e9cnica silueta.<br \/>\nLecci\u00f3n 8. Dibujando aplique nieve.<br \/>\nLecci\u00f3n 9. Dibujando sombrero.<br \/>\nLecci\u00f3n 10. Dibujando bufanda.<br \/>\nLecci\u00f3n 11. Dibujando botas y brazos.<br \/>\nLecci\u00f3n 12. Cortando los moldes.<br \/>\nLecci\u00f3n 13. Marcando al fomy.<br \/>\nLecci\u00f3n 14. Marcando moldes.<br \/>\nLecci\u00f3n 15. Marcando moldes.<br \/>\nLecci\u00f3n 16. Marcando moldes.<br \/>\nLecci\u00f3n 17. Difuminado de bufanda.<br \/>\nLecci\u00f3n 18. T\u00e9cnica retazo.<br \/>\nLecci\u00f3n 19. T\u00e9cnica retazo.<br \/>\nLecci\u00f3n 20. T\u00e9cnica retazo.<br \/>\nLecci\u00f3n 21. T\u00e9cnica costura.<br \/>\nLecci\u00f3n 22. Difuminado botas.<br \/>\nLecci\u00f3n 23. T\u00e9cnica retazo.<br \/>\nLecci\u00f3n 24. T\u00e9cnica retazo.<br \/>\nLecci\u00f3n 25. T\u00e9cnica costura.<br \/>\nLecci\u00f3n 26. Difuminado sombrero.<br \/>\nLecci\u00f3n 27. T\u00e9cnica retazo.<br \/>\nLecci\u00f3n 28. Decoraci\u00f3n nieve.<br \/>\nLecci\u00f3n 29. Elaboraci\u00f3n bot\u00f3n.<br \/>\nLecci\u00f3n 30. Marcado de moldes.<br \/>\nLecci\u00f3n 31. T\u00e9cnica estarcido.<br \/>\nLecci\u00f3n 32. Terminaciones bufanda.<br \/>\nLecci\u00f3n 33. Termoformado.<br \/>\nLecci\u00f3n 34. Armado y pegado.<br \/>\nLecci\u00f3n 35. T\u00e9cnica silueta.<br \/>\nLecci\u00f3n 36. T\u00e9cnica silueta.<br \/>\nLecci\u00f3n 37. Molde estrella.<br \/>\nLecci\u00f3n 38. Decoraci\u00f3n estrella,<br \/>\nLecci\u00f3n 39. Termoformado.<br \/>\nLecci\u00f3n 40. T\u00e9cnica silueta.<br \/>\nLecci\u00f3n 41. Dibujando bast\u00f3n.<br \/>\nLecci\u00f3n 42. Difuminado bast\u00f3n.<br \/>\nLecci\u00f3n 43. Termoformado.<br \/>\nLecci\u00f3n 44. Dibujando cartel.<br \/>\nLecci\u00f3n 45. Difuminado cartel.<br \/>\nLecci\u00f3n 46. Termoformado.<br \/>\nLecci\u00f3n 47. Dibujando letras.<br \/>\nLecci\u00f3n 48. Termoformado letras.<br \/>\nLecci\u00f3n 49. Pegado de apliques.<br \/>\nLecci\u00f3n 50. Terminaci\u00f3n bota.<\/p>\n<p>M\u00d3DULO 3 APLIQUES.<\/p>\n<p>Presentaci\u00f3n.<\/p>\n<p>Lecci\u00f3n 0 Herramientas.<br \/>\nLecci\u00f3n 1. Dibujando apliques.<br \/>\nLecci\u00f3n 2. Dibujando apliques.<br \/>\nLecci\u00f3n 3. Dibujando apliques.<br \/>\nLecci\u00f3n 4. Marcado de moldes.<br \/>\nLecci\u00f3n 5. Marcado de moldes.<br \/>\nLecci\u00f3n 6. Marcado de moldes.<br \/>\nLecci\u00f3n 7. Marcado de moldes.<br \/>\nLecci\u00f3n 8. Marcado de moldes.<br \/>\nLecci\u00f3n 9. Estrellas y botones.<br \/>\nLecci\u00f3n 10. T\u00e9cnica silueta.<br \/>\nLecci\u00f3n 11. Difuminado de piezas.<br \/>\nLecci\u00f3n 12. Difuminado de piezas.<br \/>\nLecci\u00f3n 13. Difuminado de piezas.<br \/>\nLecci\u00f3n 14. Decoraci\u00f3n de bufandas.<br \/>\nLecci\u00f3n 15. Decoraci\u00f3n de botas.<br \/>\nLecci\u00f3n 16. Difuminado de piezas.<br \/>\nLecci\u00f3n 17. Decoraci\u00f3n de trompas y cara.<br \/>\nLecci\u00f3n 18. Termoformado.<br \/>\nLecci\u00f3n 19. Armado y pegado.<br \/>\nLecci\u00f3n 20. Armando apliques.<br \/>\nLecci\u00f3n 21. Terminaci\u00f3n bufandas.<br \/>\nLecci\u00f3n 22. Terminaci\u00f3n Noel.<br \/>\nLecci\u00f3n 23. Terminaci\u00f3n reno.<br \/>\nLecci\u00f3n 24. T\u00e9cnica silueta reno.<br \/>\nLecci\u00f3n 25. Terminaci\u00f3n nieve.<br \/>\nLecci\u00f3n 26. Armado de ping\u00fcino.<br \/>\nLecci\u00f3n 27. Terminaci\u00f3n ping\u00fcino.<br \/>\nLecci\u00f3n 28. Armado de oso.<br \/>\nLecci\u00f3n 29. Terminaci\u00f3n oso.<br \/>\nLecci\u00f3n 30. Armado de galleta.<br \/>\nLecci\u00f3n 31. Terminaci\u00f3n de galleta.<br \/>\nLecci\u00f3n 32. Listos los apliques. <\/p>\n<p>M\u00d3DULO 4 PIE DE ARBOL<\/p>\n<p>Presentaci\u00f3n.<br \/>\nLecci\u00f3n 0. Herramientas.<br \/>\nLecci\u00f3n 1. Como doblar el foamy.<br \/>\nLecci\u00f3n 2. Tomas de medida y corte.<br \/>\nLecci\u00f3n 3. T\u00e9cnica mezclilla.<br \/>\nLecci\u00f3n 4. Aplicando gel escarchado.<br \/>\nLecci\u00f3n 5. Pegado del millare. <\/p>\n<p>M\u00d3DULO 5 BONOS<\/p>\n<p>Bono # 1 Moldes Bota.<br \/>\nBono # 2 Moldes bota accesorios.<br \/>\nBono # 3 Moldes Apiques.<br \/>\nBono # 4 Lista de Materiales Pie de \u00e1rbol.<br \/>\nBono # 5 Grupo de Facebook.<br \/>\nBono # 6 Grupo de telegram.<\/p>\n<p>M\u00d3DULO 6 PREGUNTAS FRECUENTES<\/p>\n<p>Lecci\u00f3n 1 En qu\u00e9 espesor o densidad se encuentra el fomy<br \/>\nLecci\u00f3n 2 Con qu\u00e9 otro nombre es conocido el Foamy<br \/>\nLecci\u00f3n 2 Con qu\u00e9 otro nombre es conocido el Foamy<\/p>\n<p>M\u00d3DULO 7 COMO OBTENER TU CERTIFICADO <\/p>\n<p>\u00bfC\u00f3mo obtener tu certificado?<\/p>\n<p>ACERCA DEL PRODUCTOR<\/p>\n<p>Desarrollado por AYALA VILLAMIL, colombiana, con 49 a\u00f1os, mam\u00e1 de profesi\u00f3n, manualista por vocaci\u00f3n, emprendedora por convicci\u00f3n y creadora de manualidades y videos por decisi\u00f3n. <\/p>\n<p>Quer\u00eda compartir tiempo con sus hijos y su trabajo como secretaria no se lo permit\u00eda, por tanto, en las manualidades encontr\u00f3 tiempo para sus hijos y un negocio rentable desde casa, se dedic\u00f3 a aprender arte foamy, y se especializo en termoformado, 2D y empaques con reciclaje.<\/p>\n<p>Con experiencia de 15 a\u00f1os como manualista, ense\u00f1o este arte en un programa de manualidades por internet llamado Su Taller en Casa, imparti\u00f3 clases presenciales en su casa. <\/p>\n<p>Desde hace un a\u00f1o se capacita como Manualista Profesional en la Academia de Patty Arce, para manualistas emprendedoras, donde ha aprendido y desarrollado habilidades tanto personales como profesionales para emprender en l\u00ednea. <\/p>\n<p>Ha logrado una comunidad de 104k seguidores en redes como Tik tok, Facebook e Instagram y ha creado diversos cursos digitales en la t\u00e9cnica de foamy.<\/p>\n","protected":false},"excerpt":{"rendered":"<p>\u00bfSab\u00edas que el foamy es un material muy vers\u00e1til, resistente y econ\u00f3mico con el que podr\u00edas realizar las m\u00e1s bellas y exclusivas decoraciones navide\u00f1as?<\/p>\n<p>Con el Programa APRENDE, CREA Y EMPRENDE CON FOAMY NAVIDE\u00d1O podr\u00e1s comenzar desde cero y sin tener experiencia a dise\u00f1ar y decorar tu casa con este magn\u00edfico material as\u00ed como tambi\u00e9n podr\u00e1s generar ingresos.<\/p>\n","protected":false},"featured_media":4789,"template":"","meta":{"_joinchat":[]},"product_brand":[],"product_cat":[332,344],"product_tag":[],"class_list":{"0":"post-12683","1":"product","2":"type-product","3":"status-publish","4":"has-post-thumbnail","6":"product_cat-musica-y-artes","7":"product_cat-todos","9":"first","10":"instock","11":"sale","12":"shipping-taxable","13":"product-type-external"},"_links":{"self":[{"href":"https:\/\/www.cursos.olgavelez.co\/cu\/wp-json\/wp\/v2\/product\/12683","targetHints":{"allow":["GET"]}}],"collection":[{"href":"https:\/\/www.cursos.olgavelez.co\/cu\/wp-json\/wp\/v2\/product"}],"about":[{"href":"https:\/\/www.cursos.olgavelez.co\/cu\/wp-json\/wp\/v2\/types\/product"}],"version-history":[{"count":2,"href":"https:\/\/www.cursos.olgavelez.co\/cu\/wp-json\/wp\/v2\/product\/12683\/revisions"}],"predecessor-version":[{"id":14635,"href":"https:\/\/www.cursos.olgavelez.co\/cu\/wp-json\/wp\/v2\/product\/12683\/revisions\/14635"}],"wp:featuredmedia":[{"embeddable":true,"href":"https:\/\/www.cursos.olgavelez.co\/cu\/wp-json\/wp\/v2\/media\/4789"}],"wp:attachment":[{"href":"https:\/\/www.cursos.olgavelez.co\/cu\/wp-json\/wp\/v2\/media?parent=12683"}],"wp:term":[{"taxonomy":"product_brand","embeddable":true,"href":"https:\/\/www.cursos.olgavelez.co\/cu\/wp-json\/wp\/v2\/product_brand?post=12683"},{"taxonomy":"product_cat","embeddable":true,"href":"https:\/\/www.cursos.olgavelez.co\/cu\/wp-json\/wp\/v2\/product_cat?post=12683"},{"taxonomy":"product_tag","embeddable":true,"href":"https:\/\/www.cursos.olgavelez.co\/cu\/wp-json\/wp\/v2\/product_tag?post=12683"}],"curies":[{"name":"wp","href":"https:\/\/api.w.org\/{rel}","templated":true}]}}