{"id":12681,"date":"2023-01-10T04:41:01","date_gmt":"2023-01-10T07:41:01","guid":{"rendered":"https:\/\/www.cursos.olgavelez.co\/cu\/?post_type=product&#038;p=12681"},"modified":"2023-09-20T16:05:46","modified_gmt":"2023-09-20T19:05:46","slug":"karate-para-ninos","status":"publish","type":"product","link":"https:\/\/www.cursos.olgavelez.co\/cu\/producto\/karate-para-ninos\/","title":{"rendered":"KARATE PARA NI\u00d1OS"},"content":{"rendered":"<p>\u00bfQuisieras que tu hijo aprendiera a defenderse ante un conflicto?<\/p>\n<p>Con el masterclass KARATE PARA NI\u00d1OS tu hijo podr\u00e1 aprender defensa personal mientras desarrolla su confianza, disciplina y respeto.<\/p>\n<p>!Adquiere este curso hoy!<br \/>\nToda la informaci\u00f3n la encuentras debajo de este video.<br \/>\n\u00a1Inscr\u00edbete ahora y comienza ya!<\/p>\n<p>\u00bfQU\u00c9 VAS A LOGRAR?<\/p>\n<p>Tu hijo aprender\u00e1 las t\u00e9cnicas b\u00e1sicas para la defensa, bloquear ataques y como contraatacar ante un conflicto.<\/p>\n<p>Desarrollar\u00e1 la autoconfianza y respeto consigo mismo.<\/p>\n<p>Le ayudar\u00e1 a desarrollar la disciplina y el respeto hacia los dem\u00e1s.<\/p>\n<p>Aprender\u00e1 como prepararse f\u00edsicamente antes de cualquier tipo de entrenamiento.<\/p>\n<p>Le ayudar\u00e1 a desarrollar su psicomotricidad.<\/p>\n<p>Desarrollar\u00e1 la confianza necesaria para poder evitar una pelea con seguridad, mas no con miedo.<\/p>\n<p>Acceder\u00e1s al certificado avalado por Hotmart y Seminarios Online.<\/p>\n<p>\u00bfC\u00d3MO LO VAS A LOGRAR?<\/p>\n<p>A trav\u00e9s del siguiente contenido, estructurado paso a paso:<\/p>\n<p>M\u00f3dulo No.1 &#8211; Karate para ni\u00f1os.<\/p>\n<p>Clase 01 &#8211; Introducci\u00f3n y bienvenida.<br \/>\nClase 02 &#8211; Importancia del Karate en la ni\u00f1ez.<br \/>\nClase 03 &#8211; Qu\u00e9 aprender\u00e1s en este programa.<br \/>\nClase 04 &#8211; Recomendaciones antes de empezar.<\/p>\n<p>M\u00f3dulo No.2 &#8211; MUY IMPORTANTE Preparaci\u00f3n F\u00edsica previa.<\/p>\n<p>Clase 05 &#8211; Prepara tu cuerpo, evita lesiones.<br \/>\nClase 06 &#8211; Ejercicios de lubricaci\u00f3n.<br \/>\nClase 07 &#8211; Ejercicios de calentamiento<br \/>\nClase 08 &#8211; Ejercicios de estiramiento<br \/>\nClase 09 &#8211; Ejercicios prohibidos, destruyendo mitos<\/p>\n<p>M\u00f3dulo No 3 &#8211; Aprendiendo a defendernos \/ Bloquear ataques<\/p>\n<p>Clase 10 &#8211; Posici\u00f3n de guardia &#8211; El Kamae.<br \/>\nClase 11 &#8211; Bloque zona alta &#8211; Age Uke.<br \/>\nClase 12 &#8211; Aplicaci\u00f3n del Age Uke.<br \/>\nClase 13 &#8211; Bloqueo zona media \u2013 Nagashi.<br \/>\nClase 14 &#8211; Aplicaci\u00f3n del Nagashi.<br \/>\nClase 15 &#8211; Bloqueo zona baja &#8211; Gedan Barai.<br \/>\nClase 16 &#8211; Aplicaci\u00f3n del Gedan Barai.<\/p>\n<p>M\u00f3dulo No 4 &#8211; Aprendiendo a Atacar<\/p>\n<p>Clase 17 &#8211; Ataque b\u00e1sico &#8211; Oi Tsuki.<br \/>\nClase 18 &#8211; Aplicaci\u00f3n del Oi Tsuki.<br \/>\nClase 19 &#8211; Ataque frontal &#8211; Kisami Tsuki.<br \/>\nClase 20 &#8211; Aplicaci\u00f3n del Kisami Tsuki.<br \/>\nClase 21 &#8211; Ataque Medio &#8211; Gyaku Tsuki.<br \/>\nClase 22 &#8211; Aplicaci\u00f3n del Gyaku Tsuki.<br \/>\nClase 23 &#8211; Ataque superior &#8211; Oi Tsuki de Kumite.<br \/>\nClase 24 &#8211; Aplicaci\u00f3n del Oi Tsuki de Kumite.<\/p>\n<p>Modulo No 5 &#8211; Defendiendo y atacando &#8211; Aplicando lo aprendido<\/p>\n<p>Clase 25 &#8211; Age Uke + Gyaku Tsuki.<br \/>\nClase 26 &#8211; Aplicaci\u00f3n del Age Uke + Gyaku Tsuki.<br \/>\nClase 27 &#8211; Nagashi + Gyaku Tsuki.<br \/>\nClase 28 &#8211; Aplicaci\u00f3n del Nagashi + Gyaku Tsuki.<br \/>\nClase 29 &#8211; Gedan Barai + Gyaku Tsuki.<br \/>\nClase 30 &#8211; Aplicaci\u00f3n Gedan Barai + Gyaku Tsuki.<br \/>\nClase 31 &#8211; Desplazamiento &#8211; Suri Ashi.<br \/>\nClase 32 &#8211; Aplicaci\u00f3n el Suri Ashi.<\/p>\n<p>M\u00f3dulo No.6 (Material adicional &#8211; BONOS).<\/p>\n<p>PDF &#8211; Material Adicional y complementario 01<br \/>\nPDF &#8211; Material Adicional y complementario 02<br \/>\nPDF &#8211; Material Adicional y complementario 03<br \/>\nPDF &#8211; Material Adicional y complementario 04<br \/>\nPDF &#8211; Material Adicional y complementario 05<\/p>\n<p>M\u00f3dulo No.7 (Video respuestas).<\/p>\n<p>Respuesta a preguntas frecuentes 01<br \/>\nRespuesta a preguntas frecuentes 02<br \/>\nRespuesta a preguntas frecuentes 03<br \/>\nRespuesta a preguntas frecuentes 04<br \/>\nRespuesta a preguntas frecuentes 05<\/p>\n<p>ACERCA DEL PRODUCTOR<\/p>\n<p>Desarrollado por EDGAR HUAMANI, cinta negra 3er DAN en Karate-DO Estilo Shotokan. Tiene m\u00e1s de 40 a\u00f1os de experiencia como instructor de ni\u00f1os, adolescentes y j\u00f3venes en diferentes academias, colegios e institutos en Per\u00fa. <\/p>\n<p>En sus m\u00e1s de 4 d\u00e9cadas como entrenador ha desarrollado la mejor manera para ense\u00f1ar este arte marcial a sus estudiantes, fomentando en todos ellos las disciplinas y doctrinas del Karate-DO.<\/p>\n","protected":false},"excerpt":{"rendered":"<p>\u00bfQuisieras que tu hijo aprendiera a defenderse ante un conflicto?<\/p>\n<p>Con el masterclass KARATE PARA NI\u00d1OS tu hijo podr\u00e1 aprender defensa personal mientras desarrolla su confianza, disciplina y respeto.<\/p>\n<p>!Adquiere este curso hoy!<br \/>\nToda la informaci\u00f3n la encuentras debajo de este video.<br \/>\n\u00a1Inscr\u00edbete ahora y comienza ya!<\/p>\n","protected":false},"featured_media":4787,"template":"","meta":{"_joinchat":[]},"product_brand":[],"product_cat":[332,344],"product_tag":[],"class_list":{"0":"post-12681","1":"product","2":"type-product","3":"status-publish","4":"has-post-thumbnail","6":"product_cat-musica-y-artes","7":"product_cat-todos","9":"first","10":"instock","11":"sale","12":"shipping-taxable","13":"product-type-external"},"_links":{"self":[{"href":"https:\/\/www.cursos.olgavelez.co\/cu\/wp-json\/wp\/v2\/product\/12681","targetHints":{"allow":["GET"]}}],"collection":[{"href":"https:\/\/www.cursos.olgavelez.co\/cu\/wp-json\/wp\/v2\/product"}],"about":[{"href":"https:\/\/www.cursos.olgavelez.co\/cu\/wp-json\/wp\/v2\/types\/product"}],"version-history":[{"count":2,"href":"https:\/\/www.cursos.olgavelez.co\/cu\/wp-json\/wp\/v2\/product\/12681\/revisions"}],"predecessor-version":[{"id":14633,"href":"https:\/\/www.cursos.olgavelez.co\/cu\/wp-json\/wp\/v2\/product\/12681\/revisions\/14633"}],"wp:featuredmedia":[{"embeddable":true,"href":"https:\/\/www.cursos.olgavelez.co\/cu\/wp-json\/wp\/v2\/media\/4787"}],"wp:attachment":[{"href":"https:\/\/www.cursos.olgavelez.co\/cu\/wp-json\/wp\/v2\/media?parent=12681"}],"wp:term":[{"taxonomy":"product_brand","embeddable":true,"href":"https:\/\/www.cursos.olgavelez.co\/cu\/wp-json\/wp\/v2\/product_brand?post=12681"},{"taxonomy":"product_cat","embeddable":true,"href":"https:\/\/www.cursos.olgavelez.co\/cu\/wp-json\/wp\/v2\/product_cat?post=12681"},{"taxonomy":"product_tag","embeddable":true,"href":"https:\/\/www.cursos.olgavelez.co\/cu\/wp-json\/wp\/v2\/product_tag?post=12681"}],"curies":[{"name":"wp","href":"https:\/\/api.w.org\/{rel}","templated":true}]}}