{"id":12680,"date":"2023-01-10T04:41:01","date_gmt":"2023-01-10T07:41:01","guid":{"rendered":"https:\/\/www.cursos.olgavelez.co\/cu\/?post_type=product&#038;p=12680"},"modified":"2023-09-20T16:05:46","modified_gmt":"2023-09-20T19:05:46","slug":"metodo-mangaka","status":"publish","type":"product","link":"https:\/\/www.cursos.olgavelez.co\/cu\/producto\/metodo-mangaka\/","title":{"rendered":"M\u00c9TODO MANGAKA"},"content":{"rendered":"<p>\u00bfEres de aquellos que dibujan personajes y caricaturas en la \u00faltima p\u00e1gina del cuaderno? <\/p>\n<p>Con el masterclass DIBUJA CON EL METODO MANGAKA<br \/>\naprende de manera sencilla como replicar y crear tus personajes de anime favoritos<\/p>\n<p>\u00bfQU\u00c9 VAS A LOGRAR?<\/p>\n<p>Tendr\u00e1s todas las herramientas necesarias para dibujar como un experto tus personajes favoritos.<\/p>\n<p>Manejar\u00e1s la anatom\u00eda de un personaje femenino, masculino y ni\u00f1os.<\/p>\n<p>Dibujar\u00e1s personajes con expresiones faciales \u00fanicas.<\/p>\n<p>Ser\u00e1s capaz de darle una imagen acorde a la personalidad de tu personaje.<\/p>\n<p>Manejar\u00e1s diferentes materiales para realizar tus personajes manga, como la tinta china, rapidografos, l\u00e1pices, etc.<\/p>\n<p>Crear\u00e1s personajes con personalidades \u00fanicas y sus rasgos f\u00edsicos que los caracterizan.<\/p>\n<p>Conocer\u00e1s el manejo b\u00e1sico de la teor\u00eda del color.<\/p>\n<p>Conocer\u00e1s los conceptos necesarios para darle una identidad a tu personaje.<\/p>\n<p>Tendr\u00e1s acceso exclusivo a planillas de ejercicios para mejorar de manera exponencial tus habilidades.<\/p>\n<p>\u00a1Una vez finalizado el curso ver\u00e1s un antes y despu\u00e9s en tus dibujos!<\/p>\n<p>Acceder\u00e1s al certificado avalado por Hotmart y Seminarios Online.<\/p>\n<p>\u00bfC\u00d3MO LO VAS A LOGRAR?<\/p>\n<p>A trav\u00e9s del siguiente contenido, estructurado paso a paso:<\/p>\n<p>M\u00e9todo Mangaka.<\/p>\n<p>\u00a1Bienvenido\/a!<br \/>\n\u00bfQu\u00e9 es y de donde proviene el Manga?<br \/>\n\u00a1Gu\u00eda de materiales ideales para ser un Mangaka Profesional!<\/p>\n<p>\u00a1Empecemos desde las bases!<\/p>\n<p>Todo puede ser un dibujo.<br \/>\nManejo de materiales 1.<br \/>\nManejo de materiales 2. <\/p>\n<p>Rostros.<\/p>\n<p>Anatom\u00eda de rostro.<br \/>\nTodo sobre ojos.<br \/>\nNarices y orejas.<br \/>\nBocas.<br \/>\nC\u00f3mo dibujar cabello.<br \/>\nPerfil y \u00be.<br \/>\nExpresiones del rostro frente. <\/p>\n<p>Cuerpo.<\/p>\n<p>Tipos de cuerpo (Arquetipo).<br \/>\nCuerpo completo de frente.<br \/>\nCuerpo completo perfil y espalda.<br \/>\nManos y pies.<br \/>\nL\u00edneas de movimiento. <\/p>\n<p>Escorzos.<\/p>\n<p>Perspectiva en espacios.<br \/>\nPerspectiva en personas.<br \/>\nIluminaci\u00f3n en objetos.<br \/>\nFiguras. <\/p>\n<p>BONUS.<\/p>\n<p>PDF Teor\u00eda del color.<\/p>\n<p>ACERCA DE LA PRODUCTORA<\/p>\n<p>Desarrollado por HANNA FRANCO una ilustradora emergente de nacionalidad colombiana, creativa y apasionada por ense\u00f1ar a los dem\u00e1s. <\/p>\n<p>Con m\u00e1s de 8 a\u00f1os de experiencia en el dibujo manga y un gran recorrido en la ense\u00f1anza del mismo, nace este programa para compartir el m\u00e9todo mangaka.<\/p>\n","protected":false},"excerpt":{"rendered":"<p>\u00bfEres de aquellos que dibujan personajes y caricaturas en la \u00faltima p\u00e1gina del cuaderno? <\/p>\n<p>Con el masterclass DIBUJA CON EL METODO MANGAKA<br \/>\naprende de manera sencilla como replicar y crear tus personajes de anime favoritos<\/p>\n","protected":false},"featured_media":4786,"template":"","meta":{"_joinchat":[]},"product_brand":[],"product_cat":[332,344],"product_tag":[],"class_list":{"0":"post-12680","1":"product","2":"type-product","3":"status-publish","4":"has-post-thumbnail","6":"product_cat-musica-y-artes","7":"product_cat-todos","9":"first","10":"instock","11":"sale","12":"shipping-taxable","13":"product-type-external"},"_links":{"self":[{"href":"https:\/\/www.cursos.olgavelez.co\/cu\/wp-json\/wp\/v2\/product\/12680","targetHints":{"allow":["GET"]}}],"collection":[{"href":"https:\/\/www.cursos.olgavelez.co\/cu\/wp-json\/wp\/v2\/product"}],"about":[{"href":"https:\/\/www.cursos.olgavelez.co\/cu\/wp-json\/wp\/v2\/types\/product"}],"version-history":[{"count":2,"href":"https:\/\/www.cursos.olgavelez.co\/cu\/wp-json\/wp\/v2\/product\/12680\/revisions"}],"predecessor-version":[{"id":14632,"href":"https:\/\/www.cursos.olgavelez.co\/cu\/wp-json\/wp\/v2\/product\/12680\/revisions\/14632"}],"wp:featuredmedia":[{"embeddable":true,"href":"https:\/\/www.cursos.olgavelez.co\/cu\/wp-json\/wp\/v2\/media\/4786"}],"wp:attachment":[{"href":"https:\/\/www.cursos.olgavelez.co\/cu\/wp-json\/wp\/v2\/media?parent=12680"}],"wp:term":[{"taxonomy":"product_brand","embeddable":true,"href":"https:\/\/www.cursos.olgavelez.co\/cu\/wp-json\/wp\/v2\/product_brand?post=12680"},{"taxonomy":"product_cat","embeddable":true,"href":"https:\/\/www.cursos.olgavelez.co\/cu\/wp-json\/wp\/v2\/product_cat?post=12680"},{"taxonomy":"product_tag","embeddable":true,"href":"https:\/\/www.cursos.olgavelez.co\/cu\/wp-json\/wp\/v2\/product_tag?post=12680"}],"curies":[{"name":"wp","href":"https:\/\/api.w.org\/{rel}","templated":true}]}}