{"id":12677,"date":"2023-01-10T04:41:01","date_gmt":"2023-01-10T07:41:01","guid":{"rendered":"https:\/\/www.cursos.olgavelez.co\/cu\/?post_type=product&#038;p=12677"},"modified":"2023-09-20T16:05:46","modified_gmt":"2023-09-20T19:05:46","slug":"crea-y-emprende-en-10-pasos-con-tu-pesebre-en-arte-country","status":"publish","type":"product","link":"https:\/\/www.cursos.olgavelez.co\/cu\/producto\/crea-y-emprende-en-10-pasos-con-tu-pesebre-en-arte-country\/","title":{"rendered":"CREA Y EMPRENDE EN 10 PASOS CON TU PESEBRE EN ARTE COUNTRY"},"content":{"rendered":"<p>\u00bfTe gustar\u00eda generar ingresos en \u00e9poca navide\u00f1a?<\/p>\n<p>Con el masterclass CREA Y EMPRENDE EN 10 PASOS CON TU PESEBRE EN ARTE COUNTRY<br \/>\nlograras crear pesebres espectaculares que podr\u00e1s vender a un excelente precio<\/p>\n<p>\u00bfQU\u00c9 VAS A LOGRAR?<\/p>\n<p>Aprender\u00e1s hacer los cuerpos b\u00e1sicos para los personajes del pesebre.<\/p>\n<p>Aprender\u00e1s la t\u00e9cnica trazo de molder\u00eda.<\/p>\n<p>Aprender\u00e1s a cortar, coser y rellenar de la manera correcta.<\/p>\n<p>Aprender\u00e1s las puntadas a mano para cerrar y unir piezas.<\/p>\n<p>Aprender\u00e1s a hacer un mo\u00f1o y decorar una guirnalda.<\/p>\n<p>Aprender\u00e1s a pegar o coser ojos.<\/p>\n<p>Aprender\u00e1s a pintar ojos en tela.<\/p>\n<p>Aprender\u00e1s a combinar el fieltro con otro tipo de materiales.<\/p>\n<p>Aprender\u00e1s a decorar con diversas t\u00e9cnicas como falso patchwork, icopor, entre otras.<\/p>\n<p>Crear con tus propias manos y con tu creatividad el vestuario de cada personaje.<\/p>\n<p>Estar\u00e1s un paso adelante en la tendencia.<\/p>\n<p>Te ayudar\u00e1 a generar ingresos econ\u00f3micos con su venta.<\/p>\n<p>Acceder\u00e1s al certificado avalado por Hotmart y Seminarios Online.<\/p>\n<p>\u00bfC\u00d3MO LO VAS A LOGRAR?<\/p>\n<p>A trav\u00e9s del siguiente contenido, estructurado paso a paso:<\/p>\n<p>M\u00d3DULO 1 CREA Y EMPRENDE EN 10 PASOS CON TU PESEBRE EN ARTE COUNTRY<\/p>\n<p>Lecci\u00f3n 1 Bienvenida.<br \/>\nLecci\u00f3n 2 Presentaci\u00f3n general pesebre.<br \/>\nLecci\u00f3n 3 Molder\u00eda.<br \/>\nLecci\u00f3n 4 Materiales y herramientas.<br \/>\nLecci\u00f3n 5 T\u00e9cnica Marcar, coser, cortar y rellenar.<br \/>\nLecci\u00f3n 6 T\u00e9cnica rellenado de piezas.<br \/>\nLecci\u00f3n 7 T\u00e9cnica pintado de ojos.<br \/>\nLecci\u00f3n 8 C\u00f3mo hacer mo\u00f1os en rafia.<\/p>\n<p>M\u00d3DULO 2 JES\u00daS, MARIA Y JOSE<\/p>\n<p>Lecci\u00f3n 0 Presentaci\u00f3n.<br \/>\nLecci\u00f3n 1. Cuerpos de los personajes.<br \/>\nLecci\u00f3n 2. Presentaci\u00f3n Mar\u00eda y Jes\u00fas.<br \/>\nLecci\u00f3n 3. Materiales sagrada familia.<br \/>\nLecci\u00f3n 4. Elaboraci\u00f3n Mar\u00eda y Jes\u00fas.<br \/>\nLecci\u00f3n 5. Presentaci\u00f3n Jos\u00e9.<br \/>\nLecci\u00f3n 6 Vistiendo a San Jos\u00e9. <\/p>\n<p>M\u00d3DULO 3 REYES MAGOS<\/p>\n<p>Lecci\u00f3n 0 Presentaci\u00f3n reyes magos.<br \/>\nLecci\u00f3n 1 Materiales reyes magos.<br \/>\nLecci\u00f3n 2. Vistiendo los reyes magos.<\/p>\n<p>M\u00d3DULO 4 PASTOR Y OVEJAS<\/p>\n<p>Lecci\u00f3n 0 Presentaci\u00f3n pastor y ovejas.<br \/>\nLecci\u00f3n 1 Materiales pastor y ovejas.<br \/>\nLecci\u00f3n 2. Vistiendo el pastor y ovejas.<\/p>\n<p>M\u00d3DULO 5 BURRO Y VACA<\/p>\n<p>Lecci\u00f3n 0 Presentaci\u00f3n burro y vaca.<br \/>\nLecci\u00f3n 1 Materiales burro y vaca.<br \/>\nLecci\u00f3n 2 Elaboraci\u00f3n de burro y vaca.<\/p>\n<p>M\u00d3DULO 6 CAMELLO<\/p>\n<p>Lecci\u00f3n 0 Presentaci\u00f3n camello.<br \/>\nLecci\u00f3n 1 Materiales camello.<br \/>\nLecci\u00f3n 2. Elaboraci\u00f3n camello.<\/p>\n<p>M\u00d3DULO 7 Pesebrera<\/p>\n<p>Lecci\u00f3n 0 Presentaci\u00f3n pesebrera.<br \/>\nLecci\u00f3n 1 Elaboraci\u00f3n pesebrera.<br \/>\nLecci\u00f3n 2 Elaboraci\u00f3n \u00e1ngel y estrella.<br \/>\nLecci\u00f3n 3 Decoraci\u00f3n base para el pesebre.<br \/>\nLecci\u00f3n 4 Complemento pesebrera.<\/p>\n<p>M\u00d3DULO 8 DIVERSAS DECORACIONES<\/p>\n<p>Lecci\u00f3n 0 Presentaci\u00f3n diversas decoraciones.<br \/>\nLecci\u00f3n 1 Decoraci\u00f3n pesebre en rejilla.<br \/>\nLecci\u00f3n 2 Decoraci\u00f3n pesebre en falso patchwork.<br \/>\nLecci\u00f3n 3 Decoraci\u00f3n en pesebre en balde decorativo.<br \/>\nLecci\u00f3n 4 Decoraci\u00f3n casita en lona.<br \/>\nLecci\u00f3n 5 Colecci\u00f3n pesebres.<br \/>\nLecci\u00f3n 6 ideas de pesebreras.<\/p>\n<p>M\u00d3DULO 9 BONOS<\/p>\n<p>Lecci\u00f3n 1 Bono #2 Grupo de Facebook.<br \/>\nLecci\u00f3n 2 Bono #3 Grupo de Telegram.<\/p>\n<p>M\u00d3DULO 6 PREGUNTAS FRECUENTES <\/p>\n<p>Lecci\u00f3n 1 Material casita del pesebre.<br \/>\nLecci\u00f3n 2 Como lograr mis telas con brillo.<br \/>\nLecci\u00f3n 3 Pinturas alternativas para los ojos.<\/p>\n<p>M\u00d3DULO 7 CERTIFICADO <\/p>\n<p>\u00bfC\u00f3mo obtener tu certificado?<\/p>\n<p>ACERCA DE LA PRODUCTORA<\/p>\n<p>Desarrollado por EDEN CASTELLANOS colombiana de 45 a\u00f1os y dise\u00f1adora y manualista desde hace 20 a\u00f1os.<\/p>\n<p>Desarrollo su emprendimiento en su propio taller de manualidades por 7 a\u00f1os, trabaj\u00f3 en varios talleres de manualidades en su ciudad y ha dictado clases en los fondos de empleados de algunas empresas.<\/p>\n<p>Elabora sus propios dise\u00f1os y molder\u00eda y en la actualidad se capacita como manualista profesional en la Academia de Patty Arce para manualistas emprendedoras, donde desarrolla habilidades en marketing online.<\/p>\n","protected":false},"excerpt":{"rendered":"<p>\u00bfTe gustar\u00eda generar ingresos en \u00e9poca navide\u00f1a?<\/p>\n<p>Con el masterclass CREA Y EMPRENDE EN 10 PASOS CON TU PESEBRE EN ARTE COUNTRY<br \/>\nlograras crear pesebres espectaculares que podr\u00e1s vender a un excelente precio<\/p>\n","protected":false},"featured_media":4783,"template":"","meta":{"_joinchat":[]},"product_brand":[],"product_cat":[332,344],"product_tag":[],"class_list":{"0":"post-12677","1":"product","2":"type-product","3":"status-publish","4":"has-post-thumbnail","6":"product_cat-musica-y-artes","7":"product_cat-todos","9":"first","10":"instock","11":"sale","12":"shipping-taxable","13":"product-type-external"},"_links":{"self":[{"href":"https:\/\/www.cursos.olgavelez.co\/cu\/wp-json\/wp\/v2\/product\/12677","targetHints":{"allow":["GET"]}}],"collection":[{"href":"https:\/\/www.cursos.olgavelez.co\/cu\/wp-json\/wp\/v2\/product"}],"about":[{"href":"https:\/\/www.cursos.olgavelez.co\/cu\/wp-json\/wp\/v2\/types\/product"}],"version-history":[{"count":2,"href":"https:\/\/www.cursos.olgavelez.co\/cu\/wp-json\/wp\/v2\/product\/12677\/revisions"}],"predecessor-version":[{"id":14629,"href":"https:\/\/www.cursos.olgavelez.co\/cu\/wp-json\/wp\/v2\/product\/12677\/revisions\/14629"}],"wp:featuredmedia":[{"embeddable":true,"href":"https:\/\/www.cursos.olgavelez.co\/cu\/wp-json\/wp\/v2\/media\/4783"}],"wp:attachment":[{"href":"https:\/\/www.cursos.olgavelez.co\/cu\/wp-json\/wp\/v2\/media?parent=12677"}],"wp:term":[{"taxonomy":"product_brand","embeddable":true,"href":"https:\/\/www.cursos.olgavelez.co\/cu\/wp-json\/wp\/v2\/product_brand?post=12677"},{"taxonomy":"product_cat","embeddable":true,"href":"https:\/\/www.cursos.olgavelez.co\/cu\/wp-json\/wp\/v2\/product_cat?post=12677"},{"taxonomy":"product_tag","embeddable":true,"href":"https:\/\/www.cursos.olgavelez.co\/cu\/wp-json\/wp\/v2\/product_tag?post=12677"}],"curies":[{"name":"wp","href":"https:\/\/api.w.org\/{rel}","templated":true}]}}