{"id":12676,"date":"2023-01-10T04:41:01","date_gmt":"2023-01-10T07:41:01","guid":{"rendered":"https:\/\/www.cursos.olgavelez.co\/cu\/?post_type=product&#038;p=12676"},"modified":"2023-09-20T16:05:46","modified_gmt":"2023-09-20T19:05:46","slug":"tattoo-puntillismo-de-arrastre-expert","status":"publish","type":"product","link":"https:\/\/www.cursos.olgavelez.co\/cu\/producto\/tattoo-puntillismo-de-arrastre-expert\/","title":{"rendered":"TATTOO: PUNTILLISMO DE ARRASTRE EXPERT"},"content":{"rendered":"<p>\u00bfSabias que el puntillismo es una de las t\u00e9cnicas de tatuaje mas demandadas actualmente?<\/p>\n<p>Con el masterclass TATTOO; PUNTILLISMO DE ARRASTRE EXPERT aprender\u00e1s un estilo de tatuar rentable y lucrativo<\/p>\n<p>\u00bfQU\u00c9 VAS A LOGRAR?<\/p>\n<p>Sabr\u00e1s que es puntillismo de arrastre, una de las t\u00e9cnicas de tatuaje m\u00e1s demandas actualmente.<\/p>\n<p>Sabr\u00e1s por que el negocio del tatuaje actualmente es un negocio muy rentable y lucrativo.<\/p>\n<p>Identificar\u00e1s los implementos necesarios para sumergirse en el tatuaje.<\/p>\n<p>Aprender\u00e1s movimientos y ejercicios para mejorar la fluidez de las manos.<\/p>\n<p>Aprender\u00e1s como montar correctamente tu m\u00e1quina de tatuar con el voltaje necesario para trabajar PUNTILLISMO DE ARRASTRE.<\/p>\n<p>Entender\u00e1s diferencias entre agujas y saber cu\u00e1l utilizar en cada momento.<\/p>\n<p>Aprender\u00e1s todo lo necesario e importante sobre una buena higiene en tu espacio de trabajo.<\/p>\n<p>Aprender\u00e1s como preparar correctamente el GreyWash o Escala de grises con la tinta negra.<\/p>\n<p>Conocer\u00e1s como curar correctamente un tatuaje despu\u00e9s de realizado.<\/p>\n<p>Tendr\u00e1s los conocimientos necesarios para montar tu propio negocio de tatuaje bien sea a domicilio o en un establecimiento.<\/p>\n<p>Notar\u00e1s por que el tatuaje es uno de los negocios m\u00e1s rentables de la actualidad.<\/p>\n<p>Perfeccionar\u00e1s los sombreados con textura de puntos.<\/p>\n<p>Acceder\u00e1s al certificado avalado por Hotmart y Seminarios Online.<\/p>\n<p>\u00bfC\u00d3MO LO VAS A LOGRAR?<\/p>\n<p>A trav\u00e9s del siguiente contenido, estructurado paso a paso:<\/p>\n<p>MODULO 1: Tattoo; Puntillismo De Arrastre<\/p>\n<p>Video 1: Introducci\u00f3n<br \/>\nVideo 2: \u00bfPor qu\u00e9 el tatuaje es un negocio rentable?<br \/>\nVideo 3: Introducci\u00f3n al tatuaje.<br \/>\nVideo 4: Clases de m\u00e1quinas.<br \/>\nVideo 5: Recomendaci\u00f3n en tintas.<br \/>\nVideo 6: Materiales.<br \/>\nVideo 7: Higiene.<br \/>\nVideo 8: Curaci\u00f3n de un tatuaje.<br \/>\nVideo 9: \u00bfQu\u00e9 es puntillismo de arrastre?<br \/>\nVideo 10: \u00a1Gracias! Y, comencemos.<\/p>\n<p>M\u00d3DULO 2: Pr\u00e1ctica<\/p>\n<p>Video 1: Implementos.<br \/>\nVideo 2: Como montar la m\u00e1quina correctamente.<br \/>\nVideo 3: Transferir correctamente el stencil.<br \/>\nVideo 4: Greywash, escala de grises.<br \/>\nVideo 5: Gallito del barrio puntillismo de arrastre, aguja de l\u00ednea 3rl.<br \/>\nVideo 6: Tattoo en l\u00ednea construida, aguja de l\u00ednea 3rl.<br \/>\nVideo 7: Rosa en puntillismo de arrastre, aguja de l\u00ednea 3rl.<br \/>\nVideo 8: Anubis en puntillismo de arrastre, aguja de l\u00ednea 3rl.<br \/>\nVideo 9: Errores comunes en puntillismo de arrastre.<br \/>\nVideo 10: Ejercicios para mejorar la fluidez de las manos.<br \/>\nVideo 11: Ejercicios para mejorar la fluidez de las manos parte 2.<br \/>\nVideo 12: \u00bfC\u00f3mo conseguir clientes?<br \/>\nVideo 13: Tatuaje; negocio del siglo.<\/p>\n<p>MODULO 3: Contenido Adicional (BONOS)<\/p>\n<p>Bono 1 pdf; libro digital 10 reglas de oro para un tatuaje responsable<br \/>\nBono 2 pdf; libro digital curso tatuaje teor\u00eda y t\u00e9cnicas.<br \/>\nBono 3 pdf; libro digital el tatuaje en dermatolog\u00eda. <\/p>\n<p>MODULO 4: Video respuestas de preguntas frecuentes. <\/p>\n<p>Video 1: \u00bfQu\u00e9 guantes utilizar?<\/p>\n<p>ACERCA DEL PRODUCTOR<\/p>\n<p>Desarrollado por FELIPE L\u00d3PEZ CABALLERO, joven de 23 a\u00f1os de edad, colombiano residente en Bogot\u00e1, con m\u00e1s de 4 a\u00f1os de experiencia en el tatuaje y cerca de 2 a\u00f1os de experiencia implementando el puntillismo de arrastre. Aprend\u00ed a tatuar en la ciudad de Medell\u00edn y actualmente trabajo en Bogot\u00e1.<\/p>\n<p>Artista apasionado por el dibujo, la escultura y la pintura. Estudiante actual de una Licenciatura en Educaci\u00f3n Art\u00edstica.<\/p>\n","protected":false},"excerpt":{"rendered":"<p>\u00bfSabias que el puntillismo es una de las t\u00e9cnicas de tatuaje mas demandadas actualmente?<\/p>\n<p>Con el masterclass TATTOO; PUNTILLISMO DE ARRASTRE EXPERT aprender\u00e1s un estilo de tatuar rentable y lucrativo<\/p>\n","protected":false},"featured_media":4782,"template":"","meta":{"_joinchat":[]},"product_brand":[],"product_cat":[332,344],"product_tag":[],"class_list":{"0":"post-12676","1":"product","2":"type-product","3":"status-publish","4":"has-post-thumbnail","6":"product_cat-musica-y-artes","7":"product_cat-todos","9":"first","10":"instock","11":"sale","12":"shipping-taxable","13":"product-type-external"},"_links":{"self":[{"href":"https:\/\/www.cursos.olgavelez.co\/cu\/wp-json\/wp\/v2\/product\/12676","targetHints":{"allow":["GET"]}}],"collection":[{"href":"https:\/\/www.cursos.olgavelez.co\/cu\/wp-json\/wp\/v2\/product"}],"about":[{"href":"https:\/\/www.cursos.olgavelez.co\/cu\/wp-json\/wp\/v2\/types\/product"}],"version-history":[{"count":2,"href":"https:\/\/www.cursos.olgavelez.co\/cu\/wp-json\/wp\/v2\/product\/12676\/revisions"}],"predecessor-version":[{"id":14628,"href":"https:\/\/www.cursos.olgavelez.co\/cu\/wp-json\/wp\/v2\/product\/12676\/revisions\/14628"}],"wp:featuredmedia":[{"embeddable":true,"href":"https:\/\/www.cursos.olgavelez.co\/cu\/wp-json\/wp\/v2\/media\/4782"}],"wp:attachment":[{"href":"https:\/\/www.cursos.olgavelez.co\/cu\/wp-json\/wp\/v2\/media?parent=12676"}],"wp:term":[{"taxonomy":"product_brand","embeddable":true,"href":"https:\/\/www.cursos.olgavelez.co\/cu\/wp-json\/wp\/v2\/product_brand?post=12676"},{"taxonomy":"product_cat","embeddable":true,"href":"https:\/\/www.cursos.olgavelez.co\/cu\/wp-json\/wp\/v2\/product_cat?post=12676"},{"taxonomy":"product_tag","embeddable":true,"href":"https:\/\/www.cursos.olgavelez.co\/cu\/wp-json\/wp\/v2\/product_tag?post=12676"}],"curies":[{"name":"wp","href":"https:\/\/api.w.org\/{rel}","templated":true}]}}