{"id":12631,"date":"2023-01-10T04:40:56","date_gmt":"2023-01-10T07:40:56","guid":{"rendered":"https:\/\/www.cursos.olgavelez.co\/cu\/?post_type=product&#038;p=12631"},"modified":"2023-09-20T16:05:46","modified_gmt":"2023-09-20T19:05:46","slug":"aerografia-maquillaje-artistico","status":"publish","type":"product","link":"https:\/\/www.cursos.olgavelez.co\/cu\/producto\/aerografia-maquillaje-artistico\/","title":{"rendered":"AEROGRAF\u00cdA \u2013 MAQUILLAJE ART\u00cdSTICO"},"content":{"rendered":"<p>\u00bfDeseas elevar tu maquillaje al siguiente nivel?<\/p>\n<p>Con el MasterClass AEROGRAF\u00cdA \u2013 MAQUILLAJE ART\u00cdSTICO, aprender\u00e1s t\u00e9cnicas y procesos de Face y Body Painting que har\u00e1n que tus maquillajes sean m\u00e1s originales.<\/p>\n<p>\u00bfQU\u00c9 VAS A LOGRAR?<\/p>\n<p>Conocer\u00e1s cu\u00e1les son los materiales necesarios para este bello arte.<\/p>\n<p>Realizar\u00e1s un correcto mantenimiento a tu aer\u00f3grafo.<\/p>\n<p>Aprender\u00e1s ejercicios para soltar tu mano y ser todo un experto.<\/p>\n<p>Aprender\u00e1s como aplicar base, color, brillo, iluminaciones y texturas.<\/p>\n<p>Aprender\u00e1s sobre maquillaje para el rostro y el cuerpo.<\/p>\n<p>Aprender\u00e1s el uso de plantillas para un perfecto arte.<\/p>\n<p>Acceder\u00e1s al certificado avalado por Hotmart y Seminarios Online.<\/p>\n<p>\u00bfC\u00d3MO LO VAS A LOGRAR?<\/p>\n<p>A trav\u00e9s del siguiente contenido, estructurado paso a paso:<\/p>\n<p>M\u00d3DULO 1 &#8211; AEROGRAF\u00cdA &#8211; MAQUILLAJE ART\u00cdSTICO<\/p>\n<p>Bienvenida.<\/p>\n<p>M\u00d3DULO 2 &#8211; PRIMEROS PASOS DE LA AEROGRAF\u00cdA<\/p>\n<p>Materiales.<br \/>\nEjercicios para correcto uso del aer\u00f3grafo.<\/p>\n<p>M\u00d3DULO 3 &#8211; EL ARTE DEL BODY PAINT<\/p>\n<p>Aplise para iniciar.<br \/>\nAplicamos el primer tono de color.<br \/>\nDamos forma a nuestro arte.<br \/>\nFinalizamos y definimos el dise\u00f1o.<\/p>\n<p>M\u00d3DULO 4 &#8211; EL ARTE DEL FACE PAINT<\/p>\n<p>Maquillaje art\u00edstico en rostro.<\/p>\n<p>M\u00d3DULO 5 &#8211; ILUMINACIONES Y TEXTURAS<\/p>\n<p>Efectos de brillo.<br \/>\nAplicamos texturas con plantillas.<\/p>\n<p>M\u00d3DULO 6 &#8211; MANTENIMIENTO DEL AER\u00d3GRAFO<\/p>\n<p>Mantenimiento del aer\u00f3grafo.<\/p>\n<p>M\u00d3DULO 7 &#8211; MATERIAL ADICIONAL (BONOS)<\/p>\n<p>Tatuajes temporales.<br \/>\nHeridas artificiales.<br \/>\nMaquillaje en ne\u00f3n.<br \/>\nPlantillas descargables.<\/p>\n<p>M\u00d3DULO 8 &#8211; DESPEDIDA<\/p>\n<p>Despedida.<\/p>\n<p>M\u00d3DULO 9 &#8211; VIDEO RESPUESTAS<\/p>\n<p>\u00bfD\u00f3nde puedo comprar los materiales?<br \/>\n\u00bfEn qu\u00e9 me puedo desempe\u00f1ar?<br \/>\n\u00bfCu\u00e1nto puedo cobrar?<\/p>\n<p>M\u00d3DULO 10 &#8211; \u00bfC\u00d3MO OBTENER TU CERTIFICADO?<\/p>\n<p>\u00bfC\u00f3mo obtener tu certificado?<\/p>\n<p>ACERCA DEL PRODUCTOR<\/p>\n<p>Desarrollado por OSCAR DANIEL PULIDO, colombiano, profesional experto certificado en maquillaje art\u00edstico con m\u00e1s de 15 a\u00f1os de experiencia en el negocio del maquillaje art\u00edstico, social.<\/p>\n<p>Ganador de diversos concursos de aerograf\u00eda y jurado en otros concursos de maquillaje art\u00edstico, particip\u00f3 en desfiles de belleza, desfiles de carrozas y tiene su propia escultura en la ciudad de Bucaramanga &#8211; Colombia.<\/p>\n","protected":false},"excerpt":{"rendered":"<p>\u00bfDeseas elevar tu maquillaje al siguiente nivel?<\/p>\n<p>Con el MasterClass AEROGRAF\u00cdA \u2013 MAQUILLAJE ART\u00cdSTICO, aprender\u00e1s t\u00e9cnicas y procesos de Face y Body Painting que har\u00e1n que tus maquillajes sean m\u00e1s originales.<\/p>\n","protected":false},"featured_media":4767,"template":"","meta":{"_joinchat":[]},"product_brand":[],"product_cat":[332,344],"product_tag":[],"class_list":{"0":"post-12631","1":"product","2":"type-product","3":"status-publish","4":"has-post-thumbnail","6":"product_cat-musica-y-artes","7":"product_cat-todos","9":"first","10":"instock","11":"sale","12":"shipping-taxable","13":"product-type-external"},"_links":{"self":[{"href":"https:\/\/www.cursos.olgavelez.co\/cu\/wp-json\/wp\/v2\/product\/12631","targetHints":{"allow":["GET"]}}],"collection":[{"href":"https:\/\/www.cursos.olgavelez.co\/cu\/wp-json\/wp\/v2\/product"}],"about":[{"href":"https:\/\/www.cursos.olgavelez.co\/cu\/wp-json\/wp\/v2\/types\/product"}],"version-history":[{"count":2,"href":"https:\/\/www.cursos.olgavelez.co\/cu\/wp-json\/wp\/v2\/product\/12631\/revisions"}],"predecessor-version":[{"id":14613,"href":"https:\/\/www.cursos.olgavelez.co\/cu\/wp-json\/wp\/v2\/product\/12631\/revisions\/14613"}],"wp:featuredmedia":[{"embeddable":true,"href":"https:\/\/www.cursos.olgavelez.co\/cu\/wp-json\/wp\/v2\/media\/4767"}],"wp:attachment":[{"href":"https:\/\/www.cursos.olgavelez.co\/cu\/wp-json\/wp\/v2\/media?parent=12631"}],"wp:term":[{"taxonomy":"product_brand","embeddable":true,"href":"https:\/\/www.cursos.olgavelez.co\/cu\/wp-json\/wp\/v2\/product_brand?post=12631"},{"taxonomy":"product_cat","embeddable":true,"href":"https:\/\/www.cursos.olgavelez.co\/cu\/wp-json\/wp\/v2\/product_cat?post=12631"},{"taxonomy":"product_tag","embeddable":true,"href":"https:\/\/www.cursos.olgavelez.co\/cu\/wp-json\/wp\/v2\/product_tag?post=12631"}],"curies":[{"name":"wp","href":"https:\/\/api.w.org\/{rel}","templated":true}]}}