{"id":12501,"date":"2023-01-10T04:40:42","date_gmt":"2023-01-10T07:40:42","guid":{"rendered":"https:\/\/www.cursos.olgavelez.co\/cu\/?post_type=product&#038;p=12501"},"modified":"2023-09-20T16:05:39","modified_gmt":"2023-09-20T19:05:39","slug":"ingles-practico","status":"publish","type":"product","link":"https:\/\/www.cursos.olgavelez.co\/cu\/producto\/ingles-practico\/","title":{"rendered":"INGL\u00c9S PR\u00c1CTICO"},"content":{"rendered":"<p>\u00bfAlguna vez has sentido que hablas en un idioma desconocido cuando intentas comunicarte en ingl\u00e9s?<\/p>\n<p>Puedes perder oportunidades de trabajo, dejar de conocer gente e incluso no conquistar la persona que te gusta. Aprender ingl\u00e9s ya no es un lujo&#8230; !ES UNA NECESIDAD!<\/p>\n<p>Rompe con ese obst\u00e1culo que te quita valor e impacto. <\/p>\n<p>Con este MasterClass de APRENDE INGL\u00c9S PR\u00c1CTICO, tendr\u00e1s acceso a un programa completo para que puedas sentirte c\u00f3modo con el idioma en cualquier situaci\u00f3n.<\/p>\n<p>\u00bfQU\u00c9 VAS A LOGRAR?<\/p>\n<p>Podr\u00e1s aprender las estructuras necesarias para comenzar a hablar y pensar en ingl\u00e9s de manera natural, segura y correcta\u2026\u00a1SIN ENREDARTE!<br \/>\nAdquirir un aprendizaje completo, efectivo y acelerado para que tengas un mayor dominio del idioma.<br \/>\nAdquirir un programa basado en el est\u00e1ndar internacional de Referencia para las Lenguas (MCERL) y alcanzar un nivel B2+ (avanzado) de acuerdo a este est\u00e1ndar.<br \/>\nTener la Capacidad en 6 meses para comprender a otras personas al hablar ingl\u00e9s y expresarse en el mismo idioma con ideas complejas y precisas.<br \/>\nUsar correctamente un vocabulario adecuado para Viajes, Negocios, Entretenimiento y Educaci\u00f3n, entre otros.<br \/>\nPoder hablar en ingl\u00e9s con tus hijos para que lo aprendan mientras crecen.<br \/>\nPodr\u00e1s tomar las clases los 7 d\u00edas de la semana, las 24 horas, sin depender de horarios espec\u00edficos. Vas a tu propio ritmo.<br \/>\nAcceso a un equipo de profesores certificados atendiendo tus dudas dentro de la plataforma.<br \/>\nAcceder al certificado avalado por Hotmart y SeminariosOnline<\/p>\n<p>ACERCA DEL PRODUCTOR: <\/p>\n<p>Desarrollado por JORGE LUIS MIRANDA, Neuropsic\u00f3logo, especializado en educaci\u00f3n. Profesor, emprendedor e inversionista mexicano, fundador de SunMan Language &#038; Interaction. <\/p>\n<p>Lleva 8 a\u00f1os de trayectoria capacitando a personal de empresas internacionales y nacionales sobre interacci\u00f3n intercultural biling\u00fce. <\/p>\n<p>Estudi\u00f3 en Vancouver, Canad\u00e1. Con amplia experiencia como int\u00e9rprete. Con trayectoria en empresas tan reconocidas como Sumitomo Electric, Sintered Components, ITW Fuelmex, Mabuchi Motor, PRODOMEX y Grupo Milenio entre otros.<\/p>\n<p>\u00bfC\u00d3MO LO VAS A LOGRAR?<\/p>\n<p>El curso contiene material audiovisual y diversos ejercicios, tips y m\u00e9todos para acelerar tu aprendizaje. Esta metodolog\u00eda es la misma empleada para los clientes de empresas internacionales, con excelentes resultados. <\/p>\n<p>Este programa de estudio incluye los siguientes m\u00f3dulos:<\/p>\n<p>Ingl\u00e9s B\u00e1sico (Estructura y reglas del idioma) 4 meses<br \/>\nIngl\u00e9s Intermedio (Pronunciaci\u00f3n\/Speaking) 1 mes<br \/>\nMathematics in English (Aprende a contar y expresar informaci\u00f3n num\u00e9rica relevante) 1 mes.<\/p>\n<p>\u2022\tTOTAL: 6 MESES<\/p>\n<p>Contar\u00e1s con 3 tipos de clase:<\/p>\n<p>1. Maestro y Pizarr\u00f3n frente a c\u00e1mara para temas m\u00e1s din\u00e1micos.<br \/>\n2. Pizarr\u00f3n digital de alta calidad para temas m\u00e1s t\u00e9cnicos<br \/>\n3. Actividades tipo Quiz<\/p>\n","protected":false},"excerpt":{"rendered":"<p>\u00bfAlguna vez has sentido que hablas en un idioma desconocido cuando intentas comunicarte en ingl\u00e9s?<\/p>\n<p>Puedes perder oportunidades de trabajo, dejar de conocer gente e incluso no conquistar la persona que te gusta. Aprender ingl\u00e9s ya no es un lujo&#8230; !ES UNA NECESIDAD!<\/p>\n<p>Rompe con ese obst\u00e1culo que te quita valor e impacto. <\/p>\n<p>Con este MasterClass de APRENDE INGL\u00c9S PR\u00c1CTICO, tendr\u00e1s acceso a un programa completo para que puedas sentirte c\u00f3modo con el idioma en cualquier situaci\u00f3n.<\/p>\n","protected":false},"featured_media":3844,"template":"","meta":{"_joinchat":[]},"product_brand":[],"product_cat":[328,344],"product_tag":[],"class_list":{"0":"post-12501","1":"product","2":"type-product","3":"status-publish","4":"has-post-thumbnail","6":"product_cat-idiomas","7":"product_cat-todos","9":"first","10":"instock","11":"sale","12":"shipping-taxable","13":"product-type-external"},"_links":{"self":[{"href":"https:\/\/www.cursos.olgavelez.co\/cu\/wp-json\/wp\/v2\/product\/12501","targetHints":{"allow":["GET"]}}],"collection":[{"href":"https:\/\/www.cursos.olgavelez.co\/cu\/wp-json\/wp\/v2\/product"}],"about":[{"href":"https:\/\/www.cursos.olgavelez.co\/cu\/wp-json\/wp\/v2\/types\/product"}],"version-history":[{"count":2,"href":"https:\/\/www.cursos.olgavelez.co\/cu\/wp-json\/wp\/v2\/product\/12501\/revisions"}],"predecessor-version":[{"id":14510,"href":"https:\/\/www.cursos.olgavelez.co\/cu\/wp-json\/wp\/v2\/product\/12501\/revisions\/14510"}],"wp:featuredmedia":[{"embeddable":true,"href":"https:\/\/www.cursos.olgavelez.co\/cu\/wp-json\/wp\/v2\/media\/3844"}],"wp:attachment":[{"href":"https:\/\/www.cursos.olgavelez.co\/cu\/wp-json\/wp\/v2\/media?parent=12501"}],"wp:term":[{"taxonomy":"product_brand","embeddable":true,"href":"https:\/\/www.cursos.olgavelez.co\/cu\/wp-json\/wp\/v2\/product_brand?post=12501"},{"taxonomy":"product_cat","embeddable":true,"href":"https:\/\/www.cursos.olgavelez.co\/cu\/wp-json\/wp\/v2\/product_cat?post=12501"},{"taxonomy":"product_tag","embeddable":true,"href":"https:\/\/www.cursos.olgavelez.co\/cu\/wp-json\/wp\/v2\/product_tag?post=12501"}],"curies":[{"name":"wp","href":"https:\/\/api.w.org\/{rel}","templated":true}]}}