{"id":12500,"date":"2023-01-10T04:40:42","date_gmt":"2023-01-10T07:40:42","guid":{"rendered":"https:\/\/www.cursos.olgavelez.co\/cu\/?post_type=product&#038;p=12500"},"modified":"2023-09-20T16:05:39","modified_gmt":"2023-09-20T19:05:39","slug":"espanol-para-extranjeros-spanish-for-foreigners","status":"publish","type":"product","link":"https:\/\/www.cursos.olgavelez.co\/cu\/producto\/espanol-para-extranjeros-spanish-for-foreigners\/","title":{"rendered":"ESPA\u00d1OL PARA EXTRANJEROS \u2013 SPANISH FOR FOREIGNERS"},"content":{"rendered":"<p>El espa\u00f1ol es uno de los idiomas m\u00e1s hablados, con 577 millones de personas en todo el mundo. <\/p>\n<p>Bienvenido al MasterClass ESPA\u00d1OL PARA EXTRANJEROS\u2026 SPANISH FOR FOREIGNERS.<\/p>\n<p>Si eres extranjero, este conocimiento es el puente que cambiar\u00e1 tu vida.<br \/>\nTe abrir\u00e1 muchas puertas para ampliar tu c\u00edrculo de amigos, conseguir un trabajo o encontrar al amor de tu vida. <\/p>\n<p>Con el curso ESPA\u00d1OL PARA EXTRANJEROS, lleva tus habilidades comunicativas al siguiente nivel.<\/p>\n<p>\u00bfQU\u00c9 VAS A LOGRAR?<\/p>\n<p>Puedes conseguir una promoci\u00f3n\/ascenso a un mejor empleo si hablas espa\u00f1ol.<br \/>\nPuedes cambiar de trabajo, \u00a1incluso conseguir uno en el extranjero! si hablas espa\u00f1ol<br \/>\nLa experiencia de viajar, se ver\u00e1 reforzada por la capacidad de hablar espa\u00f1ol.<br \/>\nConocer nuevas culturas gastron\u00f3micas, musicales, personas y qui\u00e9n sabe &#8230; \u00a1el amor de tu vida!<\/p>\n<p>\u00bfC\u00d3MO LO VAS A LOGRAR?<\/p>\n<p>Aprende espa\u00f1ol desde 0, y paso a paso de una manera f\u00e1cil y divertida a partir de los siguientes m\u00f3dulos:<\/p>\n<p>M\u00d3DULO 1. VOCABULARIO:<\/p>\n<p>Los colores, Los n\u00fameros, El cuerpo, Familiares y parentescos, Meses y d\u00edas, Los animales<br \/>\nInformaci\u00f3n personal, Tiendas, La ciudad, Partes de la casa, Profesiones, Deportes, Frutas, Vegetales,<br \/>\nFormas, Malas palabras en espa\u00f1ol y m\u00e1s&#8230;<\/p>\n<p>MODULO 2. ORTOGRAF\u00cdA :<\/p>\n<p>Reglas de la B y V, Reglas de la C, s, z, Reglas de la H, Reglas de la LL \/ Y, Reglas de la R y RR, reglas de la x<br \/>\nReglas de la G, La tilde, Los d\u00edgrafos, Diptongo, triptongo, hiato y otras reglas m\u00e1s&#8230;<\/p>\n<p>MODULO 3. ESPA\u00d1OL PARA PRINCIPIANTES GRAM\u00c1TICA A1-A2 :<\/p>\n<p>Las vocales, El alfabeto, Pronombres personales, Los art\u00edculos, Los adjetivos,<br \/>\nVerbos regulares e irregulares, Verbos modales, Adjetivos posesivos, Pronombres demostrativos, Los sustantivos, Pronombres de objetos directos e indirectos, Verbo ser,Verbo estar, Tiempo presente, Tiempo futuro, Pasado simple, Pronombres y verbos reflexivos, Preposiciones, Los interrogativos y Preposici\u00f3n de lugar.<\/p>\n<p>MODULO 4: ESPA\u00d1OL INTERMEDIO GRAM\u00c1TICA B1 B2 :<\/p>\n<p>El gerundio, Imperfecto vs pret\u00e9rito, El subjuntivo, Forma de pret\u00e9rito, Superlativo y comparativo, Condicional, Pasado condicional, Forma de tiempo imperativo y mucho m\u00e1s.<\/p>\n<p>M\u00d3DULO 5: HABILIDADES EN ESPA\u00d1OL:<\/p>\n<p>C\u00f3mo presentarse asi mismo, Pasatiempos, C\u00f3mo decir la hora, 25 formas de decir te amo, Diferentes formas de decir \u00a1Silencio!, Rutina diaria, C\u00f3mo pedir disculpas , las grocerias en espa\u00f1ol, dichos en espa\u00f1ol ,entre otros.<\/p>\n<p>MODULO 6. BONO 1.:<\/p>\n<p>MEJORA TU PRONUNCIACI\u00d3N EN ESPA\u00d1OL CON UNA PROFESOR NATIVO:<\/p>\n<p>Video de introducci\u00f3n, C\u00f3mo tomar este curso, Lo que vas a ver, Ejercicios para mejorar tu pronunciaci\u00f3n, Hacer ejercicio con un l\u00e1piz, Pr\u00e1ctica con un espejo, Pr\u00e1ctica con un trabalenguas, Pr\u00e1ctica con canciones en espa\u00f1ol, Ejercicio con noticias, Pr\u00e1ctica con poemas.<\/p>\n<p>MODULO 7. BONO 2: <\/p>\n<p>CIENTOS DE FRASES DIARIAS Y NECESARIAS EN ESPA\u00d1OL<\/p>\n<p>Este curso seguir\u00e1 actualiz\u00e1ndose con nuevas clases al menos una vez a la semana.<\/p>\n<p>DESARROLLADO POR:<\/p>\n<p>VIVIANA PAOLA VIVAS HERRERA, colombiana, quien ha estado ense\u00f1ando espa\u00f1ol durante varios a\u00f1os, comenzando con sus compa\u00f1eros de cruceros, quienes necesitaban aprender espa\u00f1ol para postularse a nuevos puestos dentro de la empresa.<br \/>\nDesde entonces, ha ense\u00f1ado espa\u00f1ol en l\u00ednea y es la creadora de este curso. Con elementos innovadores como pizarra blanca, dibujos animados en 2D y 3D, que hace que este curso sea mucho m\u00e1s f\u00e1cil y did\u00e1ctico de aprender, sin aburrirse.<\/p>\n<p>Todo narrado con el acento latino colombiano.<\/p>\n<p>Spanish is the third most spoken language in the world, with 577 million people who speak it, and 22 million people studying this language nowadays.<\/p>\n<p>Here begins the path to reach that goal : \u201cLearn Spanish\u201d.<\/p>\n<p>This is the bridge you need to get to that point, and be able to change your life, but why?<\/p>\n<p>Simple &#8230; because Spanish is one of the most important languages in the world, which will open many doors for you.<\/p>\n<p>\u00bfWHAT ARE YOU GOING TO ACHIEVE?<\/p>\n<p>You can get a promotion if you speak Spanish.<br \/>\nYou can change your job, even get one abroad! if you speak Spanish.<br \/>\nExperience of traveling, will be enhanced by the ability to speak Spanish.<br \/>\nGet to know new cultures food, music, people, and who knows &#8230; the love of your life!<br \/>\nAccess to downloadable certificates endorsed by Hotmart &#038; Seminarios Online.<\/p>\n<p>\u00bfHOW ARE YOU GOING TO ACHIEVE IT?<\/p>\n<p>Learn Spanish from 0, and step by step in a easy and fun way.<\/p>\n<p>Here is what you are going to learn:<\/p>\n<p>MODULE 1 . VOCABULARY: <\/p>\n<p>The colors, the numbers, The body, Family members and parenthood, months and days, the animals, personal iformation, shops, the city, different part of the house, professions, sports, fruits , vegetables, shapes, bad words in Spanish , expressions in Spanish and more&#8230;<\/p>\n<p>MODULE 2. ORTHOGRAPHY: <\/p>\n<p>B and V rules, C ,S ,Z rules, H rules, R and RR rules, X rules, G rules, The stress word (la tilde), The digraphs, Diphthong, tripthong, hiatus and adding many more rules &#8230;<\/p>\n<p>MODULE 3. SPANISH FOR BEGINNERS GRAMMAR A1-A2: <\/p>\n<p>The vowels ,The alphabet, Personal pronouns, The articles, The adjectives, Regular and irregular verbs, Modal verbs, Possesive adjectives, Demostrative pronouns, The nouns,Direct and indirect object pronouns, Verb ser y estar, Present tense, Future tense, Simple past, Reflexive pronouns and verbs, Prepositions, Question words and Preposition of place.<\/p>\n<p>MODULE 4. INTERMEDIATE SPANISH GRAMMAR B1 B2:<\/p>\n<p>The Gerund, Imperfect vs preterite, The subjunctive, Preterite tense form<br \/>\nSuperlative and comparative , Conditional, Past conditional, Imperative tense form ,Affirmative informal (T\u00da) commands,Negative informal \u00abT\u00fa\u00bb commands,Formal affirmative and negative commands,\u201cNosotros\u201d commands,\u201cQue\u201d commands and infinitive commands,Spanish present subjunctive,Spanish present perfect subjunctive,Spanish imperfect subjunctive,Past perfect subjunctive form<\/p>\n<p>MODULE 5. SPANISH SKILLS:<\/p>\n<p>How to introduce yourself, Hobbies, How to say the time,25 ways to say I love you,<br \/>\nDifferent ways to say \u00a1Silence!, Daily routine, How to ask to speak slowly or lauder<br \/>\nGive information about address, How to spell, Greetings and farewells, Different ways to say sorry and more\u2026<\/p>\n<p>MODULE 6. BONUS 1 :<\/p>\n<p>Boost your Spanish pronunciation with a native teacher.<\/p>\n<p>Intro video, How to take this course, What are you going to see, Exercises to boost your pronunciation, Exercise with a pencil, Practice with a mirror, Practice with a tongue twister, Practice with Spanish songs<br \/>\nExercise with news, Practice with poems.<\/p>\n<p>MODULE 7 . BONUS 2 :<\/p>\n<p>Hundreds of daily phrases in Spanish<\/p>\n<p>This course will continue to be updated with new classes at least once a week.<\/p>\n<p>DEVELOPED BY:<\/p>\n<p>VIVIANA PAOLA VIVAS HERRERA, Colombian , Who has been teaching Spanish for several years, starting with his fellow cruise ships, who needed to learn Spanish in order to apply to new positions within the company.<\/p>\n<p>Since then, she has taught Spanish online, and she is the creator of this course designed especially for you.<\/p>\n<p>With innovative elements such as whiteboard, 2d and 3d animation, that makes this course much easier and didactic to learn without getting bored.<\/p>\n<p> All narrated with the Latin accent of Colombian Spanish teacher.<\/p>\n","protected":false},"excerpt":{"rendered":"<p>El espa\u00f1ol es uno de los idiomas m\u00e1s hablados, con 577 millones de personas en todo el mundo. <\/p>\n<p>Bienvenido al MasterClass ESPA\u00d1OL PARA EXTRANJEROS\u2026 SPANISH FOR FOREIGNERS.<\/p>\n<p>Si eres extranjero, este conocimiento es el puente que cambiar\u00e1 tu vida.<br \/>\nTe abrir\u00e1 muchas puertas para ampliar tu c\u00edrculo de amigos, conseguir un trabajo o encontrar al amor de tu vida. <\/p>\n<p>Con el curso ESPA\u00d1OL PARA EXTRANJEROS, lleva tus habilidades comunicativas al siguiente nivel.<\/p>\n","protected":false},"featured_media":3843,"template":"","meta":{"_joinchat":[]},"product_brand":[],"product_cat":[328,344],"product_tag":[],"class_list":{"0":"post-12500","1":"product","2":"type-product","3":"status-publish","4":"has-post-thumbnail","6":"product_cat-idiomas","7":"product_cat-todos","9":"first","10":"instock","11":"sale","12":"shipping-taxable","13":"product-type-external"},"_links":{"self":[{"href":"https:\/\/www.cursos.olgavelez.co\/cu\/wp-json\/wp\/v2\/product\/12500","targetHints":{"allow":["GET"]}}],"collection":[{"href":"https:\/\/www.cursos.olgavelez.co\/cu\/wp-json\/wp\/v2\/product"}],"about":[{"href":"https:\/\/www.cursos.olgavelez.co\/cu\/wp-json\/wp\/v2\/types\/product"}],"version-history":[{"count":2,"href":"https:\/\/www.cursos.olgavelez.co\/cu\/wp-json\/wp\/v2\/product\/12500\/revisions"}],"predecessor-version":[{"id":14509,"href":"https:\/\/www.cursos.olgavelez.co\/cu\/wp-json\/wp\/v2\/product\/12500\/revisions\/14509"}],"wp:featuredmedia":[{"embeddable":true,"href":"https:\/\/www.cursos.olgavelez.co\/cu\/wp-json\/wp\/v2\/media\/3843"}],"wp:attachment":[{"href":"https:\/\/www.cursos.olgavelez.co\/cu\/wp-json\/wp\/v2\/media?parent=12500"}],"wp:term":[{"taxonomy":"product_brand","embeddable":true,"href":"https:\/\/www.cursos.olgavelez.co\/cu\/wp-json\/wp\/v2\/product_brand?post=12500"},{"taxonomy":"product_cat","embeddable":true,"href":"https:\/\/www.cursos.olgavelez.co\/cu\/wp-json\/wp\/v2\/product_cat?post=12500"},{"taxonomy":"product_tag","embeddable":true,"href":"https:\/\/www.cursos.olgavelez.co\/cu\/wp-json\/wp\/v2\/product_tag?post=12500"}],"curies":[{"name":"wp","href":"https:\/\/api.w.org\/{rel}","templated":true}]}}