{"id":12499,"date":"2023-01-10T04:40:42","date_gmt":"2023-01-10T07:40:42","guid":{"rendered":"https:\/\/www.cursos.olgavelez.co\/cu\/?post_type=product&#038;p=12499"},"modified":"2023-09-20T16:05:39","modified_gmt":"2023-09-20T19:05:39","slug":"ingles-para-viajeros","status":"publish","type":"product","link":"https:\/\/www.cursos.olgavelez.co\/cu\/producto\/ingles-para-viajeros\/","title":{"rendered":"INGLES PARA VIAJEROS"},"content":{"rendered":"<p>Esc\u00e1pate de la rutina viajando sin que el idioma sea una limitante.<\/p>\n<p>Sab\u00edas que el ingl\u00e9s es el tercer Idioma m\u00e1s hablado del mundo<br \/>\n\u00bfTe Gustar\u00eda Dominarlo a trav\u00e9s de una metodolog\u00eda que acelerara tu aprendizaje x 3?<\/p>\n<p>Dominando el INGL\u00c9S tus oportunidades de conocer m\u00e1s pa\u00edses aumentar\u00e1n dr\u00e1sticamente, al ser el idioma universal por excelencia.<\/p>\n<p>Si este a\u00f1o quieres conocer un pa\u00eds donde hablen en ingl\u00e9s y sientes que la gente est\u00e1 \u201cmuy enredada y habla muy r\u00e1pido\u201d, o simplemente no les entiendes\u2026 necesitas Ingl\u00e9s para viajeros.<\/p>\n<p>\u00bfQU\u00c9 VAS A LOGRAR?<\/p>\n<p>Poder desenvolverte al momento de realizar un viaje a un destino desconocido y no fracasar al momento de interactuar.<\/p>\n<p>Desarrollar una metodolog\u00eda ROLEPLAY 100% Pr\u00e1ctica, Teatral y Din\u00e1mica.<\/p>\n<p>Aprender ingl\u00e9s para dar ese Gran Paso que te permitir\u00e1 acceder a una gama infinita de destinos tur\u00edsticos que faltan a\u00fan por explorar.<\/p>\n<p>Solicitar ayuda en el aeropuerto para que no te sientas perdido con el viaje.<\/p>\n<p>Pedir ayuda en situaciones de emergencia (Accidentes, robos, olvidos, etc\u2026)<\/p>\n<p>Encontrar direcciones hacia tu lugar de destino.<\/p>\n<p>Conocer los tres momentos necesarios en el restaurante.<\/p>\n<p>C\u00f3mo comprar bueno, bonito y barato en ingl\u00e9s.<\/p>\n<p>C\u00f3mo relacionarte si vas viajando en autob\u00fas.<\/p>\n<p>C\u00f3mo relacionarte si vas viajando en tren.<\/p>\n<p>Encontrar la soluci\u00f3n perfecta para tus problemas al viajar.<\/p>\n<p>\u00bfC\u00d3MO LO VAS A LOGRAR?<\/p>\n<p>Este curso est\u00e1 dise\u00f1ado para cualquier persona que quiera comunicarse en INGL\u00c9S y desarrollar habilidades b\u00e1sicas de expresi\u00f3n oral, lectura y comprensi\u00f3n auditiva. <\/p>\n<p>Gracias a nuestro programa completo que combina el mundo natural con el digital, tendr\u00e1s la oportunidad de disfrutar 18 lecciones al interior de 5 m\u00f3dulos tem\u00e1ticos con actualizaciones permanentes en el tiempo, donde se mezclan de forma 100% pr\u00e1ctica tips y lecciones que har\u00e1n que tu proceso de aprendizaje sea m\u00e1s f\u00e1cil, pr\u00e1ctico y divertido.<\/p>\n<p>Este curso est\u00e1 desarrollado con las siguientes tem\u00e1ticas:<\/p>\n<p>MOD1.- BIENVENIDA A INGL\u00c9S PARA VIAJEROS<\/p>\n<p>Parte No.1 &#8211; Bienvenida a ingl\u00e9s para viajeros<\/p>\n<p>MOD2.- DESENVUELVETE EN EL AEROPUERTO<\/p>\n<p>Parte No.2 &#8211; Solicita ayuda en el aeropuerto.<br \/>\nParte No.3 &#8211; Espec\u00edfica que ayuda deseas.<br \/>\nParte No.4 &#8211; Practiquemos c\u00f3mo pedir ayuda.<br \/>\nParte No.5 \u2013 Cierre.<\/p>\n<p>MOD3.- PROBLEMAS COMUNES EN EL AEROPUERTO<\/p>\n<p>Parte No.6 &#8211; Soluciona problemas al viajar.<br \/>\nParte No.7 &#8211; \u00bfPerdiste, olvidaste o te robaron algo?<\/p>\n<p>MOD4.- EN TU LUGAR DE DESTINO <\/p>\n<p>Parte No.8 &#8211; A la salida del aeropuerto.<br \/>\nParte No.9 &#8211; Explicaci\u00f3n llegando a tu destino.<br \/>\nParte No.10 &#8211; Encontrando direcciones.<br \/>\nParte No.11 \u2013 Direccionando.<br \/>\nParte No.12 &#8211; Di\u00e1logo interactivo direccionando.<\/p>\n<p>MOD5.- TURISTEANDO POR TU CUENTA<\/p>\n<p>Parte No.13 &#8211; Lugares elementales.<br \/>\nParte No.14 &#8211; Pidiendo ayuda para llegar a lugares interesantes.<br \/>\nParte No.15 &#8211; Tres momentos necesarios en el restaurante.<br \/>\nParte No.16 &#8211; Compra bueno bonito y barato.<br \/>\nParte No.17 &#8211; Viajando en autob\u00fas.<br \/>\nParte No.18 &#8211; Viajando en tren.<\/p>\n<p>ACERCA DE LA PRODUCTORA:<\/p>\n<p>Desarrollado por LILIAN ROSAS RIVERA, Egresada de Idiomas en el ICPNA y certificada en Metodolog\u00eda de la ense\u00f1anza con un Nivel de Ingl\u00e9s C1. Entre los 5 Idiomas que domina est\u00e1n el ingl\u00e9s, japon\u00e9s y franc\u00e9s. <\/p>\n<p>Actualmente, es Directora de La ONG punto l\u00f3gico, una instituci\u00f3n que imparte educaci\u00f3n en metodolog\u00edas \u00e1giles de aprendizaje acelerado.<\/p>\n","protected":false},"excerpt":{"rendered":"<p>Esc\u00e1pate de la rutina viajando sin que el idioma sea una limitante.<\/p>\n<p>Sab\u00edas que el ingl\u00e9s es el tercer Idioma m\u00e1s hablado del mundo<br \/>\n\u00bfTe Gustar\u00eda Dominarlo a trav\u00e9s de una metodolog\u00eda que acelerara tu aprendizaje x 3?<\/p>\n<p>Dominando el INGL\u00c9S tus oportunidades de conocer m\u00e1s pa\u00edses aumentar\u00e1n dr\u00e1sticamente, al ser el idioma universal por excelencia.<\/p>\n<p>Si este a\u00f1o quieres conocer un pa\u00eds donde hablen en ingl\u00e9s y sientes que la gente est\u00e1 \u201cmuy enredada y habla muy r\u00e1pido\u201d, o simplemente no les entiendes\u2026 necesitas Ingl\u00e9s para viajeros.<\/p>\n","protected":false},"featured_media":3842,"template":"","meta":{"_joinchat":[]},"product_brand":[],"product_cat":[328,344],"product_tag":[],"class_list":{"0":"post-12499","1":"product","2":"type-product","3":"status-publish","4":"has-post-thumbnail","6":"product_cat-idiomas","7":"product_cat-todos","9":"first","10":"instock","11":"sale","12":"shipping-taxable","13":"product-type-external"},"_links":{"self":[{"href":"https:\/\/www.cursos.olgavelez.co\/cu\/wp-json\/wp\/v2\/product\/12499","targetHints":{"allow":["GET"]}}],"collection":[{"href":"https:\/\/www.cursos.olgavelez.co\/cu\/wp-json\/wp\/v2\/product"}],"about":[{"href":"https:\/\/www.cursos.olgavelez.co\/cu\/wp-json\/wp\/v2\/types\/product"}],"version-history":[{"count":2,"href":"https:\/\/www.cursos.olgavelez.co\/cu\/wp-json\/wp\/v2\/product\/12499\/revisions"}],"predecessor-version":[{"id":14508,"href":"https:\/\/www.cursos.olgavelez.co\/cu\/wp-json\/wp\/v2\/product\/12499\/revisions\/14508"}],"wp:featuredmedia":[{"embeddable":true,"href":"https:\/\/www.cursos.olgavelez.co\/cu\/wp-json\/wp\/v2\/media\/3842"}],"wp:attachment":[{"href":"https:\/\/www.cursos.olgavelez.co\/cu\/wp-json\/wp\/v2\/media?parent=12499"}],"wp:term":[{"taxonomy":"product_brand","embeddable":true,"href":"https:\/\/www.cursos.olgavelez.co\/cu\/wp-json\/wp\/v2\/product_brand?post=12499"},{"taxonomy":"product_cat","embeddable":true,"href":"https:\/\/www.cursos.olgavelez.co\/cu\/wp-json\/wp\/v2\/product_cat?post=12499"},{"taxonomy":"product_tag","embeddable":true,"href":"https:\/\/www.cursos.olgavelez.co\/cu\/wp-json\/wp\/v2\/product_tag?post=12499"}],"curies":[{"name":"wp","href":"https:\/\/api.w.org\/{rel}","templated":true}]}}