{"id":12459,"date":"2023-01-10T04:40:37","date_gmt":"2023-01-10T07:40:37","guid":{"rendered":"https:\/\/www.cursos.olgavelez.co\/cu\/?post_type=product&#038;p=12459"},"modified":"2023-09-20T16:05:39","modified_gmt":"2023-09-20T19:05:39","slug":"english-training-entrevistas-de-trabajo","status":"publish","type":"product","link":"https:\/\/www.cursos.olgavelez.co\/cu\/producto\/english-training-entrevistas-de-trabajo\/","title":{"rendered":"ENGLISH TRAINING \u2013 ENTREVISTAS DE TRABAJO"},"content":{"rendered":"<p>Una entrevista de trabajo en ingl\u00e9s puede ser uno de los procesos m\u00e1s dif\u00edciles para conseguir un empleo.<\/p>\n<p>Una persona entrenada puede lograr cosas que jam\u00e1s imagin\u00f3.<\/p>\n<p>Con el programa ENGLISH TRAINING para hacer ENTREVISTAS DE TRABAJO, consigue ese empleo que tanto has so\u00f1ado con un mejor salario y lo mejor de todo\u2026 \u00a1EN INGL\u00c9S!<\/p>\n<p>Aqu\u00ed tendr\u00e1s los videos explicativos, los formatos de entrevista y la oportunidad de tener 2 sesiones privadas de una hora con una instructora altamente calificada.<\/p>\n<p>Este conocimiento es muy valioso, incluso para personas que hacen entrevistas.<\/p>\n<p>\u00bfQU\u00c9 VAS A LOGRAR?<\/p>\n<p>Aprender\u00e1s a saludar y a despedirse adecuadamente del entrevistador.<\/p>\n<p>Crear\u00e1s un Curriculum Vitae atractivo para el reclutador (incluimos plantilla).<\/p>\n<p>Sabr\u00e1s qu\u00e9 hacer y NO hacer durante una entrevista de trabajo.<\/p>\n<p>Aprender\u00e1s c\u00f3mo vestir adecuadamente seg\u00fan el tipo de entrevista.<\/p>\n<p>Evitar\u00e1s errores frecuentes en la entrevista.<\/p>\n<p>Identificar\u00e1s los tipos de entrevista m\u00e1s comunes.<\/p>\n<p>Conocer\u00e1s frases y respuestas clave para preguntas dif\u00edciles.<\/p>\n<p>Enriquecer\u00e1s el vocabulario de ingl\u00e9s para entrevistas de trabajo.<\/p>\n<p>Mejorar\u00e1s autocontrol del lenguaje corporal.<\/p>\n<p>Aprender\u00e1s habilidades comunicativas para expresarse asertivamente.<\/p>\n<p>Lograr\u00e1s mejorar sus habilidades comunicativas para una entrevista de trabajo comprendiendo a profundidad otros aspectos importantes para tener en cuenta.<\/p>\n<p>Conseguir\u00e1s sentirse con m\u00e1s confianza ya que tendr\u00e1s las herramientas que te permitir\u00e1n obtener el trabajo deseado.<\/p>\n<p>Acceder\u00e1s al certificado avalado por Hotmart y Seminarios Online.<\/p>\n<p>\u00bfC\u00d3MO LO VAS A LOGRAR?<\/p>\n<p>A trav\u00e9s del siguiente contenido estructurado paso a paso:<\/p>\n<p>VIDEO 1: Welcome to English for Job Interviews.<br \/>\nVIDEO 2: Before starting.<br \/>\nVIDEO 3: Common concerns and how to prepare.<br \/>\nVIDEO 4: How to improve your CV.<br \/>\nVIDEO 5: CV Self-assessment.<br \/>\nVIDEO 6: Types of interviews and characteristics.<br \/>\nVIDEO 7: Common structure of an interview.<br \/>\nVIDEO 8: How would you respond to these questions in a job interview?<br \/>\nVIDEO 9: Activity.<br \/>\nVIDEO 10: How to greet.<br \/>\nVIDEO 11: Small talk and how to respond.<br \/>\nVIDEO 12: Common initial questions.<br \/>\nVIDEO 13: Key language and useful phrases.<br \/>\nVIDEO 14: Activity.<br \/>\nVIDEO 15: How to answer tough questions.<br \/>\nVIDEO 16: Key language and useful phrases.<br \/>\nVIDEO 17: How to close the interview.<br \/>\nVIDEO 18: Activity.<br \/>\nVIDEO 19: Common mistakes and what to avoid.<br \/>\nVIDEO 20: Communication tips.<br \/>\nVIDEO 21: Final tips.<br \/>\nVIDEO 22: Mock interview.<br \/>\nVIDEO 23: Masterclass &#8211; Practice.<br \/>\nVIDEO 24: Masterclass &#8211; About your CV in English.<\/p>\n<p>ACERCA DEL PRODUCTOR<\/p>\n<p>Desarrollado por Essence Center es un espacio creado en 2020 por la profesora ANA MAR\u00cdA VIVAS. <\/p>\n<p>Licenciada en ingl\u00e9s con m\u00e1ster en TESOL (Teaching English to speakers of other languages) de la Universidad de Hertfordshire y certificado en ense\u00f1anza de espa\u00f1ol como lengua extranjera del Instituto Caro y Cuervo de Bogot\u00e1. <\/p>\n<p>Con experiencia en ense\u00f1anza de m\u00e1s de siete a\u00f1os.<\/p>\n<p>Consciente de las diferentes formas de aprendizaje y de que cada persona tiene metas diferentes, Essence Center ofrece servicios de tutor\u00edas y clases privadas personalizadas online a j\u00f3venes y adultos para el afianzamiento de las habilidades en ingl\u00e9s y espa\u00f1ol como lenguas extranjeras. Tiene como principio adaptarse a las necesidades espec\u00edficas de cada estudiante y as\u00ed permitirles alcanzar sus objetivos de forma eficiente y pr\u00e1ctica.<\/p>\n","protected":false},"excerpt":{"rendered":"<p>Una entrevista de trabajo en ingl\u00e9s puede ser uno de los procesos m\u00e1s dif\u00edciles para conseguir un empleo.<\/p>\n<p>Una persona entrenada puede lograr cosas que jam\u00e1s imagin\u00f3.<\/p>\n<p>Con el programa ENGLISH TRAINING para hacer ENTREVISTAS DE TRABAJO, consigue ese empleo que tanto has so\u00f1ado con un mejor salario y lo mejor de todo\u2026 \u00a1EN INGL\u00c9S!<\/p>\n<p>Aqu\u00ed tendr\u00e1s los videos explicativos, los formatos de entrevista y la oportunidad de tener 2 sesiones privadas de una hora con una instructora altamente calificada.<\/p>\n<p>Este conocimiento es muy valioso, incluso para personas que hacen entrevistas.<\/p>\n","protected":false},"featured_media":3832,"template":"","meta":{"_joinchat":[]},"product_brand":[],"product_cat":[328,344],"product_tag":[],"class_list":{"0":"post-12459","1":"product","2":"type-product","3":"status-publish","4":"has-post-thumbnail","6":"product_cat-idiomas","7":"product_cat-todos","9":"first","10":"instock","11":"sale","12":"shipping-taxable","13":"product-type-external"},"_links":{"self":[{"href":"https:\/\/www.cursos.olgavelez.co\/cu\/wp-json\/wp\/v2\/product\/12459","targetHints":{"allow":["GET"]}}],"collection":[{"href":"https:\/\/www.cursos.olgavelez.co\/cu\/wp-json\/wp\/v2\/product"}],"about":[{"href":"https:\/\/www.cursos.olgavelez.co\/cu\/wp-json\/wp\/v2\/types\/product"}],"version-history":[{"count":2,"href":"https:\/\/www.cursos.olgavelez.co\/cu\/wp-json\/wp\/v2\/product\/12459\/revisions"}],"predecessor-version":[{"id":14498,"href":"https:\/\/www.cursos.olgavelez.co\/cu\/wp-json\/wp\/v2\/product\/12459\/revisions\/14498"}],"wp:featuredmedia":[{"embeddable":true,"href":"https:\/\/www.cursos.olgavelez.co\/cu\/wp-json\/wp\/v2\/media\/3832"}],"wp:attachment":[{"href":"https:\/\/www.cursos.olgavelez.co\/cu\/wp-json\/wp\/v2\/media?parent=12459"}],"wp:term":[{"taxonomy":"product_brand","embeddable":true,"href":"https:\/\/www.cursos.olgavelez.co\/cu\/wp-json\/wp\/v2\/product_brand?post=12459"},{"taxonomy":"product_cat","embeddable":true,"href":"https:\/\/www.cursos.olgavelez.co\/cu\/wp-json\/wp\/v2\/product_cat?post=12459"},{"taxonomy":"product_tag","embeddable":true,"href":"https:\/\/www.cursos.olgavelez.co\/cu\/wp-json\/wp\/v2\/product_tag?post=12459"}],"curies":[{"name":"wp","href":"https:\/\/api.w.org\/{rel}","templated":true}]}}