{"id":12458,"date":"2023-01-10T04:40:37","date_gmt":"2023-01-10T07:40:37","guid":{"rendered":"https:\/\/www.cursos.olgavelez.co\/cu\/?post_type=product&#038;p=12458"},"modified":"2023-09-20T16:05:39","modified_gmt":"2023-09-20T19:05:39","slug":"pronunciacion-master-en-ingles","status":"publish","type":"product","link":"https:\/\/www.cursos.olgavelez.co\/cu\/producto\/pronunciacion-master-en-ingles\/","title":{"rendered":"PRONUNCIACI\u00d3N MASTER EN INGL\u00c9S"},"content":{"rendered":"<p>\u00bfSabes ingl\u00e9s, pero te da pena hablarlo porque sientes que no tienes una buena pronunciaci\u00f3n?<\/p>\n<p>\u00bfTraduces todo o casi todo? \u00bfSe te nubla la mente o te quedas mucho tiempo pensando lo que vas a decir? <\/p>\n<p>Con el MASTER CLASS PRONUNCIACI\u00d3N MASTER EN INGL\u00c9S reducir\u00e1s tus miedos al hablar, mejorar\u00e1s tu agilidad mental y vocalizar\u00e1s correctamente, para que hables ingl\u00e9s con fluidez.<\/p>\n<p>\u00a1Disfruta tus viajes, genera ingresos o conoce el amor de tu vida!<\/p>\n<p>\u00bfQU\u00c9 VAS A LOGRAR?<\/p>\n<p>Reducir\u00e1s tus miedos al momento de hablar y tambi\u00e9n al escuchar. <\/p>\n<p>Mejorar\u00e1s tu agilidad mental para expresarte con confianza.<\/p>\n<p>Instalar\u00e1s en tu mente ingl\u00e9s real. <\/p>\n<p>Vocalizar\u00e1s correctamente para que puedas hacer los sonidos reales del ingl\u00e9s.<\/p>\n<p>Aprender\u00e1s una t\u00e9cnica que te permitir\u00e1 expresarte de forma fluida sin hacer tantas pausas al hablar y con una entonaci\u00f3n m\u00e1s natural. <\/p>\n<p>Mejorar\u00e1s tu comprensi\u00f3n auditiva al asociar los sonidos correctos en tu mente.<\/p>\n<p>Acceder\u00e1s al certificado avalado por Hotmart y Seminarios Online. <\/p>\n<p>\u00bfC\u00d3MO LO VAS A LOGRAR?<\/p>\n<p>A trav\u00e9s del siguiente contenido estructurado paso a paso:<\/p>\n<p>V\u00eddeo 1 &#8211; \u00a1Welcome to the jungle!<br \/>\nV\u00eddeo 2 &#8211; The rules of the game.<br \/>\nV\u00eddeo 3 &#8211; And if I have questions.<br \/>\nV\u00eddeo 4 &#8211; Beliefs can create, beliefs can destroy.<br \/>\nV\u00eddeo 5 &#8211; Clarity is power.<br \/>\nV\u00eddeo 6 &#8211; Fake it, until you make it.<br \/>\nV\u00eddeo 7 &#8211; Be aware of the sounds.<br \/>\nV\u00eddeo 8 &#8211; Vowel Sounds.<br \/>\nV\u00eddeo 9 &#8211; Useful Rules.<br \/>\nV\u00eddeo 10 &#8211; Real consonant sounds Part 1.<br \/>\nV\u00eddeo 11 &#8211; Real consonant sounds Part 2.<br \/>\nV\u00eddeo 12 &#8211; \u00bfWhat are the phonics?<br \/>\nV\u00eddeo 13 &#8211; Vowel Phonics.<br \/>\nV\u00eddeo 14 &#8211; Consonant Phonics.<br \/>\nV\u00eddeo 15 &#8211; Consonant and vowel Phonics.<br \/>\nV\u00eddeo 16 &#8211; Words ending in ed.<br \/>\nV\u00eddeo 17 &#8211; Pronunciation of articles.<br \/>\nV\u00eddeo 18 &#8211; Stop N sound.<br \/>\nV\u00eddeo 19 &#8211; Minimal pairs.<br \/>\nV\u00eddeo 20 &#8211; Commonly mispronounced words.<br \/>\nV\u00eddeo 21 &#8211; How to link words.<br \/>\nV\u00eddeo 22 &#8211; Pronunciation blocks.<br \/>\nV\u00eddeo 23 &#8211; The rhythm of the language.<br \/>\nV\u00eddeo 24 &#8211; Accents in English.<br \/>\nV\u00eddeo 25 &#8211; Main grammar hacks.<br \/>\nV\u00eddeo 26 &#8211; Auxiliary grammar hacks.<br \/>\nV\u00eddeo 27 &#8211; Common grammar mistakes.<br \/>\nV\u00eddeo 28 &#8211; Key phrases.<br \/>\nV\u00eddeo 29 &#8211; Speaking fluently \u2013 Step by step.<br \/>\nV\u00eddeo 30 &#8211; Listening comprehension \u2013 Step by step.<br \/>\nV\u00eddeo 31 &#8211; You got this.<br \/>\nV\u00eddeo 32 &#8211; Powerful method: Comprehensible input.<br \/>\nV\u00eddeo 33 &#8211; Apps to boost your pronunciation.<br \/>\nV\u00eddeo 34 &#8211; Learn vowel sounds with colors.<\/p>\n<p>ACERCA DE LA PRODUCTORA<\/p>\n<p>Desarrollado por ANGELICA LARA, coach de ingl\u00e9s, amante de los idiomas y de c\u00f3mo funciona la mente humana al momento de aprender, en especial un idioma nuevo. <\/p>\n<p>A lo largo de su experiencia, ha ayudado a estudiantes en distintos pa\u00edses como Colombia, Venezuela, Chile, M\u00e9xico y Estados Unidos a poder expresarse en ingl\u00e9s con confianza. <\/p>\n<p>Su mayor motivaci\u00f3n es asesorar a las personas para que sean capaces de expresarse en ingl\u00e9s con seguridad, y que mejoren su compresi\u00f3n auditiva para que puedan tener acceso a m\u00e1s y mejores oportunidades, y as\u00ed logren un cambio positivo en sus vidas. <\/p>\n<p>Esto la ha llevado a desarrollar un m\u00e9todo basado en la adquisici\u00f3n natural del idioma, a trav\u00e9s de v\u00eddeos de series y pel\u00edculas, aplicando las mismas t\u00e9cnicas que ella ha utilizado como estudiante, y que le han permitido lograr un excelente dominio del idioma. <\/p>\n<p>Se ha especializado en fortalecer la confianza necesaria en sus alumnos, principalmente al momento de hablar, d\u00e1ndoles las herramientas para desarrollar una mentalidad poderosa y ense\u00f1\u00e1ndoles todas las t\u00e9cnicas y trucos para lograr la fluidez en ingl\u00e9s.<\/p>\n<p>As\u00ed, ha sido testigo de grandes cambios en sus alumnos, siendo capaces de hablar con una pronunciaci\u00f3n m\u00e1s natural y mejorar su comprensi\u00f3n auditiva, lo que incrementa su confianza y aumenta exponencialmente sus oportunidades. <\/p>\n","protected":false},"excerpt":{"rendered":"<p>\u00bfSabes ingl\u00e9s, pero te da pena hablarlo porque sientes que no tienes una buena pronunciaci\u00f3n?<\/p>\n<p>\u00bfTraduces todo o casi todo? \u00bfSe te nubla la mente o te quedas mucho tiempo pensando lo que vas a decir? <\/p>\n<p>Con el MASTER CLASS PRONUNCIACI\u00d3N MASTER EN INGL\u00c9S reducir\u00e1s tus miedos al hablar, mejorar\u00e1s tu agilidad mental y vocalizar\u00e1s correctamente, para que hables ingl\u00e9s con fluidez.<\/p>\n<p>\u00a1Disfruta tus viajes, genera ingresos o conoce el amor de tu vida!<\/p>\n","protected":false},"featured_media":3831,"template":"","meta":{"_joinchat":[]},"product_brand":[],"product_cat":[328,344],"product_tag":[],"class_list":{"0":"post-12458","1":"product","2":"type-product","3":"status-publish","4":"has-post-thumbnail","6":"product_cat-idiomas","7":"product_cat-todos","9":"first","10":"instock","11":"sale","12":"shipping-taxable","13":"product-type-external"},"_links":{"self":[{"href":"https:\/\/www.cursos.olgavelez.co\/cu\/wp-json\/wp\/v2\/product\/12458","targetHints":{"allow":["GET"]}}],"collection":[{"href":"https:\/\/www.cursos.olgavelez.co\/cu\/wp-json\/wp\/v2\/product"}],"about":[{"href":"https:\/\/www.cursos.olgavelez.co\/cu\/wp-json\/wp\/v2\/types\/product"}],"version-history":[{"count":2,"href":"https:\/\/www.cursos.olgavelez.co\/cu\/wp-json\/wp\/v2\/product\/12458\/revisions"}],"predecessor-version":[{"id":14497,"href":"https:\/\/www.cursos.olgavelez.co\/cu\/wp-json\/wp\/v2\/product\/12458\/revisions\/14497"}],"wp:featuredmedia":[{"embeddable":true,"href":"https:\/\/www.cursos.olgavelez.co\/cu\/wp-json\/wp\/v2\/media\/3831"}],"wp:attachment":[{"href":"https:\/\/www.cursos.olgavelez.co\/cu\/wp-json\/wp\/v2\/media?parent=12458"}],"wp:term":[{"taxonomy":"product_brand","embeddable":true,"href":"https:\/\/www.cursos.olgavelez.co\/cu\/wp-json\/wp\/v2\/product_brand?post=12458"},{"taxonomy":"product_cat","embeddable":true,"href":"https:\/\/www.cursos.olgavelez.co\/cu\/wp-json\/wp\/v2\/product_cat?post=12458"},{"taxonomy":"product_tag","embeddable":true,"href":"https:\/\/www.cursos.olgavelez.co\/cu\/wp-json\/wp\/v2\/product_tag?post=12458"}],"curies":[{"name":"wp","href":"https:\/\/api.w.org\/{rel}","templated":true}]}}