{"id":12437,"date":"2023-01-10T04:40:35","date_gmt":"2023-01-10T07:40:35","guid":{"rendered":"https:\/\/www.cursos.olgavelez.co\/cu\/?post_type=product&#038;p=12437"},"modified":"2023-09-20T16:05:37","modified_gmt":"2023-09-20T19:05:37","slug":"aleman-para-ninos-con-tante-cari","status":"publish","type":"product","link":"https:\/\/www.cursos.olgavelez.co\/cu\/producto\/aleman-para-ninos-con-tante-cari\/","title":{"rendered":"ALEM\u00c1N PARA NI\u00d1OS CON TANTE CARI"},"content":{"rendered":"<p>\u00bfQuieres que tus ni\u00f1os aprendan alem\u00e1n?<\/p>\n<p>Con el MasterClass ALEM\u00c1N PARA NI\u00d1OS CON TANTE CARI, los ni\u00f1os aprender\u00e1n de forma r\u00e1pida infinidad de conceptos a trav\u00e9s de la experiencia y la exploraci\u00f3n.<\/p>\n<p>\u00bfQU\u00c9 VAS A LOGRAR?<\/p>\n<p>Con este curso los ni\u00f1os:<\/p>\n<p>Aprender\u00e1n sus primeras palabras, canciones, frases cotidianas, ampliar\u00e1n su memoria visual, oral, incorporar\u00e1n nuevas combinaciones vocales.<\/p>\n<p>Ejercitar\u00e1n su memoria y fon\u00e9tica de un nuevo idioma.<\/p>\n<p>Comenzar\u00e1n a comprender y hablar el idioma alem\u00e1n desde la base.<\/p>\n<p>Saludar\u00e1n y sabr\u00e1n despedirse en alem\u00e1n.<\/p>\n<p>Podr\u00e1n nombrar integrantes de la familia, los colores, n\u00fameros animales, juguetes y elementos del hogar.<\/p>\n<p>Conocer\u00e1n y nombrar\u00e1n partes del cuerpo.<\/p>\n<p>Podr\u00e1n recitar rimas y canciones tradicionales en alem\u00e1n.<\/p>\n<p>Lograr\u00e1n interesarse y comunicarse en un nuevo idioma que les abrir\u00e1 las puertas para seguir estudiando.<\/p>\n<p>Acceder\u00e1s al certificado avalado por Hotmart y Seminarios Online.<\/p>\n<p>\u00bfC\u00d3MO LO VAS A LOGRAR?<\/p>\n<p>A trav\u00e9s del siguiente contenido, estructurado paso a paso:<\/p>\n<p>M\u00d3DULO 1 ALEM\u00c1N CON TANTE CARI<\/p>\n<p>VIDEO 1: SALUDO TANTE CARI Y PRESENTACI\u00d3N <\/p>\n<p>Introducci\u00f3n.<br \/>\nPresentaci\u00f3n del m\u00f3dulo.<br \/>\n\u00bfQu\u00e9 es lo primero que decimos cuando conocemos a alguien?<br \/>\nCanci\u00f3n de buenos d\u00edas.<br \/>\n\u00a1A practicar vocabulario!<br \/>\n\u00bfCon que parte del cuerpo saludamos?<br \/>\nCanci\u00f3n de saludo.<br \/>\nPracticamos en voz alta lo aprendido en el m\u00f3dulo.<br \/>\nCanci\u00f3n \u00abHOLA\u00bb<br \/>\nCanci\u00f3n saludo \u00abGUTEN TAG\u00bb<br \/>\nCanci\u00f3n de los dinosaurios.<br \/>\nAdministrando el negocio.<br \/>\nRecomendaciones importantes.<\/p>\n<p>VIDEO 2: FORMAS DE SAUDAR EN ALEMAN<\/p>\n<p>Presentaci\u00f3n del m\u00f3dulo.<br \/>\nCanci\u00f3n \u00abGUTEN MORGEN\u00bb<br \/>\nPalabras nuevas, vocabulario de la canci\u00f3n \u00abGUTEN MORGEN\u00bb<br \/>\nRepaso formas de saludar y los momentos del d\u00eda.<br \/>\nJuego de adivinanzas.<br \/>\nMensaje de TANTE CARI para los alumnos.<br \/>\nVideo Canci\u00f3n de saludos Animados.<br \/>\nCanci\u00f3n de cuna animado.<br \/>\nCanci\u00f3n de saludos.<br \/>\nCanci\u00f3n de cuna.<br \/>\nEstrellita donde estas.<\/p>\n<p>VIDEO 3: YO ME LLAMO Y MIS MANOS.<\/p>\n<p>Presentaci\u00f3n del m\u00f3dulo.<br \/>\nYo me llamo, yo soy, mi nombre es.<br \/>\nComo preguntar a otra persona su nombre en alem\u00e1n.<br \/>\nPersonajes animados se saludan y se presentan.<br \/>\nA practicar como te llamas.<br \/>\n\u00a1A practicar!<br \/>\nRepasos.<br \/>\nCanci\u00f3n MEINE HANDE (mis manos).<br \/>\nJA UND MEIN (SI Y NO).<br \/>\nA practicar NO \/ MEIN.<br \/>\nUna rima con las manos.<br \/>\nHaciendo amigos.<br \/>\nCanci\u00f3n lavarse las manos.<br \/>\nCorto pel\u00edcula SING.<\/p>\n<p>VIDEO 4: FORMAS DE DESPEDIRSE EN ALEMAN <\/p>\n<p>Presentaci\u00f3n del m\u00f3dulo.<br \/>\nCanci\u00f3n y formas de despedida en alem\u00e1n.<br \/>\nPr\u00e1cticas en voz alta.<br \/>\nRepaso general de lo aprendido.<br \/>\n\u00bfComo se dice? Pr\u00e1cticas de formas de despedirse.<br \/>\n\u00a1A practicar!<br \/>\nCanci\u00f3n formas de saludar en alem\u00e1n.<\/p>\n<p>VIDEO 5: INTEGRANTES DE LA FAMILIA <\/p>\n<p>Presentaci\u00f3n del m\u00f3dulo.<br \/>\nIntegrantes de la familia mama y papa.<br \/>\n\u00bfComo se llaman mam\u00e1 y papa?<br \/>\nHermano.<br \/>\nHermana.<br \/>\nAbuelos.<br \/>\nYo.<br \/>\nCanci\u00f3n de la familia.<br \/>\n\u00bfComo se dice? Nombramos integrantes de la familia.<br \/>\nRepasamos vocabulario de la familia.<br \/>\nMensaje de Tante Cari para los alumnos palabras importantes.<br \/>\nCanci\u00f3n familia HI.<br \/>\nVideo familia y sus integrantes.<br \/>\nCanci\u00f3n mam\u00e1 pollito.<br \/>\nHermanos que bailan.<br \/>\nFamilia HI.<\/p>\n<p>VIDEO 6: LOS NUMEROS EN ALEMAN.<\/p>\n<p>Presentaci\u00f3n del m\u00f3dulo.<br \/>\nLos n\u00fameros del 0 al 10.<br \/>\nLos n\u00fameros del 0 al 10 con las manos.<br \/>\nPregunta con n\u00fameros.<br \/>\nCuantos a\u00f1os tienes.<br \/>\nFeliz cumplea\u00f1os en alem\u00e1n.<br \/>\nRima con n\u00fameros.<br \/>\nComo se dice.<br \/>\nRima con n\u00fameros.<br \/>\nRima divertida.<br \/>\n\u00bfComo se dice?<br \/>\nRima con n\u00fameros. <\/p>\n<p>VIDEO 7: PARTES DEL CUERPO<\/p>\n<p>Presentaci\u00f3n del m\u00f3dulo.<br \/>\nPartes del cuerpo 1.<br \/>\nPartes del cuerpo 2.<br \/>\nPartes del cuerpo 3.<br \/>\nLa cabeza.<br \/>\nA practicar completar una cara.<br \/>\nComo se dice Partes del cuerpo.<br \/>\nTante Cari quiere recordarte.<br \/>\nBlues del cuerpo.<br \/>\nCanci\u00f3n del cuerpo.<\/p>\n<p>VIDEO 8: LOS COLORES EN ALEMAN <\/p>\n<p>Presentaci\u00f3n del m\u00f3dulo.<br \/>\nLos colores en alem\u00e1n.<br \/>\nPracticamos los colores.<br \/>\nColores en la naturaleza.<br \/>\nColores del arco\u00edris.<br \/>\nA jugar \u00bfqu\u00e9 color es?<br \/>\n\u00bfQu\u00e9 color es? \u00bfjuego?<br \/>\nOraciones con objeciones y colores en alem\u00e1n.<br \/>\n\u00bfComo se dice? Colores.<\/p>\n<p>VIDEO 9: LOS ANIMALES <\/p>\n<p>Presentaci\u00f3n del m\u00f3dulo.<br \/>\nAnimales del campo<br \/>\n\u00bfComo se dice? Nombrar animales.<br \/>\nCanci\u00f3n conejo (HAS).<br \/>\nCanci\u00f3n chinche (WANZE).<br \/>\nCanci\u00f3n pato (ENTE).<br \/>\nAlgunos insectos en alem\u00e1n.)<br \/>\nA practicar nombrar insectos.<br \/>\nA jugar juego de adivinanzas.<br \/>\nCanci\u00f3n de los caballos.<br \/>\nCanci\u00f3n die wanze.<\/p>\n<p>VIDEO 10: LOS JUGETES<\/p>\n<p>Presentaci\u00f3n del m\u00f3dulo.<br \/>\nA practicar nombramos los juguetes.<br \/>\n\u00bfComo se dice?<br \/>\nGrande y peque\u00f1o.<br \/>\nA practicar grande y peque\u00f1o.<br \/>\nCanci\u00f3n LIED.<br \/>\nTante cari quiere recordarte.<br \/>\nTema pel\u00edcula Frozen en alem\u00e1n.<\/p>\n<p>VIDEO 11: LA CASA<\/p>\n<p>Presentaci\u00f3n del m\u00f3dulo.<br \/>\nPartes externas de una casa.<br \/>\nDistintos ambientes que componen una casa.<br \/>\nLa cocina.<br \/>\nLiving o sala de estar.<br \/>\nDormitorio.<br \/>\nBa\u00f1o aseo.<br \/>\nUtensilios para comer.<br \/>\nA practicar.<br \/>\nA practicar vocabulario.<br \/>\nDibujamos una casa con los dedos.<br \/>\nA practicar.<br \/>\nComo se dice.<br \/>\nTante Cari quiere recordarte.<br \/>\nCanci\u00f3n pel\u00edcula encanto en alem\u00e1n.<\/p>\n<p>VIDEO 12: REPASO DEL CURSO PRACTICO.<\/p>\n<p>VIDEO 13: PALABRAS FINALES<\/p>\n<p>M\u00d3DULO 2 &#8211; MATERIAL ADICIONAL (BONOS)<\/p>\n<p>Bono 1: Libro de actividades<br \/>\nBono 2: Diploma<br \/>\nBono 3: Vocabulario<\/p>\n<p>M\u00d3DULO 3 &#8211; VIDEO RESPUESTAS<\/p>\n<p>\u00bfPor qu\u00e9 aprender alem\u00e1n?<br \/>\nConcejos para estudiar alem\u00e1n desde cero<br \/>\n\u00bfC\u00f3mo lo van a lograr?<br \/>\n\u00bfQu\u00e9 van a lograr?<\/p>\n<p>M\u00d3DULO 4 \u2013 \u00bfC\u00d3MO OBTENER TU CERTIFICADO?<\/p>\n<p>\u00bfC\u00f3mo obtener tu certificado?<\/p>\n<p>ACERCA DE LA PRODUCTORA<\/p>\n<p>Desarrollado por CARINA BAACKE, profesora de Educaci\u00f3n Infantil, con 20 a\u00f1os de experiencia en educaci\u00f3n biling\u00fce en Instituciones Educativas Infantiles en Alemania, Argentina y Espa\u00f1a (Meckis Kindergarten e Instituto Carlos Culmey, Deutsche Schule Montecarlo). <\/p>\n<p>Adem\u00e1s de poseer conocimientos en mindfulness, yoga para ni\u00f1os, arteterapia infanto-juvenil y ser Monitora de ocio y tiempo libre. <\/p>\n<p>Con conocimiento del Idioma Alem\u00e1n desde peque\u00f1a, por su n\u00facleo familiar y toda su educaci\u00f3n fue en Instituciones educativas alemanas.<\/p>\n","protected":false},"excerpt":{"rendered":"<p>\u00bfQuieres que tus ni\u00f1os aprendan alem\u00e1n?<\/p>\n<p>Con el MasterClass ALEM\u00c1N PARA NI\u00d1OS CON TANTE CARI, los ni\u00f1os aprender\u00e1n de forma r\u00e1pida infinidad de conceptos a trav\u00e9s de la experiencia y la exploraci\u00f3n.<\/p>\n","protected":false},"featured_media":3850,"template":"","meta":{"_joinchat":[]},"product_brand":[],"product_cat":[328,344],"product_tag":[],"class_list":{"0":"post-12437","1":"product","2":"type-product","3":"status-publish","4":"has-post-thumbnail","6":"product_cat-idiomas","7":"product_cat-todos","9":"first","10":"instock","11":"sale","12":"shipping-taxable","13":"product-type-external"},"_links":{"self":[{"href":"https:\/\/www.cursos.olgavelez.co\/cu\/wp-json\/wp\/v2\/product\/12437","targetHints":{"allow":["GET"]}}],"collection":[{"href":"https:\/\/www.cursos.olgavelez.co\/cu\/wp-json\/wp\/v2\/product"}],"about":[{"href":"https:\/\/www.cursos.olgavelez.co\/cu\/wp-json\/wp\/v2\/types\/product"}],"version-history":[{"count":2,"href":"https:\/\/www.cursos.olgavelez.co\/cu\/wp-json\/wp\/v2\/product\/12437\/revisions"}],"predecessor-version":[{"id":14476,"href":"https:\/\/www.cursos.olgavelez.co\/cu\/wp-json\/wp\/v2\/product\/12437\/revisions\/14476"}],"wp:featuredmedia":[{"embeddable":true,"href":"https:\/\/www.cursos.olgavelez.co\/cu\/wp-json\/wp\/v2\/media\/3850"}],"wp:attachment":[{"href":"https:\/\/www.cursos.olgavelez.co\/cu\/wp-json\/wp\/v2\/media?parent=12437"}],"wp:term":[{"taxonomy":"product_brand","embeddable":true,"href":"https:\/\/www.cursos.olgavelez.co\/cu\/wp-json\/wp\/v2\/product_brand?post=12437"},{"taxonomy":"product_cat","embeddable":true,"href":"https:\/\/www.cursos.olgavelez.co\/cu\/wp-json\/wp\/v2\/product_cat?post=12437"},{"taxonomy":"product_tag","embeddable":true,"href":"https:\/\/www.cursos.olgavelez.co\/cu\/wp-json\/wp\/v2\/product_tag?post=12437"}],"curies":[{"name":"wp","href":"https:\/\/api.w.org\/{rel}","templated":true}]}}