{"id":12395,"date":"2023-01-10T04:40:31","date_gmt":"2023-01-10T07:40:31","guid":{"rendered":"https:\/\/www.cursos.olgavelez.co\/cu\/?post_type=product&#038;p=12395"},"modified":"2023-09-20T16:05:37","modified_gmt":"2023-09-20T19:05:37","slug":"costos-y-fijacion-de-precios","status":"publish","type":"product","link":"https:\/\/www.cursos.olgavelez.co\/cu\/producto\/costos-y-fijacion-de-precios\/","title":{"rendered":"COSTOS Y FIJACI\u00d3N DE PRECIOS"},"content":{"rendered":"<p>Muchos emprendedores est\u00e1n perdidos por que no saben calcular los n\u00fameros de su negocio y este desconocimiento los puede llevar a la quiebra.<\/p>\n<p>Con el programa COSTOS Y FIJACION DE PRECIOS PARA EMPRENDEDORES, aprende a interpretar y mejorar las finanzas de tu empresa.<\/p>\n<p>Domina una estrategia clara para evitar los errores m\u00e1s comunes que le han costado millones de d\u00f3lares a las personas.<\/p>\n<p>Determina el precio adecuado para que seas rentable, m\u00e1s competitivo y con mejores ganancias.<\/p>\n<p>\u00bfQU\u00c9 VAS A LOGRAR?<\/p>\n<p>Aprender\u00e1s a desarrollar la f\u00f3rmula que le permite cuantificar sus ventas o utilidad.<\/p>\n<p>Identificar\u00e1s los errores m\u00e1s comunes al establecer el precio de un producto.<\/p>\n<p>Aprender\u00e1s a calcular el punto de equilibrio donde sabr\u00e1s las cantidades m\u00ednimas a vender para no tener p\u00e9rdidas.<\/p>\n<p>Entender\u00e1s la diferencia entre costos y gastos, variables y fijos.<\/p>\n<p>Aprender\u00e1s a distribuir los gastos fijos en el precio de sus productos.<\/p>\n<p>Haremos ejercicios tanto para comerciantes que compran y venden producto terminado.<\/p>\n<p>Har\u00e1s un an\u00e1lisis profundo de los costos de producci\u00f3n, dise\u00f1ando la hoja de costos y las f\u00f3rmulas. <\/p>\n<p>Diferenciar\u00e1s entre utilidad y rentabilidad, c\u00f3mo se eval\u00faa un proyecto de unidad de negocio desde su inversi\u00f3n hasta el resultado y comparar estos dos indicadores.<\/p>\n<p>Realizar\u00e1s un an\u00e1lisis para definir si se vende un producto unitario o en combo, comparar su utilidad y rentabilidad. <\/p>\n<p>Tendr\u00e1s unos conocimientos m\u00e1s amplios para que los aplique en su negocio. <\/p>\n<p>Acceder\u00e1s al certificado avalado por Hotmart y Seminarios Online.<\/p>\n<p>\u00bfC\u00d3MO LO VAS A LOGRAR?<\/p>\n<p>VIDEO 1: Introducci\u00f3n.<br \/>\nVIDEO 2: F\u00f3rmulas y conceptos b\u00e1sicos.<br \/>\nVIDEO 3: Errores comunes.<br \/>\nVIDEO 4: Diferencia entre costos y gastos.<br \/>\nVIDEO 5: Fijos y variables.<br \/>\nVIDEO 6: Punto de equilibrio.<br \/>\nVIDEO 7: Costos en comercios.<br \/>\nVIDEO 8: Precio de venta en comercios.<br \/>\nVIDEO 9: Hoja de costos &#8211; maqueta.<br \/>\nVIDEO 10: Costo de producci\u00f3n.<br \/>\nVIDEO 11: Precio de venta en producci\u00f3n y punto de equilibrio.<br \/>\nVIDEO 12: An\u00e1lisis costos de producci\u00f3n.<br \/>\nVIDEO 13: Utilidad vs rentabilidad.<br \/>\nVIDEO 14: Conclusiones.<\/p>\n<p>ACERCA DEL PRODUCTOR<\/p>\n<p>Desarrollado por JOS\u00c9 LUIS IZQUIERDO JARAMILLO, Administrador de Empresas Cum Laude de la Universidad Icesi 2002.<\/p>\n<p>Auditor Interno en Contabilidad y Procesos.<\/p>\n<p>15 a\u00f1os de trabajo con micro, peque\u00f1as y medianas empresas (MiPyme), entre ellas, como Director Ejecutivo de Ascomy \u2013 Asociaci\u00f3n de Comerciantes del Municipio de Yumbo, y 6 a\u00f1os en el \u00e1rea comercial de grandes empresas en el sector servicios en Colpatria, luego BBVA Horizonte y consumo masivo en Fleischmann Foods en la Costa Norte. <\/p>\n<p>Actualmente, Consultor Pyme principalmente con la marca Stanzia Home y Marketer Digital, productor y coproductor de Infoproductos digitales con Seminarios.Online y Hotmart.<\/p>\n","protected":false},"excerpt":{"rendered":"<p>Muchos emprendedores est\u00e1n perdidos por que no saben calcular los n\u00fameros de su negocio y este desconocimiento los puede llevar a la quiebra.<\/p>\n<p>Con el programa COSTOS Y FIJACION DE PRECIOS PARA EMPRENDEDORES, aprende a interpretar y mejorar las finanzas de tu empresa.<\/p>\n<p>Domina una estrategia clara para evitar los errores m\u00e1s comunes que le han costado millones de d\u00f3lares a las personas.<\/p>\n<p>Determina el precio adecuado para que seas rentable, m\u00e1s competitivo y con mejores ganancias.<\/p>\n","protected":false},"featured_media":3798,"template":"","meta":{"_joinchat":[]},"product_brand":[],"product_cat":[327,344],"product_tag":[],"class_list":{"0":"post-12395","1":"product","2":"type-product","3":"status-publish","4":"has-post-thumbnail","6":"product_cat-finanzas-e-inversion","7":"product_cat-todos","9":"first","10":"instock","11":"sale","12":"shipping-taxable","13":"product-type-external"},"_links":{"self":[{"href":"https:\/\/www.cursos.olgavelez.co\/cu\/wp-json\/wp\/v2\/product\/12395","targetHints":{"allow":["GET"]}}],"collection":[{"href":"https:\/\/www.cursos.olgavelez.co\/cu\/wp-json\/wp\/v2\/product"}],"about":[{"href":"https:\/\/www.cursos.olgavelez.co\/cu\/wp-json\/wp\/v2\/types\/product"}],"version-history":[{"count":2,"href":"https:\/\/www.cursos.olgavelez.co\/cu\/wp-json\/wp\/v2\/product\/12395\/revisions"}],"predecessor-version":[{"id":14464,"href":"https:\/\/www.cursos.olgavelez.co\/cu\/wp-json\/wp\/v2\/product\/12395\/revisions\/14464"}],"wp:featuredmedia":[{"embeddable":true,"href":"https:\/\/www.cursos.olgavelez.co\/cu\/wp-json\/wp\/v2\/media\/3798"}],"wp:attachment":[{"href":"https:\/\/www.cursos.olgavelez.co\/cu\/wp-json\/wp\/v2\/media?parent=12395"}],"wp:term":[{"taxonomy":"product_brand","embeddable":true,"href":"https:\/\/www.cursos.olgavelez.co\/cu\/wp-json\/wp\/v2\/product_brand?post=12395"},{"taxonomy":"product_cat","embeddable":true,"href":"https:\/\/www.cursos.olgavelez.co\/cu\/wp-json\/wp\/v2\/product_cat?post=12395"},{"taxonomy":"product_tag","embeddable":true,"href":"https:\/\/www.cursos.olgavelez.co\/cu\/wp-json\/wp\/v2\/product_tag?post=12395"}],"curies":[{"name":"wp","href":"https:\/\/api.w.org\/{rel}","templated":true}]}}