{"id":12337,"date":"2023-01-10T04:40:25","date_gmt":"2023-01-10T07:40:25","guid":{"rendered":"https:\/\/www.cursos.olgavelez.co\/cu\/?post_type=product&#038;p=12337"},"modified":"2023-09-20T16:05:35","modified_gmt":"2023-09-20T19:05:35","slug":"12-pasos-para-salir-de-tu-crisis-financiera","status":"publish","type":"product","link":"https:\/\/www.cursos.olgavelez.co\/cu\/producto\/12-pasos-para-salir-de-tu-crisis-financiera\/","title":{"rendered":"12 PASOS PARA SALIR DE TU CRISIS FINANCIERA"},"content":{"rendered":"<p>\u00bfSab\u00edas que al igual que las crisis globales, las personas tambi\u00e9n sufren colapsos financieros?<\/p>\n<p>Con el MasterClass 12 PASOS PARA SALIR DE TU CRISIS FINANCIERA, encontrar\u00e1s un rumbo para salir de ellas lo m\u00e1s pronto posible.<\/p>\n<p>\u00bfQU\u00c9 VAS A LOGRAR?<\/p>\n<p>Aprender\u00e1s c\u00f3mo salir de la crisis financiera en el menor tiempo posible. <\/p>\n<p>Aprender\u00e1s a administrar bien y de una mejor manera tu dinero. <\/p>\n<p>Te ense\u00f1aremos a llevar el control de tus ingresos y gastos de forma adecuada. <\/p>\n<p>Aprender\u00e1s a identificar los h\u00e1bitos financieros que te hacen perder dinero. <\/p>\n<p>Identificar\u00e1s con claridad donde est\u00e1n las fugas de dinero, como son algunos gastos innecesarios y aprender\u00e1s a eliminarlos y a evitarlos en el futuro.<\/p>\n<p>Podr\u00e1s implementar tu propio plan para pagar las deudas en el menor tiempo posible.  <\/p>\n<p>Conocer\u00e1s porque no debes servir como fiador o codeudor y c\u00f3mo esto puede afectar tu estabilidad financiera.<\/p>\n<p>Aprender\u00e1s a crear un flujo de caja positivo para incrementar tu capital al mismo tiempo que vas saliendo de la crisis financiera. <\/p>\n<p>Te ense\u00f1aremos como crear fuentes de ingresos alternas de forma segura, para que te puedas apalancar para salir m\u00e1s r\u00e1pido de la crisis financiera y para tener tu capital de inversi\u00f3n inicial y as\u00ed estar listo para aprovechar las oportunidades de negocios que se te presenten.<\/p>\n<p>Aprender\u00e1s como diversificar tus inversiones para que tengas m\u00e1s de una fuente de ingreso.<\/p>\n<p>Acceder\u00e1s al certificado avalado por Hotmart y Seminarios Online.<\/p>\n<p>\u00bfC\u00d3MO LO VAS A LOGRAR?<\/p>\n<p>A trav\u00e9s del siguiente contenido, estructurado paso a paso:<\/p>\n<p>M\u00f3dulo 1: Introducci\u00f3n y Bienvenida<\/p>\n<p>Bienvenida y presentaci\u00f3n del instructor.<\/p>\n<p>M\u00f3dulo 2: Paso # 1 \u00bfC\u00f3mo empezar a organizar tus finanzas?<\/p>\n<p>\u00bfC\u00f3mo tomar decisiones financieras?<br \/>\nBit\u00e1cora financiera y revisi\u00f3n del historial crediticio.<\/p>\n<p>M\u00f3dulo 3: Paso # 2: \u00bfC\u00f3mo identificar los h\u00e1bitos financieros?<\/p>\n<p>\u00bfC\u00f3mo gastas tu dinero?<br \/>\nClasifica tus egresos en Dionisio, Adictus, Aurelio.<\/p>\n<p>M\u00f3dulo 4: Paso # 3 Diagn\u00f3stico inicial<\/p>\n<p>Determinar el total de los pasivos (deudas)<br \/>\nClasificaci\u00f3n de los ingresos y los gastos.<\/p>\n<p>M\u00f3dulo 5: Paso # 4 \u00bfC\u00f3mo generar ingresos?<\/p>\n<p>Oficios salvavidas. \u00bfC\u00f3mo agregar ingresos adicionales?<br \/>\nCobra lo que te deben. Plan B para cobrar lo que te deben.<\/p>\n<p>M\u00f3dulo 6: Paso # 5: \u00bfC\u00f3mo organizar tus finanzas diarias? Conoce la TOOL BOX<\/p>\n<p>H\u00e1bitos que debes tener diariamente.<br \/>\nCambia tu patr\u00f3n emocional del dinero.<\/p>\n<p>M\u00f3dulo 7: Paso # 6: \u00bfC\u00f3mo organizar el pago de todas tus deudas?<\/p>\n<p>El eliminar todas las deudas no es una tarea f\u00e1cil ni r\u00e1pida.<br \/>\nAprende sobre la tasa efectiva.<br \/>\nLogra que los intereses est\u00e9n a tu favor y no en contra.<\/p>\n<p>M\u00f3dulo 8: Paso # 7: Flujo de caja positivo<\/p>\n<p>\u00bfC\u00f3mo lograr un flujo de caja positivo?<\/p>\n<p>M\u00f3dulo 9: Paso # 8: Ahorra un mes de tu ingreso promedio mensual<\/p>\n<p>Los intereses estar\u00e1n a mi favor.<br \/>\nQue no te pase como Espa\u00f1a.<\/p>\n<p>M\u00f3dulo 10: Paso # 9: \u00bfC\u00f3mo invertir tu capital de manera segura?<\/p>\n<p>Conociendo las fiducias como modelo de inversi\u00f3n. Parte 1.<br \/>\nConociendo las fiducias como modelo de inversi\u00f3n. Parte 2.<br \/>\nConociendo las fiducias como modelo de inversi\u00f3n. Parte 3.<\/p>\n<p>M\u00f3dulo 11: Video Respuestas<\/p>\n<p>\u00bfRequiero alg\u00fan programa o software especial?<br \/>\n\u00bfRequiero alg\u00fan conocimiento t\u00e9cnico?<br \/>\n\u00bfEn cu\u00e1nto tiempo puedo ver los resultados?<br \/>\n\u00bfMe puedo convertir en millonario con este curso?<br \/>\nSoy muy joven, \u00bfC\u00f3mo me puede ayudar este curso?<br \/>\nSi estoy desempleado, \u00bfC\u00f3mo me ayuda este curso?<br \/>\nSi vivo en un pa\u00eds que est\u00e1 en crisis, \u00bfC\u00f3mo me ayuda este curso?<\/p>\n<p>ACERCA DEL PRODUCTOR<\/p>\n<p>Desarrollado por DIEGO FERNANDO AREVALO RIA\u00d1O, Administrador de Empresas, egresado de la Universidad Externado de Colombia. Dentro de sus trabajos se destacan la publicaci\u00f3n de tres libros: <\/p>\n<p>\u00a1Ya lleg\u00f3 lunes! (Herramienta de crecimiento personal)<\/p>\n<p>EL M\u00e9todo escarabajo (12 pasos para salir de tu Crisis Financiera), el cual usa de base para este curso.<\/p>\n<p>Los due\u00f1os de la finca, las familias que controlan a Colombia. <\/p>\n<p>Tiene adem\u00e1s un canal en YouTube con m\u00e1s 17.000 suscriptores. En este canal profundiza temas de finanzas personales.<\/p>\n<p>Trabaj\u00f3 por 20 a\u00f1os en un negocio familiar, un almac\u00e9n de retail, el cual gracias a su esfuerzo y conocimiento creci\u00f3 hasta llegar a ser uno de los m\u00e1s grandes de la ciudad.<\/p>\n<p>Gracias a su canal de YouTube (Diego Arevalo consultor financiero) ha ayudado a cientos de personas a mejorar sus finanzas personales y familiares. <\/p>\n<p>Actualmente tambi\u00e9n est\u00e1 desarrollando un juego de mesa sobre finanzas personales que pronto saldr\u00e1 al mercado.<\/p>\n","protected":false},"excerpt":{"rendered":"<p>\u00bfSab\u00edas que al igual que las crisis globales, las personas tambi\u00e9n sufren colapsos financieros?<\/p>\n<p>Con el MasterClass 12 PASOS PARA SALIR DE TU CRISIS FINANCIERA, encontrar\u00e1s un rumbo para salir de ellas lo m\u00e1s pronto posible.<\/p>\n","protected":false},"featured_media":3770,"template":"","meta":{"_joinchat":[]},"product_brand":[],"product_cat":[327,344],"product_tag":[],"class_list":{"0":"post-12337","1":"product","2":"type-product","3":"status-publish","4":"has-post-thumbnail","6":"product_cat-finanzas-e-inversion","7":"product_cat-todos","9":"first","10":"instock","11":"sale","12":"shipping-taxable","13":"product-type-external"},"_links":{"self":[{"href":"https:\/\/www.cursos.olgavelez.co\/cu\/wp-json\/wp\/v2\/product\/12337","targetHints":{"allow":["GET"]}}],"collection":[{"href":"https:\/\/www.cursos.olgavelez.co\/cu\/wp-json\/wp\/v2\/product"}],"about":[{"href":"https:\/\/www.cursos.olgavelez.co\/cu\/wp-json\/wp\/v2\/types\/product"}],"version-history":[{"count":2,"href":"https:\/\/www.cursos.olgavelez.co\/cu\/wp-json\/wp\/v2\/product\/12337\/revisions"}],"predecessor-version":[{"id":14436,"href":"https:\/\/www.cursos.olgavelez.co\/cu\/wp-json\/wp\/v2\/product\/12337\/revisions\/14436"}],"wp:featuredmedia":[{"embeddable":true,"href":"https:\/\/www.cursos.olgavelez.co\/cu\/wp-json\/wp\/v2\/media\/3770"}],"wp:attachment":[{"href":"https:\/\/www.cursos.olgavelez.co\/cu\/wp-json\/wp\/v2\/media?parent=12337"}],"wp:term":[{"taxonomy":"product_brand","embeddable":true,"href":"https:\/\/www.cursos.olgavelez.co\/cu\/wp-json\/wp\/v2\/product_brand?post=12337"},{"taxonomy":"product_cat","embeddable":true,"href":"https:\/\/www.cursos.olgavelez.co\/cu\/wp-json\/wp\/v2\/product_cat?post=12337"},{"taxonomy":"product_tag","embeddable":true,"href":"https:\/\/www.cursos.olgavelez.co\/cu\/wp-json\/wp\/v2\/product_tag?post=12337"}],"curies":[{"name":"wp","href":"https:\/\/api.w.org\/{rel}","templated":true}]}}