{"id":12281,"date":"2023-01-10T04:40:19","date_gmt":"2023-01-10T07:40:19","guid":{"rendered":"https:\/\/www.cursos.olgavelez.co\/cu\/?post_type=product&#038;p=12281"},"modified":"2023-09-20T16:05:33","modified_gmt":"2023-09-20T19:05:33","slug":"akasha-angelical","status":"publish","type":"product","link":"https:\/\/www.cursos.olgavelez.co\/cu\/producto\/akasha-angelical\/","title":{"rendered":"AKASHA ANGELICAL"},"content":{"rendered":"<p>\u00bfTe gustar\u00eda conectar con la sabidur\u00eda profunda de tu Alma en 5\u00b0 dimensi\u00f3n y encontrar las respuestas que buscas?<\/p>\n<p>Con el MasterClass AKASHA ANGELICAL, te reconectar\u00e1s con tu sabidur\u00eda ancestral, acceder\u00e1s a la informaci\u00f3n de tu Akasha y descubrir\u00e1s tu prop\u00f3sito de vida.<\/p>\n<p>\u00bfQU\u00c9 VAS A LOGRAR?<\/p>\n<p>Te reconectar\u00e1s con tu sabidur\u00eda ancestral.<\/p>\n<p>Acceder\u00e1s a la informaci\u00f3n de tu Akasha.<\/p>\n<p>Descubrir\u00e1s tu Prop\u00f3sito de vida.<\/p>\n<p>Reconocer\u00e1s tus bloqueos emocionales.<\/p>\n<p>Sanar\u00e1s tus limitaciones.<\/p>\n<p>Podr\u00e1s canalizar nuevas energ\u00edas.<\/p>\n<p>Aprender\u00e1s a abrir y cerrar el espacio sagrado para tus lecturas de Archivos Ak\u00e1shicos Angelicales.<\/p>\n<p>Recibir\u00e1s respuestas de tu alma en 5\u00b0 dimensi\u00f3n.<\/p>\n<p>Avanzar\u00e1s en tu proceso espiritual.<\/p>\n<p>Obtendr\u00e1s la certificaci\u00f3n como lectora\/lector de tus propios Archivos Ak\u00e1shicos Angelicales.<\/p>\n<p>Acceder\u00e1s al certificado avalado por Hotmart y Seminarios Online.<\/p>\n<p>\u00bfC\u00d3MO LO VAS A LOGRAR?<\/p>\n<p>A trav\u00e9s del siguiente contenido, estructurado paso a paso:<\/p>\n<p>Introducci\u00f3n Akasha Angelical<\/p>\n<p>Presentaci\u00f3n facilitadora.<br \/>\nIntroducci\u00f3n.<\/p>\n<p>M\u00f3dulo I &#8211; Sanaci\u00f3n.<\/p>\n<p>Sanaci\u00f3n.<br \/>\nLealtades familiares.<br \/>\nVotos de vidas pasadas.<br \/>\nMeditaci\u00f3n vidas pasadas.<br \/>\nPactos de almas.<\/p>\n<p>M\u00f3dulo II \u2013 Reino Celestial<\/p>\n<p>Reino celestial.<\/p>\n<p>M\u00f3dulo III &#8211; Akasha<\/p>\n<p>Definici\u00f3n.<br \/>\nSaber preguntar.<br \/>\nTestimonio de primera lectura.<br \/>\nCierre de la primera lectura.<br \/>\nAkasha repaso.<\/p>\n<p>M\u00f3dulo IV \u2013 Prop\u00f3sito de Vida<\/p>\n<p>Introducci\u00f3n.<br \/>\nClan familiar.<br \/>\nDharma.<br \/>\nKarma.<\/p>\n<p>Espacio Sagrado<\/p>\n<p>Meditaci\u00f3n de apertura de espacio sagrado.<br \/>\nCierre espacio sagrado.<\/p>\n<p>Bonus<\/p>\n<p>Incluye 1 Sesi\u00f3n en vivo con la Productora todos los meses.<\/p>\n<p>ACERCA DE LA PRODUCTORA<\/p>\n<p>Desarrollado por PAOLA BURGOS, abogada de profesi\u00f3n, magister en Derechos Humanos y Cultura de Paz de la Pontificia Universidad Javeriana de Cali, productora de cine de la Escuela Internacional de Cine y Televisi\u00f3n de San Antonio de los Ba\u00f1os, Cuba. Con estudios en Comunicaci\u00f3n Social de la Universidad del Valle.<\/p>\n<p>Desde ni\u00f1a tuvo la sensibilidad de ver y sentir seres de luz, \u00e1ngeles y personas fallecidas, don que puso al servicio de las personas. Es por ello, que se ha formado en diferentes disciplinas que le permiten apoyar procesos de sanaci\u00f3n de forma responsable y profesional.<\/p>\n<p>Profesional y Experta en:<\/p>\n<p>Maestra Canalizadora de Archivos Ak\u00e1shicos Angelicales<br \/>\nAngelical Mediumship\u00ae y Avanced Angelical Therapist \u00ae<br \/>\nMoon Mother\u00ae Nivel 3, Mentora\u00ae y profesional a distancia<br \/>\nTrascendencia del Alma y Comunicaci\u00f3n Animal<br \/>\nLectora de Cartas Or\u00e1culas<br \/>\nTerapeuta de Regresi\u00f3n Reconstructiva \u2013 Nivel 3<br \/>\nLectora de Registros Ak\u00e1shicos \u2013 Nivel 3<br \/>\nSahumadora de Humitos Sagrados<br \/>\nCreadora y directora de Z\u00e9nitude Paz Interior<br \/>\nCanalizadora de \u00c1ngeles y seres de luz<br \/>\nMaestra REIKI USUI tradicional<br \/>\nPracticante KARUNA REIKI<br \/>\nMaestra REIKI K\u00e1rmico y Sanaci\u00f3n Vidas Pasadas<br \/>\nPracticante HARA REIKI: Sanaci\u00f3n con p\u00e9ndulo y cristales<br \/>\nMaestra REIKI con Hadas<br \/>\nEspecialista en Gemoterapia \u2013 Maestra de Radiestesia<br \/>\nMaestra REIKI Angelical<br \/>\nTerapeuta limpieza de Chakras y sanaci\u00f3n angelical avanzada<br \/>\nPracticante REIKI Mariel de la Energ\u00eda Sagrada Femenina<br \/>\nPracticante REIKI Angelical de la Abundancia<br \/>\nMagnified Healing\u00ae Master Teacher<br \/>\nMaestra-Instructora Magnified Healing\u00ae<br \/>\nTerapeuta de Sanaci\u00f3n Cu\u00e1ntica Angelical\u00ae<\/p>\n","protected":false},"excerpt":{"rendered":"<p>\u00bfTe gustar\u00eda conectar con la sabidur\u00eda profunda de tu Alma en 5\u00b0 dimensi\u00f3n y encontrar las respuestas que buscas?<\/p>\n<p>Con el MasterClass AKASHA ANGELICAL, te reconectar\u00e1s con tu sabidur\u00eda ancestral, acceder\u00e1s a la informaci\u00f3n de tu Akasha y descubrir\u00e1s tu prop\u00f3sito de vida.<\/p>\n","protected":false},"featured_media":6722,"template":"","meta":{"_joinchat":[]},"product_brand":[],"product_cat":[326,344],"product_tag":[],"class_list":{"0":"post-12281","1":"product","2":"type-product","3":"status-publish","4":"has-post-thumbnail","6":"product_cat-espiritualidad","7":"product_cat-todos","9":"first","10":"instock","11":"sale","12":"shipping-taxable","13":"product-type-external"},"_links":{"self":[{"href":"https:\/\/www.cursos.olgavelez.co\/cu\/wp-json\/wp\/v2\/product\/12281","targetHints":{"allow":["GET"]}}],"collection":[{"href":"https:\/\/www.cursos.olgavelez.co\/cu\/wp-json\/wp\/v2\/product"}],"about":[{"href":"https:\/\/www.cursos.olgavelez.co\/cu\/wp-json\/wp\/v2\/types\/product"}],"version-history":[{"count":2,"href":"https:\/\/www.cursos.olgavelez.co\/cu\/wp-json\/wp\/v2\/product\/12281\/revisions"}],"predecessor-version":[{"id":14402,"href":"https:\/\/www.cursos.olgavelez.co\/cu\/wp-json\/wp\/v2\/product\/12281\/revisions\/14402"}],"wp:featuredmedia":[{"embeddable":true,"href":"https:\/\/www.cursos.olgavelez.co\/cu\/wp-json\/wp\/v2\/media\/6722"}],"wp:attachment":[{"href":"https:\/\/www.cursos.olgavelez.co\/cu\/wp-json\/wp\/v2\/media?parent=12281"}],"wp:term":[{"taxonomy":"product_brand","embeddable":true,"href":"https:\/\/www.cursos.olgavelez.co\/cu\/wp-json\/wp\/v2\/product_brand?post=12281"},{"taxonomy":"product_cat","embeddable":true,"href":"https:\/\/www.cursos.olgavelez.co\/cu\/wp-json\/wp\/v2\/product_cat?post=12281"},{"taxonomy":"product_tag","embeddable":true,"href":"https:\/\/www.cursos.olgavelez.co\/cu\/wp-json\/wp\/v2\/product_tag?post=12281"}],"curies":[{"name":"wp","href":"https:\/\/api.w.org\/{rel}","templated":true}]}}