{"id":12280,"date":"2023-01-10T04:40:19","date_gmt":"2023-01-10T07:40:19","guid":{"rendered":"https:\/\/www.cursos.olgavelez.co\/cu\/?post_type=product&#038;p=12280"},"modified":"2023-09-20T16:05:33","modified_gmt":"2023-09-20T19:05:33","slug":"yoga-de-la-risa-autogestiona-tu-felicidad","status":"publish","type":"product","link":"https:\/\/www.cursos.olgavelez.co\/cu\/producto\/yoga-de-la-risa-autogestiona-tu-felicidad\/","title":{"rendered":"YOGA DE LA RISA, AUTOGESTIONA TU FELICIDAD"},"content":{"rendered":"<p>\u00bfSab\u00edas que la risa fortalece el sistema inmune y a su vez reduce la ansiedad y el estr\u00e9s?<\/p>\n<p>Con el MasterClass YOGA DE LA RISA, AUTOGESTIONA TU FELICIDAD, mejorar\u00e1s tu salud f\u00edsica, las emociones positivas en tu vida y la de tu familia.<\/p>\n<p>\u00bfQU\u00c9 VAS A LOGRAR?<\/p>\n<p>Lograr\u00e1s desarrollar tu crecimiento personal.<\/p>\n<p>Alcanzar\u00e1s un estado de mayor conciencia y dicha.<\/p>\n<p>Podr\u00e1s vivir con m\u00e1s autenticidad y fluidez.<\/p>\n<p>Desarrollar\u00e1s la resiliencia ante la adversidad.<\/p>\n<p>Mejorar\u00e1s tu salud f\u00edsica y emocional.<\/p>\n<p>Optimizar\u00e1s tu rendimiento en el \u00e1rea laboral.<\/p>\n<p>Aprender\u00e1s a elevar tus estados de \u00e1nimo y as\u00ed mejorar tu calidad de vida.<\/p>\n<p>Acceder\u00e1s al certificado avalado por Hotmart y Seminarios Online.<\/p>\n<p>\u00bfC\u00d3MO LO VAS A LOGRAR?<\/p>\n<p>A trav\u00e9s del siguiente contenido, estructurado paso a paso:<\/p>\n<p>M\u00d3DULO 1: Bienvenida<\/p>\n<p>Qui\u00e9n soy.<br \/>\nPor qu\u00e9 soy la persona id\u00f3nea para explicar este tema.<br \/>\nMi experiencia.<br \/>\nMis logros.<br \/>\nRecomendaciones.<\/p>\n<p>M\u00d3DULO 2: C\u00f3mo activar tu poder<\/p>\n<p>Introducci\u00f3n.<br \/>\nLiberaci\u00f3n del miedo a trav\u00e9s de la risa.<br \/>\nActivaci\u00f3n del Sistema Inmunitario a trav\u00e9s de la Risa.<br \/>\nPrincipio Todo o Nada.<br \/>\nEducar el coraz\u00f3n a trav\u00e9s de la alegr\u00eda.<br \/>\nPlaneta Feliz.<br \/>\nReconectar con el presente.<br \/>\nSello Protector.<\/p>\n<p>M\u00d3DULO 3: Bonos<\/p>\n<p>Bono 1: Meditaci\u00f3n Re-conecta tu coraz\u00f3n al ritmo de la risa.<br \/>\nBono 2: \u00bfC\u00f3mo el Yoga de la Risa puede mejorar el rendimiento y la eficacia en su compa\u00f1\u00eda?<br \/>\nBono 3: Despierta, mantente y descansa a trav\u00e9s de Yoga de la Risa. <\/p>\n<p>M\u00d3DULO 4: Preguntas frecuentes<\/p>\n<p>\u00bfC\u00f3mo ser un l\u00edder internacional de yoga de la risa?<br \/>\n\u00bfC\u00f3mo se puede llegar a ser feliz con el yoga de la risa?<br \/>\n\u00bfQui\u00e9nes pueden practicar el yoga de la risa?<br \/>\n\u00bfSe puede implementar en las escuelas el yoga de la risa?<br \/>\n\u00bfC\u00f3mo ayuda en la salud el yoga de la risa?<br \/>\n\u00bfC\u00f3mo se llega a ser un l\u00edder de paz por medio del yoga de la risa?<br \/>\n\u00bfEs posible llevar el yoga de la risa al trabajo?<br \/>\nSi me cuesta re\u00edr \u00bfC\u00f3mo el yoga de la risa me ayudar\u00eda?<br \/>\n\u00bfCu\u00e1nto tiempo necesito para lograr un efecto positivo en m\u00ed?<br \/>\n\u00bfSe puede aplicar el yoga de la risa en condiciones adversas?<br \/>\n\u00bfCu\u00e1les son los efectos en la sociedad al implementar el yoga de la risa?<br \/>\n\u00bfC\u00f3mo eliminar creencias con el yoga de la risa?<br \/>\n\u00bfC\u00f3mo las vocales influyen en nuestro cuerpo a la hora de re\u00edrnos?<\/p>\n<p>M\u00d3DULO 5: Recursos adicionales en v\u00eddeo<\/p>\n<p>Programa mentiras verdaderas red televisi\u00f3n.<br \/>\nPrograma mam\u00e1 al cien, tvm\u00e1s televisi\u00f3n.<br \/>\nPrograma: voy contigo radio fm2.<br \/>\nDocumental: sonrisas de paz.<br \/>\nCoro de risas por la paz.<br \/>\nJuramento bandera planeta feliz.<\/p>\n<p>M\u00d3DULO 6: V\u00eddeos de recomendaciones<\/p>\n<p>Recomendaci\u00f3n del Dr. Madan Kataria, fundador yoga de la risa mundial.<br \/>\nRecomendaci\u00f3n de Victoria Arcos &#8211; psic\u00f3loga.<br \/>\nRecomendaci\u00f3n de Vania L\u00f3pez &#8211; psic\u00f3loga).<br \/>\nRecomendaci\u00f3n de Valeria Arancibia &#8211; t\u00e9cnico en enfermer\u00eda.<br \/>\nRecomendaci\u00f3n de Marisol Monge &#8211; educadora de p\u00e1rvulos.<br \/>\nRecomendaci\u00f3n de Ernesto Cifuentes &#8211; psic\u00f3logo.<br \/>\nRecomendaci\u00f3n de Diana Villarroel &#8211; educadora de p\u00e1rvulos.<\/p>\n<p>M\u00d3DULO 7: Despedida<\/p>\n<p>Acerca del Productor:<\/p>\n<p>Desarrollado por CLAUDIO ORTEGA, destacado Maestro Internacional Yoga de la Risa, avalado por Laughter Yoga University y su fundador Dr. Madan Kataria en la India. <\/p>\n<p>Actualmente es Director Fundaci\u00f3n Sonrisas de Paz Chile, coach especialista en Mindfulness, formador de facilitadores y L\u00edderes Internacionales de Yoga de la Risa y terapeutas integrales, relator nacional e internacional en tem\u00e1ticas asociadas al Bienestar, Felicidad y Cultura de Paz, Coach de Bienestar, Alegr\u00eda y Buen trato. Maestr\u00eda Yoga de la Risa Integral y es productos y guionista del Documental Sonrisas de Paz.<\/p>\n<p>Ha recibido reconocimientos internacionales, tales como; embajador de la Bandera de Paz, Pacto Roerich, por medio de La Red Panamericana de \u00c9tica Viva en M\u00e9xico, embajador Mundial por Global Prosperity and Peace Initiative en Estados Unidos, embajador Mundial de Yoga de la Risa, Concedido por Dr. Madan Kataria, creador del Movimiento Yoga de la Risa en el mundo, embajador Movimiento de Amabilidad y Generosidad, Instituto de Bienestar y Felicidad en Chile.<\/p>\n<p>Cuenta con premios internacionales en Co-constructor de La Paz Mundial, uno de ellos es la Presea Coraz\u00f3n de Paz en el III Congreso Ciudadano de Cultura de Paz; \u201cPerspectiva y Modelaje de Vida\u201d, en el marco del d\u00eda Internacional de la Paz, Mesa de Di\u00e1logo de Paz de Jalisco y el premio de promotor de Cultura de Paz Mundial, otorgado por Fundaci\u00f3n \u201cGuerreros de Unidad y Respeto\u201d, Agrupaci\u00f3n de Cultura de Paz, Guadalajara, M\u00e9xico.<\/p>\n","protected":false},"excerpt":{"rendered":"<p>\u00bfSab\u00edas que la risa fortalece el sistema inmune y a su vez reduce la ansiedad y el estr\u00e9s?<\/p>\n<p>Con el MasterClass YOGA DE LA RISA, AUTOGESTIONA TU FELICIDAD, mejorar\u00e1s tu salud f\u00edsica, las emociones positivas en tu vida y la de tu familia.<\/p>\n","protected":false},"featured_media":6721,"template":"","meta":{"_joinchat":[]},"product_brand":[],"product_cat":[326,344],"product_tag":[],"class_list":{"0":"post-12280","1":"product","2":"type-product","3":"status-publish","4":"has-post-thumbnail","6":"product_cat-espiritualidad","7":"product_cat-todos","9":"first","10":"instock","11":"sale","12":"shipping-taxable","13":"product-type-external"},"_links":{"self":[{"href":"https:\/\/www.cursos.olgavelez.co\/cu\/wp-json\/wp\/v2\/product\/12280","targetHints":{"allow":["GET"]}}],"collection":[{"href":"https:\/\/www.cursos.olgavelez.co\/cu\/wp-json\/wp\/v2\/product"}],"about":[{"href":"https:\/\/www.cursos.olgavelez.co\/cu\/wp-json\/wp\/v2\/types\/product"}],"version-history":[{"count":2,"href":"https:\/\/www.cursos.olgavelez.co\/cu\/wp-json\/wp\/v2\/product\/12280\/revisions"}],"predecessor-version":[{"id":14401,"href":"https:\/\/www.cursos.olgavelez.co\/cu\/wp-json\/wp\/v2\/product\/12280\/revisions\/14401"}],"wp:featuredmedia":[{"embeddable":true,"href":"https:\/\/www.cursos.olgavelez.co\/cu\/wp-json\/wp\/v2\/media\/6721"}],"wp:attachment":[{"href":"https:\/\/www.cursos.olgavelez.co\/cu\/wp-json\/wp\/v2\/media?parent=12280"}],"wp:term":[{"taxonomy":"product_brand","embeddable":true,"href":"https:\/\/www.cursos.olgavelez.co\/cu\/wp-json\/wp\/v2\/product_brand?post=12280"},{"taxonomy":"product_cat","embeddable":true,"href":"https:\/\/www.cursos.olgavelez.co\/cu\/wp-json\/wp\/v2\/product_cat?post=12280"},{"taxonomy":"product_tag","embeddable":true,"href":"https:\/\/www.cursos.olgavelez.co\/cu\/wp-json\/wp\/v2\/product_tag?post=12280"}],"curies":[{"name":"wp","href":"https:\/\/api.w.org\/{rel}","templated":true}]}}