{"id":12277,"date":"2023-01-10T04:40:19","date_gmt":"2023-01-10T07:40:19","guid":{"rendered":"https:\/\/www.cursos.olgavelez.co\/cu\/?post_type=product&#038;p=12277"},"modified":"2023-09-20T16:05:33","modified_gmt":"2023-09-20T19:05:33","slug":"el-tarot-para-superar-una-crisis-amorosa","status":"publish","type":"product","link":"https:\/\/www.cursos.olgavelez.co\/cu\/producto\/el-tarot-para-superar-una-crisis-amorosa\/","title":{"rendered":"EL TAROT PARA SUPERAR UNA CRISIS AMOROSA"},"content":{"rendered":"<p>\u00bfSab\u00edas que el tarot ayuda en las crisis personales, en el amor y el desamor?<\/p>\n<p>Con el MasterClass El TAROT PARA SUPERAR UNA CRISIS AMOROSA, reflexionar\u00e1s sobre tu situaci\u00f3n amorosa, el mundo y todo lo que te afecta sentimentalmente.<\/p>\n<p>\u00bfQU\u00c9 VAS A LOGRAR?<\/p>\n<p>Aprender\u00e1s de manera f\u00e1cil y reflexiva el significado de las cartas del Tarot de Marsella y c\u00f3mo cada una de ella nos pone a reflexionar sobre nuestra situaci\u00f3n amorosa, el mundo y todo lo que nos afecta sentimentalmente.<\/p>\n<p>Aprender\u00e1s c\u00f3mo el Tarot nos habla de las causas que han propiciado esta situaci\u00f3n de crisis y dolor, de las cosas que no hemos tenido en cuenta de nosotros mismos y que est\u00e1n en nuestro interior y de las posibles soluciones o caminos que podemos tomar para superar de la mejor manera nuestra crisis amorosa.<\/p>\n<p>Acceder\u00e1s al certificado avalado por Hotmart y Seminarios Online.<\/p>\n<p>\u00bfC\u00d3MO LO VAS A LOGRAR?<\/p>\n<p>A trav\u00e9s del siguiente contenido, estructurado paso a paso:<\/p>\n<p>M\u00d3DULO 1 &#8211; INTRODUCCI\u00d3N Y PRESENTACI\u00d3N<\/p>\n<p>El tarot para superar una crisis amorosa<br \/>\nRodrigo Estrada: Vocaci\u00f3n y descubrimiento del tarot para la vida<br \/>\nEstructura del curso y c\u00f3mo resolveremos nuestra crisis amorosa<\/p>\n<p>M\u00d3DULO 2 &#8211; ESTRUCTURA INTERNA DEL TAROT Y RASGOS GENERALES<\/p>\n<p>Qu\u00e9 es el tarot<br \/>\nArcanos menores<br \/>\nArcanos mayores<br \/>\nCombinaciones y la relaci\u00f3n de las cartas entre s\u00ed<\/p>\n<p>M\u00d3DULO 3 &#8211; CONCEPTOS<\/p>\n<p>El amor. (La rueda de la fortuna).<br \/>\nEl dolor. (El colgado).<br \/>\nEl placer. (El diablo).<br \/>\nLa soledad y la ausencia. (El ermita\u00f1o).<br \/>\nEl amor dividido. (Los enamorados).<br \/>\nLas ca\u00eddas. (La torre)<\/p>\n<p>M\u00d3DULO 4 &#8211; SITUACIONES<\/p>\n<p>Amante no correspondido (paje de espadas)<br \/>\nAmante enga\u00f1ado (reina de copas)<br \/>\nAmante utilizado (rey de oros)<br \/>\nAmante abandonado (reina de bastos)<br \/>\nAmante plantado (paje de copas)<\/p>\n<p>M\u00d3DULO 5 &#8211; EJERCICIOS DE LECTURA CON CASOS REALES<\/p>\n<p>Caso real de Camilo<br \/>\nCaso real de Mar\u00eda<br \/>\nCaso real de Carlos Alberto<br \/>\nCaso real de Marta<\/p>\n<p>M\u00d3DULO 6 &#8211; MATERIAL ADICIONAL Y COMPLEMENTARIO (BONOS)<\/p>\n<p>Esquemas de lecturas usadas en el curso<br \/>\nComprando el mazo en Amazon<br \/>\nLibro Recomendado: \u201cLa v\u00eda del tarot\u201d &#8211; Alejandro Jodorowsky<br \/>\nLibro Recomendado: \u201cJung y el tarot\u201d &#8211; Sallie Nichols<br \/>\nLibro Recomendado: \u201cEl castillo de los destinos cruzados\u201d \u2013 \u00cdtalo Calvino<\/p>\n<p> M\u00d3DULO 7 &#8211; VIDEO RESPUESTAS A PREGUNTAS FRECUENTES<\/p>\n<p>\u00bfQu\u00e9 significan los n\u00fameros en las cartas de los arcanos menores?<br \/>\n\u00bfCu\u00e1ntas cartas comprenden el tarot?<br \/>\n\u00bfQu\u00e9 es un arcano? \u00bfDe d\u00f3nde viene la palabra arcano?<br \/>\n\u00bfD\u00f3nde puedo comprar mi tarot?<br \/>\nLos arcanos mayores que no salieron al azar en el curso: \u00bfQu\u00e9 significado tienen? \u00bfC\u00f3mo los interpretamos?<\/p>\n<p>ACERCA DEL PRODUCTOR<\/p>\n<p>Desarrollado por RODRIGO ESTRADA, quien cuenta con m\u00e1s de 10 a\u00f1os estudiando el Tarot desde la perspectiva literaria, reflexiva y esot\u00e9rica<\/p>\n<p>Profesional en Espa\u00f1ol y Filolog\u00eda Cl\u00e1sica de la Universidad del Valle, Colombia.<\/p>\n<p>Escritor, m\u00fasico y profesor de danza y artes esc\u00e9nicas.<\/p>\n","protected":false},"excerpt":{"rendered":"<p>\u00bfSab\u00edas que el tarot ayuda en las crisis personales, en el amor y el desamor?<\/p>\n<p>Con el MasterClass El TAROT PARA SUPERAR UNA CRISIS AMOROSA, reflexionar\u00e1s sobre tu situaci\u00f3n amorosa, el mundo y todo lo que te afecta sentimentalmente.<\/p>\n","protected":false},"featured_media":6718,"template":"","meta":{"_joinchat":[]},"product_brand":[],"product_cat":[326,344],"product_tag":[],"class_list":{"0":"post-12277","1":"product","2":"type-product","3":"status-publish","4":"has-post-thumbnail","6":"product_cat-espiritualidad","7":"product_cat-todos","9":"first","10":"instock","11":"sale","12":"shipping-taxable","13":"product-type-external"},"_links":{"self":[{"href":"https:\/\/www.cursos.olgavelez.co\/cu\/wp-json\/wp\/v2\/product\/12277","targetHints":{"allow":["GET"]}}],"collection":[{"href":"https:\/\/www.cursos.olgavelez.co\/cu\/wp-json\/wp\/v2\/product"}],"about":[{"href":"https:\/\/www.cursos.olgavelez.co\/cu\/wp-json\/wp\/v2\/types\/product"}],"version-history":[{"count":2,"href":"https:\/\/www.cursos.olgavelez.co\/cu\/wp-json\/wp\/v2\/product\/12277\/revisions"}],"predecessor-version":[{"id":14398,"href":"https:\/\/www.cursos.olgavelez.co\/cu\/wp-json\/wp\/v2\/product\/12277\/revisions\/14398"}],"wp:featuredmedia":[{"embeddable":true,"href":"https:\/\/www.cursos.olgavelez.co\/cu\/wp-json\/wp\/v2\/media\/6718"}],"wp:attachment":[{"href":"https:\/\/www.cursos.olgavelez.co\/cu\/wp-json\/wp\/v2\/media?parent=12277"}],"wp:term":[{"taxonomy":"product_brand","embeddable":true,"href":"https:\/\/www.cursos.olgavelez.co\/cu\/wp-json\/wp\/v2\/product_brand?post=12277"},{"taxonomy":"product_cat","embeddable":true,"href":"https:\/\/www.cursos.olgavelez.co\/cu\/wp-json\/wp\/v2\/product_cat?post=12277"},{"taxonomy":"product_tag","embeddable":true,"href":"https:\/\/www.cursos.olgavelez.co\/cu\/wp-json\/wp\/v2\/product_tag?post=12277"}],"curies":[{"name":"wp","href":"https:\/\/api.w.org\/{rel}","templated":true}]}}