{"id":12274,"date":"2023-01-10T04:40:18","date_gmt":"2023-01-10T07:40:18","guid":{"rendered":"https:\/\/www.cursos.olgavelez.co\/cu\/?post_type=product&#038;p=12274"},"modified":"2023-09-20T16:05:33","modified_gmt":"2023-09-20T19:05:33","slug":"cristales-para-sanar","status":"publish","type":"product","link":"https:\/\/www.cursos.olgavelez.co\/cu\/producto\/cristales-para-sanar\/","title":{"rendered":"CRISTALES PARA SANAR"},"content":{"rendered":"<p>\u00bfHas escuchado que somos energ\u00eda, frecuencia y vibraci\u00f3n?<\/p>\n<p>Con el MasterClass CRISTALES PARA SANAR, utilizar\u00e1s los cristales para armonizar, sanar y equilibrar tu energ\u00eda.<\/p>\n<p>\u00bfQU\u00c9 VAS A LOGRAR?<\/p>\n<p>Conocer\u00e1s la naturaleza de los cristales.<\/p>\n<p>Reconocer\u00e1s el valor energ\u00e9tico de los cristales.<\/p>\n<p>Integrar\u00e1s diversos usos de los cristales de manera sencilla y pr\u00e1ctica.<\/p>\n<p>Aprender\u00e1s el ritual de iniciaci\u00f3n con cristales.<\/p>\n<p>Aprender\u00e1s c\u00f3mo limpiar y potencializar un cristal.<\/p>\n<p>Aprender\u00e1s los diferentes rituales para equilibrar la energ\u00eda.<\/p>\n<p>Conocer\u00e1s el funcionamiento de los chakras y su armonizaci\u00f3n con cristales.<\/p>\n<p>Aprender\u00e1s la terapia de auto sanaci\u00f3n con cristales.<\/p>\n<p>Acceder\u00e1s al certificado avalado por Hotmart y Seminarios Online.<\/p>\n<p>\u00bfC\u00d3MO LO VAS A LOGRAR?<\/p>\n<p>A trav\u00e9s del siguiente contenido, estructurado paso a paso:<\/p>\n<p>M\u00d3DULO 1 \u2013 INTRODUCCI\u00d3N<\/p>\n<p>Introducci\u00f3n.<br \/>\nJustificaci\u00f3n \u00bfPor qu\u00e9 el uso de los cristales trae equilibrio a tu vida?<\/p>\n<p>M\u00d3DULO 2 &#8211; CONCEPTOS TE\u00d3RICOS DE LOS CRISTALES<\/p>\n<p>Introducci\u00f3n al m\u00f3dulo.<br \/>\nNaturaleza de los cristales, c\u00f3mo se reconoce un cristal.<br \/>\nPersonalidad y ense\u00f1anza espec\u00edfica de los cristales.<br \/>\nCampo magn\u00e9tico y propiedades curativas.<br \/>\nEfecto boomerang y preparaci\u00f3n.<\/p>\n<p>M\u00d3DULO 3 \u2013 PIEDRAS ESENCIALES<\/p>\n<p>Introducci\u00f3n al m\u00f3dulo 3.<br \/>\n\u00d3nix.<br \/>\nCuarzo ahumado.<br \/>\nObsidiana copo de nieve.<br \/>\nGranate.<br \/>\nHematite.<br \/>\n\u00c1gata cornalina.<br \/>\nCitrino\u2028.<br \/>\nCuarzo rosa.<br \/>\nAventurina.<br \/>\nEsmeralda.<br \/>\nSodalita.<br \/>\nAmatista.<br \/>\nCuarzo cristal.<br \/>\nLimpieza y potencializaci\u00f3n de las piedras.<\/p>\n<p>M\u00d3DULO 4 &#8211; SANACI\u00d3N Y EQUILIBRIO DE CHAKRAS CON CRISTALES<\/p>\n<p>Introducci\u00f3n al m\u00f3dulo 4.<br \/>\nChakra Ra\u00edz &#8211; Muladhara.<br \/>\nChakra Sacro &#8211; Swadhishthana.<br \/>\nChakra Plexo Solar &#8211; Manipura.<br \/>\nChakra Coraz\u00f3n &#8211; Anahata.<br \/>\nChakra Garganta &#8211; Vishuddha.<br \/>\nChakra Tercer ojo &#8211; Ajna.<br \/>\nChakra Corona &#8211; Sahastrara.<\/p>\n<p>M\u00d3DULO 5 &#8211; PR\u00c1CTICA CON CRISTALES: RITUAL LA DULCE DANZA DEL SOL<\/p>\n<p>Iniciaci\u00f3n de cristales.<br \/>\nAspectos a tener en cuenta antes de realizar el ritual.<br \/>\nRitual la dulce danza del sol.<br \/>\nAutoterapia.<\/p>\n<p>M\u00d3DULO 6 \u2013 MATERIAL ADICIONAL (BONOS)<\/p>\n<p>Bono 1: Meditaci\u00f3n para la abundancia y prosperidad con Citrino.<br \/>\nBono 2: Workbook (PDF).<\/p>\n<p>M\u00d3DULO 7 \u2013 VIDEO RESPUESTAS<\/p>\n<p>\u00bfCu\u00e1les son los mejores cuarzos?<br \/>\n\u00bfCu\u00e1ntos cristales puedo usar a la vez?<br \/>\n\u00bfQu\u00e9 pasa si se me rompe un cuarzo o cambia de color?<br \/>\n\u00bfCu\u00e1l es el cuarzo m\u00e1s poderoso?<br \/>\n\u00bfQu\u00e9 pasa si no consigo todos los cuarzos para la terapia?<\/p>\n<p>ACERCA DE LA PRODUCTORA<\/p>\n<p>Desarrollado por LILI P\u00c9REZ, coach esencial, gemoterapeuta, eneagramadora y astr\u00f3loga, mujer amorosa, colombiana, dedicada, enamorada y agradecida con esta maravillosa vida, con la comprensi\u00f3n que al encender su propia luz y haber desarrollado las competencias del SER para ser Terapeuta, se comprometi\u00f3 a acompa\u00f1ar a los dem\u00e1s en procesos de autoconocimiento, gui\u00e1ndolos a la creaci\u00f3n de ser m\u00e1s de lo que realmente son, bajo m\u00e9todos comprobados por su propia experiencia como la Gemoterapia.<\/p>\n<p>Su misi\u00f3n es inspirar y contribuir a crear comunidad e historias de transformaci\u00f3n, guiando a personas como t\u00fa a trabajarse as\u00ed mismas como el primer paso para alcanzar la grandeza que existe en tu coraz\u00f3n, por medio de los cristales, el autoconocimiento y la sanaci\u00f3n del ser.<\/p>\n<p>Ha desarrollado programas conferencias y talleres de autoconocimiento, crecimiento y desarrollo emocional desde lo digital hasta lo presencial, abordando temas como: Autoconocimiento para el liderazgo, sanaci\u00f3n energ\u00e9tica con cristales, manejo de emociones y desarrollo de expansi\u00f3n de la conciencia.<\/p>\n<p>Su experiencia como coach esencial y terapeuta le ha permitido guiar, sostener y generar transformaci\u00f3n a cada uno de sus consultantes y asistentes de sus cursos y talleres brind\u00e1ndoles herramientas poderosas para su propio crecimiento personal.<\/p>\n","protected":false},"excerpt":{"rendered":"<p>\u00bfHas escuchado que somos energ\u00eda, frecuencia y vibraci\u00f3n?<\/p>\n<p>Con el MasterClass CRISTALES PARA SANAR, utilizar\u00e1s los cristales para armonizar, sanar y equilibrar tu energ\u00eda.<\/p>\n","protected":false},"featured_media":6715,"template":"","meta":{"_joinchat":[]},"product_brand":[],"product_cat":[326,344],"product_tag":[],"class_list":{"0":"post-12274","1":"product","2":"type-product","3":"status-publish","4":"has-post-thumbnail","6":"product_cat-espiritualidad","7":"product_cat-todos","9":"first","10":"instock","11":"sale","12":"shipping-taxable","13":"product-type-external"},"_links":{"self":[{"href":"https:\/\/www.cursos.olgavelez.co\/cu\/wp-json\/wp\/v2\/product\/12274","targetHints":{"allow":["GET"]}}],"collection":[{"href":"https:\/\/www.cursos.olgavelez.co\/cu\/wp-json\/wp\/v2\/product"}],"about":[{"href":"https:\/\/www.cursos.olgavelez.co\/cu\/wp-json\/wp\/v2\/types\/product"}],"version-history":[{"count":2,"href":"https:\/\/www.cursos.olgavelez.co\/cu\/wp-json\/wp\/v2\/product\/12274\/revisions"}],"predecessor-version":[{"id":14395,"href":"https:\/\/www.cursos.olgavelez.co\/cu\/wp-json\/wp\/v2\/product\/12274\/revisions\/14395"}],"wp:featuredmedia":[{"embeddable":true,"href":"https:\/\/www.cursos.olgavelez.co\/cu\/wp-json\/wp\/v2\/media\/6715"}],"wp:attachment":[{"href":"https:\/\/www.cursos.olgavelez.co\/cu\/wp-json\/wp\/v2\/media?parent=12274"}],"wp:term":[{"taxonomy":"product_brand","embeddable":true,"href":"https:\/\/www.cursos.olgavelez.co\/cu\/wp-json\/wp\/v2\/product_brand?post=12274"},{"taxonomy":"product_cat","embeddable":true,"href":"https:\/\/www.cursos.olgavelez.co\/cu\/wp-json\/wp\/v2\/product_cat?post=12274"},{"taxonomy":"product_tag","embeddable":true,"href":"https:\/\/www.cursos.olgavelez.co\/cu\/wp-json\/wp\/v2\/product_tag?post=12274"}],"curies":[{"name":"wp","href":"https:\/\/api.w.org\/{rel}","templated":true}]}}