{"id":12272,"date":"2023-01-10T04:40:18","date_gmt":"2023-01-10T07:40:18","guid":{"rendered":"https:\/\/www.cursos.olgavelez.co\/cu\/?post_type=product&#038;p=12272"},"modified":"2023-09-20T16:05:33","modified_gmt":"2023-09-20T19:05:33","slug":"astrologia-angelical","status":"publish","type":"product","link":"https:\/\/www.cursos.olgavelez.co\/cu\/producto\/astrologia-angelical\/","title":{"rendered":"ASTROLOG\u00cdA ANGELICAL"},"content":{"rendered":"<p>\u00bfTe gustar\u00eda descubrir las compatibilidades entre los signos?<\/p>\n<p>Con el MasterClass ASTROLOG\u00cdA ANGELICAL, aprender\u00e1s la importancia de la posici\u00f3n del Sol, la Luna y las constelaciones en el momento de tu nacimiento.<\/p>\n<p>\u00bfQU\u00c9 VAS A LOGRAR?<\/p>\n<p>Aprender\u00e1s la importancia de la posici\u00f3n del Sol, la Luna y las constelaciones en el momento de tu nacimiento.<\/p>\n<p>Descubrir\u00e1s cu\u00e1l es el Arc\u00e1ngel que te representa seg\u00fan tu signo solar.<\/p>\n<p>Tendr\u00e1s la posibilidad de invocar a los Seres de Luz seg\u00fan tu compatibilidad.<\/p>\n<p>Aprovechar\u00e1s el poder de los elementos para cada signo.<\/p>\n<p>Reconocer\u00e1s el comportamiento en pareja de cada signo.<\/p>\n<p>Acceder\u00e1s al certificado avalado por Hotmart y Seminarios Online.<\/p>\n<p>\u00bfC\u00d3MO LO VAS A LOGRAR?<\/p>\n<p>A trav\u00e9s del siguiente contenido, estructurado paso a paso:<\/p>\n<p>M\u00d3DULO 1 &#8211; INTRODUCCION Y BIENVENIDA<\/p>\n<p>Introducci\u00f3n. Presentaci\u00f3n de la facilitadora.<\/p>\n<p>M\u00d3DULO 2 &#8211; ASTROLOG\u00cdA ANGELICAL<\/p>\n<p>Astrolog\u00eda: diferencia entre la antigua y la moderna.<br \/>\nDefinici\u00f3n de la Astrolog\u00eda Angelical.<br \/>\nDescubre tu signo solar.<\/p>\n<p>M\u00d3DULO 3 &#8211; C\u00daSPIDE ASTROL\u00d3GICA Y ASCENDENTE<\/p>\n<p>\u00bfQu\u00e9 sucede con la C\u00faspide astrol\u00f3gica?<br \/>\nTu signo ascendente y tu signo lunar.\t<\/p>\n<p>M\u00d3DULO 4 &#8211; LOS SIGNOS Y LOS ELEMENTOS<\/p>\n<p>Los signos y cuatro elementos.<\/p>\n<p>M\u00d3DULO 5 &#8211; LOS SIGNOS Y SUS ARC\u00c1NGELES<\/p>\n<p>Reino Celestial: \u00c1ngeles a tu lado.<br \/>\nAries y Arcangelina Ariel: Nuevos comienzos.<br \/>\nTauro y el Arc\u00e1ngel Chamuel: La vida lujosa.<br \/>\nG\u00e9minis y el Arc\u00e1ngel Zadkiel: Relaci\u00f3n de aprendizaje y ense\u00f1anza.<br \/>\nC\u00e1ncer y la Arcangelina Gabrielle: La crianza de los hijos e hijas.<br \/>\nLeo y el Arc\u00e1ngel Raziel: El arte de llamar la atenci\u00f3n.<br \/>\nVirgo y Metatr\u00f3n: Convertir lo negativo en positivo.<br \/>\nLibra y la Arcangelina Jofiel: El poder de la belleza.<br \/>\nEscorpio y el Arc\u00e1ngel Jeremiel: Energ\u00eda profunda y oscura.<br \/>\nSagitario y el Arc\u00e1ngel Raguel: La vida es una fiesta.<br \/>\nCapricornio y el Arc\u00e1ngel Azrael: Las lecciones de la vida y de la muerte.<br \/>\nAcuario y el Arc\u00e1ngel Uriel: La fuerza de la informaci\u00f3n.<br \/>\nPiscis y el Arc\u00e1ngel Sandalf\u00f3n: Mensajes secretos en la m\u00fasica.<br \/>\nDespedida.<\/p>\n<p>M\u00d3DULO 6 &#8211; MATERIAL ADICIONAL (BONOS)<\/p>\n<p>Bono 1: Meditaci\u00f3n Angelical con tu Arc\u00e1ngel o Arcangelina.<br \/>\nBono 2: PDF. Astrolog\u00eda Angelical.<\/p>\n<p>M\u00d3DULO 7 &#8211; VIDEO RESPUESTAS<\/p>\n<p>\u00bfPor qu\u00e9 debemos invocar a los \u00c1ngeles?<br \/>\n\u00bfC\u00f3mo encontrar informaci\u00f3n astrol\u00f3gica confiable en internet?<\/p>\n<p>M\u00d3DULO 8 \u2013 \u00bfCOMO OBTENER TU CERTIFICADO?<\/p>\n<p>\u00bfComo obtener tu certificado?<\/p>\n<p>ACERCA DE LA PRODUCTORA<\/p>\n<p>Desarrollado por PAOLA BURGOS, Abogada de profesi\u00f3n, magister en Derechos Humanos y Cultura de Paz de la Pontificia Universidad Javeriana de Cali, productora Productora de cine de la Escuela Internacional de Cine y televisi\u00f3n de San Antonio de los Ba\u00f1os, Cuba. Con estudios en Comunicaci\u00f3n Social de la Universidad del Valle.<\/p>\n<p>Desde ni\u00f1a tuvo la sensibilidad de ver y sentir seres de Luz, \u00e1ngeles y personas fallecidas. Don que puso al servicio de las personas. Es por ello, que se ha formado en diferentes disciplinas que le permiten apoyar procesos de sanaci\u00f3n de forma responsable y profesional.<\/p>\n<p>Profesional y Experta en:<br \/>\nAngelical Mediumship \u00ae y Avanced Angelical Therapist \u00ae<br \/>\nMoon Mother \u00ae Nivel 3, Mentora \u00ae y profesional a distancia<br \/>\nMaestra de Trascendencia del Alma y Comunicaci\u00f3n Animal<br \/>\nMaestra Canalizadora de Archivos Ak\u00e1shicos Angelicales<br \/>\nMaestra Canalizadora de Sanaci\u00f3n Angelical REIKI USUI<br \/>\nMaestra Canalizadora de Cartas Or\u00e1culas Angelicales<br \/>\nMaestra Canalizadora de Terapia Regresi\u00f3n Angelical<br \/>\nMaestra Canalizadora de REIKI KARUNA<br \/>\nSahumadora de Humitos Sagrados<br \/>\nMaestra REIKI K\u00e1rmico y Sanaci\u00f3n Vidas Pasadas.<br \/>\nMaestra HARA REIKI, Sanaci\u00f3n con p\u00e9ndulo y cristales. Maestra REIKI de las Hadas y seres sutiles<br \/>\nGuardiana de Avalon<br \/>\nEspecialista en Gemoterapia y cristaloterapia<br \/>\nMaestra de Radiestesia y sanaci\u00f3n con p\u00e9ndulo<br \/>\nMaestra REIKI Angelical y S\u00edmbolos Sagrados<br \/>\nTerapeuta limpieza de Chakras y sanaci\u00f3n angelical avanzada.<br \/>\nMaestra REIKI Mariel de la Energ\u00eda Sagrada Femenina. Practicante REIKI Angelical de la Abundancia.<br \/>\nMaestra- Instructora Magnified Healing \u00ae<br \/>\nTerapeuta de Sanaci\u00f3n Cu\u00e1ntica Angelical \u00ae<br \/>\nMaestra de Sexualidad Sagrada\u00ae<br \/>\nProfesora de Respiraci\u00f3n Alqu\u00edmica\u00ae<br \/>\nMaestra de Sanaci\u00f3n Atlante y S\u00edmbolos Sagrados\u00ae<br \/>\nMaestra de Sanaci\u00f3n Lemuriana y Cristales Sagrados\u00ae<br \/>\nProfesora de Renacimiento en agua\u00ae<\/p>\n","protected":false},"excerpt":{"rendered":"<p>\u00bfTe gustar\u00eda descubrir las compatibilidades entre los signos?<\/p>\n<p>Con el MasterClass ASTROLOG\u00cdA ANGELICAL, aprender\u00e1s la importancia de la posici\u00f3n del Sol, la Luna y las constelaciones en el momento de tu nacimiento.<\/p>\n","protected":false},"featured_media":6713,"template":"","meta":{"_joinchat":[]},"product_brand":[],"product_cat":[326,344],"product_tag":[],"class_list":{"0":"post-12272","1":"product","2":"type-product","3":"status-publish","4":"has-post-thumbnail","6":"product_cat-espiritualidad","7":"product_cat-todos","9":"first","10":"instock","11":"sale","12":"shipping-taxable","13":"product-type-external"},"_links":{"self":[{"href":"https:\/\/www.cursos.olgavelez.co\/cu\/wp-json\/wp\/v2\/product\/12272","targetHints":{"allow":["GET"]}}],"collection":[{"href":"https:\/\/www.cursos.olgavelez.co\/cu\/wp-json\/wp\/v2\/product"}],"about":[{"href":"https:\/\/www.cursos.olgavelez.co\/cu\/wp-json\/wp\/v2\/types\/product"}],"version-history":[{"count":2,"href":"https:\/\/www.cursos.olgavelez.co\/cu\/wp-json\/wp\/v2\/product\/12272\/revisions"}],"predecessor-version":[{"id":14393,"href":"https:\/\/www.cursos.olgavelez.co\/cu\/wp-json\/wp\/v2\/product\/12272\/revisions\/14393"}],"wp:featuredmedia":[{"embeddable":true,"href":"https:\/\/www.cursos.olgavelez.co\/cu\/wp-json\/wp\/v2\/media\/6713"}],"wp:attachment":[{"href":"https:\/\/www.cursos.olgavelez.co\/cu\/wp-json\/wp\/v2\/media?parent=12272"}],"wp:term":[{"taxonomy":"product_brand","embeddable":true,"href":"https:\/\/www.cursos.olgavelez.co\/cu\/wp-json\/wp\/v2\/product_brand?post=12272"},{"taxonomy":"product_cat","embeddable":true,"href":"https:\/\/www.cursos.olgavelez.co\/cu\/wp-json\/wp\/v2\/product_cat?post=12272"},{"taxonomy":"product_tag","embeddable":true,"href":"https:\/\/www.cursos.olgavelez.co\/cu\/wp-json\/wp\/v2\/product_tag?post=12272"}],"curies":[{"name":"wp","href":"https:\/\/api.w.org\/{rel}","templated":true}]}}