{"id":12271,"date":"2023-01-10T04:40:18","date_gmt":"2023-01-10T07:40:18","guid":{"rendered":"https:\/\/www.cursos.olgavelez.co\/cu\/?post_type=product&#038;p=12271"},"modified":"2023-09-20T16:05:33","modified_gmt":"2023-09-20T19:05:33","slug":"sanacion-espiritual-a-traves-de-la-arteterapia","status":"publish","type":"product","link":"https:\/\/www.cursos.olgavelez.co\/cu\/producto\/sanacion-espiritual-a-traves-de-la-arteterapia\/","title":{"rendered":"SANACI\u00d3N ESPIRITUAL A TRAV\u00c9S DE LA ARTETERAPIA"},"content":{"rendered":"<p>\u00bfQuieres comprender y manejar tu inconsciente?<\/p>\n<p>Con el MasterClass SANACI\u00d3N ESPIRITUAL A TRAV\u00c9S DE LA ARTETERAPIA, adquirir\u00e1s los conocimientos acerca del funcionamiento de tus propias energ\u00edas emocionales.<\/p>\n<p>\u00bfQU\u00c9 VAS A LOGRAR?<\/p>\n<p>Aprender\u00e1s qu\u00e9 son las emociones y los sentimientos, como manejarlas y sanarlas de distintas formas.<\/p>\n<p>Obtendr\u00e1s el conocimiento de los chakras que manejan las energ\u00edas emocionales.<\/p>\n<p>Aprender\u00e1s el manejo de las energ\u00edas de estos Chakras y por ende su alineaci\u00f3n.<\/p>\n<p>Tendr\u00e1s el conocimiento de que es el inconsciente y su reprogramaci\u00f3n. <\/p>\n<p>Obtendr\u00e1s los conocimientos b\u00e1sicos de pintura para iniciar la terapia de pintura.<\/p>\n<p>Acceder\u00e1s al certificado avalado por Hotmart y Seminarios Online.<\/p>\n<p>\u00bfC\u00d3MO LO VAS A LOGRAR?<\/p>\n<p>A trav\u00e9s del siguiente contenido, estructurado paso a paso:<\/p>\n<p>M\u00d3DULO 1 \u2013 PRESENTACION Y BIENVENIDA<\/p>\n<p>Bienvenida del experto y presentaci\u00f3n del curso.<\/p>\n<p>M\u00d3DULO 2 &#8211; BASAMENTOS TE\u00d3RICOS <\/p>\n<p>Teor\u00eda 1. Que son las emociones, el inconsciente y su manejo, hablemos de pintura y sanaci\u00f3n.<br \/>\nTeor\u00eda 2. Chakra 1 nuestra terrenalidad.<br \/>\nTeor\u00eda 3. Chakra 2. Emocionalidad afectiva.<br \/>\nTeor\u00eda 4. Chakra 3. Ego personalidad mental.<\/p>\n<p>M\u00d3DULO 3 &#8211; PR\u00c1CTICA. MEDITACIONES VISUALIZADAS PARA INGRESAR AL INCONSCIENTE<\/p>\n<p>Meditaci\u00f3n visualizada 1.<br \/>\nMeditaci\u00f3n visualizada 2.<br \/>\nMeditaci\u00f3n visualizada 3.<\/p>\n<p>M\u00d3DULO 4 &#8211; PR\u00c1CTICA DE PINTURA<\/p>\n<p>Pr\u00e1ctica de Pintura<\/p>\n<p>M\u00d3DULO 5 \u2013 MATERIAL ADICIONAL (BONOS)<\/p>\n<p>Bono 1: Ejercicios para sanar dolores f\u00edsicos y emocionales<br \/>\nBono 2: Chakra coraz\u00f3n y ejercicios para sanar.<\/p>\n<p>M\u00d3DULO 6 &#8211; V\u00cdDEO RESPUESTAS<\/p>\n<p>\u00bfPor qu\u00e9 medito y no veo nada?<br \/>\n\u00bfPor qu\u00e9 la pintura no me ayuda emocionalmente?<\/p>\n<p>M\u00d3DULO 7 &#8211; \u00bfC\u00d3MO OBTENER TU CERTIFICADO?<\/p>\n<p>\u00bfC\u00f3mo obtener tu certificado?<\/p>\n<p>ACERCA DE LA PRODUCTORA<\/p>\n<p>Desarrollado por M\u00d3NICA SUAREZ DUQUE, experimentada Artista Pl\u00e1stica inscrita en la secretar\u00eda de cultura con 22 a\u00f1os de experiencia, lleva m\u00e1s de 12 a\u00f1os de ense\u00f1anza a todo p\u00fablico, ni\u00f1os, adultos y personas con discapacidad y dificultad en el aprendizaje.<\/p>\n<p>Desde hace m\u00e1s de 3 a\u00f1os comenz\u00f3 la adquisici\u00f3n de conocimientos en el tema de la sanaci\u00f3n emocional desde el mundo del alma y el esp\u00edritu, desde donde realmente podemos sanar. Ha unido este conocimiento con el arte, en este caso la pintura, ya que la artista considera que a trav\u00e9s del propio arte es una poderosa herramienta para sanar y conectar con el inconsciente. <\/p>\n<p>As\u00ed que desde hace 3 a\u00f1os se dedica a dictar talleres, cursos y charlas sobre sanaci\u00f3n emocional auto consciente, o sea, despertando el poder que cada uno de nosotros tiene dentro de s\u00ed mismo y arte terapia.<\/p>\n","protected":false},"excerpt":{"rendered":"<p>\u00bfQuieres comprender y manejar tu inconsciente?<\/p>\n<p>Con el MasterClass SANACI\u00d3N ESPIRITUAL A TRAV\u00c9S DE LA ARTETERAPIA, adquirir\u00e1s los conocimientos acerca del funcionamiento de tus propias energ\u00edas emocionales.<\/p>\n","protected":false},"featured_media":6712,"template":"","meta":{"_joinchat":[]},"product_brand":[],"product_cat":[326,344],"product_tag":[],"class_list":{"0":"post-12271","1":"product","2":"type-product","3":"status-publish","4":"has-post-thumbnail","6":"product_cat-espiritualidad","7":"product_cat-todos","9":"first","10":"instock","11":"sale","12":"shipping-taxable","13":"product-type-external"},"_links":{"self":[{"href":"https:\/\/www.cursos.olgavelez.co\/cu\/wp-json\/wp\/v2\/product\/12271","targetHints":{"allow":["GET"]}}],"collection":[{"href":"https:\/\/www.cursos.olgavelez.co\/cu\/wp-json\/wp\/v2\/product"}],"about":[{"href":"https:\/\/www.cursos.olgavelez.co\/cu\/wp-json\/wp\/v2\/types\/product"}],"version-history":[{"count":2,"href":"https:\/\/www.cursos.olgavelez.co\/cu\/wp-json\/wp\/v2\/product\/12271\/revisions"}],"predecessor-version":[{"id":14392,"href":"https:\/\/www.cursos.olgavelez.co\/cu\/wp-json\/wp\/v2\/product\/12271\/revisions\/14392"}],"wp:featuredmedia":[{"embeddable":true,"href":"https:\/\/www.cursos.olgavelez.co\/cu\/wp-json\/wp\/v2\/media\/6712"}],"wp:attachment":[{"href":"https:\/\/www.cursos.olgavelez.co\/cu\/wp-json\/wp\/v2\/media?parent=12271"}],"wp:term":[{"taxonomy":"product_brand","embeddable":true,"href":"https:\/\/www.cursos.olgavelez.co\/cu\/wp-json\/wp\/v2\/product_brand?post=12271"},{"taxonomy":"product_cat","embeddable":true,"href":"https:\/\/www.cursos.olgavelez.co\/cu\/wp-json\/wp\/v2\/product_cat?post=12271"},{"taxonomy":"product_tag","embeddable":true,"href":"https:\/\/www.cursos.olgavelez.co\/cu\/wp-json\/wp\/v2\/product_tag?post=12271"}],"curies":[{"name":"wp","href":"https:\/\/api.w.org\/{rel}","templated":true}]}}