{"id":12270,"date":"2023-01-10T04:40:18","date_gmt":"2023-01-10T07:40:18","guid":{"rendered":"https:\/\/www.cursos.olgavelez.co\/cu\/?post_type=product&#038;p=12270"},"modified":"2023-09-20T16:05:33","modified_gmt":"2023-09-20T19:05:33","slug":"aprende-a-medir-la-energia-radiestesia-con-pendulo","status":"publish","type":"product","link":"https:\/\/www.cursos.olgavelez.co\/cu\/producto\/aprende-a-medir-la-energia-radiestesia-con-pendulo\/","title":{"rendered":"APRENDE A MEDIR LA ENERG\u00cdA: RADIESTESIA CON P\u00c9NDULO"},"content":{"rendered":"<p>\u00bfTe gustar\u00eda interpretar las radiaciones producidas por el campo energ\u00e9tico que emana de las personas?<br \/>\n\u00bfBuscas conocer el estado vibracional de tu aura y de tus chakras?<\/p>\n<p>La Radiestesia Psicof\u00edsica es el arte de captar las radiaciones e interpretar las respuestas neuromusculares a trav\u00e9s de un movimiento mec\u00e1nico amplificado por una herramienta.<\/p>\n<p>\u00a1Todo, absolutamente todo tiene energ\u00eda y emite radiaciones que podemos cuantificar!<br \/>\n \u00bfHas escuchado c\u00f3mo en el pasado usaban las horquillas para encontrar yacimientos de agua?<br \/>\n\u00bfQuieres aprender a manejar una herramienta, tan poderosa, que te ayude a responder tus preguntas?<\/p>\n<p>\u00bfQU\u00c9 VAS A LOGRAR?<\/p>\n<p>Aprender\u00e1s sobre el manejo de una herramienta ancestral que te brindar\u00e1 respuestas acertadas.<\/p>\n<p>Descubrir\u00e1s cu\u00e1l es el mejor p\u00e9ndulo para ti.<\/p>\n<p>Medir\u00e1s la energ\u00eda de los puntos energ\u00e9ticos o chakras.<\/p>\n<p>Tendr\u00e1s la posibilidad de abrir y cerrar el espacio sagrado para el trabajo terap\u00e9utico.<\/p>\n<p>Recibir\u00e1s una Sintonizaci\u00f3n energ\u00e9tica especial.<\/p>\n<p>Usar\u00e1s la Radiestesia como apoyo en tu trabajo terap\u00e9utico.<\/p>\n<p>Acceder\u00e1s al certificado avalado por Hotmart y Seminarios Online.<\/p>\n<p>\u00bfC\u00d3MO LO VAS A LOGRAR?<\/p>\n<p>A trav\u00e9s del siguiente contenido, estructurado paso a paso:<\/p>\n<p>M\u00d3DULO 1 &#8211; RADIESTESIA<\/p>\n<p>Saludo inicial y presentaci\u00f3n de la facilitadora.<br \/>\nIntroducci\u00f3n a la Radiestesia con p\u00e9ndulo.<br \/>\nUsos de la Radiestesia.<\/p>\n<p>M\u00d3DULO 2 &#8211; P\u00c9NDULO <\/p>\n<p>Limpieza del p\u00e9ndulo.<br \/>\nTipos de p\u00e9ndulos.<br \/>\nC\u00f3mo tomar el p\u00e9ndulo.<br \/>\nConsagraci\u00f3n del p\u00e9ndulo.<\/p>\n<p>M\u00d3DULO 3 &#8211; ESPACIO SAGRADO<\/p>\n<p>Apertura del espacio sagrado.<br \/>\nCierre del espacio sagrado.<\/p>\n<p>M\u00d3DULO 4 &#8211; ENERG\u00cdA PERSONAL <\/p>\n<p>Puntos energ\u00e9ticos. Explicaci\u00f3n de los siete chakras principales.<\/p>\n<p>M\u00d3DULO 5 &#8211; USO DE GR\u00c1FICOS<\/p>\n<p>Tabla de preguntas.<br \/>\nMedir la energ\u00eda personal con el bi\u00f3metro.<br \/>\nGr\u00e1fico para medir los chakras.<br \/>\nGr\u00e1fico de los cuatro cuerpos.<br \/>\nCausas f\u00edsicas de la enfermedad.<br \/>\nPreguntas sobre el destino. <\/p>\n<p>M\u00d3DULO 6 &#8211; EJEMPLO DE C\u00d3MO MEDIR LA ENERG\u00cdA<\/p>\n<p>Medici\u00f3n de bloqueos. <\/p>\n<p>M\u00d3DULO 7 &#8211; SINTONIZACI\u00d3N <\/p>\n<p>Meditaci\u00f3n para sintonizar la energ\u00eda.<\/p>\n<p>M\u00d3DULO 8 \u2013 MATERIAL ADICIONAL (BONOS)<\/p>\n<p>Material en PDF.<br \/>\nManual con gr\u00e1ficos de Radiestesia.<br \/>\nAcceso al Classroom privado de Radiestesia con informaci\u00f3n adicional.  <\/p>\n<p>M\u00d3DULO 9 &#8211; VIDEO RESPUESTAS A PREGUNTAS FRECUENTES<\/p>\n<p>\u00bfA qu\u00e9 personas podemos medirle la energ\u00eda?<br \/>\n\u00bfC\u00f3mo guardar nuestro p\u00e9ndulo?<\/p>\n<p>M\u00d3DULO 10 &#8211; \u00bfC\u00d3MO OBTENER TU CERTIFICADO?<\/p>\n<p>\u00bfC\u00f3mo obtener tu certificado?<\/p>\n<p>ACERCA DE LA PRODUCTORA<\/p>\n<p>Desarrollado por PAOLA BURGOS, Abogada de profesi\u00f3n, magister en Derechos Humanos y Cultura de Paz de la Pontificia Universidad Javeriana de Cali, productora Productora de cine de la Escuela Internacional de Cine y televisi\u00f3n de San Antonio de los Ba\u00f1os, Cuba. Con estudios en Comunicaci\u00f3n Social de la Universidad del Valle.<br \/>\nDesde ni\u00f1a tuvo la sensibilidad de ver y sentir seres de Luz, \u00e1ngeles y personas fallecidas, Don que puso al servicio de las personas. Es por ello, que se ha formado en diferentes disciplinas que le permiten apoyar procesos de sanaci\u00f3n de forma responsable y profesional.<br \/>\nProfesional y Experta en:<\/p>\n<p>Angelical Mediumship \u00ae y Avanced Angelical Therapist \u00ae<br \/>\nMoon Mother \u00ae Nivel 3, Mentora \u00ae y profesional a distancia<br \/>\nTrascendencia del Alma y Comunicaci\u00f3n Animal<br \/>\nLectora de Cartas Or\u00e1culas<br \/>\nTerapeuta de Regresi\u00f3n Reconstructiva \u2013 Nivel 3<br \/>\nLectora de Registros Ak\u00e1shicos \u2013 Nivel 3<br \/>\nSahumadora de Humitos Sagrados<br \/>\nCreadora y directora de Z\u00e9nitude Paz Interior<br \/>\nCanalizadora de \u00c1ngeles y seres de luz<br \/>\nMaestra REIKI USUI tradicional<br \/>\nPracticante KARUNA REIKI<br \/>\nMaestra REIKI K\u00e1rmico y Sanaci\u00f3n Vidas Pasadas<br \/>\nPracticante HARA REIKI: Sanaci\u00f3n con p\u00e9ndulo y cristales<br \/>\nMaestra REIKI con Hadas<br \/>\nEspecialista en Gemoterapia \u2013 Maestra de Radiestesia<br \/>\nMaestra REIKI Angelical<br \/>\nTerapeuta limpieza de Chakras y sanaci\u00f3n angelical avanzada<br \/>\nPracticante REIKI Mariel de la Energ\u00eda Sagrada Femenina<br \/>\nPracticante REIKI Angelical de la Abundancia<br \/>\nMagnified Healing \u00ae Master Teacher<br \/>\nMaestra-Instructora Magnified Healing \u00ae<br \/>\nTerapeuta de Sanaci\u00f3n Cu\u00e1ntica Angelical \u00ae<\/p>\n","protected":false},"excerpt":{"rendered":"<p>\u00bfTe gustar\u00eda interpretar las radiaciones producidas por el campo energ\u00e9tico que emana de las personas?<br \/>\n\u00bfBuscas conocer el estado vibracional de tu aura y de tus chakras?<\/p>\n<p>La Radiestesia Psicof\u00edsica es el arte de captar las radiaciones e interpretar las respuestas neuromusculares a trav\u00e9s de un movimiento mec\u00e1nico amplificado por una herramienta.<\/p>\n<p>\u00a1Todo, absolutamente todo tiene energ\u00eda y emite radiaciones que podemos cuantificar!<br \/>\n \u00bfHas escuchado c\u00f3mo en el pasado usaban las horquillas para encontrar yacimientos de agua?<br \/>\n\u00bfQuieres aprender a manejar una herramienta, tan poderosa, que te ayude a responder tus preguntas?<\/p>\n","protected":false},"featured_media":6711,"template":"","meta":{"_joinchat":[]},"product_brand":[],"product_cat":[326,344],"product_tag":[],"class_list":{"0":"post-12270","1":"product","2":"type-product","3":"status-publish","4":"has-post-thumbnail","6":"product_cat-espiritualidad","7":"product_cat-todos","9":"first","10":"instock","11":"sale","12":"shipping-taxable","13":"product-type-external"},"_links":{"self":[{"href":"https:\/\/www.cursos.olgavelez.co\/cu\/wp-json\/wp\/v2\/product\/12270","targetHints":{"allow":["GET"]}}],"collection":[{"href":"https:\/\/www.cursos.olgavelez.co\/cu\/wp-json\/wp\/v2\/product"}],"about":[{"href":"https:\/\/www.cursos.olgavelez.co\/cu\/wp-json\/wp\/v2\/types\/product"}],"version-history":[{"count":2,"href":"https:\/\/www.cursos.olgavelez.co\/cu\/wp-json\/wp\/v2\/product\/12270\/revisions"}],"predecessor-version":[{"id":14391,"href":"https:\/\/www.cursos.olgavelez.co\/cu\/wp-json\/wp\/v2\/product\/12270\/revisions\/14391"}],"wp:featuredmedia":[{"embeddable":true,"href":"https:\/\/www.cursos.olgavelez.co\/cu\/wp-json\/wp\/v2\/media\/6711"}],"wp:attachment":[{"href":"https:\/\/www.cursos.olgavelez.co\/cu\/wp-json\/wp\/v2\/media?parent=12270"}],"wp:term":[{"taxonomy":"product_brand","embeddable":true,"href":"https:\/\/www.cursos.olgavelez.co\/cu\/wp-json\/wp\/v2\/product_brand?post=12270"},{"taxonomy":"product_cat","embeddable":true,"href":"https:\/\/www.cursos.olgavelez.co\/cu\/wp-json\/wp\/v2\/product_cat?post=12270"},{"taxonomy":"product_tag","embeddable":true,"href":"https:\/\/www.cursos.olgavelez.co\/cu\/wp-json\/wp\/v2\/product_tag?post=12270"}],"curies":[{"name":"wp","href":"https:\/\/api.w.org\/{rel}","templated":true}]}}