{"id":12158,"date":"2023-01-10T04:40:07","date_gmt":"2023-01-10T07:40:07","guid":{"rendered":"https:\/\/www.cursos.olgavelez.co\/cu\/?post_type=product&#038;p=12158"},"modified":"2023-09-20T16:05:30","modified_gmt":"2023-09-20T19:05:30","slug":"mago-para-ninos-show","status":"publish","type":"product","link":"https:\/\/www.cursos.olgavelez.co\/cu\/producto\/mago-para-ninos-show\/","title":{"rendered":"MAGO PARA NI\u00d1OS SHOW"},"content":{"rendered":"<p>\u00bfAlguna vez so\u00f1aste con ser un gran Mago, y hacer sentir realmente especial a las personas?<\/p>\n<p>Con el programa MAGO PARA NI\u00d1OS SHOW, crea una f\u00e1brica de sonrisas y bromas.<\/p>\n<p>Sorprende a peque\u00f1os y grandes, con un Show \u00fanico.<\/p>\n<p>Desarrolla incre\u00edbles efectos de magia haciendo volar la imaginaci\u00f3n con toneladas de diversi\u00f3n.<\/p>\n<p>Convi\u00e9rtete en un verdadero aprendiz de mago de alto impacto, generando altos ingresos.<\/p>\n<p>\u00bfQU\u00c9 VAS A LOGRAR?<\/p>\n<p>Te convertir\u00e1s en un verdadero aprendiz de Mago.<\/p>\n<p>Te divertir\u00e1s en grande, al divertir a los dem\u00e1s.<\/p>\n<p>Aprender\u00e1s fant\u00e1sticos efectos de Magia, de alto impacto y f\u00e1cil realizaci\u00f3n.<\/p>\n<p>Conocer\u00e1s los secretos de los magos, t\u00e9cnicas, principios y consejos.<\/p>\n<p>Lograr\u00e1s realizar tu propio espect\u00e1culo de Magia, frente a tu p\u00fablico.<\/p>\n<p>Te sentir\u00e1s muy especial, ser\u00e1s el alma de las Fiestas y reuniones. <\/p>\n<p>Aprender\u00e1s a fabricar bromas geniales e inofensivas que provocan sorpresas y risas. <\/p>\n<p>Desarrollar\u00e1s nuevas cualidades que mejorar\u00e1n tu vida.<\/p>\n<p>Fortalecer\u00e1s tu seguridad y autoconfianza.<\/p>\n<p>Mejorar\u00e1s tu comunicaci\u00f3n y expresi\u00f3n corporal.<\/p>\n<p>Acceder\u00e1s al certificado avalado por Hotmart y Seminarios Online.<\/p>\n<p>\u00bfC\u00d3MO LO VAS A LOGRAR?<\/p>\n<p>Sigue paso a paso las 46 divertidas lecciones que podr\u00e1s ver una y otra vez, para toda la vida.  <\/p>\n<p>Incluye las actualizaciones y nuevos contenidos que pueden a\u00f1adirse donde aprender\u00e1s:<\/p>\n<p>M\u00f3dulo 1: Bienvenida al curso<\/p>\n<p>Lecci\u00f3n 1: Introducci\u00f3n a la Magia y Bienvenida<\/p>\n<p>M\u00f3dulo 2: Teor\u00eda y principios de la Magia<\/p>\n<p>Lecci\u00f3n 2: Recomendaciones<br \/>\nLecci\u00f3n 3: Reglas de la magia explicadas con el conejo Gusy<br \/>\nLecci\u00f3n 4: Un poco de historia de la magia y prestidigitaci\u00f3n<br \/>\nLecci\u00f3n 5: Un poco de teor\u00eda M\u00e1gica<br \/>\nLecci\u00f3n 6: Los 5 puntos m\u00e1gicos de Juan Tamariz<\/p>\n<p>M\u00f3dulo 3: Efectos de Magia<\/p>\n<p>Lecci\u00f3n 7: La pelota invisible<br \/>\nLecci\u00f3n 8: La varita que llora<br \/>\nLecci\u00f3n 9: La varita que flota<br \/>\nLecci\u00f3n 10: La revista m\u00e1gica<br \/>\nLecci\u00f3n 11: El globo Fakir<br \/>\nLecci\u00f3n 12: El plum\u00f3n m\u00e1gico<br \/>\nLecci\u00f3n 13: La moneda m\u00e1gica<br \/>\nLecci\u00f3n 14: Magia con bandas el\u00e1sticas (Ligas)<br \/>\nLecci\u00f3n 15: Vasos y pelotas m\u00e1gicas<br \/>\nLecci\u00f3n 16: El fantasma travieso<br \/>\nLecci\u00f3n 17: Mentalismo con s\u00edmbolos<br \/>\nLecci\u00f3n 18: Predicci\u00f3n pa\u00eds animal y color<br \/>\nLecci\u00f3n 19: Adivinando el color de una crayola<br \/>\nLecci\u00f3n 20: Corte y restauraci\u00f3n de una cuerda<\/p>\n<p>M\u00f3dulo 4: Retos M\u00e1gicos<\/p>\n<p>Lecci\u00f3n 21: \u00bfC\u00f3mo mover una pelota sin tocarla?<br \/>\nLecci\u00f3n 22: Acertijo con una cuerda<br \/>\nLecci\u00f3n 23: \u00bfC\u00f3mo sacar una moneda debajo de una copa sin tocarla?<br \/>\nLecci\u00f3n 24: Reto y curiosidades con un billete<\/p>\n<p>M\u00f3dulo 5: Magia en la mesa del comedor<\/p>\n<p>Lecci\u00f3n 25: Chistes para restaurantes<br \/>\nLecci\u00f3n 26: Desaparici\u00f3n de moneda en la mesa<br \/>\nLecci\u00f3n 27: Metamorfosis de cubiertos<br \/>\nLecci\u00f3n 28: Trucos con el tenedor<br \/>\nLecci\u00f3n 29: El salero m\u00e1gico<br \/>\nLecci\u00f3n 30: La servilleta rota y recompuesta<br \/>\nLecci\u00f3n 31: Mentalismo adivina cual es la moneda<\/p>\n<p>M\u00f3dulo 6: F\u00e1brica de Bromas<\/p>\n<p>Lecci\u00f3n 32: Broma el shampoo sorpresa<br \/>\nLecci\u00f3n 33: Broma el dedo macabro<br \/>\nLecci\u00f3n 34: El mu\u00f1eco bailar\u00edn<br \/>\nLecci\u00f3n 35: Broma la carta sorpresa<br \/>\nLecci\u00f3n 36: Broma el l\u00edquido derramado<br \/>\nLecci\u00f3n 37: Truco y broma la toalla que se convierte en pollo<\/p>\n<p>M\u00f3dulo 7: Magia con Cartas<\/p>\n<p>Lecci\u00f3n 38: Predicci\u00f3n infalible<br \/>\nLecci\u00f3n 39: Predicci\u00f3n tu carta en el sobre<br \/>\nLecci\u00f3n 40: El truco de las 21 cartas<br \/>\nLecci\u00f3n 41: Encontrando los 4 ases de la baraja<br \/>\nLecci\u00f3n 42: Los ases viajeros<br \/>\nLecci\u00f3n 43: Happy Birthday to you (Truco para cumplea\u00f1os)<br \/>\nLecci\u00f3n 44: Cortes de baraja falsos<br \/>\nLecci\u00f3n 45: La mente tiene el Poder<\/p>\n<p>Modulo 8: Consejos finales<\/p>\n<p>Lecci\u00f3n 46: Consejos finales<\/p>\n<p>ACERCA DEL PRODUCTOR<\/p>\n<p>Desarrollado por ADRI\u00c1N GUERRERO. Un Artista experto en Magia, creativo, comunicador, apasionado por generar emociones positivas y conexiones con el p\u00fablico, creando experiencias memorables.  <\/p>\n<p>Mexicano, campe\u00f3n de Magia: 1er lugar en categor\u00eda invenci\u00f3n de efecto, M\u00e1gico en el Congreso: El Toque M\u00e1gico. 2015. Premiado tambi\u00e9n por la FLASOMA Federaci\u00f3n Latinoamericana de Sociedades M\u00e1gicas.  <\/p>\n<p>La Magia le ha permitido viajar por Espa\u00f1a, Argentina, Las Vegas, Texas y M\u00e9xico. Para aprender y compartir Magia.  M\u00e1s de 15 a\u00f1os dando clases. Actualmente participa en Project Magic M\u00e9xico: Un programa creado por el Mago David Copperfield, para ayudar, por medio de la Magia a la rehabilitaci\u00f3n de ni\u00f1os con discapacidades y enfermedades, mejorando su motricidad, coordinaci\u00f3n y autoestima. <\/p>\n<p>Adem\u00e1s, participa dando clases en la plataforma Airbnb Experiencias Online. La experiencia se llama \u201cAprende Magia con un Campe\u00f3n\u201d. <\/p>\n<p>Asesor de Magia y efectos especiales, para teatro en diversas puestas en escena. Se presenta en programas de TV, eventos especiales, corporativos, fiestas infantiles y shows motivacionales. \u00a1Aparecemos Sonrisas de por vida!<\/p>\n","protected":false},"excerpt":{"rendered":"<p>\u00bfAlguna vez so\u00f1aste con ser un gran Mago, y hacer sentir realmente especial a las personas?<\/p>\n<p>Con el programa MAGO PARA NI\u00d1OS SHOW, crea una f\u00e1brica de sonrisas y bromas.<\/p>\n<p>Sorprende a peque\u00f1os y grandes, con un Show \u00fanico.<\/p>\n<p>Desarrolla incre\u00edbles efectos de magia haciendo volar la imaginaci\u00f3n con toneladas de diversi\u00f3n.<\/p>\n<p>Convi\u00e9rtete en un verdadero aprendiz de mago de alto impacto, generando altos ingresos.<\/p>\n","protected":false},"featured_media":4681,"template":"","meta":{"_joinchat":[]},"product_brand":[],"product_cat":[325,344],"product_tag":[],"class_list":{"0":"post-12158","1":"product","2":"type-product","3":"status-publish","4":"has-post-thumbnail","6":"product_cat-entretenimiento-y-hobbies","7":"product_cat-todos","9":"first","10":"instock","11":"sale","12":"shipping-taxable","13":"product-type-external"},"_links":{"self":[{"href":"https:\/\/www.cursos.olgavelez.co\/cu\/wp-json\/wp\/v2\/product\/12158","targetHints":{"allow":["GET"]}}],"collection":[{"href":"https:\/\/www.cursos.olgavelez.co\/cu\/wp-json\/wp\/v2\/product"}],"about":[{"href":"https:\/\/www.cursos.olgavelez.co\/cu\/wp-json\/wp\/v2\/types\/product"}],"version-history":[{"count":2,"href":"https:\/\/www.cursos.olgavelez.co\/cu\/wp-json\/wp\/v2\/product\/12158\/revisions"}],"predecessor-version":[{"id":14341,"href":"https:\/\/www.cursos.olgavelez.co\/cu\/wp-json\/wp\/v2\/product\/12158\/revisions\/14341"}],"wp:featuredmedia":[{"embeddable":true,"href":"https:\/\/www.cursos.olgavelez.co\/cu\/wp-json\/wp\/v2\/media\/4681"}],"wp:attachment":[{"href":"https:\/\/www.cursos.olgavelez.co\/cu\/wp-json\/wp\/v2\/media?parent=12158"}],"wp:term":[{"taxonomy":"product_brand","embeddable":true,"href":"https:\/\/www.cursos.olgavelez.co\/cu\/wp-json\/wp\/v2\/product_brand?post=12158"},{"taxonomy":"product_cat","embeddable":true,"href":"https:\/\/www.cursos.olgavelez.co\/cu\/wp-json\/wp\/v2\/product_cat?post=12158"},{"taxonomy":"product_tag","embeddable":true,"href":"https:\/\/www.cursos.olgavelez.co\/cu\/wp-json\/wp\/v2\/product_tag?post=12158"}],"curies":[{"name":"wp","href":"https:\/\/api.w.org\/{rel}","templated":true}]}}