{"id":12156,"date":"2023-01-10T04:40:06","date_gmt":"2023-01-10T07:40:06","guid":{"rendered":"https:\/\/www.cursos.olgavelez.co\/cu\/?post_type=product&#038;p=12156"},"modified":"2023-09-20T16:05:30","modified_gmt":"2023-09-20T19:05:30","slug":"ilusionismo-show","status":"publish","type":"product","link":"https:\/\/www.cursos.olgavelez.co\/cu\/producto\/ilusionismo-show\/","title":{"rendered":"ILUSIONISMO SHOW"},"content":{"rendered":"<p>\u00bfTe gustar\u00eda crear un show de magia profesional y vivir del ilusionismo?<\/p>\n<p>Con el MasterClass ILUSIONISMO SHOW, aprende las t\u00e9cnicas y habilidades que usan los magos para entretener y sorprender a las personas con incre\u00edbles actos de magia.<\/p>\n<p>Conquista la mente de los espectadores y monetiza este talento convirti\u00e9ndote en un ilusionista profesional.<\/p>\n<p>Aprende trucos fant\u00e1sticos con cartas, crea un discurso efectivo y conecta a las personas con presentaciones sorprendentes que dejar\u00e1n a tus invitados con la boca abierta.<\/p>\n<p>\u00bfQU\u00c9 VAS A LOGRAR?<\/p>\n<p>\u25cf Lograr\u00e1s desde cero la creaci\u00f3n de un acto de magia completo.<\/p>\n<p>\u25cf Aprender\u00e1s con una metodolog\u00eda aprobada por magos a realizar trucos fant\u00e1sticos con cartas. <\/p>\n<p>\u25cf Aprender\u00e1s las t\u00e9cnicas de manejo de barajas de cartas. <\/p>\n<p>\u25cf Aprender\u00e1s c\u00f3mo crear un discurso efectivo de un show de magia. <\/p>\n<p>\u25cf Aprender\u00e1s c\u00f3mo preparar tus actos de ilusionismo y todos los materiales que necesitas para desarrollarlos.  <\/p>\n<p>\u25cf Aprender\u00e1s trucos impresionantes con cartas e ilusionismo, que dejar\u00e1n con la boca abierta a todas las personas que tengas a tu alrededor en una fiesta, reuni\u00f3n o ciudad que visites. <\/p>\n<p>\u25cf Acceder\u00e1s al certificado avalado por Hotmart y Seminarios Online.<\/p>\n<p>\u00bfC\u00d3MO LO VAS A LOGRAR?<\/p>\n<p>A trav\u00e9s del siguiente contenido estructurado paso a paso:<\/p>\n<p>VIDEO 1: Introducci\u00f3n.<br \/>\nVIDEO 2: Tele transportando cartas.<br \/>\nVIDEO 3: Explicaci\u00f3n del truco tele transportando cartas.<br \/>\nVIDEO 4: Adivino tu carta y la vuelvo gigante.<br \/>\nVIDEO 5: Explicaci\u00f3n del truco adivino tu carta y la vuelvo gigante.<br \/>\nVIDEO 6: Las bolitas m\u00e1gicas.<br \/>\nVIDEO 7: Explicaci\u00f3n del truco las bolitas m\u00e1gicas<br \/>\nVIDEO 8: Adivinando tu carta con Mensajes en la Tablet.<br \/>\nVIDEO 9: Explicaci\u00f3n del truco Adivinando tu carta con Mensajes en la Tablet<br \/>\nVIDEO 10: El agujero a otra dimensi\u00f3n.<br \/>\nVIDEO 11: Explicaci\u00f3n del truco El agujero a otra dimensi\u00f3n.<br \/>\nVIDEO 12: Tus cartas est\u00e1n en el peri\u00f3dico.<br \/>\nVIDEO 13: Explicaci\u00f3n del truco Tus cartas est\u00e1n en el peri\u00f3dico.<br \/>\nVIDEO 14: Carta rota y recompuesta.<br \/>\nVIDEO 15: Explicaci\u00f3n del truco carta rota y recompuesta.<br \/>\nVIDEO 16: Jugando con los cuatro Aces.<br \/>\nVIDEO 17: Explicaci\u00f3n del truco Jugando con los cuatro Aces.<br \/>\nVIDEO 18: Dibuj\u00e9 tu carta desde antes.<br \/>\nVIDEO 19: Explicaci\u00f3n del truco dibuj\u00e9 tu carta desde antes.<br \/>\nVIDEO 20: Un billete dentro de un lim\u00f3n.<br \/>\nVIDEO 21: Explicaci\u00f3n del truco Un billete dentro de un lim\u00f3n.<\/p>\n<p>BONUS<\/p>\n<p>1. Masterclass de manejo y trucos de baraja de cartas + tips profesionales de magia.<br \/>\n2. Dos trucos jugando con el tiempo. <\/p>\n<p>&#8211; Truco de magia con cartas \u201cVolviendo en el Tiempo\u201d<br \/>\n&#8211; Truco de magia \u201cLa carta ambiciosa bajo el reloj\u201d. <\/p>\n<p>3. Tres trucos de persuasi\u00f3n con cartas<\/p>\n<p>&#8211; Truco de magia \u201cCambiando las cartas\u201d<br \/>\n&#8211; Truco de magia \u201cla carta roja en el maso negro\u201d<br \/>\n&#8211; Truco de magia \u201cEscuchando tu carta\u201d <\/p>\n<p>ACERCA DEL PRODUCTOR<\/p>\n<p>Desarrollado por, ITALO CASTILLO, mago profesional de Santiago de Chile. <\/p>\n<p>Un apasionado por la magia con cartas, ilusionismo, magia infantil y street magic. <\/p>\n<p>Ha recorrido m\u00e1s de 5 pa\u00edses gracias a la magia, dictando conferencias para magos en Estados Unidos, Chile, Argentina y Colombia, talleres y shows para todo tipo de personas.<\/p>\n","protected":false},"excerpt":{"rendered":"<p>\u00bfTe gustar\u00eda crear un show de magia profesional y vivir del ilusionismo?<\/p>\n<p>Con el MasterClass ILUSIONISMO SHOW, aprende las t\u00e9cnicas y habilidades que usan los magos para entretener y sorprender a las personas con incre\u00edbles actos de magia.<\/p>\n<p>Conquista la mente de los espectadores y monetiza este talento convirti\u00e9ndote en un ilusionista profesional.<\/p>\n<p>Aprende trucos fant\u00e1sticos con cartas, crea un discurso efectivo y conecta a las personas con presentaciones sorprendentes que dejar\u00e1n a tus invitados con la boca abierta.<\/p>\n","protected":false},"featured_media":4678,"template":"","meta":{"_joinchat":[]},"product_brand":[],"product_cat":[325,344],"product_tag":[],"class_list":{"0":"post-12156","1":"product","2":"type-product","3":"status-publish","4":"has-post-thumbnail","6":"product_cat-entretenimiento-y-hobbies","7":"product_cat-todos","9":"first","10":"instock","11":"sale","12":"shipping-taxable","13":"product-type-external"},"_links":{"self":[{"href":"https:\/\/www.cursos.olgavelez.co\/cu\/wp-json\/wp\/v2\/product\/12156","targetHints":{"allow":["GET"]}}],"collection":[{"href":"https:\/\/www.cursos.olgavelez.co\/cu\/wp-json\/wp\/v2\/product"}],"about":[{"href":"https:\/\/www.cursos.olgavelez.co\/cu\/wp-json\/wp\/v2\/types\/product"}],"version-history":[{"count":2,"href":"https:\/\/www.cursos.olgavelez.co\/cu\/wp-json\/wp\/v2\/product\/12156\/revisions"}],"predecessor-version":[{"id":14339,"href":"https:\/\/www.cursos.olgavelez.co\/cu\/wp-json\/wp\/v2\/product\/12156\/revisions\/14339"}],"wp:featuredmedia":[{"embeddable":true,"href":"https:\/\/www.cursos.olgavelez.co\/cu\/wp-json\/wp\/v2\/media\/4678"}],"wp:attachment":[{"href":"https:\/\/www.cursos.olgavelez.co\/cu\/wp-json\/wp\/v2\/media?parent=12156"}],"wp:term":[{"taxonomy":"product_brand","embeddable":true,"href":"https:\/\/www.cursos.olgavelez.co\/cu\/wp-json\/wp\/v2\/product_brand?post=12156"},{"taxonomy":"product_cat","embeddable":true,"href":"https:\/\/www.cursos.olgavelez.co\/cu\/wp-json\/wp\/v2\/product_cat?post=12156"},{"taxonomy":"product_tag","embeddable":true,"href":"https:\/\/www.cursos.olgavelez.co\/cu\/wp-json\/wp\/v2\/product_tag?post=12156"}],"curies":[{"name":"wp","href":"https:\/\/api.w.org\/{rel}","templated":true}]}}