{"id":12153,"date":"2023-01-10T04:40:06","date_gmt":"2023-01-10T07:40:06","guid":{"rendered":"https:\/\/www.cursos.olgavelez.co\/cu\/?post_type=product&#038;p=12153"},"modified":"2023-09-20T16:05:30","modified_gmt":"2023-09-20T19:05:30","slug":"coach-radio-host-entrenamiento-para-locutores","status":"publish","type":"product","link":"https:\/\/www.cursos.olgavelez.co\/cu\/producto\/coach-radio-host-entrenamiento-para-locutores\/","title":{"rendered":"COACH RADIO HOST ENTRENAMIENTO PARA LOCUTORES"},"content":{"rendered":"<p>\u00bfSab\u00edas que para ser locutor de radio no se necesita tener una voz en particular y que gran parte de tu \u00e9xito vendr\u00e1 simplemente de ser t\u00fa mismo?<\/p>\n<p>Si te gusta la radio y apenas est\u00e1s empezando o no sabes c\u00f3mo empezar para ser un exitoso locutor, este entrenamiento es para ti.<\/p>\n<p>Con este entrenamiento para locutores, descubre tus talentos, pule esas habilidades que tienes y aprende de la mano de un experto como ingresar al mundo de la radio y lo m\u00e1s importante, como mantenerte all\u00ed. <\/p>\n<p>\u00bfQU\u00c9 VAS A LOGRAR?<\/p>\n<p>Aprender\u00e1s un paso a paso para tener \u00e9xito en tu carrera y tener todas las herramientas necesarias para permanecer en esta profesi\u00f3n y obtener una buena calidad de vida gracias a tus talentos.<\/p>\n<p>Podr\u00e1s desde cero potenciar tus habilidades para la locuci\u00f3n. <\/p>\n<p>Descubrir\u00e1s como, mientras te capacitas puedes ejercer tu carrera sin necesidad de esperar a que termines tus estudios para poder aspirar a un lugar de trabajo en una emisora de radio.<\/p>\n<p>Sabr\u00e1s exactamente cu\u00e1nto cobrar y c\u00f3mo cobrar por tus servicios de locuci\u00f3n.<\/p>\n<p>Aprender\u00e1s a hacer un Demo profesional, efectivo e irresistible para que seas contratado en la estaci\u00f3n de radio de tus sue\u00f1os.<\/p>\n<p>Acceder\u00e1s al certificado avalado por Hotmart y Seminarios Online.<\/p>\n<p>\u00bfC\u00d3MO LO VAS A LOGRAR?<\/p>\n<p>Lo lograr\u00e1s por medio del siguiente contenido: <\/p>\n<p>MODULO 1 &#8211; Presentaci\u00f3n.<\/p>\n<p>Video 1: Bienvenida y Recomendaciones.<br \/>\nVideo 2: Justificaci\u00f3n.<br \/>\nVideo 3: El Productor.\t<\/p>\n<p>MODULO 2 \u2013 Acercamiento a la Profesi\u00f3n.  <\/p>\n<p>Video 4: 10 Mitos de la Locuci\u00f3n.<br \/>\nVideo 5: Como tener una Voz de Radio.<br \/>\nVideo 6: 10 Errores habituales del locutor 1.<br \/>\nVideo 7: 10 Errores habituales del locutor 2.\t\t\t\t<\/p>\n<p>MODULO 3 \u2013 Profundizando en las estrategias.<\/p>\n<p>Video 8: Como decir los nombres de las canciones.<br \/>\nVideo 9: Como sacar adelante tu carrera 1.<br \/>\nVideo 10: Como sacar adelante tu carrera 2.<br \/>\nVideo 11: Como enriquecer tu turno al aire 1.<br \/>\nVideo 12: Como enriquecer tu turno al aire 2.<\/p>\n<p>MODULO 4 \u2013 Haciendo Programas, shows de radio.<\/p>\n<p>Video 13: Por qu\u00e9 es importante ser entrometido 1.<br \/>\nVideo 14: Por qu\u00e9 es importante ser entrometido 2.<br \/>\nVideo 15: Como lograr un programa de Radio Inolvidable 1.<br \/>\nVideo 16: Como lograr un programa de Radio Inolvidable 2.<br \/>\nVideo 17: Como tener \u00e9xito como locutor (Link Anexo debajo de esta lecci\u00f3n, https:\/\/bit.ly\/EntrenamientoParaLocutore Video 18: Errores Al Hacer Entrevistas.  <\/p>\n<p>MODULO 5 \u2013 Estrategias de Autoevaluaci\u00f3n.<\/p>\n<p>Video 19: Como detectar y eliminar Muletillas 1.<br \/>\nVideo 20: Como detectar y eliminar Muletillas 2.<br \/>\nVideo 21: Como Autoevaluar un turno al aire 1.<br \/>\nVideo 22: Como Autoevaluar un turno al aire 2.<br \/>\nVideo 23: Como Autoevaluar un turno al aire 3.<br \/>\nVideo 24: Como Autoevaluar un turno al aire 4.<\/p>\n<p>MODULO 6 \u2013 Bonos adicionales.<\/p>\n<p>Video 25: Bono 1 Como ser un locutor en tiempos de pandemia (PDF ingresando al link anexo debajo de esta lecci\u00f3n: https:\/\/bit.ly\/EntrenamientoParaLocutores).<br \/>\nVideo 26: Bono 2 Como y cuanto cobrar por tu trabajo (PDF ingresando al link anexo debajo de esta lecci\u00f3n: https:\/\/bit.ly\/EntrenamientoParaLocutores).<br \/>\nVideo 27: Bono 3 Como hacer concursos que cautiven audiencia.<br \/>\nVideo 28: Bono 4 Como hacer un demo exitoso.<\/p>\n<p>MODULO 7 \u2013 Para despedirme.<\/p>\n<p>Video 29: 5 Apps imperdibles para locutores.<br \/>\nVideo 30: Recursos complementarios sugeridos. <\/p>\n<p>ACERCA DEL PRODUCTOR<\/p>\n<p>Desarrollado por JUAN CARLOS CASTRILL\u00d3N, JHUAN C\u00c9. Locutor de radio con m\u00e1s de 20 a\u00f1os de experiencia ininterrumpida en medios radiales de comunicaci\u00f3n. <\/p>\n<p>Tiene 42 a\u00f1os de edad, comenz\u00f3 siendo muy joven desde absoluto CERO en el a\u00f1o 1999, apoyado \u00fanicamente en sus ganas de salir adelante y en su determinaci\u00f3n para hacer lo necesario y lograr vivir su sue\u00f1o, ser locutor de radio. <\/p>\n<p>Ha pasado por diferentes estaciones de radio en Colombia, siendo su m\u00e1s reciente logro pertenecer a la Cadena RADIOPOLIS para la cual fue locutor, programador, productor y director en las emisoras Acuario Est\u00e9reo, Candela 850am y Candela 101.9 fm esta \u00faltima con m\u00e1s de un mill\u00f3n de oyentes por m\u00e1s de diez a\u00f1os consecutivos en la ciudad de Bogot\u00e1.<\/p>\n<p>Jhuan C\u00e9 es adem\u00e1s mentor y entrenador de talentos, entre los cuales se encuentran destacados locutores, disc Jockeys y directores de radio que hacen carrera actualmente en algunas de las emisoras m\u00e1s importantes del pa\u00eds. <\/p>\n<p>Privacidad<br \/>\nTu informaci\u00f3n est\u00e1 100% segura<br \/>\nCompra segura<br \/>\nAmbiente seguro y autenticado<br \/>\nEntrega por email<br \/>\nAcceso al producto entregado por email<br \/>\nContenido aprobado<br \/>\n100% revisado y aprobado<\/p>\n","protected":false},"excerpt":{"rendered":"<p>\u00bfSab\u00edas que para ser locutor de radio no se necesita tener una voz en particular y que gran parte de tu \u00e9xito vendr\u00e1 simplemente de ser t\u00fa mismo?<\/p>\n<p>Si te gusta la radio y apenas est\u00e1s empezando o no sabes c\u00f3mo empezar para ser un exitoso locutor, este entrenamiento es para ti.<\/p>\n<p>Con este entrenamiento para locutores, descubre tus talentos, pule esas habilidades que tienes y aprende de la mano de un experto como ingresar al mundo de la radio y lo m\u00e1s importante, como mantenerte all\u00ed. <\/p>\n","protected":false},"featured_media":4676,"template":"","meta":{"_joinchat":[]},"product_brand":[],"product_cat":[325,344],"product_tag":[],"class_list":{"0":"post-12153","1":"product","2":"type-product","3":"status-publish","4":"has-post-thumbnail","6":"product_cat-entretenimiento-y-hobbies","7":"product_cat-todos","9":"first","10":"instock","11":"sale","12":"shipping-taxable","13":"product-type-external"},"_links":{"self":[{"href":"https:\/\/www.cursos.olgavelez.co\/cu\/wp-json\/wp\/v2\/product\/12153","targetHints":{"allow":["GET"]}}],"collection":[{"href":"https:\/\/www.cursos.olgavelez.co\/cu\/wp-json\/wp\/v2\/product"}],"about":[{"href":"https:\/\/www.cursos.olgavelez.co\/cu\/wp-json\/wp\/v2\/types\/product"}],"version-history":[{"count":2,"href":"https:\/\/www.cursos.olgavelez.co\/cu\/wp-json\/wp\/v2\/product\/12153\/revisions"}],"predecessor-version":[{"id":14337,"href":"https:\/\/www.cursos.olgavelez.co\/cu\/wp-json\/wp\/v2\/product\/12153\/revisions\/14337"}],"wp:featuredmedia":[{"embeddable":true,"href":"https:\/\/www.cursos.olgavelez.co\/cu\/wp-json\/wp\/v2\/media\/4676"}],"wp:attachment":[{"href":"https:\/\/www.cursos.olgavelez.co\/cu\/wp-json\/wp\/v2\/media?parent=12153"}],"wp:term":[{"taxonomy":"product_brand","embeddable":true,"href":"https:\/\/www.cursos.olgavelez.co\/cu\/wp-json\/wp\/v2\/product_brand?post=12153"},{"taxonomy":"product_cat","embeddable":true,"href":"https:\/\/www.cursos.olgavelez.co\/cu\/wp-json\/wp\/v2\/product_cat?post=12153"},{"taxonomy":"product_tag","embeddable":true,"href":"https:\/\/www.cursos.olgavelez.co\/cu\/wp-json\/wp\/v2\/product_tag?post=12153"}],"curies":[{"name":"wp","href":"https:\/\/api.w.org\/{rel}","templated":true}]}}