{"id":12150,"date":"2023-01-10T04:40:06","date_gmt":"2023-01-10T07:40:06","guid":{"rendered":"https:\/\/www.cursos.olgavelez.co\/cu\/?post_type=product&#038;p=12150"},"modified":"2023-09-20T16:05:29","modified_gmt":"2023-09-20T19:05:29","slug":"fotografia-astronomica","status":"publish","type":"product","link":"https:\/\/www.cursos.olgavelez.co\/cu\/producto\/fotografia-astronomica\/","title":{"rendered":"FOTOGRAF\u00cdA ASTRON\u00d3MICA"},"content":{"rendered":"<p>\u00bfEres de las personas que de peque\u00f1o quer\u00eda ser astronauta?<\/p>\n<p>Con el MasterClass FOTOGRAF\u00cdA ASTRON\u00d3MICA, capturar\u00e1s en tu c\u00e1mara las estrellas y la inmensidad del espacio, como si fueran montajes de Photoshop.<\/p>\n<p>\u00bfQU\u00c9 VAS A LOGRAR?<\/p>\n<p>Aprender\u00e1s c\u00f3mo fotografiar la v\u00eda l\u00e1ctea y todo lo necesario para lograrlo.<\/p>\n<p>Aprender\u00e1s sobre enfoque, ISO, diafragma, configuraci\u00f3n de la c\u00e1mara en modo manual, equipo y edici\u00f3n profesional.<\/p>\n<p>Realizar\u00e1s fotograf\u00edas de noche, de una forma te\u00f3rica y pr\u00e1ctica de la mano de un gran profesional.<\/p>\n<p>Acceder\u00e1s al certificado avalado por Hotmart y Seminarios Online.<\/p>\n<p>\u00bfC\u00d3MO LO VAS A LOGRAR?<\/p>\n<p>A trav\u00e9s del siguiente contenido, estructurado paso a paso:<\/p>\n<p>M\u00d3DULO 1 &#8211; BIENVENIDA E INTRODUCCI\u00d3N<\/p>\n<p>\u00bfQui\u00e9n es Sebasti\u00e1n Cava? e introducci\u00f3n.<\/p>\n<p>M\u00d3DULO 2 &#8211; TEOR\u00cdA Y PR\u00c1CTICA DE LA FOTOGRAF\u00cdA ASTRON\u00d3MICA<\/p>\n<p>Planificar la v\u00eda l\u00e1ctea.<br \/>\nEquipo necesario para la v\u00eda l\u00e1ctea.<br \/>\nConfiguraci\u00f3n b\u00e1sica de la c\u00e1mara para la v\u00eda l\u00e1ctea.<br \/>\nDiafragma, v\u00eda l\u00e1ctea.<br \/>\nTiempo de obturaci\u00f3n, v\u00eda l\u00e1ctea.<br \/>\nISO, v\u00eda l\u00e1ctea.<br \/>\nEnfoque para fotografiar la v\u00eda l\u00e1ctea.<br \/>\nPasos a seguir para localizar y capturar la v\u00eda l\u00e1ctea &#8211; parte I.<br \/>\nPasos a seguir para localizar y capturar la v\u00eda l\u00e1ctea &#8211; parte II.<br \/>\nComo hago la fotograf\u00eda de la v\u00eda l\u00e1ctea.<br \/>\nComparativas fotos v\u00eda l\u00e1ctea.<br \/>\nEdici\u00f3n de fotograf\u00eda en Lightroom o camera raw.<br \/>\nEdici\u00f3n profesional v\u00eda l\u00e1ctea &#8211; parte I.<br \/>\nEdici\u00f3n profesional v\u00eda l\u00e1ctea &#8211; parte II.<br \/>\nEdici\u00f3n profesional v\u00eda l\u00e1ctea &#8211; parte III.<\/p>\n<p>M\u00d3DULO 3 \u2013 MATERIAL ADICIONAL (BONOS)<\/p>\n<p>Bono 1: Gu\u00eda para fotografiar la v\u00eda l\u00e1ctea.<br \/>\nBono 2: Explicando y ense\u00f1ando mis fotos de la v\u00eda l\u00e1ctea.<br \/>\nBono 3: Book profesional para modelo.<\/p>\n<p>M\u00d3DULO 4 &#8211; V\u00cdDEO RESPUESTAS<\/p>\n<p>L\u00edmite del ISO en mi c\u00e1mara.<br \/>\n\u00bfQu\u00e9 tipo de tr\u00edpode puedo utilizar?<br \/>\n\u00bfPor qu\u00e9 salen estrellas como l\u00edneas en vez de puntos?<br \/>\nApp gratuita para localizar la v\u00eda l\u00e1ctea para Android y Apple.<\/p>\n<p>M\u00d3DULO 5 &#8211; \u00bfC\u00d3MO OBTENER TU CERTIFICADO?<\/p>\n<p>\u00bfC\u00f3mo obtener tu certificado?<\/p>\n<p>ACERCA DEL PRODUCTOR<\/p>\n<p>Desarrollado por SEBASTI\u00c1N CAVA, fot\u00f3grafo reconocido de Espa\u00f1a especializado en bodas. Desde hace varios a\u00f1os cuenta con un canal de Youtube con m\u00e1s de 52.000 seguidores, donde ha compartido sus aventuras como fot\u00f3grafo y sus conocimientos para ense\u00f1ar a otros a captar el mundo a trav\u00e9s de una lente.<\/p>\n<p>Es un apasionado del universo y de la v\u00eda l\u00e1ctea, le encanta que esta forme parte de sus creaciones art\u00edsticas. Puedes verlas en sus redes sociales.<\/p>\n<p>Sebasti\u00e1n Cava, se destaca por ser un fot\u00f3grafo aventurero y original. Siempre busca en sus fotos ir m\u00e1s all\u00e1 de esa foto y lugar com\u00fan. Dejando atr\u00e1s las poses t\u00edpicas y buscando sacar la parte m\u00e1s aut\u00e9ntica de la persona y escena fotografiada.<\/p>\n<p>En sus inicios fue autodidacta y tuvo que invertir muchas horas para aprender a fotografiar la v\u00eda l\u00e1ctea. <\/p>\n<p>Con este curso quiere que tu t\u00e9 ahorres todo ese tiempo y aprendas todo lo importante para aprender fotograf\u00eda astron\u00f3mica, en un solo curso.<\/p>\n","protected":false},"excerpt":{"rendered":"<p>\u00bfEres de las personas que de peque\u00f1o quer\u00eda ser astronauta?<\/p>\n<p>Con el MasterClass FOTOGRAF\u00cdA ASTRON\u00d3MICA, capturar\u00e1s en tu c\u00e1mara las estrellas y la inmensidad del espacio, como si fueran montajes de Photoshop.<\/p>\n","protected":false},"featured_media":4673,"template":"","meta":{"_joinchat":[]},"product_brand":[],"product_cat":[325,344],"product_tag":[],"class_list":{"0":"post-12150","1":"product","2":"type-product","3":"status-publish","4":"has-post-thumbnail","6":"product_cat-entretenimiento-y-hobbies","7":"product_cat-todos","9":"first","10":"instock","11":"sale","12":"shipping-taxable","13":"product-type-external"},"_links":{"self":[{"href":"https:\/\/www.cursos.olgavelez.co\/cu\/wp-json\/wp\/v2\/product\/12150","targetHints":{"allow":["GET"]}}],"collection":[{"href":"https:\/\/www.cursos.olgavelez.co\/cu\/wp-json\/wp\/v2\/product"}],"about":[{"href":"https:\/\/www.cursos.olgavelez.co\/cu\/wp-json\/wp\/v2\/types\/product"}],"version-history":[{"count":2,"href":"https:\/\/www.cursos.olgavelez.co\/cu\/wp-json\/wp\/v2\/product\/12150\/revisions"}],"predecessor-version":[{"id":14334,"href":"https:\/\/www.cursos.olgavelez.co\/cu\/wp-json\/wp\/v2\/product\/12150\/revisions\/14334"}],"wp:featuredmedia":[{"embeddable":true,"href":"https:\/\/www.cursos.olgavelez.co\/cu\/wp-json\/wp\/v2\/media\/4673"}],"wp:attachment":[{"href":"https:\/\/www.cursos.olgavelez.co\/cu\/wp-json\/wp\/v2\/media?parent=12150"}],"wp:term":[{"taxonomy":"product_brand","embeddable":true,"href":"https:\/\/www.cursos.olgavelez.co\/cu\/wp-json\/wp\/v2\/product_brand?post=12150"},{"taxonomy":"product_cat","embeddable":true,"href":"https:\/\/www.cursos.olgavelez.co\/cu\/wp-json\/wp\/v2\/product_cat?post=12150"},{"taxonomy":"product_tag","embeddable":true,"href":"https:\/\/www.cursos.olgavelez.co\/cu\/wp-json\/wp\/v2\/product_tag?post=12150"}],"curies":[{"name":"wp","href":"https:\/\/api.w.org\/{rel}","templated":true}]}}