{"id":12113,"date":"2023-01-10T04:40:02","date_gmt":"2023-01-10T07:40:02","guid":{"rendered":"https:\/\/www.cursos.olgavelez.co\/cu\/?post_type=product&#038;p=12113"},"modified":"2023-09-20T16:05:29","modified_gmt":"2023-09-20T19:05:29","slug":"community-manager-para-tu-agencia-de-servicios","status":"publish","type":"product","link":"https:\/\/www.cursos.olgavelez.co\/cu\/producto\/community-manager-para-tu-agencia-de-servicios\/","title":{"rendered":"COMMUNITY MANAGER, PARA TU AGENCIA DE SERVICIOS"},"content":{"rendered":"<p>En la actualidad existen millones de empresas, negocios, emprendimientos y marcas a nivel mundial realizando su labor en redes sociales y digitaliz\u00e1ndose, sin embargo, muchos de ellos no manejan de manera correcta estas herramientas, no logran sus objetivos y fracasan en el intento. <\/p>\n<p>Es aqu\u00ed donde entran los Community Managers, una persona experta en que estos errores no se cometan y para cada una de estas marcas o negocios se realice una gesti\u00f3n adecuada de Marketing Digital.<\/p>\n<p>\u00bfQU\u00c9 VAS A LOGRAR?<\/p>\n<p>Podr\u00e1s manejar de manera profesional las diferentes herramientas digitales que tu futuro cliente necesita para escalar, crecer y viralizar dentro del mundo digital.<\/p>\n<p>Lograr\u00e1s identificar cu\u00e1les son las debilidades y fortalezas de tus clientes en sus redes sociales por medio de la evaluaci\u00f3n de estad\u00edsticas que nos arrojan las mismas.<\/p>\n<p>Aprender\u00e1s de manera profesional desde el manejo m\u00e1s b\u00e1sica hasta el m\u00e1s profesional, gestionar un emprendimiento o marca desde el inicio hasta lograr el posicionamiento.<\/p>\n<p>Manejar\u00e1s varios aspectos t\u00e1cticos para crecer y potenciar, no s\u00f3lo tu agencia, sino la de tus clientes, utilizando correctamente los hashtags, la planeaci\u00f3n de contenido mensual, entendiendo los algoritmos y las herramientas de Instagram y Facebook.<\/p>\n<p>Desarrollar\u00e1s habilidades de creaci\u00f3n de contenido, planeaci\u00f3n, edici\u00f3n y programaci\u00f3n de contenido.<\/p>\n<p>Incentivar\u00e1s a futuros emprendedores a manejar de manera correcta un negocio o marca en redes sociales, motivando y fortaleciendo su labor, evitando estancamientos y frustraciones de las mismas al no lograr objetivos.<\/p>\n<p>Con el paso del tiempo y la adquisici\u00f3n de experiencia dentro de tu labor en la agencia potencializar\u00e1s una marca consolidada teniendo como resultado un posicionamiento exponencial a nivel global.<\/p>\n<p>Acceder\u00e1s al certificado avalado por Hotmart y Seminarios Online.<\/p>\n<p>\u00bfC\u00d3MO LO VAS A LOGRAR?<\/p>\n<p>A trav\u00e9s del siguiente contenido, estructurado paso a paso:<\/p>\n<p>M\u00f3dulo No.1 (CORE) PUV<\/p>\n<p>Introducci\u00f3n.<br \/>\n\u00bfPor qu\u00e9 convertirse en Community Manager?.<br \/>\nParte No.1 \u2013 Herramientas digitales b\u00e1sicas.<br \/>\nParte No.2 \u2013 Herramientas digitales avanzadas.<br \/>\nParte No.3 &#8211; Cat\u00e1logo de servicios.<br \/>\nParte No.4 \u2013 \u00bfQui\u00e9nes son tus clientes potenciales?.<br \/>\nParte No.5 \u2013 Entrega de credenciales y material de ejecuci\u00f3n por parte de tu cliente.<br \/>\nParte No.6 \u2013 Planeaci\u00f3n de contenido, estructura y edici\u00f3n.<br \/>\nParte No.7 \u2013 Programaci\u00f3n de contenido mensual.<br \/>\nParte No.8 &#8211; Algoritmo de Instagram.<br \/>\nParte No.9 \u2013 Anuncios pagos (importancia y presupuesto).<br \/>\nParte No.10 \u2013 Estrategias de ventas.<br \/>\nParte No.11 &#8211; Recomendaciones importantes.<\/p>\n<p>M\u00f3dulo No.2 (Parte pr\u00e1ctica). <\/p>\n<p>Perfil y nombre de la agencia de servicios Instagram y Facebook.<br \/>\nCreaci\u00f3n de portafolio de servicios. MUY IMPORTANTE.<br \/>\nBuscando y evaluando clientes potenciales.<br \/>\nCreando base de datos.<br \/>\nEntrega de credenciales y acceso de administrador.<br \/>\nEntrega de material para ejecuci\u00f3n, edici\u00f3n y organizaci\u00f3n.<br \/>\nOrganizaci\u00f3n del perfil Instagram y Facebook.<br \/>\nConociendo las estad\u00edsticas de tus clientes. Evaluaci\u00f3n.<br \/>\nHashtags virales. Estrategia de uso.<br \/>\nPlantilla planeador de contenido.<br \/>\nCreando copys para contenido.<br \/>\nCreator Studio.<br \/>\nAnuncios pagos.<br \/>\nReportes\/Informes\/Seguimientos.<\/p>\n<p>M\u00f3dulo No.3 (Material adicional &#8211; BONOS). <\/p>\n<p>Video \u201cC\u00f3mo aumentar seguidores y alcance en Instagram grupos de Engagement\u201d.<br \/>\nPdf \u201c7 conocimientos imprescindibles que debe tener un Community Manager\u201d.<br \/>\nVideo de Youtube \u201cEscribir para conseguir ventas, Copys para redes sociales, anuncios y M\u00c1S\u201d.<br \/>\nVideo de Youtube \u201cTutorial Administrador de Anuncios de Facebook\u201d.<br \/>\nVideo de Youtube \u201cC\u00f3mo crear MEJOR CONTENIDO en las redes sociales, diferenciarte y posicionarte como experto\u201d.<\/p>\n<p>M\u00f3dulo No.4 (Video respuestas). <\/p>\n<p>Respuesta a pregunta frecuente \u00bfQu\u00e9 servicios ofrecer en mi agencia?.<br \/>\nRespuesta a pregunta frecuente \u00bfCu\u00e1les son los servicios que m\u00e1s necesita mi cliente?.<br \/>\nRespuesta a pregunta frecuente \u00bfCu\u00e1nto debo cobrar por mis servicios?.<\/p>\n<p>ACERCA DEL PRODUCTOR<\/p>\n<p>Desarrollado por MAR\u00cdA DE LOS \u00c1NGELES REYES, profesional en Negocios Internacionales, Marketer Digital certificada, experta en Instagram para Negocios y Community Manager con m\u00e1s de 1 a\u00f1o y medio de experiencia en gesti\u00f3n y manejo de redes sociales y herramientas digitales para emprendedores, negocios y marcas Latinoamericanas. <\/p>\n<p>Actualmente con un portafolio de servicios amplio y m\u00e1s de 20 marcas en gesti\u00f3n mensual. Capacitando Marketers para iniciar su labor como agencia de servicios.<\/p>\n","protected":false},"excerpt":{"rendered":"<p>En la actualidad existen millones de empresas, negocios, emprendimientos y marcas a nivel mundial realizando su labor en redes sociales y digitaliz\u00e1ndose, sin embargo, muchos de ellos no manejan de manera correcta estas herramientas, no logran sus objetivos y fracasan en el intento.<\/p>\n<p>Es aqu\u00ed donde entran los Community Managers, una persona experta en que estos errores no se cometan y para cada una de estas marcas o negocios se realice una gesti\u00f3n adecuada de Marketing Digital.<\/p>\n","protected":false},"featured_media":3613,"template":"","meta":{"_joinchat":[]},"product_brand":[],"product_cat":[324,344],"product_tag":[],"class_list":{"0":"post-12113","1":"product","2":"type-product","3":"status-publish","4":"has-post-thumbnail","6":"product_cat-emprendimiento-digital","7":"product_cat-todos","9":"first","10":"instock","11":"sale","12":"shipping-taxable","13":"product-type-external"},"_links":{"self":[{"href":"https:\/\/www.cursos.olgavelez.co\/cu\/wp-json\/wp\/v2\/product\/12113","targetHints":{"allow":["GET"]}}],"collection":[{"href":"https:\/\/www.cursos.olgavelez.co\/cu\/wp-json\/wp\/v2\/product"}],"about":[{"href":"https:\/\/www.cursos.olgavelez.co\/cu\/wp-json\/wp\/v2\/types\/product"}],"version-history":[{"count":2,"href":"https:\/\/www.cursos.olgavelez.co\/cu\/wp-json\/wp\/v2\/product\/12113\/revisions"}],"predecessor-version":[{"id":14329,"href":"https:\/\/www.cursos.olgavelez.co\/cu\/wp-json\/wp\/v2\/product\/12113\/revisions\/14329"}],"wp:featuredmedia":[{"embeddable":true,"href":"https:\/\/www.cursos.olgavelez.co\/cu\/wp-json\/wp\/v2\/media\/3613"}],"wp:attachment":[{"href":"https:\/\/www.cursos.olgavelez.co\/cu\/wp-json\/wp\/v2\/media?parent=12113"}],"wp:term":[{"taxonomy":"product_brand","embeddable":true,"href":"https:\/\/www.cursos.olgavelez.co\/cu\/wp-json\/wp\/v2\/product_brand?post=12113"},{"taxonomy":"product_cat","embeddable":true,"href":"https:\/\/www.cursos.olgavelez.co\/cu\/wp-json\/wp\/v2\/product_cat?post=12113"},{"taxonomy":"product_tag","embeddable":true,"href":"https:\/\/www.cursos.olgavelez.co\/cu\/wp-json\/wp\/v2\/product_tag?post=12113"}],"curies":[{"name":"wp","href":"https:\/\/api.w.org\/{rel}","templated":true}]}}