{"id":12109,"date":"2023-01-10T04:40:01","date_gmt":"2023-01-10T07:40:01","guid":{"rendered":"https:\/\/www.cursos.olgavelez.co\/cu\/?post_type=product&#038;p=12109"},"modified":"2023-09-20T16:05:29","modified_gmt":"2023-09-20T19:05:29","slug":"dropshipping-bootcamp","status":"publish","type":"product","link":"https:\/\/www.cursos.olgavelez.co\/cu\/producto\/dropshipping-bootcamp\/","title":{"rendered":"DROPSHIPPING BOOTCAMP"},"content":{"rendered":"<p>\u00bfSab\u00edas que puedes despachar mercanc\u00eda a tus clientes sin tener los productos en tu inventario?<\/p>\n<p>Con el masterclass DROPSHIPPING BOOTCAMP podr\u00e1s tener por fin tu negocio altamente rentable generando ventas TODOS LOS D\u00cdAS.<\/p>\n<p>\u00bfQU\u00c9 VAS A LOGRAR?<\/p>\n<p>Aprender\u00e1s a RENTABILIZAR y ESCALAR tu negocio de Dropshipping en 4 pasos.<\/p>\n<p>Tendr\u00e1s por fin tu negocio altamente rentable generando ventas TODOS LOS D\u00cdAS.<\/p>\n<p>Crear\u00e1s Campa\u00f1as efectivas.<\/p>\n<p>Dejar\u00e1s de perder dinero, optimizando y escalando tus campa\u00f1as publicitarias.<\/p>\n<p>Lograr\u00e1s ROAS mayores a 5 puntos.<\/p>\n<p>\u00bfC\u00d3MO LO VAS A LOGRAR?<\/p>\n<p>M\u00f3dulo No.1 Introducci\u00f3n al BootCamp<\/p>\n<p>Bienvenida.<br \/>\nJustificaci\u00f3n \u00bfPor qu\u00e9 el negocio es rentable?.<\/p>\n<p>M\u00f3dulo No.2 Definiendo Tu Mercado Ideal<\/p>\n<p>Introducci\u00f3n al M\u00f3dulo.<br \/>\nDefine Tu Nicho y Micronicho de Mercado.<br \/>\nDefine Tu Cliente Ideal (Buyer Persona).<br \/>\nVende con Palabras (Copywriting).<br \/>\nEncuentra Productos Ganadores.<br \/>\nActividad Pr\u00e1ctica: Define Tu Mercado.<\/p>\n<p>M\u00f3dulo No.3 \u2013 Proyectando Tu Negocio Para El \u00c9xito<\/p>\n<p>Introducci\u00f3n al M\u00f3dulo.<br \/>\nMargen de Utilidad: Conceptos Clave.<br \/>\nLos Indicadores que Aseguran Tus Ganancias (KPIs).<br \/>\n\u00bfC\u00f3mo Calcular Tus Costos Operativos?.<br \/>\n\u00bfC\u00f3mo Definir un Precio de Venta Ideal?.<br \/>\nDefine y Proyecta la Utilidad, Ventas e Inversi\u00f3n de Tu Negocio.<br \/>\nActividad Pr\u00e1ctica: Define Tu Sue\u00f1o en Cifras Concretas y Alcanzables.<\/p>\n<p>M\u00f3dulo No.4 \u2013 Creando Campa\u00f1as Efectivas en Facebook Ads<\/p>\n<p>Crea Tu Campa\u00f1a de Conversiones.<br \/>\nCrea el Primer Conjunto de Anuncios.<br \/>\nEl Anuncio Ganador.<br \/>\nLa Campa\u00f1a con M\u00e1s Conjuntos de Anuncios.<br \/>\nGenera Interacci\u00f3n con Una Campa\u00f1a Adicional.<br \/>\nResumen del M\u00f3dulo.<\/p>\n<p>M\u00f3dulo No.5 \u2013 Optimizando las Campa\u00f1as Publicitarias<\/p>\n<p>Introducci\u00f3n al M\u00f3dulo.<br \/>\nPersonaliza Tu Tablero de Indicadores.<br \/>\nOptimizaci\u00f3n B\u00e1sica de Una Campa\u00f1a.<br \/>\nIntroducci\u00f3n a la Optimizaci\u00f3n Masiva y Avanzada.<br \/>\nOptimizaci\u00f3n Masiva y Avanzada Parte I.<br \/>\nOptimizaci\u00f3n Masiva y Avanzada Parte II.<br \/>\nResumen del M\u00f3dulo.<\/p>\n<p>M\u00f3dulo No.6 \u2013 BONO #1: \u00bfC\u00f3mo Crear Un Anuncio Ganador?<\/p>\n<p>Anatom\u00eda de un Anuncio en la Plataforma de Facebook.<br \/>\nEstructura de un Video Ideal.<br \/>\nAnaliza Anuncios de Otras Marcas.<br \/>\nBenchmark de Tu Competencia.<br \/>\nYouTube y Facebook como Bibliotecas de Videos para Tus Anuncios.<br \/>\n3 Herramientas de Edici\u00f3n de Videos.<br \/>\nC\u00f3mo Editar un Video Aunque No Seas un Experto.<br \/>\nResumen del M\u00f3dulo.<\/p>\n<p>M\u00f3dulo No.7 \u2013 BONO #2: Prepara Tus Campa\u00f1as Para Los Cambios de iOS14<\/p>\n<p>\u00bfPor Qu\u00e9 Afecta La Actualizaci\u00f3n de iOS14 Mis Campa\u00f1as?.<br \/>\nPaso 1: Verifica El Dominio.<br \/>\nPaso 2: Configura Los 8 Eventos.<br \/>\nPaso 3. Instala y Configura la API en Tu Tienda.<\/p>\n<p>M\u00f3dulo No.8 (Video respuestas)<\/p>\n<p>Respuesta a pregunta frecuente No.1.<br \/>\nRespuesta a pregunta frecuente No.2.<br \/>\nRespuesta a pregunta frecuente No.3.<\/p>\n<p>M\u00f3dulo No.9 (UpSell) Programa Dropshipping Mentoring<\/p>\n<p>Diagn\u00f3stico Inicial de Tu Negocio.<br \/>\nDefinici\u00f3n del Plan de Trabajo.<br \/>\nSesi\u00f3n de Trabajo #1 (2 horas).<br \/>\nSesi\u00f3n de Trabajo #2 (2 horas).<br \/>\nSesi\u00f3n de Trabajo #3 (2 horas).<\/p>\n<p>ACERCA DEL PRODUCTOR<\/p>\n<p>Desarrollado por LUIS CADENA, Ingeniero Industrial con m\u00e1s de 20 a\u00f1os de experiencia en el comercio tradicional y electr\u00f3nico de productos f\u00edsicos e info-productos digitales. Fundador de m\u00faltiples Ecommerce como Know How, Akwa Waka\u00ae, Piedra Colombiana, Continental Store, ONE Shopping, Colombia En L\u00ednea, Antojo.co. He generado ventas importantes a nivel mundial en la modalidad de Dropshipping con resultados en el comercio tradicional y electr\u00f3nico.<\/p>\n<p>He invertido m\u00e1s de 49 mil d\u00f3lares en cursos, mentor\u00edas y campa\u00f1as en Facebook Ads para desarrollar mis conocimientos y habilidades. Y en este entrenamiento te compartir\u00e9 ABSOLUTAMENTE TODO lo que he aprendido.<\/p>\n<p>Privacidad<br \/>\nTu informaci\u00f3n est\u00e1 100% segura<br \/>\nCompra segura<br \/>\nAmbiente seguro y autenticado<br \/>\nEntrega por email<br \/>\nAcceso al producto entregado por email<br \/>\nContenido aprobado<br \/>\n100% revisado y aprobado<\/p>\n","protected":false},"excerpt":{"rendered":"<p>\u00bfSab\u00edas que puedes despachar mercanc\u00eda a tus clientes sin tener los productos en tu inventario?<\/p>\n<p>Con el masterclass DROPSHIPPING BOOTCAMP podr\u00e1s tener por fin tu negocio altamente rentable generando ventas TODOS LOS D\u00cdAS.<\/p>\n","protected":false},"featured_media":3609,"template":"","meta":{"_joinchat":[]},"product_brand":[],"product_cat":[324,344],"product_tag":[],"class_list":{"0":"post-12109","1":"product","2":"type-product","3":"status-publish","4":"has-post-thumbnail","6":"product_cat-emprendimiento-digital","7":"product_cat-todos","9":"first","10":"instock","11":"sale","12":"shipping-taxable","13":"product-type-external"},"_links":{"self":[{"href":"https:\/\/www.cursos.olgavelez.co\/cu\/wp-json\/wp\/v2\/product\/12109","targetHints":{"allow":["GET"]}}],"collection":[{"href":"https:\/\/www.cursos.olgavelez.co\/cu\/wp-json\/wp\/v2\/product"}],"about":[{"href":"https:\/\/www.cursos.olgavelez.co\/cu\/wp-json\/wp\/v2\/types\/product"}],"version-history":[{"count":2,"href":"https:\/\/www.cursos.olgavelez.co\/cu\/wp-json\/wp\/v2\/product\/12109\/revisions"}],"predecessor-version":[{"id":14325,"href":"https:\/\/www.cursos.olgavelez.co\/cu\/wp-json\/wp\/v2\/product\/12109\/revisions\/14325"}],"wp:featuredmedia":[{"embeddable":true,"href":"https:\/\/www.cursos.olgavelez.co\/cu\/wp-json\/wp\/v2\/media\/3609"}],"wp:attachment":[{"href":"https:\/\/www.cursos.olgavelez.co\/cu\/wp-json\/wp\/v2\/media?parent=12109"}],"wp:term":[{"taxonomy":"product_brand","embeddable":true,"href":"https:\/\/www.cursos.olgavelez.co\/cu\/wp-json\/wp\/v2\/product_brand?post=12109"},{"taxonomy":"product_cat","embeddable":true,"href":"https:\/\/www.cursos.olgavelez.co\/cu\/wp-json\/wp\/v2\/product_cat?post=12109"},{"taxonomy":"product_tag","embeddable":true,"href":"https:\/\/www.cursos.olgavelez.co\/cu\/wp-json\/wp\/v2\/product_tag?post=12109"}],"curies":[{"name":"wp","href":"https:\/\/api.w.org\/{rel}","templated":true}]}}