{"id":12098,"date":"2023-01-10T04:40:01","date_gmt":"2023-01-10T07:40:01","guid":{"rendered":"https:\/\/www.cursos.olgavelez.co\/cu\/?post_type=product&#038;p=12098"},"modified":"2023-09-20T16:05:28","modified_gmt":"2023-09-20T19:05:28","slug":"creacion-de-colecciones-de-nfts-para-principiantes","status":"publish","type":"product","link":"https:\/\/www.cursos.olgavelez.co\/cu\/producto\/creacion-de-colecciones-de-nfts-para-principiantes\/","title":{"rendered":"CREACI\u00d3N DE COLECCIONES DE NFTS PARA PRINCIPIANTES"},"content":{"rendered":"<p>\u00bfSab\u00edas qu\u00e9 en la actualidad muchas personas est\u00e1n generando riqueza con los NFTs sin ser expertos?<\/p>\n<p>Con el MasterClass CREACI\u00d3N DE COLECCIONES DE NFTs PARA PRINCIPIANTES, aprender\u00e1s de este divertido ecosistema virtual en donde muchas personas y empresas lo est\u00e1n implementando en las principales redes sociales, generando riqueza.<\/p>\n<p>\u00bfQU\u00c9 VAS A LOGRAR?<\/p>\n<p>Aprender\u00e1s que es un NFT.<\/p>\n<p>Conocer\u00e1s los or\u00edgenes de los NFTs.<\/p>\n<p>Aprender\u00e1s a verificar la autenticidad de un archivo digital.<\/p>\n<p>Aprender\u00e1s a explorar diferentes cadenas de bloques<\/p>\n<p>Aprender\u00e1s a crear tu billetera digital<\/p>\n<p>Aprender\u00e1s a crear tu cuenta en Opensea.<\/p>\n<p>Aprender\u00e1s a obtener tus primeras criptomonedas.<\/p>\n<p>Aprender\u00e1s a crear im\u00e1genes masivas en autom\u00e1tico con rarezas aleatorias.<\/p>\n<p>Sabr\u00e1s c\u00f3mo crear colecciones NFTs.<\/p>\n<p>Conocer\u00e1s c\u00f3mo subir y mintear tu primera colecci\u00f3n en Opensea.<\/p>\n<p>Acceder\u00e1s al certificado avalado por Hotmart y Seminarios Online.<\/p>\n<p>\u00bfC\u00d3MO LO VAS A LOGRAR?<\/p>\n<p>A trav\u00e9s del siguiente contenido, estructurado paso a paso:<\/p>\n<p>M\u00d3DULO 1 &#8211; \u00bfQUE ES UN NFT?<\/p>\n<p>Introducci\u00f3n.<br \/>\n\u00bfQu\u00e9 es un NFT y para qu\u00e9 sirve?<\/p>\n<p>M\u00d3DULO 2 &#8211; INTRODUCCION<\/p>\n<p>Programas de Software para crear contenido.<br \/>\nVerificar la autenticidad de un archivo digital.<br \/>\nCarteras digitales.<br \/>\nCadenas de bloques.<br \/>\nIntercambios, compra tus primeros tokens o criptomonedas.<br \/>\nMercados de NFTs Centralizados vs Descentralizados.<br \/>\nCrea tu primer NFT y Colecci\u00f3n con rarezas.<\/p>\n<p>M\u00d3DULO 3 &#8211; MATERIAL ADICIONAL (BONOS)\t<\/p>\n<p>Explorando Mundos Virtuales.<br \/>\nJuegos NFTs centralizados y descentralizados.<br \/>\nEventos con NFTs como participar y recibir con POA.<br \/>\nEl futuro de los NFTs, a quien seguir, estrategias de Marketing, vende tu NFT.<\/p>\n<p>M\u00d3DULO 4 &#8211; VIDEO RESPUESTAS<\/p>\n<p>\u00bfC\u00f3mo comprar criptomonedas en Binance con p2p o tarjeta?<br \/>\n\u00bfC\u00f3mo iniciar en Polygon MATIC para principiantes? <\/p>\n<p>M\u00d3DULO 5 \u2013 \u00bfC\u00d3MO OBTENER TU CERTIFICADO?<\/p>\n<p>\u00bfC\u00f3mo obtener tu certificado?<\/p>\n<p>ACERCA DEL PRODUCTOR<\/p>\n<p>Desarrollado por JHON SUPELANO ROJAS, profesional en producci\u00f3n multimedia -Especialista en marketing y modelos de negocios online \u2013 Junior DevOps \u2013 AI Engineer \u2013 Apasionado por la tecnolog\u00eda, cripto inversor y pionero en las tecnolog\u00edas de Blockchain de Ethereum y Bitcoin, con experiencia de 10 a\u00f1os en el ecosistema de las criptomonedas. <\/p>\n<p>Actualmente tiene un canal de YouTube y una agencia de Coproducci\u00f3n de cursos digitales en temas como blockchain, emprendimiento y marketing digital.<\/p>\n","protected":false},"excerpt":{"rendered":"<p>\u00bfSab\u00edas qu\u00e9 en la actualidad muchas personas est\u00e1n generando riqueza con los NFTs sin ser expertos?<\/p>\n<p>Con el MasterClass CREACI\u00d3N DE COLECCIONES DE NFTs PARA PRINCIPIANTES, aprender\u00e1s de este divertido ecosistema virtual en donde muchas personas y empresas lo est\u00e1n implementando en las principales redes sociales, generando riqueza.<\/p>\n","protected":false},"featured_media":3617,"template":"","meta":{"_joinchat":[]},"product_brand":[],"product_cat":[324,344],"product_tag":[],"class_list":{"0":"post-12098","1":"product","2":"type-product","3":"status-publish","4":"has-post-thumbnail","6":"product_cat-emprendimiento-digital","7":"product_cat-todos","9":"first","10":"instock","11":"sale","12":"shipping-taxable","13":"product-type-external"},"_links":{"self":[{"href":"https:\/\/www.cursos.olgavelez.co\/cu\/wp-json\/wp\/v2\/product\/12098","targetHints":{"allow":["GET"]}}],"collection":[{"href":"https:\/\/www.cursos.olgavelez.co\/cu\/wp-json\/wp\/v2\/product"}],"about":[{"href":"https:\/\/www.cursos.olgavelez.co\/cu\/wp-json\/wp\/v2\/types\/product"}],"version-history":[{"count":2,"href":"https:\/\/www.cursos.olgavelez.co\/cu\/wp-json\/wp\/v2\/product\/12098\/revisions"}],"predecessor-version":[{"id":14314,"href":"https:\/\/www.cursos.olgavelez.co\/cu\/wp-json\/wp\/v2\/product\/12098\/revisions\/14314"}],"wp:featuredmedia":[{"embeddable":true,"href":"https:\/\/www.cursos.olgavelez.co\/cu\/wp-json\/wp\/v2\/media\/3617"}],"wp:attachment":[{"href":"https:\/\/www.cursos.olgavelez.co\/cu\/wp-json\/wp\/v2\/media?parent=12098"}],"wp:term":[{"taxonomy":"product_brand","embeddable":true,"href":"https:\/\/www.cursos.olgavelez.co\/cu\/wp-json\/wp\/v2\/product_brand?post=12098"},{"taxonomy":"product_cat","embeddable":true,"href":"https:\/\/www.cursos.olgavelez.co\/cu\/wp-json\/wp\/v2\/product_cat?post=12098"},{"taxonomy":"product_tag","embeddable":true,"href":"https:\/\/www.cursos.olgavelez.co\/cu\/wp-json\/wp\/v2\/product_tag?post=12098"}],"curies":[{"name":"wp","href":"https:\/\/api.w.org\/{rel}","templated":true}]}}