{"id":12097,"date":"2023-01-10T04:40:00","date_gmt":"2023-01-10T07:40:00","guid":{"rendered":"https:\/\/www.cursos.olgavelez.co\/cu\/?post_type=product&#038;p=12097"},"modified":"2023-09-20T16:05:28","modified_gmt":"2023-09-20T19:05:28","slug":"vende-con-reels-shorts-y-tiktoks","status":"publish","type":"product","link":"https:\/\/www.cursos.olgavelez.co\/cu\/producto\/vende-con-reels-shorts-y-tiktoks\/","title":{"rendered":"VENDE CON REELS, SHORTS Y TIKTOKS"},"content":{"rendered":"<p>\u00bfSab\u00edas que el 90 por ciento del contenido audiovisual de las redes dura menos de un minuto?<\/p>\n<p>Con el MasterClass VENDE CON REELS, TIKTOKS Y SHORTS producir\u00e1s contenido comercial corto para redes sociales con tu celular.<\/p>\n<p>\u00bfQU\u00c9 VAS A LOGRAR?<\/p>\n<p>Aprender\u00e1s de producci\u00f3n audiovisual y los pasos para realizar videos para redes sociales.<\/p>\n<p>Usar\u00e1s el lenguaje audiovisual para hacer que tu mensaje sea masivo y potente.<\/p>\n<p>Utilizar\u00e1s tu celular como una herramienta comercial.<\/p>\n<p>Conocer\u00e1s c\u00f3mo es la mejor manera de montar un contenido audiovisual corto dependiendo la plataforma.<\/p>\n<p>Aprender\u00e1s a crear estrategias de marketing digital apoyadas en el audiovisual corto.<\/p>\n<p>Aprender\u00e1s a usar audios y efectos en tendencia.<\/p>\n<p>Aprender\u00e1s cu\u00e1les son los elementos que usan frecuentemente los influenciadores para viralizarse.<\/p>\n<p>Aprender\u00e1s a crecer tu comunidad y convertirla en audiencia.<\/p>\n<p>Acceder\u00e1s al certificado avalado por Hotmart y Seminarios Online.<\/p>\n<p>\u00bfC\u00d3MO LO VAS A LOGRAR?<\/p>\n<p>A trav\u00e9s del siguiente contenido, estructurado paso a paso:<\/p>\n<p>M\u00d3DULO 1 &#8211; FUNDAMENTACION TE\u00d3RICA<\/p>\n<p>Importancia del celular para circular contenido corto en plataformas digitales.<br \/>\nAcerca del experto.<br \/>\nInput-Output. \u00bfC\u00f3mo consumimos y producimos informaci\u00f3n?<br \/>\n\u00bfPorque Reel, Short y TikTok?<br \/>\n\u00bfQu\u00e9 es la comunicaci\u00f3n audiovisual?<br \/>\nEvoluci\u00f3n de la comunicaci\u00f3n audiovisual.<br \/>\nEl prosumidor.<br \/>\n\u00bfC\u00f3mo llegamos a este punto de consumo masivo y acelerado?<br \/>\nEl contenido corto.<br \/>\nG\u00e9neros audiovisuales- El documental.<br \/>\nLa ficci\u00f3n.<br \/>\nEl comercial.<br \/>\nEl musical.<br \/>\nEl experimental.<br \/>\nSubg\u00e9neros.<br \/>\nFormatos.<br \/>\nEtapas y roles de la producci\u00f3n audiovisual. Desglose t\u00e9cnico.<br \/>\nDesglose art\u00edstico. Arte. Locaciones y actores.<br \/>\n\u00bfC\u00f3mo se cuentan las historias?<br \/>\nPlanimetr\u00eda y lenguaje audiovisual.<br \/>\nMovimientos y angulaciones de c\u00e1mara.<br \/>\nLa luz.<br \/>\nCaptura de sonido. Los micr\u00f3fonos.<br \/>\nEdici\u00f3n y montaje.<\/p>\n<p>M\u00d3DULO 2 &#8211; EJERCICIOS PRACTICOS<\/p>\n<p>Reels educativos.<br \/>\nReels de entretenimiento.<br \/>\nReels de parodias de doblaje.<br \/>\nReels informativos.<br \/>\nReels interactivos.<br \/>\nReels de efectos.<br \/>\nReels de Imagen compuesta.<br \/>\nOperaci\u00f3n de la interfaz de Instagram, tiktok y short.<\/p>\n<p>M\u00d3DULO 3 \u2013 MATERIAL ADICIONAL (BONOS) CURACIONES DE CONTENIDO <\/p>\n<p>Zach King.<br \/>\nRamiro Meneses.<br \/>\nZach King.<br \/>\nEl chombo.<br \/>\nJuli Savioli.<br \/>\nKiller Buggy.<br \/>\nLa fruta de la pasion 2.<br \/>\nLuna la pantera.<br \/>\nMarko.<br \/>\nMi bebito fiu fiu.<br \/>\nRe locos papi.<br \/>\nRub\u00e9n tuesta.<br \/>\nTulio Recomienda.<br \/>\nYanfri el tierno.<br \/>\nYanira.<br \/>\nASMR.<br \/>\nKhaby Lame.<br \/>\nMafe habla alien\u00edgena.<br \/>\nQueen of the road.<br \/>\nShakira.<br \/>\nSigan viendo Jeancarlo mtb.<br \/>\nEl nino de OxxO.<br \/>\nEl pan \u00e1rabe.<\/p>\n<p>MODULO 4 \u2013 VIDEO RESPUESTAS<\/p>\n<p>\u00bfPorque no tienes tantos seguidores y resultados si subes tanto contenido?<\/p>\n<p>M\u00d3DULO 5 &#8211; \u00bfC\u00d3MO OBTENER TU CERTIFICADO?<\/p>\n<p>\u00bfC\u00f3mo obtener tu certificado?<\/p>\n<p>ACERCA DEL PRODUCTOR<\/p>\n<p>Desarrollado OSCAR HINCAPIE MAHECHA comunicador social y periodista, con maestr\u00eda en comunicaci\u00f3n estrat\u00e9gica, docente de comunicaci\u00f3n audiovisual, premio de periodismo Sim\u00f3n Bol\u00edvar, director de cine (Petecuy la pel\u00edcula 2014), asesor de cinematograf\u00eda Gobernaci\u00f3n del Valle, creador de contenido en Seminarios Online<\/p>\n","protected":false},"excerpt":{"rendered":"<p>\u00bfSab\u00edas que el 90 por ciento del contenido audiovisual de las redes dura menos de un minuto?<\/p>\n<p>Con el MasterClass VENDE CON REELS, TIKTOKS Y SHORTS producir\u00e1s contenido comercial corto para redes sociales con tu celular.<\/p>\n","protected":false},"featured_media":3618,"template":"","meta":{"_joinchat":[]},"product_brand":[],"product_cat":[324,344],"product_tag":[],"class_list":{"0":"post-12097","1":"product","2":"type-product","3":"status-publish","4":"has-post-thumbnail","6":"product_cat-emprendimiento-digital","7":"product_cat-todos","9":"first","10":"instock","11":"sale","12":"shipping-taxable","13":"product-type-external"},"_links":{"self":[{"href":"https:\/\/www.cursos.olgavelez.co\/cu\/wp-json\/wp\/v2\/product\/12097","targetHints":{"allow":["GET"]}}],"collection":[{"href":"https:\/\/www.cursos.olgavelez.co\/cu\/wp-json\/wp\/v2\/product"}],"about":[{"href":"https:\/\/www.cursos.olgavelez.co\/cu\/wp-json\/wp\/v2\/types\/product"}],"version-history":[{"count":2,"href":"https:\/\/www.cursos.olgavelez.co\/cu\/wp-json\/wp\/v2\/product\/12097\/revisions"}],"predecessor-version":[{"id":14313,"href":"https:\/\/www.cursos.olgavelez.co\/cu\/wp-json\/wp\/v2\/product\/12097\/revisions\/14313"}],"wp:featuredmedia":[{"embeddable":true,"href":"https:\/\/www.cursos.olgavelez.co\/cu\/wp-json\/wp\/v2\/media\/3618"}],"wp:attachment":[{"href":"https:\/\/www.cursos.olgavelez.co\/cu\/wp-json\/wp\/v2\/media?parent=12097"}],"wp:term":[{"taxonomy":"product_brand","embeddable":true,"href":"https:\/\/www.cursos.olgavelez.co\/cu\/wp-json\/wp\/v2\/product_brand?post=12097"},{"taxonomy":"product_cat","embeddable":true,"href":"https:\/\/www.cursos.olgavelez.co\/cu\/wp-json\/wp\/v2\/product_cat?post=12097"},{"taxonomy":"product_tag","embeddable":true,"href":"https:\/\/www.cursos.olgavelez.co\/cu\/wp-json\/wp\/v2\/product_tag?post=12097"}],"curies":[{"name":"wp","href":"https:\/\/api.w.org\/{rel}","templated":true}]}}