{"id":12087,"date":"2023-01-10T04:40:00","date_gmt":"2023-01-10T07:40:00","guid":{"rendered":"https:\/\/www.cursos.olgavelez.co\/cu\/?post_type=product&#038;p=12087"},"modified":"2023-09-20T16:05:27","modified_gmt":"2023-09-20T19:05:27","slug":"gamificacion-ensena-jugando","status":"publish","type":"product","link":"https:\/\/www.cursos.olgavelez.co\/cu\/producto\/gamificacion-ensena-jugando\/","title":{"rendered":"GAMIFICACI\u00d3N ENSE\u00d1A JUGANDO"},"content":{"rendered":"<p>\u00bfSab\u00edas que los juegos son una manera divertida de aprender y experimentar nuevas cosas?<\/p>\n<p>Con el masterclass GAMIFICACION: ENSE\u00d1A JUGANDO aprender\u00e1s a hacer clases diferentes y usar la tecnolog\u00eda como tu aliado para que tus estudiantes puedan aprender mientras se divierten.<\/p>\n<p>\u00bfQU\u00c9 VAS A LOGRAR?<\/p>\n<p>Aprender\u00e1s que es el la gamificaci\u00f3n y su contexto hist\u00f3rico. <\/p>\n<p>Como crear una p\u00e1gina web para ense\u00f1ar.  <\/p>\n<p>El Papel del estudiante y porque se aprende m\u00e1s de esta manera. <\/p>\n<p>Aprender\u00e1s del modelo SAMR Sustituci\u00f3n, Aumento, Modificaci\u00f3n y Redefinici\u00f3n. <\/p>\n<p>Las T\u00e9cnicas que se incluyen en la gamificaci\u00f3n. <\/p>\n<p>Crearas tu propio Bitmmoji (tu alter ego digital).<\/p>\n<p>Aprender\u00e1s porque usar Insignias y como hacerlas.<\/p>\n<p>Aprender\u00e1s creaci\u00f3n de juegos con Genially. <\/p>\n<p>Aprender\u00e1s creaci\u00f3n de juegos con Cerebriti. <\/p>\n<p>Aprender\u00e1s creaci\u00f3n de juegos con Kahoot. <\/p>\n<p>Como usar una Red Social que fue creada para ense\u00f1ar.<\/p>\n<p>Acceder\u00e1s al certificado avalado por Hotmart y Seminarios Online.<\/p>\n<p>\u00bfC\u00d3MO LO VAS A LOGRAR?<\/p>\n<p>A trav\u00e9s del siguiente contenido, estructurado paso a paso:<\/p>\n<p>Modulo 1 bienvenida  <\/p>\n<p>Bienvenida.<br \/>\nComo descargo los pdf.<\/p>\n<p>Modulo 2 Teor\u00eda de la Gamificaci\u00f3n  <\/p>\n<p>Contexto e historia.<br \/>\nJimdo.<br \/>\nQue es gamificar.<br \/>\nEstudiante papel activo.<br \/>\nModelo SAMR.<br \/>\n7 consejos para gamificar.<\/p>\n<p>Modulo 3 Elemento de la Gamificaci\u00f3n <\/p>\n<p>T\u00e9cnicas y Octanalisis.<br \/>\nBitmoji.<br \/>\nInsignias.<\/p>\n<p>Modulo 4 Como Gamificar <\/p>\n<p>Kahoot.<br \/>\nGenially.<br \/>\nCelebriti.<br \/>\nEdmodo.<br \/>\nGamificaci\u00f3n vida real.<\/p>\n<p>Modulo 5 Recomendaciones <\/p>\n<p>Recomendaciones.<\/p>\n<p>Modulo 6 Video respuestas<\/p>\n<p>M\u00f3dulos 7 Bonos <\/p>\n<p>PDF sobre gamificaci\u00f3n y educaci\u00f3n.<br \/>\nVideos de gamificar para la vida.<br \/>\nCanva aplicado en la educaci\u00f3n.<br \/>\nComando en los teclados.<br \/>\n40 libros PDF de conocimiento y entretenimiento personal.<\/p>\n<p>ACERCA DE LA PRODUCTORA<\/p>\n<p>Desarrollado por CLAUDIA MARINA MATA SIBAJA, profesora de secundaria graduada con honores de la carrera de Pedagog\u00eda, de nacionalidad costarricense, actualmente estudia una Maestr\u00eda en Neuropsicolog\u00eda cl\u00ednica y Neuroeducaci\u00f3n en una universidad en Espa\u00f1a. <\/p>\n<p>Tambi\u00e9n es una persona que lleva constantemente cursos formales en su pa\u00eds sobre tecnolog\u00eda aplicada a la educaci\u00f3n, con una gran pasi\u00f3n por ense\u00f1ar distintos temas.<\/p>\n","protected":false},"excerpt":{"rendered":"<p>\u00bfSab\u00edas que los juegos son una manera divertida de aprender y experimentar nuevas cosas?<\/p>\n<p>Con el masterclass GAMIFICACION: ENSE\u00d1A JUGANDO aprender\u00e1s a hacer clases diferentes y usar la tecnolog\u00eda como tu aliado para que tus estudiantes puedan aprender mientras se divierten.<\/p>\n","protected":false},"featured_media":3586,"template":"","meta":{"_joinchat":[]},"product_brand":[],"product_cat":[323,344],"product_tag":[],"class_list":{"0":"post-12087","1":"product","2":"type-product","3":"status-publish","4":"has-post-thumbnail","6":"product_cat-educacion","7":"product_cat-todos","9":"first","10":"instock","11":"sale","12":"shipping-taxable","13":"product-type-external"},"_links":{"self":[{"href":"https:\/\/www.cursos.olgavelez.co\/cu\/wp-json\/wp\/v2\/product\/12087","targetHints":{"allow":["GET"]}}],"collection":[{"href":"https:\/\/www.cursos.olgavelez.co\/cu\/wp-json\/wp\/v2\/product"}],"about":[{"href":"https:\/\/www.cursos.olgavelez.co\/cu\/wp-json\/wp\/v2\/types\/product"}],"version-history":[{"count":2,"href":"https:\/\/www.cursos.olgavelez.co\/cu\/wp-json\/wp\/v2\/product\/12087\/revisions"}],"predecessor-version":[{"id":14303,"href":"https:\/\/www.cursos.olgavelez.co\/cu\/wp-json\/wp\/v2\/product\/12087\/revisions\/14303"}],"wp:featuredmedia":[{"embeddable":true,"href":"https:\/\/www.cursos.olgavelez.co\/cu\/wp-json\/wp\/v2\/media\/3586"}],"wp:attachment":[{"href":"https:\/\/www.cursos.olgavelez.co\/cu\/wp-json\/wp\/v2\/media?parent=12087"}],"wp:term":[{"taxonomy":"product_brand","embeddable":true,"href":"https:\/\/www.cursos.olgavelez.co\/cu\/wp-json\/wp\/v2\/product_brand?post=12087"},{"taxonomy":"product_cat","embeddable":true,"href":"https:\/\/www.cursos.olgavelez.co\/cu\/wp-json\/wp\/v2\/product_cat?post=12087"},{"taxonomy":"product_tag","embeddable":true,"href":"https:\/\/www.cursos.olgavelez.co\/cu\/wp-json\/wp\/v2\/product_tag?post=12087"}],"curies":[{"name":"wp","href":"https:\/\/api.w.org\/{rel}","templated":true}]}}