{"id":12054,"date":"2023-01-10T04:39:56","date_gmt":"2023-01-10T07:39:56","guid":{"rendered":"https:\/\/www.cursos.olgavelez.co\/cu\/?post_type=product&#038;p=12054"},"modified":"2023-09-20T16:05:27","modified_gmt":"2023-09-20T19:05:27","slug":"taller-prenatal-para-un-embarazo-feliz","status":"publish","type":"product","link":"https:\/\/www.cursos.olgavelez.co\/cu\/producto\/taller-prenatal-para-un-embarazo-feliz\/","title":{"rendered":"TALLER PRENATAL PARA UN EMBARAZO FELIZ"},"content":{"rendered":"<p>\u00bfEres una madre primeriza y quieres tener todos los cuidados posibles para la salud de tu bebe?<\/p>\n<p>Con el MasterClass Taller Prenatal para un Embarazo Feliz lograr\u00e1s conocer los cuidados necesarios para que tu bebe nazca fuerte y sano.<\/p>\n<p>\u00bfQU\u00c9 VAS A LOGRAR?<\/p>\n<p>Conocer\u00e1s los cambios f\u00edsicos y emocionales que tendr\u00e1s durante el embarazo.<\/p>\n<p>Aprender\u00e1s los mejores h\u00e1bitos de vida y ejercicios que est\u00e1n permitidos y recomendados para mujeres embarazadas.<\/p>\n<p>Conocer\u00e1s los cambios que ocurren por trimestre y sabr\u00e1s que hacer durante la gestaci\u00f3n.<\/p>\n<p>Lograr\u00e1s despejar todas tus dudas de la vida cotidiana de una mam\u00e1 primeriza.<\/p>\n<p>Aprender\u00e1s a alimentarte correctamente para garantizar tu salud y la de tu beb\u00e9.<\/p>\n<p>Conocer\u00e1s cuales son los ex\u00e1menes y controles necesarios en cada trimestre de gestaci\u00f3n para evitar problemas de salud.<\/p>\n<p>Tendr\u00e1s acceso a un grupo privado donde podr\u00e1s resolver tus dudas y hacer tus preguntas.<\/p>\n<p>Aprender\u00e1s t\u00e9cnicas de estimulaci\u00f3n prenatal que ayudar\u00e1n al desarrollo del cerebro del feto, ya que se ha observado que aumenta las conexiones neuronales.<\/p>\n<p>Conocer\u00e1s los signos de alarma durante la gestaci\u00f3n y los signos de alarma del reci\u00e9n nacido.<\/p>\n<p>Conocer\u00e1s los signos de alarma durante el postparto para evitar problemas de salud y recuperarte del parto.<\/p>\n<p>Acceder\u00e1s al certificado avalado por Hotmart y Seminarios Online.<\/p>\n<p>\u00bfC\u00d3MO LO VAS A LOGRAR?<\/p>\n<p>A trav\u00e9s del siguiente contenido, estructurado paso a paso:<\/p>\n<p>M\u00f3dulo 1: Introducci\u00f3n<\/p>\n<p>Bienvenida.<br \/>\nPresentaci\u00f3n del taller \u00bfQu\u00e9 vas a lograr?.<\/p>\n<p>M\u00f3dulo 2: Cuidados generales durante el embarazo<\/p>\n<p>\u00bfQu\u00e9 cambios f\u00edsicos tendr\u00e9 durante el embarazo?.<br \/>\n\u00bfCambios emocionales en el embarazo?.<br \/>\n\u00bfCu\u00e1nto dura mi embarazo?.<br \/>\n\u00bfQu\u00e9 ejercicios puedo realizar durante el embarazo?.<br \/>\n\u00bfQu\u00e9 h\u00e1bitos de vida debo tener para un embarazo saludable?.<br \/>\n\u00bfQu\u00e9 cuidados debo tener con mi piel durante el embarazo?.<br \/>\n\u00bfC\u00f3mo debo dormir durante el embarazo?.<br \/>\n\u00bfPor qu\u00e9 son recomendables los ejercicios de Kegel durante el embarazo?.<br \/>\n\u00bfCu\u00e1les son los ejercicios de Kegel?.<br \/>\n\u00bfQu\u00e9 cuidados debo tener si estoy embarazada en verano?.<br \/>\n\u00bfQu\u00e9 puedo hacer con las n\u00e1useas y v\u00f3mitos?.<br \/>\n\u00bfCu\u00e1ndo pasar\u00e1 el malestar y dejar\u00e9 las n\u00e1useas matutinas?.<br \/>\n\u00bfPuedo llevar ropa apretada?.<br \/>\n\u00bfPuedo te\u00f1irme el pelo?.<br \/>\n\u00bfEs normal tener flujo vaginal?.<br \/>\n\u00bfC\u00f3mo puedo prevenir las estr\u00edas?.<br \/>\n\u00bfC\u00f3mo reconocer las contracciones?.<br \/>\n\u00bfSer\u00e9 capaz de soportar el parto?.<br \/>\n\u00bfParir duele?.<br \/>\n\u00bfQu\u00e9 opciones hay para aliviar el dolor del parto?.<br \/>\n\u00bfCu\u00e1nto dura un parto?.<br \/>\n\u00bfSer\u00e9 una buena madre?.<br \/>\n\u00bfCu\u00e1nto tiempo tardar\u00e9 en recuperar mi figura tras el parto?.<br \/>\n\u00bfCu\u00e1ndo sentir\u00e9 a mi bebe?.<br \/>\nSi tengo que hacerlo, \u00bfpuedo sacarme una radiograf\u00eda?.<br \/>\n\u00bfPuedo hacerme un papanicolaou?.<br \/>\n\u00bfPuedo manejar?.<br \/>\n\u00bfCu\u00e1ndo se puede ver por ecograf\u00eda que estoy embarazada?.<br \/>\n\u00bfQu\u00e9 ejercicios puedo hacer para aliviar el dolor de espalda?.<br \/>\n\u00bfEn qu\u00e9 momento del embarazo es mejor estimular al bebe?.<\/p>\n<p>M\u00f3dulo 3: Alimentaci\u00f3n saludable durante el embarazo<\/p>\n<p>\u00bfQu\u00e9 debes comer durante el embarazo para asegurar los nutrientes que necesita el beb\u00e9 para desarrollarse?.<br \/>\n\u00bfQu\u00e9 alimentos est\u00e1n prohibidos o no son recomendados?.<br \/>\nQuiero hacer dieta, \u00bfpuedo?.<br \/>\n\u00bfQu\u00e9 puedes comer para evitar o reducir las molestias del embarazo? estre\u00f1imiento, n\u00e1useas, ardor y acidez?.<br \/>\n\u00bfCu\u00e1nto peso debes ganar durante el embarazo?.<br \/>\n\u00bfC\u00f3mo volver a tu peso tras el embarazo?.<br \/>\n\u00bfTengo que tomar alg\u00fan suplemento alimenticio?.<br \/>\n\u00bfQu\u00e9 infusiones puedo tomar durante el embarazo?.<\/p>\n<p>M\u00f3dulo 4: Control y Seguimiento del embarazo<\/p>\n<p>Pruebas del primer trimestre de embarazo: \u00bfCu\u00e1les son y en qu\u00e9 consisten?.<br \/>\nEcograf\u00eda 12 semanas.<br \/>\nPruebas del segundo trimestre de embarazo: \u00bfCu\u00e1les son y en qu\u00e9 consisten?.<br \/>\nEcograf\u00eda 20 semanas.<br \/>\nPruebas del tercer trimestre de embarazo: \u00bfCu\u00e1les son y en qu\u00e9 consisten?.<br \/>\nEcograf\u00eda del tercer trimestre.<br \/>\nEmbarazo y COVID \u00bfCu\u00e1les son los riesgos?.<br \/>\n\u00bfMe puedo vacunar contra el covid-19 si estoy embarazada?.<\/p>\n<p>M\u00f3dulo 5: Resolviendo tus preguntas frecuentes<\/p>\n<p>\u00bfC\u00f3mo descargar el certificado de finalizaci\u00f3n del curso?.<br \/>\n\u00bfPuedo realizarme tratamientos dentales durante el embarazo?.<br \/>\n\u00bfMe puedo realizar tratamientos de belleza como peeling o similares durante el embarazo?.<br \/>\n\u00bfPuedo viajar en avi\u00f3n durante mi gestaci\u00f3n?.<br \/>\n\u00bfPuedo tener relaciones sexuales durante el embarazo?.<br \/>\n\u00bfHasta cu\u00e1ndo puedo continuar trabajando?.<\/p>\n<p>Bonos exclusivos<\/p>\n<p>T\u00e9cnicas de estimulaci\u00f3n prenatal.<br \/>\nSignos de alarma durante la gestaci\u00f3n.<br \/>\nSignos de alarma del reci\u00e9n nacido.<br \/>\nSignos de alarma del puerperio o posparto.<\/p>\n<p>ACERCA DE LA PRODUCTORA<\/p>\n<p>Desarrollado por JESLY AMANDA CASTRO MELENDEZ, profesional licenciada en Obstetricia, postgrado en Ecograf\u00eda y directora del consultorio obst\u00e9trico Kisma con m\u00e1s de 10 a\u00f1os de experiencia.<br \/>\nHa trabajado en distintos centros m\u00e9dicos p\u00fablicos y privados ayudando a muchas mujeres a llevar a cabo con \u00e9xito su proceso de gestaci\u00f3n. <\/p>\n<p>Actualmente se dedica a la pr\u00e1ctica privada en su consultorio obst\u00e9trico acompa\u00f1ando a las mujeres, no s\u00f3lo a despejar sus dudas, sino brind\u00e1ndoles informaci\u00f3n sobre prevenci\u00f3n, alimentaci\u00f3n y cuidado emocional para que puedan lograr una vida m\u00e1s plena, feliz y en armon\u00eda con su cuerpo\/\u00fatero.<\/p>\n","protected":false},"excerpt":{"rendered":"<p>\u00bfEres una madre primeriza y quieres tener todos los cuidados posibles para la salud de tu bebe?<\/p>\n<p>Con el MasterClass Taller Prenatal para un Embarazo Feliz lograr\u00e1s conocer los cuidados necesarios para que tu bebe nazca fuerte y sano.<\/p>\n","protected":false},"featured_media":3582,"template":"","meta":{"_joinchat":[]},"product_brand":[],"product_cat":[323,344],"product_tag":[],"class_list":{"0":"post-12054","1":"product","2":"type-product","3":"status-publish","4":"has-post-thumbnail","6":"product_cat-educacion","7":"product_cat-todos","9":"first","10":"instock","11":"sale","12":"shipping-taxable","13":"product-type-external"},"_links":{"self":[{"href":"https:\/\/www.cursos.olgavelez.co\/cu\/wp-json\/wp\/v2\/product\/12054","targetHints":{"allow":["GET"]}}],"collection":[{"href":"https:\/\/www.cursos.olgavelez.co\/cu\/wp-json\/wp\/v2\/product"}],"about":[{"href":"https:\/\/www.cursos.olgavelez.co\/cu\/wp-json\/wp\/v2\/types\/product"}],"version-history":[{"count":2,"href":"https:\/\/www.cursos.olgavelez.co\/cu\/wp-json\/wp\/v2\/product\/12054\/revisions"}],"predecessor-version":[{"id":14299,"href":"https:\/\/www.cursos.olgavelez.co\/cu\/wp-json\/wp\/v2\/product\/12054\/revisions\/14299"}],"wp:featuredmedia":[{"embeddable":true,"href":"https:\/\/www.cursos.olgavelez.co\/cu\/wp-json\/wp\/v2\/media\/3582"}],"wp:attachment":[{"href":"https:\/\/www.cursos.olgavelez.co\/cu\/wp-json\/wp\/v2\/media?parent=12054"}],"wp:term":[{"taxonomy":"product_brand","embeddable":true,"href":"https:\/\/www.cursos.olgavelez.co\/cu\/wp-json\/wp\/v2\/product_brand?post=12054"},{"taxonomy":"product_cat","embeddable":true,"href":"https:\/\/www.cursos.olgavelez.co\/cu\/wp-json\/wp\/v2\/product_cat?post=12054"},{"taxonomy":"product_tag","embeddable":true,"href":"https:\/\/www.cursos.olgavelez.co\/cu\/wp-json\/wp\/v2\/product_tag?post=12054"}],"curies":[{"name":"wp","href":"https:\/\/api.w.org\/{rel}","templated":true}]}}