{"id":12053,"date":"2023-01-10T04:39:55","date_gmt":"2023-01-10T07:39:55","guid":{"rendered":"https:\/\/www.cursos.olgavelez.co\/cu\/?post_type=product&#038;p=12053"},"modified":"2023-09-20T16:05:27","modified_gmt":"2023-09-20T19:05:27","slug":"educa-con-amor-y-sin-castigos","status":"publish","type":"product","link":"https:\/\/www.cursos.olgavelez.co\/cu\/producto\/educa-con-amor-y-sin-castigos\/","title":{"rendered":"EDUCA CON AMOR Y SIN CASTIGOS"},"content":{"rendered":"<p>\u00bfEst\u00e1s cansada de no saber lidiar con las pataletas o berrinches de tus hijos?<\/p>\n<p>Con el Masterclass EDUCA CON AMOR Y SIN CASTIGOS, promueve pr\u00e1cticas de crianza respetuosas y amorosas, basadas en la neurociencia.<\/p>\n<p>\u00bfQU\u00c9 VAS A LOGRAR?<\/p>\n<p>Conocer\u00e1s la diferencia entre pr\u00e1cticas de crianza, pautas y creencias, lo que te permitir\u00e1 identificar porqu\u00e9 el castigo es tan com\u00fan en cuanto a la educaci\u00f3n de los ni\u00f1os.<\/p>\n<p>Identificar\u00e1s cu\u00e1les pr\u00e1cticas corresponden a un castigo y cu\u00e1les no.<\/p>\n<p>Aprender\u00e1s cu\u00e1l es la conceptualizaci\u00f3n del castigo, sus m\u00faltiples manifestaciones y vinculaci\u00f3n con el maltrato infantil.<\/p>\n<p>Categorizar\u00e1s los diferentes efectos del castigo en los ni\u00f1os, la sociedad y los padres y las repercusiones en las diferentes \u00e1reas del desarrollo de los ni\u00f1os.<\/p>\n<p>Aprender\u00e1s por qu\u00e9 se da el castigo y s\u00ed es efectivo como m\u00e9todo de crianza.<\/p>\n<p>Reconocer\u00e1s las pr\u00e1cticas culturales tradicionales que se asocian con el castigo, lo que te permitir\u00e1 identificar por qu\u00e9 castigamos, c\u00f3mo castigamos y qu\u00e9 sucede cuando lo hacemos.<\/p>\n<p>Identificar\u00e1s qu\u00e9 sucede en el cerebro del ni\u00f1o cuando lo castigamos y cu\u00e1les son las implicaciones y consecuencias de los diferentes tipos de castigos en las \u00e1reas neurol\u00f3gica, f\u00edsica y emocional del ni\u00f1o.<\/p>\n<p>Aprender\u00e1s herramientas pr\u00e1cticas que te permitan educar a tu hijo sin necesidad de incurrir en castigos.<\/p>\n<p>Conocer\u00e1s estrategias disciplinarias efectivas que corresponden a la crianza respetuosa.<\/p>\n<p>Acceder\u00e1s al certificado avalado por Hotmart y Seminarios Online.<\/p>\n<p>\u00bfC\u00d3MO LO VAS A LOGRAR?<\/p>\n<p>A trav\u00e9s del siguiente contenido, estructurado paso a paso<\/p>\n<p>M\u00f3dulo 1 (Presentaci\u00f3n e introducci\u00f3n tem\u00e1tica)<\/p>\n<p>Presentaci\u00f3n.<br \/>\nPresentaci\u00f3n Mar\u00eda Londo\u00f1o.<br \/>\n\u00bfPor qu\u00e9 es necesario conocer este tema?<br \/>\nFuncionamiento del curso.<br \/>\nPr\u00e1cticas, pautas y creencias.<br \/>\nConceptualizaci\u00f3n del castigo.<br \/>\n\u00bfCastigar es violencia?<br \/>\nEfectos del castigo.<\/p>\n<p>M\u00f3dulo 2. Castigo \u00bfPor qu\u00e9 se da? \u00bfEs efectivo como pr\u00e1ctica de crianza?<\/p>\n<p>\u00bfQu\u00e9 pasa en el cerebro del ni\u00f1o cuando lo castigamos?<br \/>\n\u00bfPor qu\u00e9 castigamos?<br \/>\n\u00bfBuscamos la obediencia?<br \/>\nEnse\u00f1anzas del castigo.<br \/>\n\u00bfFuncionan los castigos?<br \/>\nDisciplina.<br \/>\nCastigo VS. disciplina.<br \/>\nErrores que cometemos en la disciplina de los hijos.<\/p>\n<p>M\u00f3dulo 3. Herramientas pr\u00e1cticas \u00bfQu\u00e9 hacer en vez de castigar? <\/p>\n<p>\u00bfQu\u00e9 hacer en vez de castigar?<br \/>\nClaves para una educaci\u00f3n sin castigos.<br \/>\nBases para una educaci\u00f3n sin castigos.<br \/>\nEstrategias disciplinarias.<\/p>\n<p>M\u00f3dulo 4. Material adicional (Bonos)<\/p>\n<p>BONO #1: Art\u00edculo de investigaci\u00f3n PDF: Pautas, creencias y pr\u00e1cticas de crianza relacionadas con el castigo y su transmisi\u00f3n generacional. Pulido, Castro-Osorio, Pe\u00f1a y Ariza-Ram\u00edrez, 2013.<br \/>\nBONO #2: PDF Aprende a Educar sin gritos, amenazas y castigos. Aldort. 2000.<br \/>\nBONO #3: Acceso a comunidad privada en WhatsApp, con otras familias que tambi\u00e9n aplican la crianza respetuosa, para resoluci\u00f3n de dudas y recibir contenido in\u00e9dito.<br \/>\nBONO #4: Recibir en exclusiva todas las actualizaciones que se realicen del contenido de este curso de manera gratuita.<\/p>\n<p>M\u00f3dulo 5. Video respuestas<\/p>\n<p>\u00bfPor qu\u00e9 sigo teniendo deseos de castigarlo?<br \/>\n\u00bfQu\u00e9 pasa si me equivoco y reparo constantemente?<br \/>\n\u00bfC\u00f3mo saber si mi hijo ya est\u00e1 viviendo las consecuencias de ese maltrato que sufri\u00f3?<br \/>\n\u00bfEstas estrategias tambi\u00e9n se aplican en ni\u00f1os con discapacidad o trastornos de desarrollo?<br \/>\n\u00bfC\u00f3mo puedo compaginar mi estilo autoritario con la crianza respetuosa?<br \/>\n\u00bfCu\u00e1ndo si aplica el l\u00edmite?<br \/>\nImplement\u00e9 la crianza respetuosa, pero siento que no est\u00e1 funcionando, \u00bfQu\u00e9 hago?<\/p>\n<p>M\u00f3dulo 6. C\u00f3mo aplicar en la vida diaria las herramientas que te comparto<\/p>\n<p>Ejemplos pr\u00e1cticos aplicados a la crianza 1.<br \/>\nEjemplos pr\u00e1cticos aplicados a la crianza 2.<br \/>\nEjemplos pr\u00e1cticos aplicados a la crianza 3.<\/p>\n<p>ACERCA DE LA PRODUCTORA<\/p>\n<p>Desarrollado por MAR\u00cdA LONDO\u00d1O, educadora de familias en crianza respetuosa desde la Neuroeducaci\u00f3n, experta en el acompa\u00f1amiento a ni\u00f1os, ni\u00f1as y familias en los procesos de crianza, brind\u00e1ndoles herramientas, recursos y estrategias basadas en los aportes de la neurociencia y la pedagog\u00eda que les sirvan para implementar en su d\u00eda a d\u00eda, pr\u00e1cticas de crianza basadas en el respeto y la empat\u00eda.<\/p>\n<p>Ha orientado familias en diversas partes del mundo y a instituciones educativas ense\u00f1ando a trav\u00e9s de asesor\u00edas, talleres, clases y conferencias, herramientas educativas respetuosas con los procesos fisiol\u00f3gicos y emocionales de los ni\u00f1os.<\/p>\n<p>Actualmente, fundadora y C.E.O de Neuro Mam\u00e1s un proyecto educativo para familias, cuidadores, profesionales de la educaci\u00f3n, profesionales de la salud, profesionales de la salud mental y en general personas interesadas en conocer acerca de crianza respetuosa.<\/p>\n","protected":false},"excerpt":{"rendered":"<p>\u00bfEst\u00e1s cansada de no saber lidiar con las pataletas o berrinches de tus hijos?<\/p>\n<p>Con el Masterclass EDUCA CON AMOR Y SIN CASTIGOS, promueve pr\u00e1cticas de crianza respetuosas y amorosas, basadas en la neurociencia.<\/p>\n","protected":false},"featured_media":3581,"template":"","meta":{"_joinchat":[]},"product_brand":[],"product_cat":[323,344],"product_tag":[],"class_list":{"0":"post-12053","1":"product","2":"type-product","3":"status-publish","4":"has-post-thumbnail","6":"product_cat-educacion","7":"product_cat-todos","9":"first","10":"instock","11":"sale","12":"shipping-taxable","13":"product-type-external"},"_links":{"self":[{"href":"https:\/\/www.cursos.olgavelez.co\/cu\/wp-json\/wp\/v2\/product\/12053","targetHints":{"allow":["GET"]}}],"collection":[{"href":"https:\/\/www.cursos.olgavelez.co\/cu\/wp-json\/wp\/v2\/product"}],"about":[{"href":"https:\/\/www.cursos.olgavelez.co\/cu\/wp-json\/wp\/v2\/types\/product"}],"version-history":[{"count":2,"href":"https:\/\/www.cursos.olgavelez.co\/cu\/wp-json\/wp\/v2\/product\/12053\/revisions"}],"predecessor-version":[{"id":14298,"href":"https:\/\/www.cursos.olgavelez.co\/cu\/wp-json\/wp\/v2\/product\/12053\/revisions\/14298"}],"wp:featuredmedia":[{"embeddable":true,"href":"https:\/\/www.cursos.olgavelez.co\/cu\/wp-json\/wp\/v2\/media\/3581"}],"wp:attachment":[{"href":"https:\/\/www.cursos.olgavelez.co\/cu\/wp-json\/wp\/v2\/media?parent=12053"}],"wp:term":[{"taxonomy":"product_brand","embeddable":true,"href":"https:\/\/www.cursos.olgavelez.co\/cu\/wp-json\/wp\/v2\/product_brand?post=12053"},{"taxonomy":"product_cat","embeddable":true,"href":"https:\/\/www.cursos.olgavelez.co\/cu\/wp-json\/wp\/v2\/product_cat?post=12053"},{"taxonomy":"product_tag","embeddable":true,"href":"https:\/\/www.cursos.olgavelez.co\/cu\/wp-json\/wp\/v2\/product_tag?post=12053"}],"curies":[{"name":"wp","href":"https:\/\/api.w.org\/{rel}","templated":true}]}}