{"id":12045,"date":"2023-01-10T04:39:55","date_gmt":"2023-01-10T07:39:55","guid":{"rendered":"https:\/\/www.cursos.olgavelez.co\/cu\/?post_type=product&#038;p=12045"},"modified":"2023-09-20T16:05:27","modified_gmt":"2023-09-20T19:05:27","slug":"manualidades-con-rosmi-temporada-navidena","status":"publish","type":"product","link":"https:\/\/www.cursos.olgavelez.co\/cu\/producto\/manualidades-con-rosmi-temporada-navidena\/","title":{"rendered":"MANUALIDADES CON ROSMI, TEMPORADA NAVIDE\u00d1A"},"content":{"rendered":"<p>Te  aprender a hacer mu\u00f1ecos en tela para la temporada navide\u00f1a?<\/p>\n<p>Con el masterclass MANUALIDADES CON ROSMI &#8211; TEMPORADA NAVIDE\u00d1A<br \/>\naprender\u00e1s t\u00e9cnicas en mu\u00f1equeria para mejorar tus habilidades art\u00edsticas ponerlas en practica en tus decoraciones navide\u00f1as<\/p>\n<p>!Adquiere este curso hoy!<br \/>\nToda la informaci\u00f3n la encuentras debajo de este video.<br \/>\n\u00a1Inscr\u00edbete ahora y comienza ya!<\/p>\n<p>\u00bfQU\u00c9 VAS A LOGRAR?<\/p>\n<p>Elaborar\u00e1s t\u00e9cnicas de relleno en mu\u00f1equer\u00eda de tela para que lo apliques a cualquier dise\u00f1o, ya sea para el \u00e1rbol de navidad o pie de \u00e1rbol.<\/p>\n<p>Aprender\u00e1s pintura abstracta con acr\u00edlicos para bases.<\/p>\n<p>Aplicar\u00e1s t\u00e9cnica falso pachtwork para mu\u00f1equer\u00eda.<\/p>\n<p>Conocer\u00e1s la t\u00e9cnica de estuco pl\u00e1stico para hacer bases s\u00f3lidas.<\/p>\n<p>Aprender\u00e1s la curiosa t\u00e9cnica del poliuretano para derretir.<\/p>\n<p>Aplicar\u00e1s base de acr\u00edlico para escarchado y dar un mejor acabado a los moldes.<\/p>\n<p>Conocer\u00e1s como hacer mu\u00f1equer\u00eda en tela.<\/p>\n<p>Aprender\u00e1s la t\u00e9cnica para elaborar ojos 3D en resina.<\/p>\n<p>Desarrollar\u00e1s habilidades art\u00edsticas como terapia para la mente.<\/p>\n<p>Construir\u00e1s tus propias creaciones con las t\u00e9cnicas aprendidas.<\/p>\n<p>Acceder\u00e1s al certificado avalado por Hotmart y Seminarios Online.<\/p>\n<p>\u00bfC\u00d3MO LO VAS A LOGRAR?<\/p>\n<p>A trav\u00e9s del siguiente contenido, estructurado paso a paso:<\/p>\n<p>M\u00f3dulo N\u00b01 Manualidades con Rosmi<\/p>\n<p>Bienvenidos al mundo de las manualidades navide\u00f1as.<br \/>\nClase N\u00b01. Preparaci\u00f3n base para adorno navide\u00f1o.<br \/>\nClase N\u00b02. Dise\u00f1o de letras Noel en Icopor y LED.<br \/>\nClase N\u00b03 Recorte de moldes pap\u00e1 Noel y Reno Rudolf.<br \/>\nClase N\u00b04 T\u00e9cnica mu\u00f1equer\u00eda en tela: Armado y relleno de Pap\u00e1 Noel.<br \/>\nClase N\u00b05 T\u00e9cnica mu\u00f1equer\u00eda en tela: Armado y relleno del venado Rudolf.<br \/>\nClase N\u00b06 Ensamble de todas las partes.<br \/>\nClase N\u00b07 Presentaci\u00f3n de materiales cono navide\u00f1o.<br \/>\nClase N\u00b08 T\u00e9cnica de estuco pl\u00e1stico: Preparaci\u00f3n base del cono navide\u00f1o.<br \/>\nClase N\u00b09 Armado del cono navide\u00f1o.<br \/>\nClase N\u00b010 Corte y armado de los adornos del cono navide\u00f1o.<br \/>\nClase N\u00b011 Elaboraci\u00f3n Galleta de jengibre.<br \/>\nClase N\u00b012 Armado bolas de helado, cono navide\u00f1o.<br \/>\nClase N\u00b013 Ensamblado del cono navide\u00f1o.<br \/>\nClase N\u00b014 Decoraci\u00f3n cono navide\u00f1o.<br \/>\nClase N\u00b015 T\u00e9cnica de poliuretano: Efecto descongelado.<br \/>\nDespedida.<\/p>\n<p>M\u00f3dulo N\u00b02 Material adicional y complementario<\/p>\n<p>Bono Navide\u00f1o N\u00b01 Estrella de nieve.<br \/>\nBono Navide\u00f1o N\u00b02 Ojos 3D en resina.<br \/>\nBono Navide\u00f1o N\u00b03 Moldes Manualidades navide\u00f1as.<br \/>\nBono Navide\u00f1o N\u00b05 Ideas creativas para envolver regalos en navidad.<\/p>\n<p>M\u00f3dulo N\u00b03 Video Respuestas<\/p>\n<p>ACERCA DE LA PRODUCTORA<\/p>\n<p>Desarrollado por MAR\u00cdA ROSMIRA SANTOS D\u00c1VILA, con m\u00e1s de 30 a\u00f1os de experiencia en el trabajo de las manualidades. <\/p>\n<p>Hizo de su pasi\u00f3n una herramienta para ayudar a las personas terap\u00e9uticamente a calmar la mente y afrontar sus duelos. Experta en t\u00e9cnicas variadas en madera, cer\u00e1mica, resina y mu\u00f1equer\u00eda navide\u00f1a. Actualmente tiene una empresa dedicada a la elaboraci\u00f3n y ense\u00f1anza de manualidades como terapia. <\/p>\n","protected":false},"excerpt":{"rendered":"<p>Te  aprender a hacer mu\u00f1ecos en tela para la temporada navide\u00f1a?<\/p>\n<p>Con el masterclass MANUALIDADES CON ROSMI &#8211; TEMPORADA NAVIDE\u00d1A<br \/>\naprender\u00e1s t\u00e9cnicas en mu\u00f1equeria para mejorar tus habilidades art\u00edsticas ponerlas en practica en tus decoraciones navide\u00f1as<\/p>\n<p>!Adquiere este curso hoy!<br \/>\nToda la informaci\u00f3n la encuentras debajo de este video.<br \/>\n\u00a1Inscr\u00edbete ahora y comienza ya!<\/p>\n","protected":false},"featured_media":3575,"template":"","meta":{"_joinchat":[]},"product_brand":[],"product_cat":[321,344],"product_tag":[],"class_list":{"0":"post-12045","1":"product","2":"type-product","3":"status-publish","4":"has-post-thumbnail","6":"product_cat-diseno","7":"product_cat-todos","9":"first","10":"instock","11":"sale","12":"shipping-taxable","13":"product-type-external"},"_links":{"self":[{"href":"https:\/\/www.cursos.olgavelez.co\/cu\/wp-json\/wp\/v2\/product\/12045","targetHints":{"allow":["GET"]}}],"collection":[{"href":"https:\/\/www.cursos.olgavelez.co\/cu\/wp-json\/wp\/v2\/product"}],"about":[{"href":"https:\/\/www.cursos.olgavelez.co\/cu\/wp-json\/wp\/v2\/types\/product"}],"version-history":[{"count":2,"href":"https:\/\/www.cursos.olgavelez.co\/cu\/wp-json\/wp\/v2\/product\/12045\/revisions"}],"predecessor-version":[{"id":14290,"href":"https:\/\/www.cursos.olgavelez.co\/cu\/wp-json\/wp\/v2\/product\/12045\/revisions\/14290"}],"wp:featuredmedia":[{"embeddable":true,"href":"https:\/\/www.cursos.olgavelez.co\/cu\/wp-json\/wp\/v2\/media\/3575"}],"wp:attachment":[{"href":"https:\/\/www.cursos.olgavelez.co\/cu\/wp-json\/wp\/v2\/media?parent=12045"}],"wp:term":[{"taxonomy":"product_brand","embeddable":true,"href":"https:\/\/www.cursos.olgavelez.co\/cu\/wp-json\/wp\/v2\/product_brand?post=12045"},{"taxonomy":"product_cat","embeddable":true,"href":"https:\/\/www.cursos.olgavelez.co\/cu\/wp-json\/wp\/v2\/product_cat?post=12045"},{"taxonomy":"product_tag","embeddable":true,"href":"https:\/\/www.cursos.olgavelez.co\/cu\/wp-json\/wp\/v2\/product_tag?post=12045"}],"curies":[{"name":"wp","href":"https:\/\/api.w.org\/{rel}","templated":true}]}}