{"id":12042,"date":"2023-01-10T04:39:55","date_gmt":"2023-01-10T07:39:55","guid":{"rendered":"https:\/\/www.cursos.olgavelez.co\/cu\/?post_type=product&#038;p=12042"},"modified":"2023-09-20T16:05:27","modified_gmt":"2023-09-20T19:05:27","slug":"aprende-munecos-en-tela-sin-maquinaria","status":"publish","type":"product","link":"https:\/\/www.cursos.olgavelez.co\/cu\/producto\/aprende-munecos-en-tela-sin-maquinaria\/","title":{"rendered":"APRENDE MU\u00d1ECOS EN TELA SIN MAQUINARIA"},"content":{"rendered":"<p>\u00bfTe gustar\u00eda aprender a dise\u00f1ar todo tipo de mu\u00f1ecos en tela sin tener maquinas o herramientas costosas?<\/p>\n<p>Con el MasterClass APRENDE MU\u00d1ECOS EN TELA SIN MAQUINARIA lograr\u00e1s crear dise\u00f1os de mu\u00f1ecos encantadores, que te llevar\u00e1n a ser toda una experta en este arte y construir tu propio negocio sin necesidad de una gran inversi\u00f3n.<\/p>\n<p>\u00bfQU\u00c9 VAS A LOGRAR?<\/p>\n<p>Conocer\u00e1s todos los elementos necesarios para comenzar en el mundo de los mu\u00f1ecos en tela.<\/p>\n<p>Aprender\u00e1s las diferentes t\u00e9cnicas para la creaci\u00f3n de todo tipo de mu\u00f1ecos en tela para cada \u00e9poca del a\u00f1o.<\/p>\n<p>Lograr\u00e1s crear tus propios dise\u00f1os personalizados.<\/p>\n<p>Obtendr\u00e1s todo el conocimiento y el material necesario para construir un negocio rentable.<\/p>\n<p>Reducir\u00e1s el nivel de estr\u00e9s, mejorar\u00e1s tu estado de \u00e1nimo y evitar\u00e1s enfermedades gracias a los grandes beneficios de las manualidades en la salud.<\/p>\n<p>Acceder\u00e1s al certificado avalado por Hotmart y Seminarios Online.<\/p>\n<p>\u00bfC\u00d3MO LO VAS A LOGRAR?<\/p>\n<p>M\u00f3dulo No.1 MU\u00d1ECOS EN TELA<\/p>\n<p>Bienvenida.<br \/>\nAcceso al Grupo de Facebook.<br \/>\nTelas y materiales.<\/p>\n<p>M\u00f3dulo No.2 PROYECTO 1: MU\u00d1ECO ALFILETERO<\/p>\n<p>Paso No.1 &#8211; Presentaci\u00f3n del dise\u00f1o.<br \/>\nPaso No.2 &#8211; Moldes del Proyecto.<br \/>\nPaso No.3 &#8211; Corte de los Moldes.<br \/>\nPaso No.4 &#8211; Comenzando a coser las partes.<br \/>\nPaso No.5 &#8211; T\u00e9cnica 1.<br \/>\nPaso No.6 &#8211; T\u00e9cnica 2.<br \/>\nPaso No.7 &#8211; Formando el cuerpo.<br \/>\nPaso No.8 &#8211; Terminando el cuerpo.<br \/>\nPaso No.9 &#8211; Formando la cabeza.<br \/>\nPaso No.10 &#8211; C\u00f3mo hacer los ojos y las pesta\u00f1as.<br \/>\nPaso No.11 &#8211; C\u00f3mo hacer la nariz y la boca.<br \/>\nPaso No.12 &#8211; C\u00f3mo poner el cabello.<br \/>\nPaso No.13 &#8211; Terminando el delantal.<br \/>\nPaso No.14 &#8211; Franjas de manos y cuello.<br \/>\nPaso No.15 &#8211; Uniendo las manos al cuerpo.<br \/>\nPaso No.16 &#8211; Terminaciones del proyecto.<\/p>\n<p>M\u00f3dulo No.3 PROYECTO 2: FAMILIA POLAR<\/p>\n<p>Paso No.1 &#8211; Moldes Oso hijo.<br \/>\nPaso No.2 &#8211; Oso hijo: Formando el cuerpo.<br \/>\nPaso No.3 &#8211; Oso hijo: Cerrando el cuerpo.<br \/>\nPaso No.4 &#8211; Oso hijo: Iniciando la cabeza de nuestro oso polar.<br \/>\nPaso No.5 &#8211; Oso hijo: Cerrando la cabeza del oso polar.<br \/>\nPaso No.6 &#8211; Oso hijo: C\u00f3mo hacer los ojos y la boca.<br \/>\nPaso No.7 &#8211; Oso hijo: Uni\u00f3n cuerpo &#8211; cabeza y terminaciones.<br \/>\nPaso No.8 &#8211; Mam\u00e1 osa: Formando la cabeza.<br \/>\nPaso No.9 &#8211; Mam\u00e1 Osa: Ojos, nariz y boca.<br \/>\nPaso No.10 &#8211; Mam\u00e1 osa: Uni\u00f3n &#038; Terminaciones.<\/p>\n<p>M\u00f3dulo No.4 PROYECTO 3: VENADO<\/p>\n<p>Paso No.1 &#8211; Moldes.<br \/>\nPaso No.2 &#8211; Formando la cabeza.<br \/>\nPaso No.3 &#8211; Haciendo el hocico y los ojos.<br \/>\nPaso No.4 &#8211; Pegando las orejas.<br \/>\nPaso No.5 &#8211; Pegando la cola y el pelo.<br \/>\nPaso No.6 &#8211; Uniendo los pies y las patas al cuerpo.<br \/>\nPaso No.7 &#8211; Uni\u00f3n de la cabeza al cuerpo y terminaciones.<br \/>\nM\u00f3dulo No.5 [BONO] Ebook +20 dise\u00f1os y moldes.<\/p>\n<p>M\u00f3dulo No.6 [BONO] ESPECIAL NAVIDE\u00d1O &#8211; PROYECTO 4: Prendedor <\/p>\n<p>Paso No.1 &#8211; Moldes y materiales.<br \/>\nPaso No.2 &#8211; Cosiendo las partes.<br \/>\nPaso No.3 &#8211; Uniendo las partes.<br \/>\nPaso No.4 &#8211; Creando la boca y terminaciones finales.<\/p>\n<p>M\u00f3dulo No.7 [BONO] ESPECIAL NAVIDE\u00d1O &#8211; PROYECTO 5: PASSWORD SIN AGUJA<\/p>\n<p>Paso No.1 &#8211; Moldes y Materiales.<br \/>\nPaso No.2 &#8211; Creando la nariz.<br \/>\nPaso No.3 &#8211; Creando el sombrero.<br \/>\nPaso No.4 &#8211; Creando la cabeza.<br \/>\nPaso No.5 &#8211; Creando la base de la cabeza.<br \/>\nPaso No.6 &#8211; Terminaciones en la cabeza.<br \/>\nPaso No.7 &#8211; Pegando el sombrero y la base de la cabeza.<br \/>\nPaso No.8 &#8211; Terminaciones de nuestro proyecto.<\/p>\n<p>M\u00f3dulo No.8 [BONO] MARKETING DIGITAL &#8211; Potencia las ventas de tus productos<\/p>\n<p>Introducci\u00f3n.<br \/>\nPublicidad Tradicional vs Digital.<br \/>\nHerramientas.<br \/>\nFacebook Marketplace.<br \/>\nCreaci\u00f3n de fan page en Facebook.<br \/>\nCreando nuestra cuenta de Instagram.<br \/>\nOptimizaci\u00f3n de Instagram.<br \/>\nConectando nuestra fan page con la cuenta de Instagram.<br \/>\nCreando Campa\u00f1a de Reconocimiento de Marca.<br \/>\nCreando Campa\u00f1a de Conversiones.<\/p>\n<p>ACERCA DE LA PRODUCTORA<\/p>\n<p>Desarrollado por GLORIA JARAMILLO, lleva trabajando con el mundo de las manualidades desde hace m\u00e1s de 30 a\u00f1os, logrando vivir de esto que es lo que realmente le apasiona. Ha capacitado a m\u00e1s de 400 personas tanto de manera presencial como virtual.<br \/>\nPor esto ha decido crear un programa 100% online, en el cual vas a poder aprender todas las t\u00e9cnicas necesarias para crear dise\u00f1os de mu\u00f1ecos en tela como toda una profesional, sin importar si tienes experiencia y sin necesidad de herramientas o m\u00e1quinas costosas.<\/p>\n","protected":false},"excerpt":{"rendered":"<p>\u00bfTe gustar\u00eda aprender a dise\u00f1ar todo tipo de mu\u00f1ecos en tela sin tener maquinas o herramientas costosas?<\/p>\n<p>Con el MasterClass APRENDE MU\u00d1ECOS EN TELA SIN MAQUINARIA lograr\u00e1s crear dise\u00f1os de mu\u00f1ecos encantadores, que te llevar\u00e1n a ser toda una experta en este arte y construir tu propio negocio sin necesidad de una gran inversi\u00f3n.<\/p>\n","protected":false},"featured_media":3572,"template":"","meta":{"_joinchat":[]},"product_brand":[],"product_cat":[321,344],"product_tag":[],"class_list":{"0":"post-12042","1":"product","2":"type-product","3":"status-publish","4":"has-post-thumbnail","6":"product_cat-diseno","7":"product_cat-todos","9":"first","10":"instock","11":"sale","12":"shipping-taxable","13":"product-type-external"},"_links":{"self":[{"href":"https:\/\/www.cursos.olgavelez.co\/cu\/wp-json\/wp\/v2\/product\/12042","targetHints":{"allow":["GET"]}}],"collection":[{"href":"https:\/\/www.cursos.olgavelez.co\/cu\/wp-json\/wp\/v2\/product"}],"about":[{"href":"https:\/\/www.cursos.olgavelez.co\/cu\/wp-json\/wp\/v2\/types\/product"}],"version-history":[{"count":2,"href":"https:\/\/www.cursos.olgavelez.co\/cu\/wp-json\/wp\/v2\/product\/12042\/revisions"}],"predecessor-version":[{"id":14287,"href":"https:\/\/www.cursos.olgavelez.co\/cu\/wp-json\/wp\/v2\/product\/12042\/revisions\/14287"}],"wp:featuredmedia":[{"embeddable":true,"href":"https:\/\/www.cursos.olgavelez.co\/cu\/wp-json\/wp\/v2\/media\/3572"}],"wp:attachment":[{"href":"https:\/\/www.cursos.olgavelez.co\/cu\/wp-json\/wp\/v2\/media?parent=12042"}],"wp:term":[{"taxonomy":"product_brand","embeddable":true,"href":"https:\/\/www.cursos.olgavelez.co\/cu\/wp-json\/wp\/v2\/product_brand?post=12042"},{"taxonomy":"product_cat","embeddable":true,"href":"https:\/\/www.cursos.olgavelez.co\/cu\/wp-json\/wp\/v2\/product_cat?post=12042"},{"taxonomy":"product_tag","embeddable":true,"href":"https:\/\/www.cursos.olgavelez.co\/cu\/wp-json\/wp\/v2\/product_tag?post=12042"}],"curies":[{"name":"wp","href":"https:\/\/api.w.org\/{rel}","templated":true}]}}