{"id":12034,"date":"2023-01-10T04:39:54","date_gmt":"2023-01-10T07:39:54","guid":{"rendered":"https:\/\/www.cursos.olgavelez.co\/cu\/?post_type=product&#038;p=12034"},"modified":"2023-09-20T16:05:27","modified_gmt":"2023-09-20T19:05:27","slug":"creacion-y-planeacion-de-contenido-para-instagram","status":"publish","type":"product","link":"https:\/\/www.cursos.olgavelez.co\/cu\/producto\/creacion-y-planeacion-de-contenido-para-instagram\/","title":{"rendered":"CREACI\u00d3N Y PLANEACI\u00d3N DE CONTENIDO PARA INSTAGRAM"},"content":{"rendered":"<p>\u00bfQuieres crear contenido de calidad y crecer en seguidores para lograr tus objetivos?<\/p>\n<p>Con el MASTER CLASS CREACI\u00d3N Y PLANEACI\u00d3N DE CONTENIDO PARA INSTAGRAM, conocer\u00e1s la colorimetr\u00eda, la tipograf\u00eda, las estad\u00edsticas, los tipos de feed y los formatos que existen, para que compartas contenido de valor a tu audiencia.<\/p>\n<p>\u00bfQU\u00c9 VAS A LOGRAR?<\/p>\n<p>Conocer\u00e1s cuales son los formatos de publicaci\u00f3n en Instagram y c\u00f3mo debemos utilizarlas a nuestro favor para crecer y viralizar nuestros perfiles.<\/p>\n<p>Identificar\u00e1s de manera profesionales cuales son las estad\u00edsticas empresariales que debemos tener en cuenta para nuestro plan de marca o perfil. <\/p>\n<p>Manejar\u00e1s profesionalmente el contenido de tu perfil, brindado a tu audiencia contenido de valor, producto y\/o servicio, oferta, etc.<\/p>\n<p>Crear\u00e1s un perfil llamativo, utilizando la colorimetr\u00eda y la tipograf\u00eda como conceptos claves para mejorar el aspecto de la p\u00e1gina, como resultado obteniendo una identidad de marca.<\/p>\n<p>Conocer\u00e1s minuciosamente cuales son los tipos de Feed que existen actualmente, su nivel de dificultad y como podr\u00e1s ejecutarlo para tu cuenta de Instagram.<\/p>\n<p>Encontrar\u00e1s el paso a paso de c\u00f3mo se debe planear contenido en 1 o 2 d\u00edas para todo un mes completo, brindando diferentes ejes tem\u00e1ticos que se relacionen con tu p\u00e1gina.<\/p>\n<p>Obtendr\u00e1s una serie de bonos exclusivos, clases personalizadas de creaci\u00f3n de contenido para tiendas de ropa, maquillaje, tiendas de regalos, nichos de la salud y marcas personal.<\/p>\n<p>Acceder\u00e1s al certificado avalado por Hotmart y Seminarios Online.<\/p>\n<p>\u00bfC\u00d3MO LO VAS A LOGRAR?<\/p>\n<p>A trav\u00e9s del siguiente contenido, estructurado paso a paso:<\/p>\n<p>M\u00f3dulo No.1 (CORE) PUV<\/p>\n<p>Introducci\u00f3n.<br \/>\n\u00bfPor qu\u00e9 es importante crear y planear contenido?<br \/>\n\u00bfPor qu\u00e9 elegimos Instagram?<br \/>\nParte No.1 \u2013Define el tipo de perfil, personal o empresarial.<br \/>\nParte No.2 &#8211; \u00bfQu\u00e9 es el feed de Instagram?<br \/>\nParte No.3 \u2013 Tipos de feed.<br \/>\nParte No.4 &#8211; Conociendo las herramientas de Instagram.<br \/>\nParte No.5 \u2013 Conociendo las estad\u00edsticas empresariales.<br \/>\nParte No.6 \u2013 Cuantas veces vamos a publicar.<br \/>\nParte No.7 \u2013 Tipo de p\u00fablico objetivo, perfila tu avatar.<br \/>\nParte No.8 \u2013 Formatos de Instagram.<br \/>\nParte No.9 &#8211; Definici\u00f3n de ejes tem\u00e1ticos.<br \/>\nParte No.10 \u2013 Listado de temas para contenido.<br \/>\nParte No.11 \u2013 Planeador de contenido virtual.<br \/>\nParte No.12 \u2013 Planeador de contenido f\u00edsico.<br \/>\nParte No.13 \u2013 Historias diarias.<br \/>\nParte No.14 \u2013 Historias destacadas.<br \/>\nParte No.15 \u2013 Escogiendo las herramientas de edici\u00f3n.<br \/>\nParte No.16 \u2013 Algoritmo de Instagram.<br \/>\nParte No.17 \u2013 Monitoria tu contenido. <\/p>\n<p>M\u00f3dulo No.2 Parte pr\u00e1ctica<\/p>\n<p>Nombre y perfil de Instagram.<br \/>\nOrganizando tu biograf\u00eda desde la web (paso a paso).<br \/>\nOrganizando tu biograf\u00eda desde la App (paso a paso).<br \/>\nEscogiendo la colorimetr\u00eda.<br \/>\nEscogiendo la tipograf\u00eda.<br \/>\nEscogiendo la tem\u00e1tica de contenido.<br \/>\nFeed mosaico o puzzle.<br \/>\nFeed con marcos blancos.<br \/>\nFeed de colores.<br \/>\nFeed tablero de ajedrez.<br \/>\nFeed l\u00edneas horizontales.<br \/>\nFeed l\u00edneas verticales.<br \/>\nEscogiendo la estructura del perfil.<br \/>\nPlantilla planeador de contenido virtual Excel drive.<br \/>\nPlantilla planeador de contenido virtual Canva.<br \/>\nPlantilla planeador de contenido virtual creator studio.<br \/>\nPlantilla planeador de contenido f\u00edsico.<br \/>\nEdici\u00f3n de contenido fotos.<br \/>\nCreando plantillas para historias diarias.<br \/>\nCreando portadas para historias destacadas. <\/p>\n<p>M\u00f3dulo No.3 Material adicional &#8211; BONOS<\/p>\n<p>Contenido para marca personal.<br \/>\nContenido para tienda de ropa, maquillaje y accesorios.<br \/>\nContenido para tiendas de regalo.<br \/>\nContenido para nichos de la salud.<br \/>\nVideo de youtube \u201c16 ideas y trucos para Instagram stories sin usar apps\u201d.<br \/>\nVideo de youtube \u201ceditar fotos en lightroom de forma profesional\u201d.<br \/>\nVideo de youtube \u201c\u00a1como editar videos desde tu celular! Inshot + snow app\u201d.<br \/>\nOrganizador mensual edit.org 7 d\u00edas premium gratis.<br \/>\nCanva pro 7 d\u00edas premium gratis.<\/p>\n<p>M\u00f3dulo No.4 Video respuestas<\/p>\n<p>\u00bfCada cu\u00e1nto tiempo debo publicar en mi feed?<br \/>\n\u00bfC\u00f3mo escojo mi contenido que sea ganador?<br \/>\n\u00bfEs importante escoger alg\u00fan tipo de feed de los que ya se vieron anteriormente?<\/p>\n<p>ACERCA DEL PRODUCTOR<\/p>\n<p>Desarrollado por MAR\u00cdA DE LOS \u00c1NGELES REYES, profesional en Negocios Internacionales, Marketer Digital certificada, experta en Instagram para Negocios y Community Manager con m\u00e1s de 1 a\u00f1o y medio de experiencia en gesti\u00f3n y manejo de redes sociales y herramientas digitales para emprendedores, negocios y marcas Latinoamericanas. <\/p>\n<p>Creadora de contenido profesional para Instagram.<\/p>\n","protected":false},"excerpt":{"rendered":"<p>\u00bfQuieres crear contenido de calidad y crecer en seguidores para lograr tus objetivos?<\/p>\n<p>Con el MASTER CLASS CREACI\u00d3N Y PLANEACI\u00d3N DE CONTENIDO PARA INSTAGRAM, conocer\u00e1s la colorimetr\u00eda, la tipograf\u00eda, las estad\u00edsticas, los tipos de feed y los formatos que existen, para que compartas contenido de valor a tu audiencia.<\/p>\n","protected":false},"featured_media":3563,"template":"","meta":{"_joinchat":[]},"product_brand":[],"product_cat":[321,344],"product_tag":[],"class_list":{"0":"post-12034","1":"product","2":"type-product","3":"status-publish","4":"has-post-thumbnail","6":"product_cat-diseno","7":"product_cat-todos","9":"first","10":"instock","11":"sale","12":"shipping-taxable","13":"product-type-external"},"_links":{"self":[{"href":"https:\/\/www.cursos.olgavelez.co\/cu\/wp-json\/wp\/v2\/product\/12034","targetHints":{"allow":["GET"]}}],"collection":[{"href":"https:\/\/www.cursos.olgavelez.co\/cu\/wp-json\/wp\/v2\/product"}],"about":[{"href":"https:\/\/www.cursos.olgavelez.co\/cu\/wp-json\/wp\/v2\/types\/product"}],"version-history":[{"count":2,"href":"https:\/\/www.cursos.olgavelez.co\/cu\/wp-json\/wp\/v2\/product\/12034\/revisions"}],"predecessor-version":[{"id":14278,"href":"https:\/\/www.cursos.olgavelez.co\/cu\/wp-json\/wp\/v2\/product\/12034\/revisions\/14278"}],"wp:featuredmedia":[{"embeddable":true,"href":"https:\/\/www.cursos.olgavelez.co\/cu\/wp-json\/wp\/v2\/media\/3563"}],"wp:attachment":[{"href":"https:\/\/www.cursos.olgavelez.co\/cu\/wp-json\/wp\/v2\/media?parent=12034"}],"wp:term":[{"taxonomy":"product_brand","embeddable":true,"href":"https:\/\/www.cursos.olgavelez.co\/cu\/wp-json\/wp\/v2\/product_brand?post=12034"},{"taxonomy":"product_cat","embeddable":true,"href":"https:\/\/www.cursos.olgavelez.co\/cu\/wp-json\/wp\/v2\/product_cat?post=12034"},{"taxonomy":"product_tag","embeddable":true,"href":"https:\/\/www.cursos.olgavelez.co\/cu\/wp-json\/wp\/v2\/product_tag?post=12034"}],"curies":[{"name":"wp","href":"https:\/\/api.w.org\/{rel}","templated":true}]}}