{"id":11994,"date":"2023-01-10T04:39:50","date_gmt":"2023-01-10T07:39:50","guid":{"rendered":"https:\/\/www.cursos.olgavelez.co\/cu\/?post_type=product&#038;p=11994"},"modified":"2023-09-20T16:05:25","modified_gmt":"2023-09-20T19:05:25","slug":"de-cero-a-experto-en-la-confeccion-de-chaquetas","status":"publish","type":"product","link":"https:\/\/www.cursos.olgavelez.co\/cu\/producto\/de-cero-a-experto-en-la-confeccion-de-chaquetas\/","title":{"rendered":"DE CERO A EXPERTO EN LA CONFECCI\u00d3N DE CHAQUETAS"},"content":{"rendered":"<p>\u00bfTe gusta el mundo de la confecci\u00f3n?<\/p>\n<p>Con el MasterClass DE CERO A EXPERTO EN LA CONFECCI\u00d3N DE CHAQUETAS, conocer\u00e1s los secretos mejor guardados de los profesionales que confeccionan chaquetas a la moda y con alta demanda.<\/p>\n<p>\u00bfQU\u00c9 VAS A LOGRAR?<\/p>\n<p>Aprender\u00e1s desde cero c\u00f3mo es la manera correcta de confeccionar una chaqueta.<\/p>\n<p>Aprender\u00e1s a organizar y conocer los tipos de tela para la confecci\u00f3n de una chaqueta.<\/p>\n<p>Aprender\u00e1s c\u00f3mo optimizar tu lugar de trabajo.<\/p>\n<p>Conocer\u00e1s los consejos y tips para que logres mayor rentabilidad en tu negocio.<\/p>\n<p>Crear\u00e1s prendas de calidad con t\u00e9cnicas r\u00e1pidas de patronaje y confecci\u00f3n.<\/p>\n<p>Podr\u00e1s conocer desde cero y sin experiencia previa, todo lo relacionado con el maravilloso mundo de la moda.<\/p>\n<p>Aplicar\u00e1s un nuevo m\u00e9todo de confecci\u00f3n que he perfeccionado por m\u00e1s de 20 a\u00f1os.<\/p>\n<p>Alcanzar\u00e1s tu independencia generando ingresos desde casa y ser tu propio jefe.<\/p>\n<p>Acceder\u00e1s al certificado avalado por Hotmart y Seminarios Online.<\/p>\n<p>\u00bfC\u00d3MO LO VAS A LOGRAR?<\/p>\n<p>A trav\u00e9s del siguiente contenido, estructurado paso a paso:<\/p>\n<p>MODULO 1 &#8211; DE CERO A EXPERTO EN LA CONFECCI\u00d3N DE CHAQUETAS<\/p>\n<p>Introducci\u00f3n.<br \/>\nQu\u00e9 vas a aprender.<br \/>\nQu\u00e9 vas a lograr.<br \/>\nC\u00f3mo lo vas a lograr.<br \/>\nPorque el negocio es rentable.<br \/>\nHerramientas necesarias para la confecci\u00f3n de una chaqueta.<br \/>\nPapeles para crear tu empresa de chaquetas.<\/p>\n<p>M\u00d3DULO 2 &#8211; CONFECCI\u00d3N DE CHAQUETA PARA USO EN CLIMA CALIDO<\/p>\n<p>Creaci\u00f3n molde pecho.<br \/>\nComo posicionar el bolsillo en el molde del pecho.<br \/>\nCreaci\u00f3n molde espaldar.<br \/>\nCreaci\u00f3n molde manga.<br \/>\nCreaci\u00f3n molde cuello.<br \/>\nCreaci\u00f3n molde capota.<br \/>\nMedidas de la tela para el corte de la chaqueta.<br \/>\nC\u00f3mo distribuir los moldes en la tela.<br \/>\nCorte de tela parte exterior de la chaqueta.<br \/>\nCorte de bolsillo tipo ribete.<br \/>\nDistribuci\u00f3n de moldes en tela parte interna de la chaqueta I.<br \/>\nDistribuci\u00f3n de moldes en tela parte interna de la chaqueta II.<br \/>\nCorte de tela parte interior de chaqueta.<br \/>\nComo hacer el bolsillo de la parte interna de la chaqueta.<br \/>\nUni\u00f3n del espaldar, delantero, manga parte interna de la chaqueta.<br \/>\nUni\u00f3n del cuello a la parte interna de la chaqueta.<br \/>\nCreaci\u00f3n del bolsillo tipo ribete lado derecho.<br \/>\nCreaci\u00f3n del bolsillo tipo ribete lado izquierdo.<br \/>\nUni\u00f3n del espaldar, delantero y cuello parte exterior de la chaqueta.<br \/>\nC\u00f3mo colocar la cremallera en la chaqueta.<br \/>\nComo unir la parte interna y externa de la chaqueta.<br \/>\nComo unir los pu\u00f1os de la chaqueta.<br \/>\nComo se voltea la chaqueta correctamente.<br \/>\nRepisando los pu\u00f1os.<br \/>\nRepisando el cuerpo de la chaqueta.<br \/>\nEmpaque de la chaqueta lista para la venta.  <\/p>\n<p>M\u00d3DULO 3 &#8211; BONO 1 MOLDES CON DIFERENTE TALLAJE<\/p>\n<p>Medidas para moldes talla M, L, XL de chaquetas.<\/p>\n<p>M\u00d3DULO 4 &#8211; BONO 2 CONFECCI\u00d3N DE CHAQUETA PARA CLIMAS FR\u00cdOS<\/p>\n<p>Caracter\u00edsticas pr\u00f3xima chaqueta a confeccionar.<br \/>\nDistribuci\u00f3n de moldes en tela parte exterior de la chaqueta.<br \/>\nCorte de tela parte exterior de la chaqueta.<br \/>\nDistribuci\u00f3n de moles en tela parte interior de la chaqueta.<br \/>\nCorte de tela parte interior de la chaqueta.<br \/>\nCreaci\u00f3n de bolsillo con cremallera parte interior chaqueta.<br \/>\nUni\u00f3n espaldar, hombro, delantero, parte interna.<br \/>\nCreaci\u00f3n bolsillo con cremallera lado derecho.<br \/>\nCreaci\u00f3n bolsillo con cremallera lado izquierdo.<br \/>\nUni\u00f3n espaldar, delantero, mangas parte exterior.<br \/>\nCreaci\u00f3n del forro capota.<br \/>\nCreaci\u00f3n de capota en tela exterior.<br \/>\nCreaci\u00f3n capota y cuello con cremallera.<br \/>\nUni\u00f3n cuello con cremallera a la chaqueta.<br \/>\nUni\u00f3n cremallera principal a la chaqueta.<br \/>\nUni\u00f3n forro a cuerpo de la chaqueta.<br \/>\nCorte de tela (resorte) para los pu\u00f1os.<br \/>\nUni\u00f3n de pu\u00f1os en la chaqueta.<br \/>\nForrando la capota.<br \/>\nComo voltear la chaqueta y la capota correctamente.<br \/>\nRepisando capota.<br \/>\nRepisando cuerpo de la chaqueta.<br \/>\nColocando capota en la chaqueta.<br \/>\nEmpaque de chaqueta lista para la distribuci\u00f3n.<\/p>\n<p>M\u00d3DULO 5 &#8211; VIDEO RESPUESTAS<\/p>\n<p>\u00bfQu\u00e9 hilo es m\u00e1s recomendado para confeccionar las chaquetas?<br \/>\n\u00bfPor qu\u00e9 es importante tener el contacto de mis proveedores?<\/p>\n<p>M\u00d3DULO 6 &#8211; \u00bfC\u00d3MO OBTENER TU CERTIFICADO?<\/p>\n<p>\u00bfC\u00f3mo obtener tu certificado?<\/p>\n<p>ACERCA DEL PRODUCTOR<\/p>\n<p>Desarrollado por JUAN CORT\u00c9S, profesional experto con m\u00e1s de 10 a\u00f1os de experiencia en el negocio de las ventas y en la confecci\u00f3n de chaquetas. <\/p>\n<p>Ha trabajado con importantes empresas en Colombia y en su capital Bogot\u00e1, como lo son la Secretar\u00eda de Educaci\u00f3n y la Secretar\u00eda de Salud en la confecci\u00f3n de su indumentaria como empresas del distrito.<\/p>\n<p>Actualmente, tiene su empresa de confecci\u00f3n presencial y virtualmente donde vende y promociona sus chaquetas a nivel nacional.<\/p>\n","protected":false},"excerpt":{"rendered":"<p>\u00bfTe gusta el mundo de la confecci\u00f3n?<\/p>\n<p>Con el MasterClass DE CERO A EXPERTO EN LA CONFECCI\u00d3N DE CHAQUETAS, conocer\u00e1s los secretos mejor guardados de los profesionales que confeccionan chaquetas a la moda y con alta demanda.<\/p>\n","protected":false},"featured_media":3553,"template":"","meta":{"_joinchat":[]},"product_brand":[],"product_cat":[321,344],"product_tag":[],"class_list":{"0":"post-11994","1":"product","2":"type-product","3":"status-publish","4":"has-post-thumbnail","6":"product_cat-diseno","7":"product_cat-todos","9":"first","10":"instock","11":"sale","12":"shipping-taxable","13":"product-type-external"},"_links":{"self":[{"href":"https:\/\/www.cursos.olgavelez.co\/cu\/wp-json\/wp\/v2\/product\/11994","targetHints":{"allow":["GET"]}}],"collection":[{"href":"https:\/\/www.cursos.olgavelez.co\/cu\/wp-json\/wp\/v2\/product"}],"about":[{"href":"https:\/\/www.cursos.olgavelez.co\/cu\/wp-json\/wp\/v2\/types\/product"}],"version-history":[{"count":2,"href":"https:\/\/www.cursos.olgavelez.co\/cu\/wp-json\/wp\/v2\/product\/11994\/revisions"}],"predecessor-version":[{"id":14268,"href":"https:\/\/www.cursos.olgavelez.co\/cu\/wp-json\/wp\/v2\/product\/11994\/revisions\/14268"}],"wp:featuredmedia":[{"embeddable":true,"href":"https:\/\/www.cursos.olgavelez.co\/cu\/wp-json\/wp\/v2\/media\/3553"}],"wp:attachment":[{"href":"https:\/\/www.cursos.olgavelez.co\/cu\/wp-json\/wp\/v2\/media?parent=11994"}],"wp:term":[{"taxonomy":"product_brand","embeddable":true,"href":"https:\/\/www.cursos.olgavelez.co\/cu\/wp-json\/wp\/v2\/product_brand?post=11994"},{"taxonomy":"product_cat","embeddable":true,"href":"https:\/\/www.cursos.olgavelez.co\/cu\/wp-json\/wp\/v2\/product_cat?post=11994"},{"taxonomy":"product_tag","embeddable":true,"href":"https:\/\/www.cursos.olgavelez.co\/cu\/wp-json\/wp\/v2\/product_tag?post=11994"}],"curies":[{"name":"wp","href":"https:\/\/api.w.org\/{rel}","templated":true}]}}