{"id":11871,"date":"2023-01-10T04:39:38","date_gmt":"2023-01-10T07:39:38","guid":{"rendered":"https:\/\/www.cursos.olgavelez.co\/cu\/?post_type=product&#038;p=11871"},"modified":"2023-09-20T16:05:22","modified_gmt":"2023-09-20T19:05:22","slug":"transforma-tus-resultados-financieros-con-pnl","status":"publish","type":"product","link":"https:\/\/www.cursos.olgavelez.co\/cu\/producto\/transforma-tus-resultados-financieros-con-pnl\/","title":{"rendered":"TRANSFORMA TUS RESULTADOS FINANCIEROS CON PNL"},"content":{"rendered":"<p>\u00bfSientes que tus ingresos no van acordes con tus acciones?<\/p>\n<p>Con el MASTER CLASS TRANSFORMA TUS FINANZAS CON PNL, comprender\u00e1s el proceso de tus pensamientos y c\u00f3mo interfieren en tus resultados. <\/p>\n<p>Adem\u00e1s, tendr\u00e1s las herramientas t\u00e9cnicas para organizar tus finanzas.<\/p>\n<p>\u00bfQU\u00c9 VAS A LOGRAR?<\/p>\n<p>Conocer\u00e1s la PNL y sus principios y pilares.<\/p>\n<p>Aprender\u00e1s sobre los presupuestos te\u00f3ricos de la PNL y como aplicarlos a tu vida.<\/p>\n<p>Comprender\u00e1s el proceso de tus pensamientos y c\u00f3mo interfieren en tus resultados.<\/p>\n<p>Tendr\u00e1s ejercicios pr\u00e1cticos para aplicar lo aprendido.<\/p>\n<p>Entender\u00e1s como aplicar la PNL en el coaching o autocoaching es tan efectivo.<\/p>\n<p>Tendr\u00e1s las herramientas t\u00e9cnicas de c\u00f3mo organizar tus finanzas.<\/p>\n<p>Acceder\u00e1s al certificado avalado por Hotmart y Seminarios Online.<\/p>\n<p>\u00bfC\u00d3MO LO VAS A LOGRAR?<\/p>\n<p>A trav\u00e9s de los siguientes m\u00f3dulos, estructurado en el paso a paso:<\/p>\n<p>M\u00f3dulo No.1 Introducci\u00f3n PNL.<\/p>\n<p>1. Introducci\u00f3n.<br \/>\n2. Justificaci\u00f3n.<br \/>\n3. Recomendaciones.<br \/>\n4. Introducci\u00f3n a la PNL.<br \/>\n5. Pilares de la PNL I.<br \/>\n6. Pilares de la PNL II.<br \/>\n7. Presupuestos de la PNL.<\/p>\n<p>M\u00f3dulo No. 2 Niveles Neurol\u00f3gicos del Pensamiento.<\/p>\n<p>8. Introducci\u00f3n a los niveles neurol\u00f3gicos del pensamiento.<br \/>\n9. Los pensamientos.<br \/>\n10. Los pensamientos y las leyes de la abundancia.<br \/>\n11. Niveles neurol\u00f3gicos del pensamiento.<br \/>\n12. Ejemplo de NNP.<br \/>\n13. Conclusiones de los NNP.<br \/>\n14. Pr\u00e1ctica 1.<br \/>\n15. Pr\u00e1ctica 2.<br \/>\n16. Pr\u00e1ctica 3.<br \/>\n17. Pr\u00e1ctica 4.<\/p>\n<p>M\u00f3dulo No. 3 Aplicaciones de la PNL.<\/p>\n<p>18. La PNL y el coaching.<br \/>\n19. Creencias I.<br \/>\n20. Creencias II.<br \/>\n21. Creencias III.<\/p>\n<p>M\u00f3dulo No. 4 Transformaci\u00f3n.<\/p>\n<p>22. Paso a la transformaci\u00f3n.<br \/>\n23. Plan de acci\u00f3n.<br \/>\n24. Relaci\u00f3n de ingresos y gastos.<br \/>\n25. Estados de resultados.<br \/>\n26. Presupuesto.<\/p>\n<p>M\u00f3dulo No. 5 Conclusi\u00f3n y preguntas frecuentes.<\/p>\n<p>27. Conclusiones y recomendaciones.<\/p>\n<p>M\u00f3dulo No. 6 Bonos.<\/p>\n<p>28. Conoce tu personalidad.<br \/>\n29. Debido manejo de las tarjetas de cr\u00e9dito.<\/p>\n<p>ACERCA DE LA PRODUCTORA<\/p>\n<p>Desarrollado por BETTY SALAS, emprendedora, madre y esposa, profesional en el \u00e1rea contable y financiera desde hace m\u00e1s de 15 a\u00f1os, M\u00e1ster en Finanzas; M\u00e1ster Trainer en PNL, Coach Financiero; ha trabajado con cientos de personas ayud\u00e1ndolas a organizar sus finanzas y a salir de deudas. <\/p>\n<p>Se ha entrenado con los mejores de la industria, para brindar a sus clientes herramientas que los lleven a un siguiente nivel.<\/p>\n<p>Tiene el lema \u201cAMO APRENDER, PERO M\u00c1S AMO ENSE\u00d1AR, YA QUE EL ENSE\u00d1AR ME PERMITE APRENDER DOBLE\u201d y es porque cree que realmente nuestras limitaciones y falta de cumplimiento de metas est\u00e1n en la escasez del conocimiento. <\/p>\n","protected":false},"excerpt":{"rendered":"<p>\u00bfSientes que tus ingresos no van acordes con tus acciones?<\/p>\n<p>Con el MASTER CLASS TRANSFORMA TUS FINANZAS CON PNL, comprender\u00e1s el proceso de tus pensamientos y c\u00f3mo interfieren en tus resultados. <\/p>\n<p>Adem\u00e1s, tendr\u00e1s las herramientas t\u00e9cnicas para organizar tus finanzas.<\/p>\n","protected":false},"featured_media":3488,"template":"","meta":{"_joinchat":[]},"product_brand":[],"product_cat":[320,344],"product_tag":[],"class_list":{"0":"post-11871","1":"product","2":"type-product","3":"status-publish","4":"has-post-thumbnail","6":"product_cat-desarrollo-personal","7":"product_cat-todos","9":"first","10":"instock","11":"sale","12":"shipping-taxable","13":"product-type-external"},"_links":{"self":[{"href":"https:\/\/www.cursos.olgavelez.co\/cu\/wp-json\/wp\/v2\/product\/11871","targetHints":{"allow":["GET"]}}],"collection":[{"href":"https:\/\/www.cursos.olgavelez.co\/cu\/wp-json\/wp\/v2\/product"}],"about":[{"href":"https:\/\/www.cursos.olgavelez.co\/cu\/wp-json\/wp\/v2\/types\/product"}],"version-history":[{"count":2,"href":"https:\/\/www.cursos.olgavelez.co\/cu\/wp-json\/wp\/v2\/product\/11871\/revisions"}],"predecessor-version":[{"id":14205,"href":"https:\/\/www.cursos.olgavelez.co\/cu\/wp-json\/wp\/v2\/product\/11871\/revisions\/14205"}],"wp:featuredmedia":[{"embeddable":true,"href":"https:\/\/www.cursos.olgavelez.co\/cu\/wp-json\/wp\/v2\/media\/3488"}],"wp:attachment":[{"href":"https:\/\/www.cursos.olgavelez.co\/cu\/wp-json\/wp\/v2\/media?parent=11871"}],"wp:term":[{"taxonomy":"product_brand","embeddable":true,"href":"https:\/\/www.cursos.olgavelez.co\/cu\/wp-json\/wp\/v2\/product_brand?post=11871"},{"taxonomy":"product_cat","embeddable":true,"href":"https:\/\/www.cursos.olgavelez.co\/cu\/wp-json\/wp\/v2\/product_cat?post=11871"},{"taxonomy":"product_tag","embeddable":true,"href":"https:\/\/www.cursos.olgavelez.co\/cu\/wp-json\/wp\/v2\/product_tag?post=11871"}],"curies":[{"name":"wp","href":"https:\/\/api.w.org\/{rel}","templated":true}]}}