{"id":11870,"date":"2023-01-10T04:39:38","date_gmt":"2023-01-10T07:39:38","guid":{"rendered":"https:\/\/www.cursos.olgavelez.co\/cu\/?post_type=product&#038;p=11870"},"modified":"2023-09-20T16:05:22","modified_gmt":"2023-09-20T19:05:22","slug":"abundancia-infinita-reto-21-dias","status":"publish","type":"product","link":"https:\/\/www.cursos.olgavelez.co\/cu\/producto\/abundancia-infinita-reto-21-dias\/","title":{"rendered":"ABUNDANCIA INFINITA RETO 21 D\u00cdAS"},"content":{"rendered":"<p>\u00bfSab\u00edas que puedes alcanzar la abundancia y lograr satisfacer ese deseo de paz, tranquilidad y felicidad que tanto anhelas en tan solo 21 d\u00edas?<\/p>\n<p>Con el entrenamiento ABUNDANCIA INFINITA RETO 21 DIAS Lograr\u00e1s dominar los principales conceptos para lograr la abundancia a trav\u00e9s de la meditaci\u00f3n y la atracci\u00f3n del dinero. <\/p>\n<p>INTRODUCCI\u00d3N<\/p>\n<p>\u00bfCansado de luchar en tus propias fuerzas para alcanzar la abundancia y sentir ese deseo de paz, tranquilidad y felicidad?<br \/>\nHay muchas personas que no sienten que tengan abundancia financiera a pesar del hecho de que su riqueza exceda los requerimientos b\u00e1sicos de comida techo, y ropa. <\/p>\n<p>A partir de aqu\u00ed, la persona de a pie, se mueve en un terreno peligroso, centrado en la escasez y no en la abundancia.<br \/>\nEl peligro de este patr\u00f3n es la tensi\u00f3n interna que genera, que impide que la creatividad, cegada por el miedo, desarrolle nuestras capacidades de generar y administrar los recursos econ\u00f3micos que nos merecemos.<\/p>\n<p>\u00bfQU\u00c9 VAS A LOGRAR?  <\/p>\n<p>Generaras experiencias \u00fanicas para que tus finanzas mejoren.<\/p>\n<p>Lograr\u00e1s dominar los principales conceptos para que la abundancia siempre este en tu vida. <\/p>\n<p>Conocer\u00e1s la raz\u00f3n por la cual tener nuevos h\u00e1bitos de atracci\u00f3n es el \u00e9xito en la vida.<\/p>\n<p>Aprender\u00e1s t\u00e9cnicas de meditaci\u00f3n y atracci\u00f3n del dinero. <\/p>\n<p>Comprender\u00e1s por qu\u00e9 la abundancia puede llegar en todo momento cuando la mente est\u00e1 abierta.<\/p>\n<p>Aprender\u00e1s a desarrollar un emprendimiento s\u00f3lido que sea resultado de tu abundancia con m\u00f3dulos donde aprender\u00e1s a mejorar cada aspecto de la vida. <\/p>\n<p>Sabr\u00e1s c\u00f3mo empatar con alta calidad de manera que puedes replicar este conocimiento en tu emprendimiento de forma lucrativa.<\/p>\n<p>Acceder\u00e1s al certificado avalado por Hotmart y Seminarios Online.<\/p>\n<p>\u00bfC\u00d3MO LO VAS A LOGRAR? <\/p>\n<p>A trav\u00e9s del siguiente contenido, estructurado paso a paso:<\/p>\n<p>Introducci\u00f3n<br \/>\nD\u00eda 1 Inicia el d\u00eda con pensamientos positivos. T\u00e9cnica de los 17 segundos<br \/>\nD\u00eda 1 Meditaci\u00f3n C\u00f3digo Sagrado 3333<br \/>\nD\u00eda 2 Define tu deseo. T\u00e9cnica de los 6 pasos<br \/>\nD\u00eda 2 Meditaci\u00f3n C\u00f3digo Sagrado 32<br \/>\nD\u00eda 3 Quien elijo ser. Discurso YO SOY<br \/>\nD\u00eda 3 Meditaci\u00f3n C\u00f3digo Sagrado 411<br \/>\nD\u00eda 4 Sentir es el secreto. T\u00e9cnica de la imaginaci\u00f3n<br \/>\nD\u00eda 4 Meditaci\u00f3n C\u00f3digo Sagrado 520<br \/>\nD\u00eda 5 Importancia de la meditaci\u00f3n<br \/>\nD\u00eda 5 Meditaci\u00f3n C\u00f3digo Sagrado 741<br \/>\nD\u00eda 6 Poniendo en pr\u00e1ctica la serenidad<br \/>\nD\u00eda 6 Meditaci\u00f3n C\u00f3digo Sagrado 858<br \/>\nD\u00eda 7 Perseverancia. La clave para la manifestaci\u00f3n<br \/>\nD\u00eda 7 Meditaci\u00f3n C\u00f3digo Sagrado 897<br \/>\nD\u00eda 8 La Gratitud<br \/>\nD\u00eda 9 Dones Universales<br \/>\nD\u00eda 10 Prosperidad 1% vs Prosperidad 99%<br \/>\nD\u00eda 11 C\u00f3mo usar la Ley de la Saturaci\u00f3n para atraer la Abundancia<br \/>\nD\u00eda 12 C\u00f3mo usar la Ley de Transmutaci\u00f3n y la Ley de la Polaridad para atraer la Abundancia<br \/>\nD\u00eda 13 C\u00f3mo usar la Ley de la Vibraci\u00f3n y la Ley R\u00edtmica para atraer la Abundancia\u00bb<br \/>\nD\u00eda 14 C\u00f3mo usar la Ley de la causa y efecto y la Ley del Proceso para atraer la Abundancia<br \/>\nD\u00eda 15 Desbloqueo para atraer la abundancia. \u00abEl Dinero\u00bb<br \/>\nD\u00eda 16 Desbloqueos para atraer la abundancia. \u00abEl Ego\u00bb<br \/>\nD\u00eda 17 Desbloqueo para atraer la abundancia. \u00abEl Estr\u00e9s\u00bb<br \/>\nD\u00eda 18 Desbloqueo para atraer la abundancia. \u00abEl Miedo\u00bb<br \/>\nD\u00eda 19 Desbloqueos para atraer la abundancia. \u00abEl Tiempo\u00bb<br \/>\nD\u00eda 20 Fe para atraer la abundancia<br \/>\nD\u00eda 21 Liderazgo para atraer la abundancia<\/p>\n<p>ACERCA DEL PRODUCTOR <\/p>\n<p>Desarrollado por PABLO LUZURIAGA Coach Financiero y de Liderazgo , estudi\u00f3 en Rich Dad , la academia financiera de Robert Kiyosaki , y certificado en el equipo de John Maxwell gur\u00fa en liderazgo, especialista en liderazgo y crecimiento de vida y JHOANA SOTO Coach de Liderazgo, Certificada en el equipo de John Maxwell Team, especialista en abundancia, atracci\u00f3n y mentalidad, son los encargados de guiarte en este reto, te entregan su experiencia y an\u00e1lisis de cada t\u00e1ctica diaria para crear ABUNDANCIA FINANCIERA.<\/p>\n","protected":false},"excerpt":{"rendered":"<p>\u00bfSab\u00edas que puedes alcanzar la abundancia y lograr satisfacer ese deseo de paz, tranquilidad y felicidad que tanto anhelas en tan solo 21 d\u00edas?<\/p>\n<p>Con el entrenamiento ABUNDANCIA INFINITA RETO 21 DIAS Lograr\u00e1s dominar los principales conceptos para lograr la abundancia a trav\u00e9s de la meditaci\u00f3n y la atracci\u00f3n del dinero. <\/p>\n","protected":false},"featured_media":3487,"template":"","meta":{"_joinchat":[]},"product_brand":[],"product_cat":[320,344],"product_tag":[],"class_list":{"0":"post-11870","1":"product","2":"type-product","3":"status-publish","4":"has-post-thumbnail","6":"product_cat-desarrollo-personal","7":"product_cat-todos","9":"first","10":"instock","11":"sale","12":"shipping-taxable","13":"product-type-external"},"_links":{"self":[{"href":"https:\/\/www.cursos.olgavelez.co\/cu\/wp-json\/wp\/v2\/product\/11870","targetHints":{"allow":["GET"]}}],"collection":[{"href":"https:\/\/www.cursos.olgavelez.co\/cu\/wp-json\/wp\/v2\/product"}],"about":[{"href":"https:\/\/www.cursos.olgavelez.co\/cu\/wp-json\/wp\/v2\/types\/product"}],"version-history":[{"count":2,"href":"https:\/\/www.cursos.olgavelez.co\/cu\/wp-json\/wp\/v2\/product\/11870\/revisions"}],"predecessor-version":[{"id":14204,"href":"https:\/\/www.cursos.olgavelez.co\/cu\/wp-json\/wp\/v2\/product\/11870\/revisions\/14204"}],"wp:featuredmedia":[{"embeddable":true,"href":"https:\/\/www.cursos.olgavelez.co\/cu\/wp-json\/wp\/v2\/media\/3487"}],"wp:attachment":[{"href":"https:\/\/www.cursos.olgavelez.co\/cu\/wp-json\/wp\/v2\/media?parent=11870"}],"wp:term":[{"taxonomy":"product_brand","embeddable":true,"href":"https:\/\/www.cursos.olgavelez.co\/cu\/wp-json\/wp\/v2\/product_brand?post=11870"},{"taxonomy":"product_cat","embeddable":true,"href":"https:\/\/www.cursos.olgavelez.co\/cu\/wp-json\/wp\/v2\/product_cat?post=11870"},{"taxonomy":"product_tag","embeddable":true,"href":"https:\/\/www.cursos.olgavelez.co\/cu\/wp-json\/wp\/v2\/product_tag?post=11870"}],"curies":[{"name":"wp","href":"https:\/\/api.w.org\/{rel}","templated":true}]}}