{"id":11755,"date":"2023-01-10T04:39:27","date_gmt":"2023-01-10T07:39:27","guid":{"rendered":"https:\/\/www.cursos.olgavelez.co\/cu\/?post_type=product&#038;p=11755"},"modified":"2023-09-20T16:05:19","modified_gmt":"2023-09-20T19:05:19","slug":"como-sobrevivir-a-las-pataletas-de-ninos-de-0-a-7-anos","status":"publish","type":"product","link":"https:\/\/www.cursos.olgavelez.co\/cu\/producto\/como-sobrevivir-a-las-pataletas-de-ninos-de-0-a-7-anos\/","title":{"rendered":"C\u00d3MO SOBREVIVIR A LAS PATALETAS DE NI\u00d1OS DE 0 A 7 A\u00d1OS"},"content":{"rendered":"<p>\u00bfTe has sentido desafiado y retado cuando tu hijo presenta desbordes emocionales?<\/p>\n<p>Con el MasterClass C\u00d3MO SOBREVIVIR A LAS PATALETAS DE NI\u00d1OS DE 0 A 7 A\u00d1OS, resolver\u00e1s cada situaci\u00f3n enfoc\u00e1ndote en la calma, y teniendo como objetivo no da\u00f1ar la relaci\u00f3n con tu hijo.  <\/p>\n<p>\u00bfQU\u00c9 VAS A LOGRAR?<\/p>\n<p>Entender\u00e1s qu\u00e9 pasa en el cerebro del ni\u00f1o y del adulto cuando se desbordan las emociones.<\/p>\n<p>Reconocer\u00e1s qu\u00e9 sucede en ti cuando la pataleta se desencadena.<\/p>\n<p>Tendr\u00e1s herramientas de autogesti\u00f3n y autocuidado para mantenerte en calma.<\/p>\n<p>Integrar\u00e1s algunas maneras de acompa\u00f1ar a tu hijo a volver a la calma.<\/p>\n<p>Identificar\u00e1s estrategias tradicionales de crianza y sus efectos en el desarrollo del ni\u00f1o y en las relaciones familiares.<\/p>\n<p>Aprender\u00e1s nuevas estrategias para gestionar tu sensaci\u00f3n de reto, frustraci\u00f3n y desaf\u00edo y a su vez estrategias que orientar\u00e1n a tu hijo a expresar su desacuerdo con respeto.<\/p>\n<p>Visualizar\u00e1s algunos ejemplos comunes de rabietas y c\u00f3mo atravesarlos.<\/p>\n<p>Acceder\u00e1s al certificado avalado por Hotmart y Seminarios Online.<\/p>\n<p>\u00bfC\u00d3MO LO VAS A LOGRAR?<\/p>\n<p>A trav\u00e9s del siguiente contenido, estructurado paso a paso:<\/p>\n<p>M\u00d3DULO 1 &#8211; (CORE) PUV.<\/p>\n<p>Introducci\u00f3n.<br \/>\nJustificaci\u00f3n: Por qu\u00e9 debes ver este curso hasta el final.<\/p>\n<p>M\u00d3DULO 2 &#8211; DEFINICI\u00d3N DE PATALETA<\/p>\n<p>Qu\u00e9 es una pataleta: Forma de comunicaci\u00f3n del ni\u00f1o.<br \/>\nQu\u00e9 pasa en el cerebro del ni\u00f1o durante una pataleta.<br \/>\nQu\u00e9 pasa en el cerebro del adulto durante la pataleta de un ni\u00f1o.<br \/>\nEl autocuidado garantiza que el adulto no haga pataleta con el ni\u00f1o (Algodones).<\/p>\n<p>M\u00d3DULO 3 \u2013 EL QU\u00c9 DIR\u00c1N<\/p>\n<p>Qu\u00e9 piensa la sociedad de las pataletas.<br \/>\nQu\u00e9 piensas t\u00fa sobre el qu\u00e9 dir\u00e1n en la crianza.<br \/>\nC\u00f3mo manejar los se\u00f1alamientos durante una pataleta.<\/p>\n<p>M\u00d3DULO 4 \u2013 CU\u00c1L ES EL OBJETIVO DE UNA PATALETA<\/p>\n<p>La importancia de los l\u00edmites.<br \/>\nQu\u00e9 meta tiene el ni\u00f1o y qu\u00e9 meta tiene el adulto.<br \/>\nCu\u00e1l debe ser la meta una vez se desata la pataleta.<\/p>\n<p>M\u00d3DULO 5 \u2013 C\u00d3MO RESOLV\u00cdAN LOS ADULTOS TUS PATALETAS CUANDO ERAS NI\u00d1O<\/p>\n<p>Qu\u00e9 veremos en este m\u00f3dulo.<br \/>\nAmenazas.<br \/>\nCastigo.<br \/>\nChantaje o premio.<\/p>\n<p>M\u00d3DULO 6 \u2013 NUEVAS ESTRATEGIAS PARA ACOMPA\u00d1AR UNA PATALETA<\/p>\n<p>Resumen hasta ac\u00e1.<br \/>\nTomar una decisi\u00f3n previamente. (PDF plantilla de decisiones previas).<br \/>\nEstilo de crianza: Firme y amable.<br \/>\nValidaci\u00f3n emocional.<br \/>\nOpciones limitadas.<br \/>\nProgramaci\u00f3n neuroling\u00fc\u00edstica, respiraci\u00f3n y energ\u00eda de tus manos.<\/p>\n<p>M\u00d3DULO 7 \u2013 PARTE PR\u00c1CTICA: EJEMPLOS Y SOLUCIONES.<\/p>\n<p>No me quiero ir del parque.<br \/>\nQuiero un juguete en el centro comercial.<br \/>\nNo quiero dejar de jugar.<br \/>\nNo voy a recoger los juguetes.<br \/>\nNo me quiero dormir.<\/p>\n<p>M\u00d3DULO 8 \u2013 BONOS \t \t<\/p>\n<p>Libros recomendados.<br \/>\nAceites esenciales.<br \/>\nMeditaci\u00f3n.<\/p>\n<p>M\u00d3DULO 9 &#8211; PREGUNTAS FRECUENTES<\/p>\n<p>\u00bfQu\u00e9 pasa si el ni\u00f1o me agrede?<br \/>\n\u00bfQu\u00e9 pasa si durante la pataleta agredo a mi hijo?<br \/>\n\u00bfQu\u00e9 hacer cuando los cuidadores intervienen en la pataleta?<\/p>\n<p>ACERCA DE LA PRODUCTORA<\/p>\n<p>Desarrollado por CAROLINA HERN\u00c1NDEZ, periodista con formaci\u00f3n en programaci\u00f3n neuroling\u00fc\u00edstica, disciplina positiva, desarrollo cerebral, y literatura infantil.  <\/p>\n<p>Caro es mam\u00e1 de dos ni\u00f1os, y cre\u00f3 Amo Ser Mam\u00e1 para acompa\u00f1ar a padres de familia a mejorar las relaciones familiares y reconocer su rol en el desarrollo de sus hijos.<\/p>\n<p>Sus conocimientos han estado disponibles para las familias en sus redes sociales @amosermamma por m\u00e1s de 8 a\u00f1os, y ha guiado a padres de familias en talleres y asesor\u00edas alrededor de temas como: estrategias respetuosas de crianza, herramientas para fortalecer la lectoescritura, el poder de lo que decimos los padres y las conversaciones familiares que proponemos, sexualidad, consumo de sustancias y otros temas a los que les tememos, pero enfrentaremos todas las familias.<\/p>\n","protected":false},"excerpt":{"rendered":"<p>\u00bfTe has sentido desafiado y retado cuando tu hijo presenta desbordes emocionales?<\/p>\n<p>Con el MasterClass C\u00d3MO SOBREVIVIR A LAS PATALETAS DE NI\u00d1OS DE 0 A 7 A\u00d1OS, resolver\u00e1s cada situaci\u00f3n enfoc\u00e1ndote en la calma, y teniendo como objetivo no da\u00f1ar la relaci\u00f3n con tu hijo.  <\/p>\n","protected":false},"featured_media":3432,"template":"","meta":{"_joinchat":[]},"product_brand":[],"product_cat":[320,344],"product_tag":[],"class_list":{"0":"post-11755","1":"product","2":"type-product","3":"status-publish","4":"has-post-thumbnail","6":"product_cat-desarrollo-personal","7":"product_cat-todos","9":"first","10":"instock","11":"sale","12":"shipping-taxable","13":"product-type-external"},"_links":{"self":[{"href":"https:\/\/www.cursos.olgavelez.co\/cu\/wp-json\/wp\/v2\/product\/11755","targetHints":{"allow":["GET"]}}],"collection":[{"href":"https:\/\/www.cursos.olgavelez.co\/cu\/wp-json\/wp\/v2\/product"}],"about":[{"href":"https:\/\/www.cursos.olgavelez.co\/cu\/wp-json\/wp\/v2\/types\/product"}],"version-history":[{"count":2,"href":"https:\/\/www.cursos.olgavelez.co\/cu\/wp-json\/wp\/v2\/product\/11755\/revisions"}],"predecessor-version":[{"id":14150,"href":"https:\/\/www.cursos.olgavelez.co\/cu\/wp-json\/wp\/v2\/product\/11755\/revisions\/14150"}],"wp:featuredmedia":[{"embeddable":true,"href":"https:\/\/www.cursos.olgavelez.co\/cu\/wp-json\/wp\/v2\/media\/3432"}],"wp:attachment":[{"href":"https:\/\/www.cursos.olgavelez.co\/cu\/wp-json\/wp\/v2\/media?parent=11755"}],"wp:term":[{"taxonomy":"product_brand","embeddable":true,"href":"https:\/\/www.cursos.olgavelez.co\/cu\/wp-json\/wp\/v2\/product_brand?post=11755"},{"taxonomy":"product_cat","embeddable":true,"href":"https:\/\/www.cursos.olgavelez.co\/cu\/wp-json\/wp\/v2\/product_cat?post=11755"},{"taxonomy":"product_tag","embeddable":true,"href":"https:\/\/www.cursos.olgavelez.co\/cu\/wp-json\/wp\/v2\/product_tag?post=11755"}],"curies":[{"name":"wp","href":"https:\/\/api.w.org\/{rel}","templated":true}]}}