{"id":11749,"date":"2023-01-10T04:39:26","date_gmt":"2023-01-10T07:39:26","guid":{"rendered":"https:\/\/www.cursos.olgavelez.co\/cu\/?post_type=product&#038;p=11749"},"modified":"2023-09-20T16:05:18","modified_gmt":"2023-09-20T19:05:18","slug":"7-semanas-para-sanar-cuerpo-y-mente","status":"publish","type":"product","link":"https:\/\/www.cursos.olgavelez.co\/cu\/producto\/7-semanas-para-sanar-cuerpo-y-mente\/","title":{"rendered":"7 SEMANAS PARA SANAR CUERPO Y MENTE"},"content":{"rendered":"<p>\u00bfTe gustar\u00eda desactivar los problemas de salud desde el origen y superar las enfermedades?<\/p>\n<p>Con el Master Class 7 SEMANAS PARA SANAR CUERPO Y MENTE, potencializar\u00e1s tu energ\u00eda vital, para cambiar los sentimientos negativos que causan enfermedades como el c\u00e1ncer, para transformar en fuerza de vida y regenerar tu cuerpo.<\/p>\n<p>\u00bfQU\u00c9 VAS A LOGRAR?<\/p>\n<p>Descubrir\u00e1s que el diagn\u00f3stico de enfermedad, incluso si es c\u00e1ncer, no es el fin.<\/p>\n<p>Aprender\u00e1s c\u00f3mo potenciar tu energ\u00eda vital, para cambiar los sentimientos negativos que causan enfermedades como el c\u00e1ncer, transformarlos en fuerza de vida y regenerar tu cuerpo.<\/p>\n<p>Descubrir\u00e1s la ra\u00edz de los problemas de salud, c\u00f3mo manejar el estr\u00e9s, la depresi\u00f3n y la ansiedad; as\u00ed como el insomnio y el dolor, para alcanzar el bienestar mental y f\u00edsico, que tanto necesitas para ser feliz.<\/p>\n<p>Desarrollar\u00e1s una actitud positiva y descubrir\u00e1s que la vida es amorosa, sentir\u00e1s paz, alivio f\u00edsico y emocional, que te ayudar\u00e1n a tomar acci\u00f3n y cambiar la trayectoria de tu destino.<\/p>\n<p>Descubrir\u00e1s c\u00f3mo reprogramar tu mente y tu cuerpo, c\u00f3mo modificar patrones de comportamiento que generan la enfermedad, aprende c\u00f3mo vivir una vida plena y dejar la angustia y la ansiedad.<\/p>\n<p>Acceder\u00e1s al certificado avalado por Hotmart y Seminarios Online.<\/p>\n<p>\u00bfC\u00d3MO LO VAS A LOGRAR?<\/p>\n<p>A trav\u00e9s del siguiente contenido, estructurado paso a paso:<\/p>\n<p>M\u00d3DULO 1 &#8211; INTRODUCCI\u00d3N<\/p>\n<p>Introducci\u00f3n a la metodolog\u00eda.<\/p>\n<p>M\u00d3DULO 2 &#8211; SIETE SEMANAS PARA SANAR<\/p>\n<p>Semana 1: La trampa de la convicci\u00f3n.<br \/>\nSemana 2: El reset mental.<br \/>\nSemana 3: La enfermedad tiene un prop\u00f3sito.<br \/>\nSemana 4: Aprende c\u00f3mo elevar tu energ\u00eda vital.<br \/>\nSemana 5: Eliminaci\u00f3n de bloqueos y reset de creencias.<br \/>\nSemana 6: Aprende a perdonar como un auto regalo.<br \/>\nSemana 7: El poder secreto de la palabra.<\/p>\n<p>M\u00d3DULO 3 &#8211; MATERIAL ADICIONAL (BONOS)<\/p>\n<p>C\u00f3mo usar los audios para hacer un detox y reacondicionar tu mente para superar la enfermedad.<br \/>\nAudio: El alivio del dolor.<br \/>\nAudio: Detox.<br \/>\nAudio: Hipnosis.<br \/>\nAudio: Despertar de la intuici\u00f3n.<br \/>\nAudio: Eliminar alergias respiratorias.<br \/>\nAudio: Eliminar la diarrea y desinflamar el colon.<br \/>\nAudio: Eliminar la fibromialgia.<br \/>\nAudio: Ejercicio del perd\u00f3n.<br \/>\nE-book. PDF. Las 13 claves para recuperar tu salud y vivir una vida plena.<br \/>\nE-book. PDF. Las 5 claves para mejorar el efecto de cualquier terapia.<\/p>\n<p>M\u00d3DULO 4 &#8211; VIDEO RESPUESTAS<\/p>\n<p>\u00bfSi hago este curso voy a sanar?<br \/>\n\u00bfDebo abandonar la quimioterapia?<br \/>\n\u00bfPuedo abandonar los remedios o medicamentos?<\/p>\n<p>M\u00d3DULO 5 &#8211; \u00bfC\u00d3MO OBTENER TU CERTIFICADO?<\/p>\n<p>\u00bfC\u00f3mo obtener tu certificado?<\/p>\n<p>ACERCA DEL PRODUCTOR<\/p>\n<p>Desarrollado por REN\u00c9 URZ\u00daA, se convirti\u00f3 en Coach de Terapias Complementarias despu\u00e9s de ser diagnosticado y haber superado el c\u00e1ncer en dos ocasiones.<\/p>\n<p>En su camino por superar la enfermedad, aprendi\u00f3 y puso en pr\u00e1ctica las ense\u00f1anzas de grandes referentes a nivel mundial. Se especializ\u00f3 en Bioneuroemoci\u00f3n y en las 5 leyes de la biolog\u00eda del doctor Ryke Hamer.<\/p>\n<p>Aprendi\u00f3 c\u00f3mo reprogramar la mente para sanar, desarroll\u00f3 la metodolog\u00eda \u201cEl Bioc\u00f3digo\u201d que se incluye en esta MasterClass 7 Semanas Para Sanar.<\/p>\n<p>Ren\u00e9 lleva m\u00e1s de 10 a\u00f1os acompa\u00f1ando a personas con diagn\u00f3stico de c\u00e1ncer y otras condiciones de salud limitantes, para desactivar los c\u00f3digos ocultos detr\u00e1s de la enfermedad. Con su m\u00e9todo ense\u00f1a a limpiar las cargas familiares, eliminar los bloqueos mentales y a empoderarse, para transformar la enfermedad en una oportunidad, para construir una vida nueva, libre y feliz.<\/p>\n","protected":false},"excerpt":{"rendered":"<p>\u00bfTe gustar\u00eda desactivar los problemas de salud desde el origen y superar las enfermedades?<\/p>\n<p>Con el Master Class 7 SEMANAS PARA SANAR CUERPO Y MENTE, potencializar\u00e1s tu energ\u00eda vital, para cambiar los sentimientos negativos que causan enfermedades como el c\u00e1ncer, para transformar en fuerza de vida y regenerar tu cuerpo.<\/p>\n","protected":false},"featured_media":3426,"template":"","meta":{"_joinchat":[]},"product_brand":[],"product_cat":[320,344],"product_tag":[],"class_list":{"0":"post-11749","1":"product","2":"type-product","3":"status-publish","4":"has-post-thumbnail","6":"product_cat-desarrollo-personal","7":"product_cat-todos","9":"first","10":"instock","11":"sale","12":"shipping-taxable","13":"product-type-external"},"_links":{"self":[{"href":"https:\/\/www.cursos.olgavelez.co\/cu\/wp-json\/wp\/v2\/product\/11749","targetHints":{"allow":["GET"]}}],"collection":[{"href":"https:\/\/www.cursos.olgavelez.co\/cu\/wp-json\/wp\/v2\/product"}],"about":[{"href":"https:\/\/www.cursos.olgavelez.co\/cu\/wp-json\/wp\/v2\/types\/product"}],"version-history":[{"count":2,"href":"https:\/\/www.cursos.olgavelez.co\/cu\/wp-json\/wp\/v2\/product\/11749\/revisions"}],"predecessor-version":[{"id":14144,"href":"https:\/\/www.cursos.olgavelez.co\/cu\/wp-json\/wp\/v2\/product\/11749\/revisions\/14144"}],"wp:featuredmedia":[{"embeddable":true,"href":"https:\/\/www.cursos.olgavelez.co\/cu\/wp-json\/wp\/v2\/media\/3426"}],"wp:attachment":[{"href":"https:\/\/www.cursos.olgavelez.co\/cu\/wp-json\/wp\/v2\/media?parent=11749"}],"wp:term":[{"taxonomy":"product_brand","embeddable":true,"href":"https:\/\/www.cursos.olgavelez.co\/cu\/wp-json\/wp\/v2\/product_brand?post=11749"},{"taxonomy":"product_cat","embeddable":true,"href":"https:\/\/www.cursos.olgavelez.co\/cu\/wp-json\/wp\/v2\/product_cat?post=11749"},{"taxonomy":"product_tag","embeddable":true,"href":"https:\/\/www.cursos.olgavelez.co\/cu\/wp-json\/wp\/v2\/product_tag?post=11749"}],"curies":[{"name":"wp","href":"https:\/\/api.w.org\/{rel}","templated":true}]}}