{"id":11688,"date":"2023-01-10T04:39:20","date_gmt":"2023-01-10T07:39:20","guid":{"rendered":"https:\/\/www.cursos.olgavelez.co\/cu\/?post_type=product&#038;p=11688"},"modified":"2023-09-20T16:05:17","modified_gmt":"2023-09-20T19:05:17","slug":"chocolateria-master-chocoart-academy","status":"publish","type":"product","link":"https:\/\/www.cursos.olgavelez.co\/cu\/producto\/chocolateria-master-chocoart-academy\/","title":{"rendered":"CHOCOLATER\u00cdA MASTER \u2013 CHOCOART ACADEMY"},"content":{"rendered":"<p>Seg\u00fan estudios, el chocolate genera un estado de euforia y bienestar al comerlo que lo hace innolvidable.  <\/p>\n<p>Sin duda, !Amamos el chocolate!<\/p>\n<p>Mmm Si te lo imaginas, tienes que conocer el programa CHOCOLATER\u00cdA MASTER.   <\/p>\n<p>Conoce los secretos de este dulce pecado culinario.<\/p>\n<p>Aprende c\u00f3mo hacer irresistibles coberturas de chocolate, las preparaciones y dise\u00f1os que puedes hacer con esta incre\u00edble tentaci\u00f3n.<\/p>\n<p>Si a\u00fan piensas en chocolate, derr\u00edtete! <\/p>\n<p>\u00bfQU\u00c9 VAS A LOGRAR?<\/p>\n<p>Aprender\u00e1s varias t\u00e9cnicas para fundir adecuadamente la cobertura sabor a chocolate (blanco y de leche).<\/p>\n<p>Realizar\u00e1s bombones de chocolate y les dar\u00e1s un brillo inigualable.<\/p>\n<p>Har\u00e1s las mejores trufas adem\u00e1s de algunas t\u00e9cnicas para decorar las mismas.<\/p>\n<p>Realizar\u00e1s los famosos emojis de chocolate (realizaci\u00f3n y t\u00e9cnica).<\/p>\n<p>Pigmentar\u00e1s la cobertura sabor a chocolate blanco para obtener varios tipos de colores.<\/p>\n<p>Conocer\u00e1s el arte de cubrir fresas con chocolate y t\u00e9cnicas magn\u00edficas de decoraci\u00f3n.<\/p>\n<p>Realizar\u00e1s cajas decoradas para hacer diferentes tipos de arreglos.<\/p>\n<p>Aprender\u00e1s a realizar cajas decoradas para hacer diferentes tipos de arreglos.<\/p>\n<p>Combinar\u00e1s fresas con chocolate para hacer arreglos incre\u00edbles.<\/p>\n<p>Aprender\u00e1s a cubrir de chocolate las galletas Oreo y a escribir con chocolate sobre ellas.<\/p>\n<p>Realizar\u00e1s mini paletas a base de Nutella y Oreo.<\/p>\n<p>Decorar\u00e1s mini paletas de Nutella para las diferentes \u00e9pocas del a\u00f1o (Navidad, Halloween, San Valent\u00edn, etc.).<\/p>\n<p>Aprender\u00e1s a hacer un bouquet con rosas y fresas cubiertas con chocolate.<\/p>\n<p>Aplicar\u00e1s adecuadamente oro comestible.<\/p>\n<p>Acceder\u00e1s al certificado avalado por Hotmart y Seminarios Online.<\/p>\n<p>\u00bfC\u00d3MO LO VAS A LOGRAR?<\/p>\n<p>El programa est\u00e1 compuesto de la siguiente manera:<\/p>\n<p>Fase 1: Chocolater\u00eda b\u00e1sica<\/p>\n<p>M\u00f3dulo 1 &#8211; Fundir y tipos de chocolate<br \/>\nM\u00f3dulo 2 &#8211; Bomboner\u00eda<br \/>\nM\u00f3dulo 3 &#8211; Trufas<br \/>\nM\u00f3dulo 4 &#8211; Emojis de chocolate <\/p>\n<p>Fase 2: Arte con chocolate <\/p>\n<p>M\u00f3dulo 1 &#8211; Fresas decoradas<br \/>\nM\u00f3dulo 2 &#8211; Oreopops (oreos decoradas)<br \/>\nM\u00f3dulo 3 &#8211; Paletas (nutella y oreo) <\/p>\n<p>Fase 3: Arreglos originales<\/p>\n<p>M\u00f3dulo 1 &#8211; Fresas rosas bouquet cajas<br \/>\nM\u00f3dulo 2 &#8211; Caja de oreos<br \/>\nM\u00f3dulo 3 &#8211; Arreglo con paletas, arreglo con bombones, trufas y emojis de chocolate <\/p>\n<p>Bonus &#038; Masterclases<\/p>\n<p>Bono 1: Master Class 1 &#8211; Oro comestible<br \/>\nBono 2: Master Class 2 &#8211; Coraz\u00f3n con rosas y fresas.                                                                    ACERCA DE LA PRODUCTORA<\/p>\n<p>Desarrollado por CONY PANTOJA MONTENEGRO, creadora de la marca, los dise\u00f1os y la esencia sinigual de la tienda de regalos ChocoArt Pasto.<\/p>\n<p>Con m\u00e1s de 5 a\u00f1os de experiencia, ha logrado establecer un negocio rentable de chocolater\u00eda artesanal. <\/p>\n<p>Su pasi\u00f3n por hacer \u201carte con chocolate\u201d la ha llevado a buscar la innovaci\u00f3n constante, de tal forma que sus clientes tengan completa garant\u00eda e inter\u00e9s en sus productos. <\/p>\n<p>Por otra parte, ChocoArt Pasto cuenta con una comunidad activa en redes sociales, en Instagram con m\u00e1s de 7 mil seguidores y en Facebook con m\u00e1s de 10 mil seguidores, esto la posiciona como una de las tiendas m\u00e1s reconocidas de la ciudad, dejando claro su profesionalismo y amor por el trabajo con chocolate. <\/p>\n","protected":false},"excerpt":{"rendered":"<p>Seg\u00fan estudios, el chocolate genera un estado de euforia y bienestar al comerlo que lo hace innolvidable.  <\/p>\n<p>Sin duda, !Amamos el chocolate!<\/p>\n<p>Mmm Si te lo imaginas, tienes que conocer el programa CHOCOLATER\u00cdA MASTER.   <\/p>\n<p>Conoce los secretos de este dulce pecado culinario.<\/p>\n<p>Aprende c\u00f3mo hacer irresistibles coberturas de chocolate, las preparaciones y dise\u00f1os que puedes hacer con esta incre\u00edble tentaci\u00f3n.<\/p>\n<p>Si a\u00fan piensas en chocolate, derr\u00edtete! <\/p>\n","protected":false},"featured_media":3397,"template":"","meta":{"_joinchat":[]},"product_brand":[],"product_cat":[319,344],"product_tag":[],"class_list":{"0":"post-11688","1":"product","2":"type-product","3":"status-publish","4":"has-post-thumbnail","6":"product_cat-culinaria-y-gastronomia","7":"product_cat-todos","9":"first","10":"instock","11":"sale","12":"shipping-taxable","13":"product-type-external"},"_links":{"self":[{"href":"https:\/\/www.cursos.olgavelez.co\/cu\/wp-json\/wp\/v2\/product\/11688","targetHints":{"allow":["GET"]}}],"collection":[{"href":"https:\/\/www.cursos.olgavelez.co\/cu\/wp-json\/wp\/v2\/product"}],"about":[{"href":"https:\/\/www.cursos.olgavelez.co\/cu\/wp-json\/wp\/v2\/types\/product"}],"version-history":[{"count":2,"href":"https:\/\/www.cursos.olgavelez.co\/cu\/wp-json\/wp\/v2\/product\/11688\/revisions"}],"predecessor-version":[{"id":14113,"href":"https:\/\/www.cursos.olgavelez.co\/cu\/wp-json\/wp\/v2\/product\/11688\/revisions\/14113"}],"wp:featuredmedia":[{"embeddable":true,"href":"https:\/\/www.cursos.olgavelez.co\/cu\/wp-json\/wp\/v2\/media\/3397"}],"wp:attachment":[{"href":"https:\/\/www.cursos.olgavelez.co\/cu\/wp-json\/wp\/v2\/media?parent=11688"}],"wp:term":[{"taxonomy":"product_brand","embeddable":true,"href":"https:\/\/www.cursos.olgavelez.co\/cu\/wp-json\/wp\/v2\/product_brand?post=11688"},{"taxonomy":"product_cat","embeddable":true,"href":"https:\/\/www.cursos.olgavelez.co\/cu\/wp-json\/wp\/v2\/product_cat?post=11688"},{"taxonomy":"product_tag","embeddable":true,"href":"https:\/\/www.cursos.olgavelez.co\/cu\/wp-json\/wp\/v2\/product_tag?post=11688"}],"curies":[{"name":"wp","href":"https:\/\/api.w.org\/{rel}","templated":true}]}}