{"id":11671,"date":"2023-01-10T04:39:19","date_gmt":"2023-01-10T07:39:19","guid":{"rendered":"https:\/\/www.cursos.olgavelez.co\/cu\/?post_type=product&#038;p=11671"},"modified":"2023-09-20T16:05:16","modified_gmt":"2023-09-20T19:05:16","slug":"smoothies-saludables","status":"publish","type":"product","link":"https:\/\/www.cursos.olgavelez.co\/cu\/producto\/smoothies-saludables\/","title":{"rendered":"SMOOTHIES SALUDABLES"},"content":{"rendered":"<p>\u00bfEres de esas personas creativas que les gusta cocinar algo distinto, nutritivo y delicioso desde casa?  <\/p>\n<p>\u00bfTe gusta sentirte m\u00e1s vital con lo que comes?<\/p>\n<p>Con el MasterClass SMOOTHIES SALUDABLES; aprende a preparar estas bebidas cremosas y exquisitas hechas con trozos y zumos de fruta que han mejorado la vida de muchas personas.<\/p>\n<p>Cambia de una vez por todas, esos dulces pecados hechos con az\u00facares refinados por una opci\u00f3n sana y diferente con recetas nutritivas que te har\u00e1n sentir mejor.<\/p>\n<p>\u00bfQU\u00c9 VAS A LOGRAR?<\/p>\n<p>Lograr\u00e1s aprender sobre los beneficios que tienen determinadas frutas para ti.<\/p>\n<p>Identificar\u00e1s y derrumbar\u00e1s los mitos que te impiden comer saludable y dedicar tiempo para ti, sin pensar que vas a gastar gran parte de el.<\/p>\n<p>Entender\u00e1s que los mitos son superados con cuesti\u00f3n de conocimiento y actitud para aprender. <\/p>\n<p>Aprender\u00e1s de las combinaciones m\u00e1s deliciosas y nutritivas para cada d\u00eda.<\/p>\n<p>Entender\u00e1s que cada fruta tiene un beneficio diferente y que uni\u00e9ndola con otra con un beneficio similar, puedes potenciar mucho m\u00e1s sus beneficios.<\/p>\n<p>La diabetes, o alguna enfermedad similar son un riesgo en cualquier tipo de alimentaci\u00f3n no balanceada, por lo tanto, en este curso aprender\u00e1s cuales son las porciones indicadas para las personas.<\/p>\n<p>Aprender\u00e1s Tips de Nutrici\u00f3n diaria de manera pr\u00e1ctica, saludable y deliciosa.<\/p>\n<p>Conocer\u00e1s una opci\u00f3n alimentaci\u00f3n saludable antes de un desgaste cal\u00f3rico importante. <\/p>\n<p>Conocer\u00e1s cu\u00e1les son los ingredientes necesarios, los materiales y accesorios para cocinar.<\/p>\n<p>Tendr\u00e1s una idea de negocio, f\u00e1cil, deliciosa y con bajo costo. <\/p>\n<p>Acceder\u00e1s al certificado avalado por Hotmart y Seminarios Online.<\/p>\n<p>\u00bfC\u00d3MO LO VAS A LOGRAR?<\/p>\n<p>A trav\u00e9s del siguiente contenido estructurado paso a paso:<\/p>\n<p>VIDEO 1: Bienvenida.<\/p>\n<p>VIDEO 2: Presentaci\u00f3n.<\/p>\n<p>VIDEO 3: Conceptos<\/p>\n<p>VIDEO 4: Tabla nutricional.<\/p>\n<p>VIDEO 5: Vitamina A.<\/p>\n<p>VIDEO 6: Vitamina B.<\/p>\n<p>VIDEO 7: Vitamina D.<\/p>\n<p>VIDEO 8: Los frutos secos.<\/p>\n<p>VIDEO 9: El man\u00ed.<\/p>\n<p>VIDEO 10: Explicaci\u00f3n de el F\u00f3sforo<\/p>\n<p>VIDEO 11: El Mara\u00f1on.<\/p>\n<p>VIDEO 12: Las semillas de calabaza.<\/p>\n<p>VIDEO 13: Los smoothies y los bowls.<\/p>\n<p>VIDEO 14: La importancia de las recetas<\/p>\n<p>VIDEO 15: La importancia del Potasio. <\/p>\n<p>VIDEO 16: 1 Smoothie y Bowl Papaya \u2013 Fresa \/ rico en Potasio.<\/p>\n<p>VIDEO 17: 2 Smoothie y Bowl Banano y Fresa \/ rico en Potasio.<\/p>\n<p>VIDEO 18: 1 Smoothie y Bowl Mango \u2013 Kiwi \/ rico en Vitamina A<\/p>\n<p>VIDEO 19: 2 Smoothie y Bowl Papaya \u2013 Pi\u00f1a \/ rico en Vitamina A.<\/p>\n<p>VIDEO 20: La importancia de la vitamina A.<\/p>\n<p>VIDEO 21: 1 Smoothie y Bowl Mango \u2013 Banano \/ rico en F\u00f3sforo.<\/p>\n<p>VIDEO 22: La importancia del f\u00f3sforo.<\/p>\n<p>VIDEO 23: 2 Smoothie y Bowl Mango \u2013 Maracuy\u00e1 \/ rico en F\u00f3sforo. <\/p>\n<p>VIDEO 24: La importancia del Calcio. <\/p>\n<p>VIDEO 25: 1 Smoothie Fresa \u2013 Sand\u00eda \/ rico en Calcio. <\/p>\n<p>VIDEO 26: 2 Smoothie Kiwi \u2013 Banano \/ rico en Calcio. <\/p>\n<p>VIDEO 27: La importancia de la Vitamina C. <\/p>\n<p>VIDEO 28: 1 Smoothie y Bowl Mandarina \u2013 Pi\u00f1a \/ Vitamina C.<\/p>\n<p>VIDEO 29: 2 Smoothie Guanabana \u2013 Fresa \/ Vitamina C. <\/p>\n<p>ACERCA DE LA PRODUCTORA<\/p>\n<p>Desarrollado por VALERIA SANDOVAL, colombiana, mujer emprendedora y con deseos de ense\u00f1ar a otros. <\/p>\n<p>Apasionada con la calidad y el emprendimiento, entusiasta de alternativas saludables para la vida diaria.<\/p>\n","protected":false},"excerpt":{"rendered":"<p>\u00bfEres de esas personas creativas que les gusta cocinar algo distinto, nutritivo y delicioso desde casa?  <\/p>\n<p>\u00bfTe gusta sentirte m\u00e1s vital con lo que comes?<\/p>\n<p>Con el MasterClass SMOOTHIES SALUDABLES; aprende a preparar estas bebidas cremosas y exquisitas hechas con trozos y zumos de fruta que han mejorado la vida de muchas personas.<\/p>\n<p>Cambia de una vez por todas, esos dulces pecados hechos con az\u00facares refinados por una opci\u00f3n sana y diferente con recetas nutritivas que te har\u00e1n sentir mejor.<\/p>\n","protected":false},"featured_media":3380,"template":"","meta":{"_joinchat":[]},"product_brand":[],"product_cat":[319,344],"product_tag":[],"class_list":{"0":"post-11671","1":"product","2":"type-product","3":"status-publish","4":"has-post-thumbnail","6":"product_cat-culinaria-y-gastronomia","7":"product_cat-todos","9":"first","10":"instock","11":"sale","12":"shipping-taxable","13":"product-type-external"},"_links":{"self":[{"href":"https:\/\/www.cursos.olgavelez.co\/cu\/wp-json\/wp\/v2\/product\/11671","targetHints":{"allow":["GET"]}}],"collection":[{"href":"https:\/\/www.cursos.olgavelez.co\/cu\/wp-json\/wp\/v2\/product"}],"about":[{"href":"https:\/\/www.cursos.olgavelez.co\/cu\/wp-json\/wp\/v2\/types\/product"}],"version-history":[{"count":2,"href":"https:\/\/www.cursos.olgavelez.co\/cu\/wp-json\/wp\/v2\/product\/11671\/revisions"}],"predecessor-version":[{"id":14096,"href":"https:\/\/www.cursos.olgavelez.co\/cu\/wp-json\/wp\/v2\/product\/11671\/revisions\/14096"}],"wp:featuredmedia":[{"embeddable":true,"href":"https:\/\/www.cursos.olgavelez.co\/cu\/wp-json\/wp\/v2\/media\/3380"}],"wp:attachment":[{"href":"https:\/\/www.cursos.olgavelez.co\/cu\/wp-json\/wp\/v2\/media?parent=11671"}],"wp:term":[{"taxonomy":"product_brand","embeddable":true,"href":"https:\/\/www.cursos.olgavelez.co\/cu\/wp-json\/wp\/v2\/product_brand?post=11671"},{"taxonomy":"product_cat","embeddable":true,"href":"https:\/\/www.cursos.olgavelez.co\/cu\/wp-json\/wp\/v2\/product_cat?post=11671"},{"taxonomy":"product_tag","embeddable":true,"href":"https:\/\/www.cursos.olgavelez.co\/cu\/wp-json\/wp\/v2\/product_tag?post=11671"}],"curies":[{"name":"wp","href":"https:\/\/api.w.org\/{rel}","templated":true}]}}