{"id":11633,"date":"2023-01-10T04:39:14","date_gmt":"2023-01-10T07:39:14","guid":{"rendered":"https:\/\/www.cursos.olgavelez.co\/cu\/?post_type=product&#038;p=11633"},"modified":"2023-09-20T16:05:15","modified_gmt":"2023-09-20T19:05:15","slug":"nutricion-y-vida-sana-disena-tu-dieta-saludable","status":"publish","type":"product","link":"https:\/\/www.cursos.olgavelez.co\/cu\/producto\/nutricion-y-vida-sana-disena-tu-dieta-saludable\/","title":{"rendered":"NUTRICI\u00d3N Y VIDA SANA: DISE\u00d1A TU DIETA SALUDABLE"},"content":{"rendered":"<p>\u00bfEst\u00e1s cansado(a) de consumir dietas deficientes de nutrientes que afectan tu salud y que no te ayudan a lograr t\u00fa objetivo de mantener, bajar o subir de peso? <\/p>\n<p>Con el MasterClass NUTRICI\u00d3N Y VIDA SANA: DISE\u00d1A TU DIETA SALUDABLE conseguir\u00e1s dise\u00f1ar tu propia dieta saludable seg\u00fan tu estilo de vida, composici\u00f3n corporal y mantener todos los componentes nutricionales para que no da\u00f1en t\u00fa salud, logrando as\u00ed obtener el objetivo que tanto deseas.<\/p>\n<p>\u00bfQU\u00c9 VAS A LOGRAR?<\/p>\n<p>Dise\u00f1ar\u00e1s tu dieta equilibrada contando calor\u00edas o con porciones (sin contar calor\u00edas). <\/p>\n<p>Desarrollar\u00e1s y crear\u00e1s planes de alimentaci\u00f3n para mantener, subir o bajar de peso.<\/p>\n<p>Dise\u00f1ar\u00e1s tu propia dieta considerando tu peso, talla e \u00edndice de masa corporal.<\/p>\n<p>Desarrollar\u00e1s y crear\u00e1s dietas para aumentar masa muscular manteniendo la salud. <\/p>\n<p>Reconocer\u00e1s los componentes bioactivos de los alimentos para mantener una buena salud. <\/p>\n<p>Desarrollar\u00e1s y crear\u00e1s dietas de adelgazamiento manteniendo la salud. <\/p>\n<p>Reconocer\u00e1s los micro y macro nutrientes en los alimentos que son necesarios para armar un plan de alimentaci\u00f3n saludable.  <\/p>\n<p>Dise\u00f1ar\u00e1s dietas seg\u00fan el estilo de vida de cada persona. <\/p>\n<p>Desarrollar\u00e1s y crear\u00e1s un plan de alimentaci\u00f3n para bajar de medio a un kilo de peso por semana. <\/p>\n<p>Identificar\u00e1s los requerimientos nutricionales de las personas seg\u00fan su estilo de vida. <\/p>\n<p>Identificar\u00e1s la importancia de una buena alimentaci\u00f3n y su v\u00ednculo con la energ\u00eda. <\/p>\n<p>Identificar\u00e1s la cantidad de agua que debes consumir para tener una buena salud. <\/p>\n<p>Identificar\u00e1s los alimentos para el sistema de defensa y anticancer\u00edgenos para incluirlos en las dietas. <\/p>\n<p>Crearas dietas saludables manteniendo todos los componentes nutritivos.<\/p>\n<p>Reconocer\u00e1s tu composici\u00f3n corporal saludable. <\/p>\n<p>Identificar\u00e1s tu perfil cal\u00f3rico. <\/p>\n<p>Reconocer\u00e1s los h\u00e1bitos que debes tener para una vida sana. <\/p>\n<p>Reconstruir\u00e1s dietas sin tener deficiencias en ning\u00fan nutriente. <\/p>\n<p>Acceder\u00e1s al certificado avalado por Hotmart y Seminarios Online.<\/p>\n<p>\u00bfC\u00d3MO LO VAS A LOGRAR?<\/p>\n<p>A trav\u00e9s del siguiente contenido, estructurado paso a paso:<\/p>\n<p>BIENVENIDO Y TALLLER.<\/p>\n<p>Video 01: Dise\u00f1a tu dieta saludable paso a paso contando calor\u00edas: sube, baja o mant\u00e9n tu peso.<br \/>\nVideo 02: Descubre como bajar de medio a un kilo de peso por semana sin afectar tu salud &#8211; dietas de adelgazamiento.<br \/>\nVideo 03: Recomendaciones. <\/p>\n<p>PRIMEROS PASOS EN NUTRICI\u00d3N.<\/p>\n<p>Video 04: \u00bfC\u00f3mo diferenciar alimentos, alimentaci\u00f3n, nutrientes y nutrici\u00f3n?<br \/>\nVideo 05: Identifica que es la dieta, diet\u00e9tica y la dieta equilibrada.<br \/>\nVideo 06: Ruta de c\u00f3mo llegan los nutrientes de los alimentos a todo el cuerpo. <\/p>\n<p>COMPONENTES EN LA DIETA SALUDABLE.<\/p>\n<p>Video 07: El agua en la nutrici\u00f3n.<br \/>\nVideo 08: Macronutriente L\u00edpido o grasa en nuestra nutrici\u00f3n.<br \/>\nVideo 09: Macronutriente carbohidratos o hidratos de carbono y fibras en nuestra nutrici\u00f3n.<br \/>\nVideo 10: Macronutriente prote\u00edna en nuestra nutrici\u00f3n y cantidad a consumir.<br \/>\nVideo 11: Micronutriente vitaminas en la nutrici\u00f3n.<br \/>\nVideo 12: Micronutriente minerales en la nutrici\u00f3n.<br \/>\nVideo 13: Componentes bioactivos, alimentos para el sistema de defensa y anticancer\u00edgenos.  <\/p>\n<p>EVALUACI\u00d3N DEL ESTADO NUTRICIONAL<\/p>\n<p>Video 14: Historia diet\u00e9tica; M\u00e9todos de evaluaci\u00f3n del consumo de alimentos y nutrientes.<br \/>\nVideo 15: Evaluaci\u00f3n de nuestra salud, medidas antropom\u00e9tricas: peso, talla e \u00edndice de masa corporal.<br \/>\nVideo 16: Composici\u00f3n corporal saludable.<br \/>\nVideo 17: Obesidad o sobrepeso: medici\u00f3n de la circunferencia abdominal.<br \/>\nVideo 18: Principales medidas antropom\u00e9tricas antes de empezar la dieta y\/o rutina de entrenamiento. <\/p>\n<p>ENERG\u00cdA Y METABOLISMO.<\/p>\n<p>Video 19: La energ\u00eda en nutrici\u00f3n.<br \/>\nVideo 20: Metabolismo, anabolismo, catabolismo, metabolismo r\u00e1pido y lento en la nutrici\u00f3n.<br \/>\nVideo 21: Efectos del Equilibrio y desequilibrio energ\u00e9tico en el cuerpo humano.<br \/>\nVideo 22: Perfil Cal\u00f3rico o distribuci\u00f3n de los macronutrientes para personas sedentarias, deportistas y obesidad o sobrepeso.<br \/>\nVideo 23: Componentes del gasto energ\u00e9tico (calor\u00edas) a diario. <\/p>\n<p>MATERIAL ADICIONAL 1.<\/p>\n<p>Video 24: \u00bfC\u00f3mo usar la aplicaci\u00f3n macros &#8211; contador de calor\u00edas y planificador de dieta? <\/p>\n<p>BONO 1: VITAMINAS.<\/p>\n<p>Video 25: Vitamina A en la nutrici\u00f3n.<br \/>\nVideo 26: Vitamina D en la nutrici\u00f3n.<br \/>\nVideo 27: Vitamina E en la nutrici\u00f3n.<br \/>\nVideo 28: Vitamina K en la nutrici\u00f3n.<br \/>\nVideo 29: Vitamina B1 en la nutrici\u00f3n.<br \/>\nVideo 30: Vitamina B2 en la nutrici\u00f3n.<br \/>\nVideo 31: Vitamina B3 en la nutrici\u00f3n.<br \/>\nVideo 32: Vitamina B5 en la nutrici\u00f3n.<br \/>\nVideo 33: Vitamina B6 en la nutrici\u00f3n.<br \/>\nVideo 34: Vitamina B8 en la nutrici\u00f3n.<br \/>\nVideo 35: Vitamina B9 en la nutrici\u00f3n.<br \/>\nVideo 36: Vitamina B12 en la nutrici\u00f3n.<br \/>\nVideo 37: Vitamina C en la nutrici\u00f3n.  <\/p>\n<p>BONO 2: MINERALES.<\/p>\n<p>Video 38: Calcio en la nutrici\u00f3n.<br \/>\nVideo 39: F\u00f3sforo en la nutrici\u00f3n.<br \/>\nVideo 40: Magnesio en la nutrici\u00f3n.<br \/>\nVideo 41: Potasio en la nutrici\u00f3n.<br \/>\nVideo 42: Sodio en la nutrici\u00f3n.<br \/>\nVideo 43: Cloruro en la nutrici\u00f3n.<br \/>\nVideo 44: Hierro en la nutrici\u00f3n.<br \/>\nVideo 45: Cinc en la nutrici\u00f3n.<br \/>\nVideo 46: Yodo en la nutrici\u00f3n.<br \/>\nVideo 47: Selenio en la nutrici\u00f3n.<br \/>\nVideo 48: Cobre en la nutrici\u00f3n.<br \/>\nVideo 49: Fl\u00faor en la nutrici\u00f3n.<br \/>\nVideo 50: Manganeso en la nutrici\u00f3n.<br \/>\nVideo 51: Cromo en la nutrici\u00f3n. <\/p>\n<p>VIDEO RESPUESTAS<\/p>\n<p>Video 52: \u00bfC\u00f3mo evitar la p\u00e9rdida de masa muscular al bajar de peso?<br \/>\nVideo 53: \u00bfC\u00f3mo ajustar mi dieta si no veo resultado? <\/p>\n<p>\u00bfCOMO OBTENER TU CERTIFICADO?<\/p>\n<p>\u00bfC\u00f3mo obtener tu certificado?<\/p>\n<p>ACERCA DEL PRODUCTOR<\/p>\n<p>Desarrollado por LUIS S\u00c1NCHEZ, Ingeniero Agroindustrial, con m\u00e1s de 8 a\u00f1os de experiencia en la Industria Alimentaria, Nutrici\u00f3n y Diet\u00e9tica.<\/p>\n<p>Experto en elaboraci\u00f3n de dietas; He ayudado a muchas personas a mejorar su estado f\u00edsico con la elaboraci\u00f3n de recetas saludables y al mismo tiempo deliciosas.<\/p>\n<p>He aplicado todos mis conocimientos obtenidos para elaborar esta Masterclass y favorecer a la salud de muchas m\u00e1s personas para lograr sus objetivos nutricionales.<\/p>\n","protected":false},"excerpt":{"rendered":"<p>\u00bfEst\u00e1s cansado(a) de consumir dietas deficientes de nutrientes que afectan tu salud y que no te ayudan a lograr t\u00fa objetivo de mantener, bajar o subir de peso? <\/p>\n<p>Con el MasterClass NUTRICI\u00d3N Y VIDA SANA: DISE\u00d1A TU DIETA SALUDABLE conseguir\u00e1s dise\u00f1ar tu propia dieta saludable seg\u00fan tu estilo de vida, composici\u00f3n corporal y mantener todos los componentes nutricionales para que no da\u00f1en t\u00fa salud, logrando as\u00ed obtener el objetivo que tanto deseas.<\/p>\n","protected":false},"featured_media":3372,"template":"","meta":{"_joinchat":[]},"product_brand":[],"product_cat":[319,344],"product_tag":[],"class_list":{"0":"post-11633","1":"product","2":"type-product","3":"status-publish","4":"has-post-thumbnail","6":"product_cat-culinaria-y-gastronomia","7":"product_cat-todos","9":"first","10":"instock","11":"sale","12":"shipping-taxable","13":"product-type-external"},"_links":{"self":[{"href":"https:\/\/www.cursos.olgavelez.co\/cu\/wp-json\/wp\/v2\/product\/11633","targetHints":{"allow":["GET"]}}],"collection":[{"href":"https:\/\/www.cursos.olgavelez.co\/cu\/wp-json\/wp\/v2\/product"}],"about":[{"href":"https:\/\/www.cursos.olgavelez.co\/cu\/wp-json\/wp\/v2\/types\/product"}],"version-history":[{"count":2,"href":"https:\/\/www.cursos.olgavelez.co\/cu\/wp-json\/wp\/v2\/product\/11633\/revisions"}],"predecessor-version":[{"id":14088,"href":"https:\/\/www.cursos.olgavelez.co\/cu\/wp-json\/wp\/v2\/product\/11633\/revisions\/14088"}],"wp:featuredmedia":[{"embeddable":true,"href":"https:\/\/www.cursos.olgavelez.co\/cu\/wp-json\/wp\/v2\/media\/3372"}],"wp:attachment":[{"href":"https:\/\/www.cursos.olgavelez.co\/cu\/wp-json\/wp\/v2\/media?parent=11633"}],"wp:term":[{"taxonomy":"product_brand","embeddable":true,"href":"https:\/\/www.cursos.olgavelez.co\/cu\/wp-json\/wp\/v2\/product_brand?post=11633"},{"taxonomy":"product_cat","embeddable":true,"href":"https:\/\/www.cursos.olgavelez.co\/cu\/wp-json\/wp\/v2\/product_cat?post=11633"},{"taxonomy":"product_tag","embeddable":true,"href":"https:\/\/www.cursos.olgavelez.co\/cu\/wp-json\/wp\/v2\/product_tag?post=11633"}],"curies":[{"name":"wp","href":"https:\/\/api.w.org\/{rel}","templated":true}]}}