{"id":11624,"date":"2023-01-10T04:39:14","date_gmt":"2023-01-10T07:39:14","guid":{"rendered":"https:\/\/www.cursos.olgavelez.co\/cu\/?post_type=product&#038;p=11624"},"modified":"2023-09-20T16:05:15","modified_gmt":"2023-09-20T19:05:15","slug":"aprende-y-sorprende-con-42-cocteles-de-autor","status":"publish","type":"product","link":"https:\/\/www.cursos.olgavelez.co\/cu\/producto\/aprende-y-sorprende-con-42-cocteles-de-autor\/","title":{"rendered":"APRENDE Y SORPRENDE CON 42 C\u00d3CTELES DE AUTOR"},"content":{"rendered":"<p>\u00bfTe gustar\u00eda ser el Bartender de tus reuniones sorprendiendo a tu pareja, amigos y familiares con todo tipo de cocteles, cl\u00e1sicos, coloridos o seductores?<\/p>\n<p>Con el Masterclass APRENDE Y SORPRENDE CON 42 COCTELES DE AUTOR conocer\u00e1s este maravilloso mundo de la mano de un experto.<\/p>\n<p>\u00bfQU\u00c9 VAS A LOGRAR?<\/p>\n<p>Lograr\u00e1s sorprender a tu pareja, tus Amistades y familiares.<\/p>\n<p>Ser\u00e1s muy Admirado en tu c\u00edrculo de Amistades y familiares, creando as\u00ed; momentos inolvidables.<\/p>\n<p>Aprender\u00e1s otro arte m\u00e1s en tu vida.<\/p>\n<p>Te volver\u00e1s una persona m\u00e1s creativa, m\u00e1s imaginativa, m\u00e1s segura.<\/p>\n<p>Conocer\u00e1s las habilidades m\u00e1s destacadas del coctel.<\/p>\n<p>Vas a sentir una nueva experiencia como si fueras un Bartender profesional.<\/p>\n<p>Acceder\u00e1s al certificado avalado por Hotmart y Seminarios Online.<\/p>\n<p>\u00bfC\u00d3MO LO VAS A LOGRAR?<\/p>\n<p>A trav\u00e9s del siguiente contenido, estructurado paso a paso:<\/p>\n<p>Modulo No.1 Presentaci\u00f3n <\/p>\n<p>Introducci\u00f3n.<br \/>\nA quien va dirigido.<br \/>\nQue vas aprender.<br \/>\nCoctel laguna azul.<br \/>\nCoctel Cosmopolitan.<br \/>\nCoctel whisky &#038; t\u00f3nic.<br \/>\nCoctel sour love.<br \/>\nCoctel florida sonrise.<br \/>\nCoctel hot passion.<br \/>\nCoctel traviesa.<br \/>\nCoctel mar de rosas.<br \/>\nCoctel martini chile pepper.<br \/>\nCoctel mel\u00f3n martini.<br \/>\nCoctel iguana.<br \/>\nMachu pichu.<br \/>\nMojito beach.<br \/>\nCoctel michelada.<br \/>\nCoctel madras.<br \/>\nCoctel mara blues.<br \/>\nCoctel pisco herb.<br \/>\nCoctel algo contigo.<br \/>\nCoctel cope coder.<br \/>\nCoctel passion whisky.<br \/>\nCoctel sour blue.<br \/>\nCoctel daiquiri frozen de durazno 3104581707.<br \/>\nCoctel criptonita.<br \/>\nCoctel biblia.<br \/>\nCoctel rosita.<br \/>\nCoctel mojito.<br \/>\nCoctel beso de monja.<br \/>\nCoctel baileys colado.<br \/>\nCoctel saltamontes.<br \/>\nCoctel saltamontes.<br \/>\nCoctel pi\u00f1a colada.<br \/>\nCoctel mojito tropical.<br \/>\nCoctel coco loco.<br \/>\nCoctel coconut drink.<br \/>\nCoctel algarrobina.<br \/>\nCoctel luzmila.<br \/>\nCoctel victoria sour.<br \/>\nCoctel ruso blanco y ruso negro.<br \/>\nCoctel nevada.<br \/>\nCoctel libre passion.<br \/>\nCoctel kahl\u00faa colado.<br \/>\nCoctel daiquiri de albahaca y miel.<br \/>\nFinal y pr\u00f3ximos avances.<\/p>\n<p>Modulo No.2 Material adicional &#8211; BONOS<\/p>\n<p>Trucos para hacer c\u00f3cteles en casa como un profesional.<br \/>\nRecetario de bebidas saludables.<br \/>\nManual para preparar c\u00f3cteles.<\/p>\n<p>Modulo No.3 Video Respuestas<\/p>\n<p>ACERCA DEL PRODUCTOR<\/p>\n<p>Desarrollado por JOHN FRAN ALIAGA egresado del Instituto de Bar Internacional de Lima-Per\u00fa, su pasi\u00f3n por el arte de la cocteler\u00eda lo ha llevado a muchos lugares en su pa\u00eds, logrando ser muy reconocido ya que es una persona innovadora, pues aprendi\u00f3 muchas t\u00e9cnicas y formas de preparaci\u00f3n de distintos tipos de cocteles que le sirvieron para crear o modificar cada uno de ellos, haci\u00e9ndolo a\u00fan mejor al paladar del cliente creando as\u00ed, sus propios cocteles. Tiene una experiencia de 10 a\u00f1os.<\/p>\n","protected":false},"excerpt":{"rendered":"<p>\u00bfTe gustar\u00eda ser el Bartender de tus reuniones sorprendiendo a tu pareja, amigos y familiares con todo tipo de cocteles, cl\u00e1sicos, coloridos o seductores?<\/p>\n<p>Con el Masterclass APRENDE Y SORPRENDE CON 42 COCTELES DE AUTOR conocer\u00e1s este maravilloso mundo de la mano de un experto.<\/p>\n","protected":false},"featured_media":3363,"template":"","meta":{"_joinchat":[]},"product_brand":[],"product_cat":[319,344],"product_tag":[],"class_list":{"0":"post-11624","1":"product","2":"type-product","3":"status-publish","4":"has-post-thumbnail","6":"product_cat-culinaria-y-gastronomia","7":"product_cat-todos","9":"first","10":"instock","11":"sale","12":"shipping-taxable","13":"product-type-external"},"_links":{"self":[{"href":"https:\/\/www.cursos.olgavelez.co\/cu\/wp-json\/wp\/v2\/product\/11624","targetHints":{"allow":["GET"]}}],"collection":[{"href":"https:\/\/www.cursos.olgavelez.co\/cu\/wp-json\/wp\/v2\/product"}],"about":[{"href":"https:\/\/www.cursos.olgavelez.co\/cu\/wp-json\/wp\/v2\/types\/product"}],"version-history":[{"count":2,"href":"https:\/\/www.cursos.olgavelez.co\/cu\/wp-json\/wp\/v2\/product\/11624\/revisions"}],"predecessor-version":[{"id":14079,"href":"https:\/\/www.cursos.olgavelez.co\/cu\/wp-json\/wp\/v2\/product\/11624\/revisions\/14079"}],"wp:featuredmedia":[{"embeddable":true,"href":"https:\/\/www.cursos.olgavelez.co\/cu\/wp-json\/wp\/v2\/media\/3363"}],"wp:attachment":[{"href":"https:\/\/www.cursos.olgavelez.co\/cu\/wp-json\/wp\/v2\/media?parent=11624"}],"wp:term":[{"taxonomy":"product_brand","embeddable":true,"href":"https:\/\/www.cursos.olgavelez.co\/cu\/wp-json\/wp\/v2\/product_brand?post=11624"},{"taxonomy":"product_cat","embeddable":true,"href":"https:\/\/www.cursos.olgavelez.co\/cu\/wp-json\/wp\/v2\/product_cat?post=11624"},{"taxonomy":"product_tag","embeddable":true,"href":"https:\/\/www.cursos.olgavelez.co\/cu\/wp-json\/wp\/v2\/product_tag?post=11624"}],"curies":[{"name":"wp","href":"https:\/\/api.w.org\/{rel}","templated":true}]}}