{"id":11612,"date":"2023-01-10T04:39:13","date_gmt":"2023-01-10T07:39:13","guid":{"rendered":"https:\/\/www.cursos.olgavelez.co\/cu\/?post_type=product&#038;p=11612"},"modified":"2023-09-20T16:05:15","modified_gmt":"2023-09-20T19:05:15","slug":"cocina-espanola-paellas-perfectas","status":"publish","type":"product","link":"https:\/\/www.cursos.olgavelez.co\/cu\/producto\/cocina-espanola-paellas-perfectas\/","title":{"rendered":"COCINA ESPA\u00d1OLA: PAELLAS PERFECTAS"},"content":{"rendered":"<p>\u00bfEst\u00e1s infoxicado de tantas recetas que has visto en internet, pero por m\u00e1s que intentas hacerlo como lo indica la receta, nunca logras hacer un arroz con el punto exacto de sabor, color y textura?<\/p>\n<p>En esta Masterclass COCINA ESPA\u00d1OLA: PAELLAS PERFECTAS, aprender\u00e1s todos lo secretos que te llevar\u00e1n desde cero a hacer un arroz en paella perfecto, una metodolog\u00eda totalmente comprobada, y lo mejor de todo sin que tengas que ocupar de recetas complejas ni de un sinn\u00famero de ingredientes.<\/p>\n<p>\u00bfQU\u00c9 VAS A LOGRAR? <\/p>\n<p>Aprender\u00e1s a hacer los arroces secos perfectos en paella, seas cocinero o no, tengas experiencia haciendo arroces o no, con este curso vas a conseguir que tu arroz seco en paella siempre te quede perfecto.<\/p>\n<p>Aprender\u00e1s a hacer caldos, sofritos y por \u00faltimo mediante una t\u00e9cnica revolucionar\u00eda aprender\u00e1s a cocinar el arroz seco en paella perfecto.<\/p>\n<p>Nunca m\u00e1s tendr\u00e1s la sensaci\u00f3n de que tus arroces te quedan pasados y pastosos, tendr\u00e1s el arroz con el punto perfecto siempre y con un sabor y color incre\u00edbles.<\/p>\n<p>Desarrollar\u00e1s tu habilidad culinaria en la cocina espa\u00f1ola, espec\u00edficamente en las paellas.<\/p>\n<p>Aprender\u00e1s a distinguir la calidad de los arroces y la manera de c\u00f3mo cocinarlos para tener un arroz perfecto.<\/p>\n<p>Incrementar\u00e1s tu recetario y as\u00ed, ampliar tu carta de platos disponibles en tu restaurante.<\/p>\n<p>Sorprender\u00e1s a tus clientes, familiares o amistades con estas recetas de arroces en paella perfectos.<\/p>\n<p>Acceder\u00e1s al certificado avalado por Hotmart y Seminarios Online.<\/p>\n<p>\u00bfC\u00d3MO LO VAS A LOGRAR?<\/p>\n<p>A trav\u00e9s del siguiente contenido, estructurado paso a paso:<\/p>\n<p>M\u00f3dulo 1: Introducci\u00f3n a la paella perfecta<\/p>\n<p>\u00bfQui\u00e9n soy yo?.<br \/>\n\u00bfQu\u00e9 aprender\u00e1s en esta Masterclass?.<br \/>\nIntroducci\u00f3n al arroz.<br \/>\nHistoria del arroz.<br \/>\nHistoria del arroz en paella.<br \/>\nDefectos del arroz.<\/p>\n<p>M\u00f3dulo 2: La paella perfecta<\/p>\n<p>Caldos de pollo y pescado perfectos.<br \/>\nSofritos perfectos.<br \/>\nArroz en paella.<\/p>\n<p>M\u00f3dulo 3: Material adicional &#8211; bonos<\/p>\n<p>Bono 1: PDF Arroces perfectos.<br \/>\nBono 2: Recetas.<br \/>\nBono 3: PDF Pescados perfectos.<br \/>\nMASTERCLASS: El mundo de los arroces.<br \/>\nMasterclass: 1000 formas de cagarla haciendo arroz.<\/p>\n<p>M\u00f3dulo 4: Preguntas frecuentes<\/p>\n<p>\u00bfSe puede hacer un arroz con pocos ingredientes?.<br \/>\n\u00bfSe puede conseguir colores sin colorantes artificiales?.<br \/>\n\u00bfCu\u00e1nto tardar\u00e9 en hacer mi arroz?.<br \/>\n\u00bfSe puede aplicar esta t\u00e9cnica a otros arroces?.<br \/>\n\u00bfMe quedar\u00e1 duro el arroz?.<br \/>\n\u00bfSe puede hacer de pescado azul sin que quede super sabroso?.<br \/>\nDiferencias entre marcas y variedades de arroz.<br \/>\n\u00bfEs este sistema infalible?.<\/p>\n<p>M\u00f3dulo 5: \u00bfC\u00f3mo obtener tu certificado?<\/p>\n<p>\u00bfC\u00f3mo obtener tu certificado?.<\/p>\n<p>ACERCA DEL PRODUCTOR<\/p>\n<p>Desarrollado por DAVID ARIZA, Director Creativo de Freeland Cook (Alicante) desde 1 Febrero 2015. Tambi\u00e9n se ha desempe\u00f1ado como profesor de cocina on line desarrollando su propio m\u00e9todo freeolinecook para formar a cocineros en el arte de dar clases pr\u00e1cticas de cocina online.<\/p>\n<p>Formador en el grado de arroces y alta cocina Mediterr\u00e1nea de la Universidad de Alicante y desarrollador del proyecto de puesta en valor de las plantas silvestres comestibles de la provincia de Alicante con el departamento de tecnolog\u00eda de los alimentos en Orihuela UMH.<\/p>\n<p>Tambi\u00e9n ha sido colaborador y desarrollador de la parte gastron\u00f3mica del proyecto de puesta en valor de los peces del mar Mediterr\u00e1neo junto a la Universidad de Alicante y con las lonjas de Calpe y Santa Pola.<\/p>\n<p>Y a su vez ha sido formador en Centro de Recursos de Consumo del Mercado Central de Alicante sobre el uso y aprovechamiento de los peces del Mediterr\u00e1neo (Alicante).<\/p>\n","protected":false},"excerpt":{"rendered":"<p>\u00bfEst\u00e1s infoxicado de tantas recetas que has visto en internet, pero por m\u00e1s que intentas hacerlo como lo indica la receta, nunca logras hacer un arroz con el punto exacto de sabor, color y textura?<\/p>\n<p>En esta Masterclass COCINA ESPA\u00d1OLA: PAELLAS PERFECTAS, aprender\u00e1s todos lo secretos que te llevar\u00e1n desde cero a hacer un arroz en paella perfecto, una metodolog\u00eda totalmente comprobada, y lo mejor de todo sin que tengas que ocupar de recetas complejas ni de un sinn\u00famero de ingredientes.<\/p>\n","protected":false},"featured_media":3351,"template":"","meta":{"_joinchat":[]},"product_brand":[],"product_cat":[319,344],"product_tag":[],"class_list":{"0":"post-11612","1":"product","2":"type-product","3":"status-publish","4":"has-post-thumbnail","6":"product_cat-culinaria-y-gastronomia","7":"product_cat-todos","9":"first","10":"instock","11":"sale","12":"shipping-taxable","13":"product-type-external"},"_links":{"self":[{"href":"https:\/\/www.cursos.olgavelez.co\/cu\/wp-json\/wp\/v2\/product\/11612","targetHints":{"allow":["GET"]}}],"collection":[{"href":"https:\/\/www.cursos.olgavelez.co\/cu\/wp-json\/wp\/v2\/product"}],"about":[{"href":"https:\/\/www.cursos.olgavelez.co\/cu\/wp-json\/wp\/v2\/types\/product"}],"version-history":[{"count":2,"href":"https:\/\/www.cursos.olgavelez.co\/cu\/wp-json\/wp\/v2\/product\/11612\/revisions"}],"predecessor-version":[{"id":14067,"href":"https:\/\/www.cursos.olgavelez.co\/cu\/wp-json\/wp\/v2\/product\/11612\/revisions\/14067"}],"wp:featuredmedia":[{"embeddable":true,"href":"https:\/\/www.cursos.olgavelez.co\/cu\/wp-json\/wp\/v2\/media\/3351"}],"wp:attachment":[{"href":"https:\/\/www.cursos.olgavelez.co\/cu\/wp-json\/wp\/v2\/media?parent=11612"}],"wp:term":[{"taxonomy":"product_brand","embeddable":true,"href":"https:\/\/www.cursos.olgavelez.co\/cu\/wp-json\/wp\/v2\/product_brand?post=11612"},{"taxonomy":"product_cat","embeddable":true,"href":"https:\/\/www.cursos.olgavelez.co\/cu\/wp-json\/wp\/v2\/product_cat?post=11612"},{"taxonomy":"product_tag","embeddable":true,"href":"https:\/\/www.cursos.olgavelez.co\/cu\/wp-json\/wp\/v2\/product_tag?post=11612"}],"curies":[{"name":"wp","href":"https:\/\/api.w.org\/{rel}","templated":true}]}}