{"id":11573,"date":"2023-01-10T04:39:09","date_gmt":"2023-01-10T07:39:09","guid":{"rendered":"https:\/\/www.cursos.olgavelez.co\/cu\/?post_type=product&#038;p=11573"},"modified":"2023-09-20T16:05:14","modified_gmt":"2023-09-20T19:05:14","slug":"comida-mexicana-para-diabeticos","status":"publish","type":"product","link":"https:\/\/www.cursos.olgavelez.co\/cu\/producto\/comida-mexicana-para-diabeticos\/","title":{"rendered":"COMIDA MEXICANA PARA DIAB\u00c9TICOS"},"content":{"rendered":"<p>\u00bfHas sentido que la diabetes te ha quitado el placer de disfrutar la comida?<\/p>\n<p>Con el MasterClass COMIDA MEXICANA PARA DIAB\u00c9TICOS, elaborar\u00e1s los platillos mexicanos que amas, de manera saludable y sin sacrificar su delicioso sabor.<\/p>\n<p>\u00bfQU\u00c9 VAS A LOGRAR?<\/p>\n<p>Aprender\u00e1s sencillas sustituciones y t\u00e9cnicas para que vuelvas a disfrutar de comida mexicana llena de sabor sin descuidar tu diabetes, a trav\u00e9s de recetas y tips f\u00e1ciles de seguir. <\/p>\n<p>Sabr\u00e1s los tipos de aceites adecuados, como eliminar esos ingredientes que tanto da\u00f1o hacen, sin sacrificar el sabor.<\/p>\n<p>Aprender\u00e1s a preparar m\u00e1s de 15 platillos mexicanos llenos de sabor y aptos para diab\u00e9ticos.<\/p>\n<p>Acceder\u00e1s al certificado avalado por Hotmart y Seminarios Online.<\/p>\n<p>\u00bfC\u00d3MO LO VAS A LOGRAR?<\/p>\n<p>A trav\u00e9s del siguiente contenido, estructurado paso a paso:<\/p>\n<p>M\u00d3DULO 1 &#8211; BIENVENIDOS A COMIDA MEXICANA PARA DIAB\u00c9TICOS<\/p>\n<p>Bienvenidos al sabor de comida mexicana para diab\u00e9ticos.<br \/>\n\u00bfQu\u00e9 te llevar\u00e1s de este curso?<\/p>\n<p>M\u00d3DULO 2 &#8211; COMIDA MEXICANA PARA DIAB\u00c9TICOS<\/p>\n<p>Enchiladas bandera.<br \/>\nPollo borracho.<br \/>\nTacos dorados, sopes y tostadas.<br \/>\nCaldo de res.<br \/>\nPescado veracruzano.<br \/>\nChicharr\u00f3n.<br \/>\nCaldo tlalpe\u00f1o.<br \/>\nPicadillo.<br \/>\nBarbacoa de res.<br \/>\nPierna de cerdo (chancho) y nopales en chile colorado.<br \/>\nFrijoles de la olla.<br \/>\nAlb\u00f3ndigas.<br \/>\nCarne en su jugo.<br \/>\nMixiote de pollo.<\/p>\n<p>M\u00d3DULO 3 &#8211; GUARNICIONES PARA DIAB\u00c9TICOS, CON SABOR<\/p>\n<p>Arroz rojo.<br \/>\nRajas con crema.<\/p>\n<p>M\u00d3DULO 4 &#8211; DESPEDIDA Y TIPS FINALES<\/p>\n<p>Recomendaciones y despedida.<\/p>\n<p>M\u00d3DULO 5 &#8211; MATERIAL ADICIONAL (BONOS)<\/p>\n<p>C\u00f3mo lavar los chiles.<br \/>\nTortillas de ma\u00edz desde cero.<br \/>\nSalsa tatemada.<br \/>\nSalsas roja y verde.<br \/>\nSalsa blanca.<br \/>\nSalsa de chile pasilla.<br \/>\nCebollitas curtidas.<\/p>\n<p>M\u00d3DULO 6 \u2013 VIDEO RESPUESTAS<\/p>\n<p>\u00bfC\u00f3mo seleccionar los aguacates (palta)?<br \/>\n\u00bfC\u00f3mo seleccionar los chiles?<\/p>\n<p>M\u00d3DULO 7 \u2013 \u00bfC\u00d3MO OBTENER TU CERTIFICADO?<\/p>\n<p>\u00bfC\u00f3mo obtener tu certificado?<\/p>\n<p>ACERCA DE LA PRODUCTORA<\/p>\n<p>Desarrollado por NIDIA GONZ\u00c1LEZ, apasionada de las artes culinarias. <\/p>\n<p>Diagnosticada con diabetes desde hace 15 a\u00f1os, lleva 10 a\u00f1os dedic\u00e1ndose al negocio de la gastronom\u00eda, siendo due\u00f1a de negocios de banquetes y restaurante.<\/p>\n<p>Descubri\u00f3 la manera de poder comer los platillos prohibidos para los diab\u00e9ticos sin poner en riesgo su salud y sin perder su exquisito sabor.<\/p>\n","protected":false},"excerpt":{"rendered":"<p>\u00bfHas sentido que la diabetes te ha quitado el placer de disfrutar la comida?<\/p>\n<p>Con el MasterClass COMIDA MEXICANA PARA DIAB\u00c9TICOS, elaborar\u00e1s los platillos mexicanos que amas, de manera saludable y sin sacrificar su delicioso sabor.<\/p>\n","protected":false},"featured_media":3342,"template":"","meta":{"_joinchat":[]},"product_brand":[],"product_cat":[319,344],"product_tag":[],"class_list":{"0":"post-11573","1":"product","2":"type-product","3":"status-publish","4":"has-post-thumbnail","6":"product_cat-culinaria-y-gastronomia","7":"product_cat-todos","9":"first","10":"instock","11":"sale","12":"shipping-taxable","13":"product-type-external"},"_links":{"self":[{"href":"https:\/\/www.cursos.olgavelez.co\/cu\/wp-json\/wp\/v2\/product\/11573","targetHints":{"allow":["GET"]}}],"collection":[{"href":"https:\/\/www.cursos.olgavelez.co\/cu\/wp-json\/wp\/v2\/product"}],"about":[{"href":"https:\/\/www.cursos.olgavelez.co\/cu\/wp-json\/wp\/v2\/types\/product"}],"version-history":[{"count":2,"href":"https:\/\/www.cursos.olgavelez.co\/cu\/wp-json\/wp\/v2\/product\/11573\/revisions"}],"predecessor-version":[{"id":14058,"href":"https:\/\/www.cursos.olgavelez.co\/cu\/wp-json\/wp\/v2\/product\/11573\/revisions\/14058"}],"wp:featuredmedia":[{"embeddable":true,"href":"https:\/\/www.cursos.olgavelez.co\/cu\/wp-json\/wp\/v2\/media\/3342"}],"wp:attachment":[{"href":"https:\/\/www.cursos.olgavelez.co\/cu\/wp-json\/wp\/v2\/media?parent=11573"}],"wp:term":[{"taxonomy":"product_brand","embeddable":true,"href":"https:\/\/www.cursos.olgavelez.co\/cu\/wp-json\/wp\/v2\/product_brand?post=11573"},{"taxonomy":"product_cat","embeddable":true,"href":"https:\/\/www.cursos.olgavelez.co\/cu\/wp-json\/wp\/v2\/product_cat?post=11573"},{"taxonomy":"product_tag","embeddable":true,"href":"https:\/\/www.cursos.olgavelez.co\/cu\/wp-json\/wp\/v2\/product_tag?post=11573"}],"curies":[{"name":"wp","href":"https:\/\/api.w.org\/{rel}","templated":true}]}}