{"id":11562,"date":"2023-01-10T04:39:08","date_gmt":"2023-01-10T07:39:08","guid":{"rendered":"https:\/\/www.cursos.olgavelez.co\/cu\/?post_type=product&#038;p=11562"},"modified":"2023-09-20T16:05:13","modified_gmt":"2023-09-20T19:05:13","slug":"cocteleria-para-atender-sorprender-y-emprender","status":"publish","type":"product","link":"https:\/\/www.cursos.olgavelez.co\/cu\/producto\/cocteleria-para-atender-sorprender-y-emprender\/","title":{"rendered":"COCTELER\u00cdA PARA ATENDER, SORPRENDER Y EMPRENDER"},"content":{"rendered":"<p>Te gustar\u00eda al mismo tiempo: \u00bfemprender, explotar tu creatividad y vivir una fiesta al m\u00e1ximo?<\/p>\n<p>Con el MasterClass COCTELER\u00cdA PARA ATENDER, SORPRENDER Y EMPRENDER, plasmar\u00e1s tus ideas en las mejores recetas de cocteles, conocer\u00e1s personas nuevas, desarrollar\u00e1s tu marca personal y vivir\u00e1s experiencias \u00fanicas detr\u00e1s de la barra.<\/p>\n<p>\u00bfQU\u00c9 VAS A LOGRAR?<\/p>\n<p>Desarrollar\u00e1s nuevas aptitudes y actitudes que te permitir\u00e1n desenvolverte muy bien en el bar.<\/p>\n<p>Tendr\u00e1s una visi\u00f3n amplia frente a la creaci\u00f3n de nuevas recetas de cocteles y productos para mezclar. <\/p>\n<p>Obtendr\u00e1s una base s\u00f3lida sobre como iniciar un emprendimiento alrededor de la cocteler\u00eda.<\/p>\n<p>Acceder\u00e1s al certificado avalado por Hotmart y Seminarios Online.<\/p>\n<p>\u00bfC\u00d3MO LO VAS A LOGRAR?<\/p>\n<p>A trav\u00e9s del siguiente contenido, estructurado paso a paso:<\/p>\n<p>M\u00d3DULO 1 \u2013 COCTELERIA PARA ATENDER, SORPRENDER Y EMPRENDER<\/p>\n<p>Introducci\u00f3n y presentaci\u00f3n.<br \/>\nActitud y aptitud.<br \/>\nHistoria del bar y la palabra cocktail.<br \/>\nEl bartender.<br \/>\nComposici\u00f3n del bar y la barra de c\u00f3cteles.<br \/>\nHerramientas del bar.<br \/>\nT\u00e9cnicas b\u00e1sicas de preparaci\u00f3n.<br \/>\nBases alcoh\u00f3licas.<\/p>\n<p>M\u00d3DULO 2 &#8211; C\u00d3CTELES CL\u00c1SICOS COMERCIALES<\/p>\n<p>Coctel mojito.<br \/>\nCoctel margarita.<br \/>\nCoctel Gin and Tonic.<\/p>\n<p>M\u00d3DULO 3 \u2013 EL PRODUCTO<\/p>\n<p>Transformaci\u00f3n de productos envasados y empacados.<br \/>\nConocimiento y transformaci\u00f3n de productos naturales.<\/p>\n<p>M\u00d3DULO 4 \u2013 CREACION Y DECORACION<\/p>\n<p>Crea tus propias recetas.<br \/>\nSmoothies y bebidas sin alcohol.<br \/>\nGarnish: decoraci\u00f3n de bebidas.<\/p>\n<p>M\u00d3DULO 5 \u2013 EMPRENDIMIENTO<\/p>\n<p>An\u00e1lisis del mercado de la cocteler\u00eda en tu zona.<br \/>\nAn\u00e1lisis de los consumidores de tu zona.<br \/>\nDesarrolla tu marca personal.<br \/>\n\u00bfC\u00f3mo puedo emprender con la cocteler\u00eda?<br \/>\n\u00bfQu\u00e9 necesito para emprender un negocio?<\/p>\n<p>M\u00d3DULO 6 &#8211; MATERIAL ADICIONAL (BONOS)<\/p>\n<p>Charla de motivaci\u00f3n y superaci\u00f3n personal.<br \/>\nTrucos sencillos de working flair.<br \/>\nTruco de flyer 1.<br \/>\nTruco de flyer 2.<br \/>\nTruco de flyer 3.<br \/>\nTruco de flyer 4.<\/p>\n<p>M\u00d3DULO 7 &#8211; VIDEO RESPUESTAS<\/p>\n<p>\u00bfQu\u00e9 te motiva para ser bartender y es muy agotador el trabajo en el bar?<br \/>\n\u00bfD\u00f3nde nace el oficio de bartender?<br \/>\n\u00bfLos cocteles son al\u00e9rgicos para alguien?<\/p>\n<p>M\u00d3DULO 8 \u2013 \u00bfCOMO OBTENER TU CERTIFICADO?<\/p>\n<p>\u00bfComo obtener tu certificado?<\/p>\n<p>ACERCA DEL PRODUCTOR<\/p>\n<p>Desarrollado por GIANCARLO CARVAJAL, Bartender profesional y cocinero de 30 a\u00f1os de edad, nacido en la ciudad de Santiago de Cali, Colombia. Adem\u00e1s de barra y cocina, Giancarlo tiene estudios en locuci\u00f3n y periodismo, mercadeo y ventas.  <\/p>\n<p>Cuenta con 10 a\u00f1os de experiencia en el mundo de la cocteler\u00eda.<\/p>\n<p>Actualmente, es \u00e9l creador y due\u00f1o de la marca SPEED FLAIR COCKTAILS, barras m\u00f3viles interactivas, un servicio de entretenimiento a trav\u00e9s de cocteler\u00eda, que lleva m\u00e1s de 7 a\u00f1os en el gremio de los eventos m\u00e1s exclusivos de la ciudad, creando experiencias divertidamente deliciosas.<\/p>\n","protected":false},"excerpt":{"rendered":"<p>Te gustar\u00eda al mismo tiempo: \u00bfemprender, explotar tu creatividad y vivir una fiesta al m\u00e1ximo?<\/p>\n<p>Con el MasterClass COCTELER\u00cdA PARA ATENDER, SORPRENDER Y EMPRENDER, plasmar\u00e1s tus ideas en las mejores recetas de cocteles, conocer\u00e1s personas nuevas, desarrollar\u00e1s tu marca personal y vivir\u00e1s experiencias \u00fanicas detr\u00e1s de la barra.<\/p>\n","protected":false},"featured_media":3331,"template":"","meta":{"_joinchat":[]},"product_brand":[],"product_cat":[319,344],"product_tag":[],"class_list":{"0":"post-11562","1":"product","2":"type-product","3":"status-publish","4":"has-post-thumbnail","6":"product_cat-culinaria-y-gastronomia","7":"product_cat-todos","9":"first","10":"instock","11":"sale","12":"shipping-taxable","13":"product-type-external"},"_links":{"self":[{"href":"https:\/\/www.cursos.olgavelez.co\/cu\/wp-json\/wp\/v2\/product\/11562","targetHints":{"allow":["GET"]}}],"collection":[{"href":"https:\/\/www.cursos.olgavelez.co\/cu\/wp-json\/wp\/v2\/product"}],"about":[{"href":"https:\/\/www.cursos.olgavelez.co\/cu\/wp-json\/wp\/v2\/types\/product"}],"version-history":[{"count":2,"href":"https:\/\/www.cursos.olgavelez.co\/cu\/wp-json\/wp\/v2\/product\/11562\/revisions"}],"predecessor-version":[{"id":14047,"href":"https:\/\/www.cursos.olgavelez.co\/cu\/wp-json\/wp\/v2\/product\/11562\/revisions\/14047"}],"wp:featuredmedia":[{"embeddable":true,"href":"https:\/\/www.cursos.olgavelez.co\/cu\/wp-json\/wp\/v2\/media\/3331"}],"wp:attachment":[{"href":"https:\/\/www.cursos.olgavelez.co\/cu\/wp-json\/wp\/v2\/media?parent=11562"}],"wp:term":[{"taxonomy":"product_brand","embeddable":true,"href":"https:\/\/www.cursos.olgavelez.co\/cu\/wp-json\/wp\/v2\/product_brand?post=11562"},{"taxonomy":"product_cat","embeddable":true,"href":"https:\/\/www.cursos.olgavelez.co\/cu\/wp-json\/wp\/v2\/product_cat?post=11562"},{"taxonomy":"product_tag","embeddable":true,"href":"https:\/\/www.cursos.olgavelez.co\/cu\/wp-json\/wp\/v2\/product_tag?post=11562"}],"curies":[{"name":"wp","href":"https:\/\/api.w.org\/{rel}","templated":true}]}}