{"id":11552,"date":"2023-01-10T04:39:08","date_gmt":"2023-01-10T07:39:08","guid":{"rendered":"https:\/\/www.cursos.olgavelez.co\/cu\/?post_type=product&#038;p=11552"},"modified":"2023-09-20T16:05:13","modified_gmt":"2023-09-20T19:05:13","slug":"eficiencia-energetica-en-edificios-y-viviendas","status":"publish","type":"product","link":"https:\/\/www.cursos.olgavelez.co\/cu\/producto\/eficiencia-energetica-en-edificios-y-viviendas\/","title":{"rendered":"EFICIENCIA ENERG\u00c9TICA EN EDIFICIOS Y VIVIENDAS"},"content":{"rendered":"<p>\u00bfSab\u00edas que la industria de la construcci\u00f3n consume casi el 40% de la energ\u00eda total del planeta?<\/p>\n<p>Con el MasterClass EFICIENCIA ENERG\u00c9TICA EN EDIFICIOS Y VIVIENDAS, aprender\u00e1s los conceptos de eficiencia energ\u00e9tica, ahorro energ\u00e9tico, su legislaci\u00f3n y los criterios para dise\u00f1ar una vivienda confortable, pero con un bajo consumo de energ\u00eda.<\/p>\n<p>\u00bfQU\u00c9 VAS A LOGRAR?<\/p>\n<p>Aprender\u00e1s los principios del dise\u00f1o pasivo y ahorro energ\u00e9tico para comenzar a desarrollar proyectos con un bajo consumo de energ\u00eda el\u00e9ctrica. La finalidad de reducir nuestro consumo es para reducir nuestra factura de la luz y por ende las emisiones que provocan el calentamiento global y el cambio clim\u00e1tico. Corregir y mejorar la eficiencia energ\u00e9tica, es de los principales requisitos que debe cumplir un proyecto, si es que deseas construir de una forma m\u00e1s saludable y sostenible.  <\/p>\n<p>Aprender\u00e1s a c\u00f3mo gestionar nuevos edificios y reformas con el uso de la eficiencia energ\u00e9tica.<\/p>\n<p>Podr\u00e1s garantizar el confort t\u00e9rmico en casas y edificios usando poca energ\u00eda.<\/p>\n<p>Reducir\u00e1s los costes de la factura energ\u00e9tica de casas y edificios<\/p>\n<p>Conocer\u00e1s c\u00f3mo elegir los mejores equipos y sistemas de climatizaci\u00f3n, electrodom\u00e9sticos e iluminaci\u00f3n artificial para tu proyecto.<\/p>\n<p>Sabr\u00e1s la importancia de la elecci\u00f3n de materiales y sistemas constructivos para reducir el consumo energ\u00e9tico.<\/p>\n<p>Aprender\u00e1s a interpretar las etiquetas de eficiencia energ\u00e9tica en electrodom\u00e9sticos.<\/p>\n<p>Aprender\u00e1s a realizar un c\u00e1lculo de iluminaci\u00f3n artificial con Dialux.<\/p>\n<p>Acceder\u00e1s al certificado avalado por Hotmart y Seminarios Online.<\/p>\n<p>\u00bfC\u00d3MO LO VAS A LOGRAR?<\/p>\n<p>A trav\u00e9s del siguiente contenido, estructurado paso a paso:<\/p>\n<p>M\u00d3DULO 1 &#8211; NO COMIENCES EL CURSO SIN VER ESTE M\u00d3DULO<\/p>\n<p>Introducci\u00f3n a la eficiencia energ\u00e9tica.<br \/>\nPasos importantes para obtener tu Certificado.<br \/>\nSoporte a dudas.<br \/>\nC\u00f3mo usar la plataforma. <\/p>\n<p>M\u00d3DULO 2 &#8211; SOSTENIBILIDAD EN LA CONSTRUCCI\u00d3N<\/p>\n<p>\u00bfQu\u00e9 es la sostenibilidad?<br \/>\nImpacto de la construcci\u00f3n en el planeta.<br \/>\nPor qu\u00e9 es tan importante construir de forma sostenible.<br \/>\nCaracter\u00edsticas de un proyecto sostenible.<br \/>\nUbicaci\u00f3n sostenible de tu proyecto.<\/p>\n<p>M\u00d3DULO 3 &#8211; ARQUITECTURA BIOCLIM\u00c1TICA. CONFORT T\u00c9RMICO<\/p>\n<p>Fundamentos de Arquitectura bioclim\u00e1tica.<br \/>\nRelaci\u00f3n entre confort y salud.<br \/>\nEl s\u00edndrome del edificio enfermo.<br \/>\nConceptos b\u00e1sicos de confort higrot\u00e9rmico en la vivienda.<\/p>\n<p>M\u00d3DULO 4 &#8211; DISE\u00d1O PASIVO Y EFICIENCIA ENERG\u00c9TICA<\/p>\n<p>Dise\u00f1o pasivo.<br \/>\nBalance de energ\u00eda.<br \/>\nEnerg\u00eda de los materiales.<br \/>\nEnvolvente del edificio.<br \/>\nEdificios de consumo de energ\u00eda casi nulo.<\/p>\n<p>M\u00d3DULO 5 &#8211; CONSUMO EFICIENTE Y AHORRO DE ENERG\u00cdA<\/p>\n<p>Gesti\u00f3n de recursos energ\u00e9ticos.<br \/>\nAhorro en energ\u00eda y eficiencia energ\u00e9tica.<br \/>\nAlta eficiencia en iluminaci\u00f3n artificial.<br \/>\nAlta eficiencia en sistemas de climatizaci\u00f3n artificial.<br \/>\nAlta eficiencia en electrodom\u00e9sticos.<br \/>\nComportamiento de los usuarios.<br \/>\nOperaci\u00f3n y mantenimiento.<br \/>\nDom\u00f3tica.<\/p>\n<p>M\u00d3DULO 6 &#8211; INTRODUCCI\u00d3N A ENERG\u00cdAS RENOVABLES<\/p>\n<p>Tipos de energ\u00eda.<br \/>\nEnerg\u00eda e\u00f3lica.<br \/>\nEnerg\u00eda solar.<br \/>\nEnerg\u00eda de la biomasa.<br \/>\nEnerg\u00eda hidr\u00e1ulica.<br \/>\nEnerg\u00eda geot\u00e9rmica.<br \/>\nEnerg\u00eda de los oc\u00e9anos.<\/p>\n<p>M\u00d3DULO 7 &#8211; NORMATIVA EN EFICIENCIA ENERG\u00c9TICA<\/p>\n<p>Marco regulatorio general.<br \/>\nNormativa en Espa\u00f1a.<br \/>\nNormativa en M\u00e9xico.<br \/>\nNormativa en Colombia.<br \/>\nNormativa en Chile.<br \/>\nNormativa en Per\u00fa.<br \/>\nEncuentra la normativa de tu pa\u00eds.<\/p>\n<p>M\u00d3DULO 8 &#8211; INTRODUCCI\u00d3N A CERTIFICACIONES<\/p>\n<p>Certificaciones internacionales.<br \/>\nCertificaci\u00f3n Passivhaus.<br \/>\nCertificaci\u00f3n Edge.<br \/>\nCertificaci\u00f3n GREEN.<br \/>\nCertificaci\u00f3n BREEAM.<br \/>\nCertificaci\u00f3n WELL.<br \/>\nIntroducci\u00f3n a la Certificaci\u00f3n LEED.<\/p>\n<p>M\u00d3DULO 9 &#8211; INTRODUCCI\u00d3N A SIMULACI\u00d3N ENERG\u00c9TICA<\/p>\n<p>Par\u00e1metros de modelado energ\u00e9tico.<br \/>\nImportancia de la simulaci\u00f3n energ\u00e9tica.<br \/>\nIntroducci\u00f3n a Design Builder.<\/p>\n<p>M\u00d3DULO 10 &#8211; BIBLIOGRAF\u00cdA<\/p>\n<p>Res\u00famenes de libros.<\/p>\n<p>M\u00d3DULO 11 \u2013 MATERIAL ADICIOAL (BONOS)<\/p>\n<p>Biblioteca personal.<br \/>\nMasterclass: Uso de Dialux para c\u00e1lculo de iluminaci\u00f3n artificial.<br \/>\nMasterclass. C\u00f3mo interpretar las etiquetas de eficiencia energ\u00e9tica de electrodom\u00e9sticos.<br \/>\nGu\u00eda para seleccionar terreno de compra.<\/p>\n<p>M\u00d3DULO 12 &#8211; VIDEO RESPUESTAS. <\/p>\n<p>\u00bfCu\u00e1l es la diferencia entre auditor energ\u00e9tico y certificador energ\u00e9tico?<\/p>\n<p>M\u00d3DULO 13 &#8211; \u00bfC\u00d3MO OBTENER TU CERTIFICADO?<\/p>\n<p>\u00bfC\u00f3mo obtener tu certificado?<\/p>\n<p>ACERCA DE LA PRODUCTORA<\/p>\n<p>Desarrollado por ADALIZ SAYAGO, arquitecta y gestora ambiental. Especialista en arquitectura bioclim\u00e1tica,sostenibilidad y eficiencia energ\u00e9tica. Ha colaborado con distintos despachos de arquitectura y personas interesadas en esta tem\u00e1tica para crear proyectos m\u00e1s sanos y eficientes. Consultora desde hace 8 a\u00f1os en arquitectura bioclim\u00e1tica en Espa\u00f1a y M\u00e9xico. Colabora con Arquitectos sin fronteras, Aus Arquitectura en proyectos de desarrollo sostenible. Fundadora de COARINS, un espacio de formaci\u00f3n donde durante 5 a\u00f1os ha ayudado a 300 alumnos a desarrollar proyectos bioclim\u00e1ticos y saludables.<\/p>\n<p>Creadora del Podcast y canal de YouTube \u00abArquitectura Sostenible\u00bb un sitio de difusi\u00f3n de la importancia de la sostenibilidad en la construcci\u00f3n y en dise\u00f1ar y construir viviendas sostenibles y saludables.<\/p>\n","protected":false},"excerpt":{"rendered":"<p>\u00bfSab\u00edas que la industria de la construcci\u00f3n consume casi el 40% de la energ\u00eda total del planeta?<\/p>\n<p>Con el MasterClass EFICIENCIA ENERG\u00c9TICA EN EDIFICIOS Y VIVIENDAS, aprender\u00e1s los conceptos de eficiencia energ\u00e9tica, ahorro energ\u00e9tico, su legislaci\u00f3n y los criterios para dise\u00f1ar una vivienda confortable, pero con un bajo consumo de energ\u00eda.<\/p>\n","protected":false},"featured_media":3323,"template":"","meta":{"_joinchat":[]},"product_brand":[],"product_cat":[318,344],"product_tag":[],"class_list":{"0":"post-11552","1":"product","2":"type-product","3":"status-publish","4":"has-post-thumbnail","6":"product_cat-casa-y-construccion","7":"product_cat-todos","9":"first","10":"instock","11":"sale","12":"shipping-taxable","13":"product-type-external"},"_links":{"self":[{"href":"https:\/\/www.cursos.olgavelez.co\/cu\/wp-json\/wp\/v2\/product\/11552","targetHints":{"allow":["GET"]}}],"collection":[{"href":"https:\/\/www.cursos.olgavelez.co\/cu\/wp-json\/wp\/v2\/product"}],"about":[{"href":"https:\/\/www.cursos.olgavelez.co\/cu\/wp-json\/wp\/v2\/types\/product"}],"version-history":[{"count":2,"href":"https:\/\/www.cursos.olgavelez.co\/cu\/wp-json\/wp\/v2\/product\/11552\/revisions"}],"predecessor-version":[{"id":14037,"href":"https:\/\/www.cursos.olgavelez.co\/cu\/wp-json\/wp\/v2\/product\/11552\/revisions\/14037"}],"wp:featuredmedia":[{"embeddable":true,"href":"https:\/\/www.cursos.olgavelez.co\/cu\/wp-json\/wp\/v2\/media\/3323"}],"wp:attachment":[{"href":"https:\/\/www.cursos.olgavelez.co\/cu\/wp-json\/wp\/v2\/media?parent=11552"}],"wp:term":[{"taxonomy":"product_brand","embeddable":true,"href":"https:\/\/www.cursos.olgavelez.co\/cu\/wp-json\/wp\/v2\/product_brand?post=11552"},{"taxonomy":"product_cat","embeddable":true,"href":"https:\/\/www.cursos.olgavelez.co\/cu\/wp-json\/wp\/v2\/product_cat?post=11552"},{"taxonomy":"product_tag","embeddable":true,"href":"https:\/\/www.cursos.olgavelez.co\/cu\/wp-json\/wp\/v2\/product_tag?post=11552"}],"curies":[{"name":"wp","href":"https:\/\/api.w.org\/{rel}","templated":true}]}}