{"id":11551,"date":"2023-01-10T04:39:08","date_gmt":"2023-01-10T07:39:08","guid":{"rendered":"https:\/\/www.cursos.olgavelez.co\/cu\/?post_type=product&#038;p=11551"},"modified":"2023-09-20T16:05:13","modified_gmt":"2023-09-20T19:05:13","slug":"kits-solares-como-negocio","status":"publish","type":"product","link":"https:\/\/www.cursos.olgavelez.co\/cu\/producto\/kits-solares-como-negocio\/","title":{"rendered":"KITS SOLARES COMO NEGOCIO"},"content":{"rendered":"<p>\u00bfSab\u00edas que se ha incrementado la necesidad de utilizar energ\u00edas renovables?<\/p>\n<p>Con el MasterClass KITS SOLARES COMO NEGOCIO, aprender\u00e1s y adquirir\u00e1s los conocimientos pr\u00e1cticos para dise\u00f1ar, instalar y supervisar el correcto funcionamiento de los sistemas solares fotovoltaicos aislados de la red el\u00e9ctrica.<\/p>\n<p>\u00bfQU\u00c9 VAS A LOGRAR?<\/p>\n<p>Crear\u00e1s tu propio negocio de mantenimiento e instalaciones el\u00e9ctricas con energ\u00eda solar fotovoltaica aislada de la red el\u00e9ctrica.<\/p>\n<p>Formar\u00e1s parte de cualquier empresa del sector en el \u00e1rea comercial.<\/p>\n<p>Dar\u00e1s mantenimiento preventivo y correctivo de instalaciones el\u00e9ctricas con energ\u00eda solar fotovoltaica aislada de la red el\u00e9ctrica.<\/p>\n<p>Establecer\u00e1s los recursos requeridos para realizar la instalaci\u00f3n de los sistemas de energ\u00eda solar fotovoltaica aislada de la red el\u00e9ctrica de acuerdo con las especificaciones t\u00e9cnicas de tu cliente.<\/p>\n<p>Planear\u00e1s las etapas de la instalaci\u00f3n de los sistemas con energ\u00eda fotovoltaica de acuerdo con especificaciones t\u00e9cnicas y requerimientos establecidos.<\/p>\n<p>Pondr\u00e1s en marcha un proyecto de energ\u00eda solar fotovoltaica propio aislado de la red el\u00e9ctrica.<\/p>\n<p>Acceder\u00e1s al certificado avalado por Hotmart y Seminarios Online.<\/p>\n<p>\u00bfC\u00d3MO LO VAS A LOGRAR?<\/p>\n<p>A trav\u00e9s del siguiente contenido, estructurado paso a paso:<\/p>\n<p>M\u00d3DULO 1 \u2013 KITS SOLARES COMO NEGOCIO<\/p>\n<p>Introducci\u00f3n, justificaci\u00f3n y metodolog\u00eda al negocio de los kits solares.<br \/>\nVentajas de la energ\u00eda solar y puntos de inter\u00e9s.<br \/>\nNormativa aplicable. <\/p>\n<p>M\u00d3DULO 2 &#8211; PRINCIPIOS EL\u00c9CTRICOS FOTOVOLTAICOS<\/p>\n<p>Qu\u00e9 es energ\u00eda.<br \/>\nQu\u00e9 es un circuito el\u00e9ctrico.<br \/>\nQu\u00e9 es tensi\u00f3n.<br \/>\nQue es corriente o amperaje.<br \/>\nQue es resistencia.<br \/>\nQue es watts o vatios.<br \/>\nC\u00e1lculos con la ley de ohm.<br \/>\nC\u00e1lculos con la ley de watts.<br \/>\nCircuito serie y paralelo en fuentes de energ\u00eda.<br \/>\nComponentes de un sistema solar fotovoltaico aislado de la red el\u00e9ctrica.<br \/>\nC\u00f3mo se genera la tensi\u00f3n y la corriente el\u00e9ctrica por medios fotovoltaicos.<br \/>\nTipos de sistemas de energ\u00eda solar con o sin almacenamiento de energ\u00eda.<\/p>\n<p>M\u00d3DULO 3 \u2013 PASO 1 \u2013 COMERCIALIZACI\u00d3N DE KITS SOLARES FOTOVOLTAICOS<\/p>\n<p>Comercializaci\u00f3n adecuada de proyectos solares.<\/p>\n<p>M\u00d3DULO 4 \u2013 PASO 2 \u2013\u00ad RECOLECCI\u00d3N DE DATOS PARA EL PROYECTO<\/p>\n<p>Principios de aprovechamiento solar del recurso energ\u00e9tico.<br \/>\nRecolecci\u00f3n de datos del proyecto solar.<\/p>\n<p>M\u00d3DULO 5 \u2013 PASO 3 \u2013 REALIZAR AN\u00c1LISIS Y DISE\u00d1O DE LAS CARGAS EL\u00c9CTRICAS<\/p>\n<p>Requisitos de cargas el\u00e9ctricas.<br \/>\nUso eficiente de la energ\u00eda.<br \/>\nC\u00f3mo estimar el consumo de cargas.<br \/>\nEstimaci\u00f3n de consumo por refrigeraci\u00f3n.<br \/>\nEstimaci\u00f3n de consumo por Iluminaci\u00f3n.<br \/>\nEstimaci\u00f3n de consumo para sistemas de bombeo de agua.<\/p>\n<p>M\u00d3DULO 6 \u2013 PASO 4 \u2013 DEFINIR PRESUPUESTO Y M\u00c1RGENES DEL PROYECTO<\/p>\n<p>Aspectos generales del negocio.<br \/>\nC\u00f3mo cotizar por mis servicios.<br \/>\nC\u00f3mo definir c\u00e1lculos de costos.<br \/>\nC\u00f3mo cerrar la venta de un proyecto solar.<br \/>\nC\u00f3mo comprar materiales.<\/p>\n<p>M\u00d3DULO 7 \u2013 PASO 5 \u2013 (PR\u00c1CTICA) DIMENSIONAMIENTO Y MONTAJE DE LOS COMPONENTES DEL SISTEMA FOTOVOLTAICO (OFF GRID)<\/p>\n<p>Dimensionamiento de los conductores.<br \/>\nProtecci\u00f3n contra sobre corriente.<br \/>\nDimensionamiento de sistemas de protecci\u00f3n.<br \/>\nInstalaci\u00f3n de interruptores.<br \/>\nPuesta a tierra en sistemas fotovoltaicos.<\/p>\n<p>M\u00d3DULO 8 &#8211; PANELES SOLARES FOTOVOLTAICOS<\/p>\n<p>Datos pr\u00e1cticos de un panel solar.<br \/>\nProtecci\u00f3n y cuidados de paneles solares.<br \/>\nCalidades de los paneles solares.<br \/>\nPruebas de rendimiento con tester 1.<br \/>\nPruebas de rendimiento con tester 2.<br \/>\nPruebas de rendimiento con tester 3.<br \/>\nC\u00f3mo comprar paneles solares.<\/p>\n<p>M\u00d3DULO 9 &#8211; REGULADOR O CONTROLADOR DE CARGA SOLAR<\/p>\n<p>Datos pr\u00e1cticos de un regulador o controlador de carga solar.<br \/>\nC\u00f3mo instalar el regulador.<br \/>\nC\u00f3mo comprar el regulador o controlador.<\/p>\n<p>M\u00d3DULO 10 &#8211; ACUMULADORES O BATER\u00cdAS PARA KITS SOLARES<\/p>\n<p>Datos pr\u00e1cticos de las bater\u00edas.<br \/>\nPotencia de las bater\u00edas.<br \/>\nProtecci\u00f3n y cuidados de las bater\u00edas.<br \/>\nC\u00e1lculos de rendimiento de bater\u00edas 1.<br \/>\nFormas y condiciones de conexi\u00f3n de bater\u00edas.<br \/>\nC\u00e1lculos de rendimiento de bater\u00edas 2.<br \/>\nPrueba de la carga de la bater\u00eda.<br \/>\nC\u00f3mo comprar las bater\u00edas.<\/p>\n<p>M\u00d3DULO 11 &#8211; INVERSORES DE CORRIENTE<\/p>\n<p>Caracter\u00edsticas y funciones del inversor.<br \/>\nC\u00f3mo funciona el inversor.<br \/>\nConsumo de corriente y potencia de los inversores \u2013 1.<br \/>\nConsumo de corriente y potencia de los inversores \u2013 2.<br \/>\nC\u00f3mo comprar el inversor.<\/p>\n<p>M\u00d3DULO 12 \u2013 PASO 6 \u2013 (PR\u00c1CTICA) PUESTA EN MARCHA DEL SISTEMA FOTOVOLTAICO<\/p>\n<p>Tablero did\u00e1ctico de pr\u00e1cticas.<br \/>\naspectos en el dise\u00f1o e interpretaci\u00f3n de planos para kits solares.<\/p>\n<p>M\u00d3DULO 13 \u2013 PASO 7 &#8211; MANTENIMIENTO Y RESOLUCI\u00d3N DE PROBLEMAS EN SISTEMAS FOTOVOLTAICOS<\/p>\n<p>Mantenimiento y resoluci\u00f3n de fallas.<br \/>\nComprobaci\u00f3n de fallas en paneles solares.<\/p>\n<p>M\u00d3DULO 14 &#8211; MATERIAL ADICIONAL (BONOS)<\/p>\n<p>Asesor\u00eda en tu primer proyecto solar al terminar las clases.<br \/>\nApp calculadora de consumo el\u00e9ctrico en Excel.<br \/>\nComunidad privada de alumnos \u2013 Telegram.<br \/>\nPack de gu\u00edas t\u00e9cnicas en instalaciones de proyectos fotovoltaicos.<\/p>\n<p>M\u00d3DULO 15 \u2013 VIDEO RESPUESTAS<\/p>\n<p>\u00bfPuedo mezclar bater\u00edas de diferentes marcas y capacidad?<br \/>\n\u00bfEs peligroso trabajar con bater\u00edas en paralelo?<br \/>\n\u00bfPod\u00eda consumir directamente la energ\u00eda generada por los paneles durante el d\u00eda?<br \/>\n\u00bfPuedo emplear bater\u00edas vehiculares?<br \/>\n\u00bfC\u00f3mo puedo conectar reguladores en paralelo?<\/p>\n<p>M\u00d3DULO 16 &#8211; \u00bfC\u00d3MO OBTENER TU CERTIFICADO?<\/p>\n<p>\u00bfC\u00f3mo obtener tu certificado?<\/p>\n<p>ACERCA DEL PRODUCTOR<\/p>\n<p>Desarrollado por JOS\u00c9 OLINDER SALDARRIAGA CANO, empresario industrial independiente y experto desde hace m\u00e1s de 30 a\u00f1os en diferentes ramas de la industria mec\u00e1nica y el\u00e9ctrica en cuanto a instalaci\u00f3n de redes el\u00e9ctricas, fabricaci\u00f3n de equipos el\u00e9ctricos y electr\u00f3nicos como: cercas el\u00e9ctricas para ganado, cargadores de bater\u00edas, impulsores etc.<\/p>\n<p>Actualmente, presta servicios integrales en la regi\u00f3n del norte del valle en Colombia a diferentes entidades, empresas agropecuarias, fincas o haciendas del sector urbano y rural donde realiza instalaciones el\u00e9ctricas completas, que pueden incluir sistemas de producci\u00f3n de energ\u00eda el\u00e9ctrica por medios e\u00f3licos, hidr\u00e1ulicos, qu\u00edmicos, turbinas hidr\u00e1ulicas o la asesor\u00eda, dise\u00f1o, e instalaci\u00f3n de sistemas de energ\u00eda solar fotovoltaica.<\/p>\n<p>As\u00ed mismo Jos\u00e9 es Productor\/Autor del curso virtual \u201cElectricista como negocio\u201d, que actualmente cuenta con cientos de alumnos de diferentes pa\u00edses de habla hispana, una MasterClass creada para todos aquellos que desean aprender sobre la electricidad y como hacer de esta un negocio rentable.<\/p>\n","protected":false},"excerpt":{"rendered":"<p>\u00bfSab\u00edas que se ha incrementado la necesidad de utilizar energ\u00edas renovables?<\/p>\n<p>Con el MasterClass KITS SOLARES COMO NEGOCIO, aprender\u00e1s y adquirir\u00e1s los conocimientos pr\u00e1cticos para dise\u00f1ar, instalar y supervisar el correcto funcionamiento de los sistemas solares fotovoltaicos aislados de la red el\u00e9ctrica.<\/p>\n","protected":false},"featured_media":3322,"template":"","meta":{"_joinchat":[]},"product_brand":[],"product_cat":[318,344],"product_tag":[],"class_list":{"0":"post-11551","1":"product","2":"type-product","3":"status-publish","4":"has-post-thumbnail","6":"product_cat-casa-y-construccion","7":"product_cat-todos","9":"first","10":"instock","11":"sale","12":"shipping-taxable","13":"product-type-external"},"_links":{"self":[{"href":"https:\/\/www.cursos.olgavelez.co\/cu\/wp-json\/wp\/v2\/product\/11551","targetHints":{"allow":["GET"]}}],"collection":[{"href":"https:\/\/www.cursos.olgavelez.co\/cu\/wp-json\/wp\/v2\/product"}],"about":[{"href":"https:\/\/www.cursos.olgavelez.co\/cu\/wp-json\/wp\/v2\/types\/product"}],"version-history":[{"count":2,"href":"https:\/\/www.cursos.olgavelez.co\/cu\/wp-json\/wp\/v2\/product\/11551\/revisions"}],"predecessor-version":[{"id":14036,"href":"https:\/\/www.cursos.olgavelez.co\/cu\/wp-json\/wp\/v2\/product\/11551\/revisions\/14036"}],"wp:featuredmedia":[{"embeddable":true,"href":"https:\/\/www.cursos.olgavelez.co\/cu\/wp-json\/wp\/v2\/media\/3322"}],"wp:attachment":[{"href":"https:\/\/www.cursos.olgavelez.co\/cu\/wp-json\/wp\/v2\/media?parent=11551"}],"wp:term":[{"taxonomy":"product_brand","embeddable":true,"href":"https:\/\/www.cursos.olgavelez.co\/cu\/wp-json\/wp\/v2\/product_brand?post=11551"},{"taxonomy":"product_cat","embeddable":true,"href":"https:\/\/www.cursos.olgavelez.co\/cu\/wp-json\/wp\/v2\/product_cat?post=11551"},{"taxonomy":"product_tag","embeddable":true,"href":"https:\/\/www.cursos.olgavelez.co\/cu\/wp-json\/wp\/v2\/product_tag?post=11551"}],"curies":[{"name":"wp","href":"https:\/\/api.w.org\/{rel}","templated":true}]}}