{"id":11549,"date":"2023-01-10T04:39:08","date_gmt":"2023-01-10T07:39:08","guid":{"rendered":"https:\/\/www.cursos.olgavelez.co\/cu\/?post_type=product&#038;p=11549"},"modified":"2023-09-20T16:05:12","modified_gmt":"2023-09-20T19:05:12","slug":"cosmetica-como-oportunidad-de-negocio-y-trabajo","status":"publish","type":"product","link":"https:\/\/www.cursos.olgavelez.co\/cu\/producto\/cosmetica-como-oportunidad-de-negocio-y-trabajo\/","title":{"rendered":"COSM\u00c9TICA COMO OPORTUNIDAD DE NEGOCIO Y TRABAJO"},"content":{"rendered":"<p>COSMETICA COMO OPORTUNIDAD DE NEGOCIO Y DE TRABAJO.<\/p>\n<p>La industria cosm\u00e9tica y todo lo relacionado con la belleza f\u00edsica viene creciendo de manera vertiginosa las ultimas 4 d\u00e9cadas, la raz\u00f3n de esto es que para la humanidad es cada vez m\u00e1s importante mantenerse y verse bien, Los seres humanos vivimos buscando el secreto de la eterna juventud.<\/p>\n<p>\u00bfEres de las personas que la Cosm\u00e9tica te despierta pasi\u00f3n?, \u00bfsiempre has querido participar en la industria cosm\u00e9tica porque es altamente rentable?, \u00bfsiempre has querido tener tu propia marca de productos cosm\u00e9ticos?<br \/>\nSi eres una de esas personas que siempre has querido participar de alguna manera en la industria de m\u00e1s crecimiento del planeta, (LA INDUSTRIA COSMETICA), este el es programa indicado para ti, te invito a que conozcas todo acerca de este gran mercado, aqu\u00ed vas a aprender de manera detallada todo lo necesario para que puedas participar de forma activa en el mercado e incluso te voy a entregar los 7 pasos que debes tener en cuenta para crear tu propia marca de productos cosm\u00e9ticos y poder comercializarla en los diferentes canales de ventas.<\/p>\n<p>\u00bfQU\u00c9 VAS A LOGRAR?<\/p>\n<p>Aprender\u00e1s a crear tus propios productos y marca de cosm\u00e9tica.<\/p>\n<p>Conocer\u00e1s cual es la inversi\u00f3n m\u00ednima cuando fabricas un producto con tu propia marca.<\/p>\n<p>Conocer\u00e1s los m\u00ednimos de fabricaci\u00f3n por cada producto.<\/p>\n<p>Aprender\u00e1s los 7 pasos claves para hacer tu marca.<\/p>\n<p>Aprender\u00e1s a comercializar tus productos y los de terceros.<\/p>\n<p>Conocer\u00e1s c\u00f3mo capitalizar tu negocio en una de las industrias de mayor crecimiento del mundo.<\/p>\n<p>Aprender\u00e1s a crear c\u00f3mo crear tus propios productos de maquillaje.<\/p>\n<p>Aprender\u00e1s c\u00f3mo hacer maquillaje, org\u00e1nico industrial.<\/p>\n<p>Conocer\u00e1s c\u00f3mo hacer importaciones desde China y vender a trav\u00e9s de las redes sociales.<\/p>\n<p>Aprender\u00e1s los diferentes modelos de negocios que puedes tener en el mundo de los cosm\u00e9ticos.<\/p>\n<p>Conocer\u00e1s los productos de mayor demanda en el mercado.<\/p>\n<p>Conocer\u00e1s los casos de \u00e9xito de laboratorios que maquilan productos y que pueden maquilar tu propia marca.<\/p>\n<p>Aprender\u00e1s a calcular los m\u00e1rgenes de rentabilidad de cualquier producto.<\/p>\n<p>Aprender\u00e1s c\u00f3mo Invertir actualmente con modelos de negocios validados y rentables.<\/p>\n<p>Aprender\u00e1s c\u00f3mo emprender tu negocio de forma segura y adaptarte a los cambios del mercado.<\/p>\n<p>Conocer\u00e1s c\u00f3mo funciona el mundo de los perfumes y sus principales tendencias.<\/p>\n<p>Aprender\u00e1s c\u00f3mo crear tus propios productos y marcas de perfume.<\/p>\n<p>Aprender\u00e1s c\u00f3mo comercializar tus productos de perfumer\u00eda y el de terceros.<\/p>\n<p>Conocer\u00e1s como puedes fabricar tu marca de cosm\u00e9ticos vegana.<\/p>\n<p>Conocer\u00e1s donde puedes producir tu l\u00ednea de cosm\u00e9tica con Cannabis.<\/p>\n<p>Aprender\u00e1s todo acerca de los productos capilares y la tendencia en el consumo mundial de esta categor\u00eda. <\/p>\n<p>Aprender\u00e1s como puedes hacer tu propia l\u00ednea de aceites esenciales.<\/p>\n<p>Acceder\u00e1s al certificado avalado por Hotmart y Seminarios Online.<\/p>\n<p>\u00bfC\u00d3MO LO VAS A LOGRAR?<\/p>\n<p>Este MasterClass te ense\u00f1ar\u00e1 de manera pr\u00e1ctica y sencilla todos los aspectos que debes tener en cuenta para poder participar bien sea creando tu propia marca o vendiendo marca de terceros dentro de la industria cosm\u00e9tica.<\/p>\n<p>Con todos los soportes y archivos adjuntos tendr\u00e1s todas las herramientas para poder construir tu proyecto.<\/p>\n<p>A trav\u00e9s del siguiente contenido, estructurado paso a paso:<\/p>\n<p>M\u00d3DULO 1 &#8211; EL NEGOCIO DE LA COSMETICA EN EL MUNDO<\/p>\n<p>Introducci\u00f3n a la industria.<br \/>\nExplicaci\u00f3n anexos.<br \/>\nGeneralidades de la industria cosm\u00e9tica.<br \/>\nSegmentos del mercado cosm\u00e9tico.<br \/>\nCategor\u00edas.<br \/>\nSegmentos y categor\u00edas ejemplo.<br \/>\nModelos de negocios 1.<br \/>\nModelos de negocios 2.<br \/>\nModelos de negocios 3.<br \/>\nOtros modelos de negocios.<br \/>\nCanal tradicional de ventas.<br \/>\nServicios est\u00e9ticos.<br \/>\nConclusi\u00f3n modulo 1.<\/p>\n<p>M\u00d3DULO 2 &#8211; LOS 7 PASOS PARA HACER TU PROPIA MARCA COSMETICA<\/p>\n<p>Introducci\u00f3n para hacer tu marca.<br \/>\nLos 7 pasos para hacer tu propia marca cosm\u00e9tica.<br \/>\nPasos para crear tu marca.<br \/>\nPasos para crear tu marca 2.<br \/>\nPasos para crear tu marca 3.<br \/>\nPasos para crear tu marca 4.<br \/>\nPasos para crear tu marca 5.<br \/>\nPasos para crear tu marca 6.<br \/>\nPasos para crear tu marca 7.<br \/>\nPasos para crear tu marca 8.<br \/>\nC\u00e1lculo de m\u00e1rgenes.<br \/>\nResumen pasos para crear tu marca.<br \/>\nEsquema de viabilidad.<br \/>\nComo hacer una empresa cosm\u00e9tica.<br \/>\nEjemplo de margen de rentabilidad producto 1.<br \/>\nEjemplo de margen de rentabilidad producto 2.<br \/>\nEjemplo de margen de rentabilidad producto 3.<br \/>\nEjemplo de margen de rentabilidad producto 4.<br \/>\nEjemplo de margen de rentabilidad producto 5.<br \/>\nEjemplo de margen de rentabilidad producto 6.<\/p>\n<p>M\u00d3DULO 3 &#8211; BONO 1: M\u00c1S DE 90 FORMULAS COSM\u00c9TICAS<\/p>\n<p>M\u00d3DULO 4 &#8211; BONO 2: E-COMMERCE Y MARKETING DIGITAL<\/p>\n<p>Introducci\u00f3n a E-commerce y ejemplo.<br \/>\nEjemplo Alibaba y recomendaciones.<br \/>\nGeneralidades y recorrido por Alibaba.<br \/>\nVocabulario importante para negociar con fabricantes.<br \/>\nConceptos importantes OEM\/ODM\/CM.<br \/>\nNichos y productos \/ Ejemplo desde cero.<br \/>\n\u00bfQu\u00e9 factores tener en cuenta para escoger un proveedor? Parte 1.<br \/>\n\u00bfQu\u00e9 factores tener en cuenta para escoger un proveedor? Parte 2.<br \/>\nEmpaques del producto y ejemplo de pedido desde Alibaba.<br \/>\nEnv\u00edos y aduanas (grav\u00e1menes e impuestos).<br \/>\nEjemplo de una transacci\u00f3n real hacia Colombia.<br \/>\nCosto del producto listo para comercializar en internet.<\/p>\n<p>M\u00d3DULO 5 &#8211; BONO 3: ANEXOS<\/p>\n<p>Gu\u00eda regulatoria de registros sanitarios para toda Am\u00e9rica, desde Canad\u00e1 hasta Argentina.<br \/>\nListado de proveedores de materias primas.<br \/>\nListados de proveedores de envases.<br \/>\nCat\u00e1logos de envases.<br \/>\nListado de laboratorios que pueden fabricar tu propia marca de cosm\u00e9ticos.<\/p>\n<p>M\u00d3DULO 6 &#8211; VIDEO RESPUESTAS<\/p>\n<p>\u00bfCu\u00e1l es el m\u00ednimo de inversi\u00f3n para crear un producto cosm\u00e9tico?<br \/>\n\u00bfNecesito tener alg\u00fan t\u00edtulo de estudios para poder fabricar cosm\u00e9ticos?<br \/>\n\u00bfSe debe tener permiso sanitario para vender productos cosm\u00e9ticos?<\/p>\n<p>M\u00d3DULO 7 &#8211; \u00bfC\u00d3MO OBTENER TU CERTIFICADO?<\/p>\n<p>\u00bfC\u00f3mo obtener tu certificado?<\/p>\n<p>ACERCA DEL PRODUCTOR<\/p>\n<p>Desarrollado por PAVEL BOCANEY, graduado en Preston University en Gerencia de Negocios. <\/p>\n<p>Empresario con una experiencia de m\u00e1s de 25 a\u00f1os dentro de la industria cosm\u00e9tica, creador de 5 programas educativos que est\u00e1n relacionados con el sector de bienestar y salud.<\/p>\n<p>1. COSM\u00c9TICA COMO OPORTUNIDAD DE NEGOCIOS.<br \/>\n2. EL NEGOCIO DEL MAQUILLAJE.<br \/>\n3. TU MARCA DE PERFUMES.<br \/>\n4. 6 NEGOCIOS QUE FUNCIONAN.<br \/>\n5. ALIMENTOS FUNCIONALES COMO OPORTUNIDAD DE NEGOCIOS.<\/p>\n<p>Ha trabajado durante su carrera con diferentes marcas que tienen alcance global, as\u00ed mismo, ha sido el creador de diferentes marcas y emprendimientos que hoy compiten en el mercado de cosm\u00e9tica en Latinoam\u00e9rica, tambi\u00e9n es creador de su propia marca de productos dermocosm\u00e9ticos que se comercializan en diferentes pa\u00edses.<\/p>\n<p>Asesor y miembro de juntas directivas de diferentes empresas especializadas en el sector de la belleza, bienestar y salud. <\/p>\n","protected":false},"excerpt":{"rendered":"<p>COSMETICA COMO OPORTUNIDAD DE NEGOCIO Y DE TRABAJO.<\/p>\n<p>La industria cosm\u00e9tica y todo lo relacionado con la belleza f\u00edsica viene creciendo de manera vertiginosa las ultimas 4 d\u00e9cadas, la raz\u00f3n de esto es que para la humanidad es cada vez m\u00e1s importante mantenerse y verse bien, Los seres humanos vivimos buscando el secreto de la eterna juventud.<\/p>\n<p>\u00bfEres de las personas que la Cosm\u00e9tica te despierta pasi\u00f3n?, \u00bfsiempre has querido participar en la industria cosm\u00e9tica porque es altamente rentable?, \u00bfsiempre has querido tener tu propia marca de productos cosm\u00e9ticos?<br \/>\nSi eres una de esas personas que siempre has querido participar de alguna manera en la industria de m\u00e1s crecimiento del planeta, (LA INDUSTRIA COSMETICA), este el es programa indicado para ti, te invito a que conozcas todo acerca de este gran mercado, aqu\u00ed vas a aprender de manera detallada todo lo necesario para que puedas participar de forma activa en el mercado e incluso te voy a entregar los 7 pasos que debes tener en cuenta para crear tu propia marca de productos cosm\u00e9ticos y poder comercializarla en los diferentes canales de ventas.<\/p>\n","protected":false},"featured_media":3320,"template":"","meta":{"_joinchat":[]},"product_brand":[],"product_cat":[317,344],"product_tag":[],"class_list":{"0":"post-11549","1":"product","2":"type-product","3":"status-publish","4":"has-post-thumbnail","6":"product_cat-belleza-y-moda","7":"product_cat-todos","9":"first","10":"instock","11":"sale","12":"shipping-taxable","13":"product-type-external"},"_links":{"self":[{"href":"https:\/\/www.cursos.olgavelez.co\/cu\/wp-json\/wp\/v2\/product\/11549","targetHints":{"allow":["GET"]}}],"collection":[{"href":"https:\/\/www.cursos.olgavelez.co\/cu\/wp-json\/wp\/v2\/product"}],"about":[{"href":"https:\/\/www.cursos.olgavelez.co\/cu\/wp-json\/wp\/v2\/types\/product"}],"version-history":[{"count":2,"href":"https:\/\/www.cursos.olgavelez.co\/cu\/wp-json\/wp\/v2\/product\/11549\/revisions"}],"predecessor-version":[{"id":14034,"href":"https:\/\/www.cursos.olgavelez.co\/cu\/wp-json\/wp\/v2\/product\/11549\/revisions\/14034"}],"wp:featuredmedia":[{"embeddable":true,"href":"https:\/\/www.cursos.olgavelez.co\/cu\/wp-json\/wp\/v2\/media\/3320"}],"wp:attachment":[{"href":"https:\/\/www.cursos.olgavelez.co\/cu\/wp-json\/wp\/v2\/media?parent=11549"}],"wp:term":[{"taxonomy":"product_brand","embeddable":true,"href":"https:\/\/www.cursos.olgavelez.co\/cu\/wp-json\/wp\/v2\/product_brand?post=11549"},{"taxonomy":"product_cat","embeddable":true,"href":"https:\/\/www.cursos.olgavelez.co\/cu\/wp-json\/wp\/v2\/product_cat?post=11549"},{"taxonomy":"product_tag","embeddable":true,"href":"https:\/\/www.cursos.olgavelez.co\/cu\/wp-json\/wp\/v2\/product_tag?post=11549"}],"curies":[{"name":"wp","href":"https:\/\/api.w.org\/{rel}","templated":true}]}}